{"id":17002,"date":"2019-10-02T18:32:10","date_gmt":"2019-10-03T01:32:10","guid":{"rendered":"https:\/\/springs.flywheelstaging.com\/pueblo-abogado-de-lesiones-personales\/abogado-de-muerte-injusta-en-pueblo\/"},"modified":"2023-09-01T07:11:43","modified_gmt":"2023-09-01T14:11:43","slug":"abogado-de-muerte-injusta-en-pueblo","status":"publish","type":"page","link":"https:\/\/springslawgroup.com\/es\/pueblo-abogado-de-lesiones-personales\/abogado-de-muerte-injusta-en-pueblo\/","title":{"rendered":"Abogado especializado en muertes por negligencia de Pueblo"},"content":{"rendered":"<p>La p\u00e9rdida de un ser querido puede estresar a toda la familia. Adem\u00e1s de la carga emocional, la p\u00e9rdida de un familiar puede tener un enorme impacto financiero. Los familiares que depend\u00edan de su ser querido antes de su fallecimiento podr\u00edan encontrarse de repente con dificultades econ\u00f3micas.<\/p>\n<p>Si perdi\u00f3 a un ser querido debido a las acciones negligentes de otra persona, hable con un <a href=\"https:\/\/springslawgroup.com\/es\/pueblo-abogado-de-lesiones-personales\/\">abogado experto en lesiones personales<\/a> que pueda ayudarle a obtener una compensaci\u00f3n econ\u00f3mica. Un abogado especializado en muertes por negligencia de Pueblo podr\u00eda sortear los desaf\u00edos legales que pueda estar enfrentando mientras su familia se centra en el proceso de duelo.<\/p>\n<h2>\u00bfQu\u00e9 es una demanda por muerte por negligencia?<\/h2>\n<p>La ley estatal define una muerte por negligencia si result\u00f3 de un acto negligente, imprudente o intencionado de otra persona. A veces, la causa de una demanda por muerte por negligencia es similar a la de una demanda por lesiones personales.<\/p>\n<p>Sin embargo, dado que la persona fallecida no puede interponer una demanda en su propio nombre, una demanda por muerte por negligencia garantiza que un familiar superviviente pueda responsabilizar a la parte negligente de sus actos. Un abogado especializado en muertes por negligencia de Pueblo podr\u00eda ayudar a una familia a buscar justicia para su ser querido al guiarla en el proceso de demanda.<\/p>\n<h2>\u00bfQui\u00e9n puede presentar una demanda por muerte por negligencia?<\/h2>\n<p>La legislaci\u00f3n estatal establece limitaciones estrictas al derecho a presentar una demanda por muerte por negligencia. A medida que pasa m\u00e1s tiempo desde la fecha del fallecimiento en cuesti\u00f3n, m\u00e1s partes adquieren el derecho a demandar.<\/p>\n<p>Durante el primer a\u00f1o tras el accidente, el c\u00f3nyuge del fallecido tiene el derecho principal a interponer una demanda de este tipo. Si el difunto no ten\u00eda c\u00f3nyuge, sus hijos tienen derecho a presentar una demanda durante el primer a\u00f1o.<\/p>\n<p>Adem\u00e1s, un c\u00f3nyuge puede dar su consentimiento para que los hijos del difunto presenten una demanda. Si el fallecido no tiene c\u00f3nyuge ni hijos, sus padres disponen de dos a\u00f1os desde la fecha del fallecimiento para presentar una demanda por muerte por negligencia. Durante el segundo a\u00f1o tras el fallecimiento, un beneficiario designado de la herencia tambi\u00e9n tiene derecho a presentar una demanda. Para obtener m\u00e1s informaci\u00f3n, consulte a un <a href=\"\/\">abogado experto<\/a>.<\/p>\n<h2>Da\u00f1os indemnizables<\/h2>\n<p>Los da\u00f1os y perjuicios disponibles tras una demanda por muerte por negligencia dependen de las circunstancias de cada caso. Mientras que algunos da\u00f1os son similares a los que se recuperan en las demandas por lesiones, otros son exclusivos de los casos de muerte por negligencia. Un abogado especializado en muertes por negligencia de Pueblo podr\u00eda evaluar las circunstancias de un caso e identificar los da\u00f1os a los que un demandante puede tener derecho. Algunos da\u00f1os comunes en este tipo de casos pueden incluir lo siguiente:<\/p>\n<ul>\n<li>Gastos de sepelio<\/li>\n<li>Gastos funerarios<\/li>\n<li>Facturas m\u00e9dicas<\/li>\n<li>P\u00e9rdida de compa\u00f1\u00eda<\/li>\n<li>Salarios perdidos.<\/li>\n<li>Dolor y sufrimiento<\/li>\n<\/ul>\n<h2>Hable con un abogado especializado en muertes por negligencia de Pueblo<\/h2>\n<p>Si desea que se haga justicia por el accidente mortal de su ser querido, un abogado especializado en muertes por negligencia de Pueblo podr\u00eda ayudarle a presentar una demanda por da\u00f1os y perjuicios. Tambi\u00e9n podr\u00eda quitarle un peso de encima en estos momentos confusos y emotivos. Cuando desee tomar acciones legales, programe una consulta para su caso con uno de nuestros abogados.<\/p>\n","protected":false},"excerpt":{"rendered":"<p>La p\u00e9rdida de un ser querido puede estresar a toda la familia. Adem\u00e1s de la carga emocional, la p\u00e9rdida de&nbsp;<a class=\"moretag\" href=\"https:\/\/springslawgroup.com\/es\/pueblo-abogado-de-lesiones-personales\/abogado-de-muerte-injusta-en-pueblo\/\"> Read More&#8230;<\/a><\/p>\n","protected":false},"author":32,"featured_media":0,"parent":16691,"menu_order":0,"comment_status":"closed","ping_status":"closed","template":"landingpage.php","meta":{"_acf_changed":false,"inline_featured_image":false,"footnotes":""},"categories":[],"tags":[],"class_list":["post-17002","page","type-page","status-publish","hentry"],"acf":{"key_takeaways":null,"_litigation_personal_injury_contents_new":{"_litigation_personal_injury_title_new":"","_litigation_personal_injury_discription_new":"","_litigation_personal_injury_discription_new_copy":"","_litigation_video_url_new":"","add_button":false},"_header_sub_header_content_new":null,"_litigation_frequently_asked_questions_new":null,"lawsuit_updates":null,"_litigation_related_posts_relation":null,"acf-references":""},"_links":{"self":[{"href":"https:\/\/springslawgroup.com\/es\/wp-json\/wp\/v2\/pages\/17002","targetHints":{"allow":["GET"]}}],"collection":[{"href":"https:\/\/springslawgroup.com\/es\/wp-json\/wp\/v2\/pages"}],"about":[{"href":"https:\/\/springslawgroup.com\/es\/wp-json\/wp\/v2\/types\/page"}],"author":[{"embeddable":true,"href":"https:\/\/springslawgroup.com\/es\/wp-json\/wp\/v2\/users\/32"}],"replies":[{"embeddable":true,"href":"https:\/\/springslawgroup.com\/es\/wp-json\/wp\/v2\/comments?post=17002"}],"version-history":[{"count":2,"href":"https:\/\/springslawgroup.com\/es\/wp-json\/wp\/v2\/pages\/17002\/revisions"}],"predecessor-version":[{"id":17188,"href":"https:\/\/springslawgroup.com\/es\/wp-json\/wp\/v2\/pages\/17002\/revisions\/17188"}],"up":[{"embeddable":true,"href":"https:\/\/springslawgroup.com\/es\/wp-json\/wp\/v2\/pages\/16691"}],"wp:attachment":[{"href":"https:\/\/springslawgroup.com\/es\/wp-json\/wp\/v2\/media?parent=17002"}],"wp:term":[{"taxonomy":"category","embeddable":true,"href":"https:\/\/springslawgroup.com\/es\/wp-json\/wp\/v2\/categories?post=17002"},{"taxonomy":"post_tag","embeddable":true,"href":"https:\/\/springslawgroup.com\/es\/wp-json\/wp\/v2\/tags?post=17002"}],"curies":[{"name":"wp","href":"https:\/\/api.w.org\/{rel}","templated":true}]}}