{"id":17001,"date":"2019-10-29T19:05:40","date_gmt":"2019-10-30T02:05:40","guid":{"rendered":"https:\/\/springs.flywheelstaging.com\/pueblo-abogado-de-lesiones-personales\/abogado-de-accidentes-de-camion-en-pueblo\/"},"modified":"2023-09-01T07:11:37","modified_gmt":"2023-09-01T14:11:37","slug":"abogado-de-accidentes-de-camion-en-pueblo","status":"publish","type":"page","link":"https:\/\/springslawgroup.com\/es\/pueblo-abogado-de-lesiones-personales\/abogado-de-accidentes-de-camion-en-pueblo\/","title":{"rendered":"Abogado especializado en accidentes de cami\u00f3n de Pueblo"},"content":{"rendered":"<p>Todos los automovilistas, incluso los camioneros, tienen la obligaci\u00f3n legal de conducir sus veh\u00edculos con seguridad. Cuando un camionero incumple esta norma, los resultados pueden ser devastadores. Debido a su mayor peso y tama\u00f1o, los choques entre veh\u00edculos de pasajeros y semirremolques pueden provocar lesiones y da\u00f1os graves.<\/p>\n<p>Si usted o alguien que usted ama sufri\u00f3 lesiones en un accidente de semirremolque, debe ponerse en contacto con un Abogado especializado en accidentes de cami\u00f3n de Pueblo para determinar sus opciones legales. Un <a href=\"https:\/\/springslawgroup.com\/es\/pueblo-abogado-de-lesiones-personales\/\">abogado experto en lesiones personales<\/a> comprende las dificultades de sus lesiones y podr\u00eda hacer todo lo posible por ayudarle a recuperar su antigua vida.<\/p>\n<h2>Posibles partes responsables<\/h2>\n<p>Los semirremolques que transportan diversas mercanc\u00edas podr\u00edan implicar a partes de distintos niveles de las cadenas de suministro y distribuci\u00f3n. Por lo tanto, a diferencia de un <a href=\"https:\/\/springslawgroup.com\/es\/pueblo-abogado-de-lesiones-personales\/abogado-de-accidentes-de-coche-en-pueblo\/\">accidente automovil\u00edstico<\/a> con otro conductor civil, los accidentes de cami\u00f3n pueden implicar a m\u00faltiples demandados.<\/p>\n<p>El conductor puede estar mal formado, tener exceso de trabajo, estar distra\u00eddo, conducir de forma imprudente o incluso intoxicado. Los camioneros tienen fama de hacer turnos largos para cumplir los plazos. Esto significa que tanto el camionero como su empleador pueden considerarse responsables en caso de accidente.<\/p>\n<p>Adem\u00e1s, la empresa de carga puede haber embalado mal el cami\u00f3n, lo que provoc\u00f3 una distribuci\u00f3n inadecuada del peso. Este desequilibrio podr\u00eda afectar al centro de gravedad del cami\u00f3n y a su capacidad de frenado. Adem\u00e1s, los camiones mal cargados pueden ser especialmente traicioneros en las sinuosas carreteras de monta\u00f1a. En esta situaci\u00f3n, un perjudicado podr\u00eda presentar una demanda contra la empresa de carga.<\/p>\n<p>La empresa responsable del mantenimiento del cami\u00f3n tambi\u00e9n puede ser culpable si un veh\u00edculo no est\u00e1 en buenas condiciones mec\u00e1nicas. Del mismo modo, si el fabricante de piezas de cami\u00f3n no cumple determinadas normas o suministra un componente defectuoso, podr\u00eda ser responsable si los tribunales consideran que esta es la causa del choque. Un abogado especializado en accidentes de cami\u00f3n de Pueblo puede determinar qu\u00e9 entidades deben considerarse responsables en una demanda por accidente.<\/p>\n<h2>Da\u00f1os indemnizables<\/h2>\n<p>Los accidentes de cami\u00f3n pueden dejar a las personas con importantes facturas m\u00e9dicas. En consecuencia, el perjudicado puede reclamar una indemnizaci\u00f3n por los cuidados m\u00e9dicos pasados y futuros y por el tratamiento a largo plazo. En caso de lesiones graves, como par\u00e1lisis u otras lesiones cr\u00f3nicas, la persona puede tener que modificar su vivienda o trasladarse a un centro asistencial. En estas situaciones, el demandante tambi\u00e9n puede reclamar da\u00f1os y perjuicios por estas p\u00e9rdidas.<\/p>\n<p>La ley estatal permite a las v\u00edctimas recuperar da\u00f1os por sus p\u00e9rdidas emocionales, adem\u00e1s de sus da\u00f1os econ\u00f3micos. Los da\u00f1os no econ\u00f3micos pueden incluir dolor y sufrimiento, molestias, estr\u00e9s emocional y disminuci\u00f3n de la calidad de vida.<\/p>\n<p>Sin embargo, es importante tener en cuenta que puede haber ciertas limitaciones a la cuant\u00eda de los da\u00f1os y perjuicios que un demandante puede recuperar. Un abogado especializado en accidentes de cami\u00f3n de Pueblo podr\u00eda evaluar el valor de una demanda seg\u00fan las p\u00e9rdidas del demandante.<\/p>\n<h2>Contacte a un abogado especializado en accidentes de cami\u00f3n de Pueblo hoy<\/h2>\n<p>Recuperarse tras un accidente puede ser dif\u00edcil. Por suerte, un Abogado especializado en accidentes de cami\u00f3n de Pueblo podr\u00eda ayudarle a preparar su caso y luchar por sus derechos en un tribunal de justicia.<\/p>\n<p>Una consulta es el primer paso hacia la comprensi\u00f3n del valor de su demanda y para saber si podr\u00eda obtener la compensaci\u00f3n monetaria. <a href=\"https:\/\/springslawgroup.com\/es\/contacto\/\">Llame<\/a> a uno de nuestros abogados hoy e inicie su caso.<\/p>\n","protected":false},"excerpt":{"rendered":"<p>Todos los automovilistas, incluso los camioneros, tienen la obligaci\u00f3n legal de conducir sus veh\u00edculos con seguridad. Cuando un camionero incumple&nbsp;<a class=\"moretag\" href=\"https:\/\/springslawgroup.com\/es\/pueblo-abogado-de-lesiones-personales\/abogado-de-accidentes-de-camion-en-pueblo\/\"> Read More&#8230;<\/a><\/p>\n","protected":false},"author":32,"featured_media":0,"parent":16691,"menu_order":0,"comment_status":"closed","ping_status":"closed","template":"landingpage.php","meta":{"_acf_changed":false,"inline_featured_image":false,"footnotes":""},"categories":[],"tags":[],"class_list":["post-17001","page","type-page","status-publish","hentry"],"acf":{"key_takeaways":null,"_litigation_personal_injury_contents_new":{"_litigation_personal_injury_title_new":"","_litigation_personal_injury_discription_new":"","_litigation_personal_injury_discription_new_copy":"","_litigation_video_url_new":"","add_button":false},"_header_sub_header_content_new":null,"_litigation_frequently_asked_questions_new":null,"lawsuit_updates":null,"_litigation_related_posts_relation":null,"acf-references":""},"_links":{"self":[{"href":"https:\/\/springslawgroup.com\/es\/wp-json\/wp\/v2\/pages\/17001","targetHints":{"allow":["GET"]}}],"collection":[{"href":"https:\/\/springslawgroup.com\/es\/wp-json\/wp\/v2\/pages"}],"about":[{"href":"https:\/\/springslawgroup.com\/es\/wp-json\/wp\/v2\/types\/page"}],"author":[{"embeddable":true,"href":"https:\/\/springslawgroup.com\/es\/wp-json\/wp\/v2\/users\/32"}],"replies":[{"embeddable":true,"href":"https:\/\/springslawgroup.com\/es\/wp-json\/wp\/v2\/comments?post=17001"}],"version-history":[{"count":2,"href":"https:\/\/springslawgroup.com\/es\/wp-json\/wp\/v2\/pages\/17001\/revisions"}],"predecessor-version":[{"id":17185,"href":"https:\/\/springslawgroup.com\/es\/wp-json\/wp\/v2\/pages\/17001\/revisions\/17185"}],"up":[{"embeddable":true,"href":"https:\/\/springslawgroup.com\/es\/wp-json\/wp\/v2\/pages\/16691"}],"wp:attachment":[{"href":"https:\/\/springslawgroup.com\/es\/wp-json\/wp\/v2\/media?parent=17001"}],"wp:term":[{"taxonomy":"category","embeddable":true,"href":"https:\/\/springslawgroup.com\/es\/wp-json\/wp\/v2\/categories?post=17001"},{"taxonomy":"post_tag","embeddable":true,"href":"https:\/\/springslawgroup.com\/es\/wp-json\/wp\/v2\/tags?post=17001"}],"curies":[{"name":"wp","href":"https:\/\/api.w.org\/{rel}","templated":true}]}}