{"id":17000,"date":"2019-10-01T16:48:37","date_gmt":"2019-10-01T23:48:37","guid":{"rendered":"https:\/\/springs.flywheelstaging.com\/pueblo-abogado-de-lesiones-personales\/abogado-de-resbalones-y-caidas-en-pueblo\/"},"modified":"2023-09-01T07:11:39","modified_gmt":"2023-09-01T14:11:39","slug":"abogado-de-resbalones-y-caidas-en-pueblo","status":"publish","type":"page","link":"https:\/\/springslawgroup.com\/es\/pueblo-abogado-de-lesiones-personales\/abogado-de-resbalones-y-caidas-en-pueblo\/","title":{"rendered":"Abogado especializado en accidentes por resbal\u00f3n o ca\u00edda de Pueblo"},"content":{"rendered":"<p>Cuando la falta de mantenimiento de las instalaciones por parte de un propietario le causa lesiones en un accidente por resbal\u00f3n o ca\u00edda, podr\u00eda tener una demanda v\u00e1lida por da\u00f1os y perjuicios monetarios. Un <a href=\"https:\/\/springslawgroup.com\/es\/pueblo-abogado-de-lesiones-personales\/\">abogado experto en lesiones personales<\/a> podr\u00eda evaluar la viabilidad de su demanda y trabajar para maximizar su posible indemnizaci\u00f3n. Adem\u00e1s, un abogado especializado en accidentes por resbal\u00f3n o ca\u00edda de Pueblo podr\u00eda ofrecerle apoyo legal mientras usted se concentra en recuperarse.<\/p>\n<h2>Causas comunes de las lesiones por resbal\u00f3n<\/h2>\n<p>Los propietarios tienen el deber de asegurar que sus instalaciones no presenten condiciones peligrosas. Esto incluye pasarelas exteriores, huecos de escalera y todos los pisos del edificio. Cuando los propietarios no cumplen esta norma, pueden producirse tropiezos y, como consecuencia, los visitantes pueden sufrir lesiones.<\/p>\n<p>Un abogado especializado en accidentes por resbal\u00f3n o ca\u00edda de Pueblo podr\u00eda revisar la causa de las lesiones de alguien y determinar si tienen una demanda viable. Algunas de las causas comunes de los accidentes por resbalones y ca\u00eddas pueden ser los siguientes:<\/p>\n<ul>\n<li>Alfombra ra\u00edda, suelta o amontonada<\/li>\n<li>Cables alargadores<\/li>\n<li>Pavimento irregular<\/li>\n<li>Aceras mojadas o heladas<\/li>\n<li>Escalones o pasamanos rotos<\/li>\n<li>Mala iluminaci\u00f3n<\/li>\n<li>Derrames o suelos resbaladizos<\/li>\n<\/ul>\n<p>Tras determinar la responsabilidad, un <a href=\"\/\">abogado con experiencia<\/a> podr\u00eda ayudar a una v\u00edctima lesionada a recuperar los da\u00f1os que merece.<\/p>\n<h2>Clasificaci\u00f3n de los visitantes<\/h2>\n<p>El propietario de un inmueble tiene diferentes deberes de diligencia con los distintos visitantes de sus instalaciones. Un abogado de Pueblo que est\u00e9 familiarizado con los casos de resbalones y ca\u00eddas podr\u00eda evaluar si la situaci\u00f3n legal del demandante en la propiedad del demandado puede afectar a su reclamo.<\/p>\n<h3>Invitados<\/h3>\n<p>El propietario tiene el mayor deber para con los invitados. Un invitado es cualquier persona con autorizaci\u00f3n para entrar en una propiedad en beneficio del propietario. En algunas situaciones, un invitado entra en una propiedad con fines comerciales, como un cliente en una tienda minorista. Sin embargo, las residencias privadas tambi\u00e9n pueden tener invitados. El propietario de un inmueble tiene la obligaci\u00f3n de mantener las instalaciones seguras y advertir a sus hu\u00e9spedes de condiciones peligrosas imprevistas.<\/p>\n<h3>Beneficiarios<\/h3>\n<p>Los beneficiarios tambi\u00e9n entran en una propiedad con autorizaci\u00f3n, pero el propietario no les debe la misma protecci\u00f3n. El propietario debe advertirles de los peligros inesperados, pero no est\u00e1 obligado a mantener sus instalaciones. Los beneficiarios entran en una propiedad para sus propios fines y, con frecuencia, son invitados sociales.<\/p>\n<h3>Intrusos<\/h3>\n<p>Los intrusos entran en la propiedad sin permiso. Dado que un intruso entra ilegalmente en una propiedad, el propietario no suele tener ninguna obligaci\u00f3n legal con \u00e9l. Sin embargo, hay algunas excepciones a esta norma. Por ejemplo, los propietarios no pueden causar un da\u00f1o intencionado o malintencionado a un intruso. Esta conducta indebida puede incluir tender trampas o lesionar intencionadamente a una persona.<\/p>\n<p>Adem\u00e1s, los propietarios tienen la obligaci\u00f3n legal de solucionar las condiciones peligrosas que puedan atraer a ni\u00f1os intrusos. Estos riesgos pueden incluir piscinas o maquinaria y herramientas peligrosas.<\/p>\n<h2>Da\u00f1os indemnizables en un accidente por resbal\u00f3n<\/h2>\n<p>Seg\u00fan la legislaci\u00f3n estatal, el t\u00e9rmino \u00abda\u00f1os y perjuicios\u00bb se refiere a la reparaci\u00f3n que puede solicitar una parte en una demanda. En un caso de resbal\u00f3n o ca\u00edda, un demandante y su abogado local pueden buscar da\u00f1os que cubran lo siguiente:<\/p>\n<ul>\n<li>El dolor y el sufrimiento pasados desde la fecha del accidente hasta la fecha del acuerdo o la indemnizaci\u00f3n.<\/li>\n<li>El dolor y sufrimiento futuros desde la fecha de pago hasta la fecha estimada de fallecimiento.<\/li>\n<li>Las facturas m\u00e9dicas pasadas y futuras.<\/li>\n<li>Los costos de la medicaci\u00f3n pasados y futuros.<\/li>\n<li>Salarios perdidos.<\/li>\n<li>La p\u00e9rdida de ingresos futuros si el demandante no puede desempe\u00f1ar el mismo trabajo.<\/li>\n<li>La p\u00e9rdida del apoyo conyugal o afecto, sociedad, relaci\u00f3n y disfrute con miembros de la familia como c\u00f3nyuges, hijos o padres.<\/li>\n<\/ul>\n<p>Los dispositivos o equipos de asistencia a la movilidad, que incluyen andadores, sillas de ruedas u otros dispositivos.<\/p>\n<h2>Contrate hoy mismo a un abogado especializado en accidentes por resbal\u00f3n o ca\u00edda de Pueblo<\/h2>\n<p>Los propietarios tienen la responsabilidad de garantizar la seguridad de sus visitantes cuando entran en su propiedad. Cuando alguien tropieza y se cae, el propietario puede incurrir en responsabilidad civil.<\/p>\n<p>Si sufri\u00f3 una lesi\u00f3n por resbal\u00f3n o ca\u00edda en propiedad ajena, tendr\u00eda derecho a solicitar una indemnizaci\u00f3n. Para discutir sus opciones legales, llame a un abogado especializado en accidentes por resbal\u00f3n o ca\u00edda de Pueblo hoy.<\/p>\n","protected":false},"excerpt":{"rendered":"<p>Cuando la falta de mantenimiento de las instalaciones por parte de un propietario le causa lesiones en un accidente por&nbsp;<a class=\"moretag\" href=\"https:\/\/springslawgroup.com\/es\/pueblo-abogado-de-lesiones-personales\/abogado-de-resbalones-y-caidas-en-pueblo\/\"> Read More&#8230;<\/a><\/p>\n","protected":false},"author":32,"featured_media":0,"parent":16691,"menu_order":0,"comment_status":"closed","ping_status":"closed","template":"landingpage.php","meta":{"_acf_changed":false,"inline_featured_image":false,"footnotes":""},"categories":[],"tags":[],"class_list":["post-17000","page","type-page","status-publish","hentry"],"acf":{"key_takeaways":null,"_litigation_personal_injury_contents_new":{"_litigation_personal_injury_title_new":"","_litigation_personal_injury_discription_new":"","_litigation_personal_injury_discription_new_copy":"","_litigation_video_url_new":"","add_button":false},"_header_sub_header_content_new":null,"_litigation_frequently_asked_questions_new":null,"lawsuit_updates":null,"_litigation_related_posts_relation":null,"acf-references":""},"_links":{"self":[{"href":"https:\/\/springslawgroup.com\/es\/wp-json\/wp\/v2\/pages\/17000","targetHints":{"allow":["GET"]}}],"collection":[{"href":"https:\/\/springslawgroup.com\/es\/wp-json\/wp\/v2\/pages"}],"about":[{"href":"https:\/\/springslawgroup.com\/es\/wp-json\/wp\/v2\/types\/page"}],"author":[{"embeddable":true,"href":"https:\/\/springslawgroup.com\/es\/wp-json\/wp\/v2\/users\/32"}],"replies":[{"embeddable":true,"href":"https:\/\/springslawgroup.com\/es\/wp-json\/wp\/v2\/comments?post=17000"}],"version-history":[{"count":3,"href":"https:\/\/springslawgroup.com\/es\/wp-json\/wp\/v2\/pages\/17000\/revisions"}],"predecessor-version":[{"id":17244,"href":"https:\/\/springslawgroup.com\/es\/wp-json\/wp\/v2\/pages\/17000\/revisions\/17244"}],"up":[{"embeddable":true,"href":"https:\/\/springslawgroup.com\/es\/wp-json\/wp\/v2\/pages\/16691"}],"wp:attachment":[{"href":"https:\/\/springslawgroup.com\/es\/wp-json\/wp\/v2\/media?parent=17000"}],"wp:term":[{"taxonomy":"category","embeddable":true,"href":"https:\/\/springslawgroup.com\/es\/wp-json\/wp\/v2\/categories?post=17000"},{"taxonomy":"post_tag","embeddable":true,"href":"https:\/\/springslawgroup.com\/es\/wp-json\/wp\/v2\/tags?post=17000"}],"curies":[{"name":"wp","href":"https:\/\/api.w.org\/{rel}","templated":true}]}}