{"id":16999,"date":"2019-10-31T16:11:36","date_gmt":"2019-10-31T23:11:36","guid":{"rendered":"https:\/\/springs.flywheelstaging.com\/pueblo-abogado-de-lesiones-personales\/abogado-de-responsabilidad-de-propietarios-en-pueblo\/"},"modified":"2023-09-01T07:11:43","modified_gmt":"2023-09-01T14:11:43","slug":"abogado-de-responsabilidad-de-propietarios-en-pueblo","status":"publish","type":"page","link":"https:\/\/springslawgroup.com\/es\/pueblo-abogado-de-lesiones-personales\/abogado-de-responsabilidad-de-propietarios-en-pueblo\/","title":{"rendered":"Abogado especializado en responsabilidad del local de Pueblo"},"content":{"rendered":"<p>Cuando entras en la propiedad de otra persona, hay ciertas expectativas legales que recaen sobre el propietario para lograr que las instalaciones sean seguras para los visitantes. La falta de conocimiento, la mala gesti\u00f3n y el descuido general de la propiedad pueden crear posibles peligros que hagan que las instalaciones no sean seguras para los visitantes.<\/p>\n<p>Si sufri\u00f3 da\u00f1os corporales como resultado de condiciones peligrosas en propiedad ajena, un abogado especializado en responsabilidad del local de Pueblo podr\u00eda ayudarle a presentar una demanda por da\u00f1os y perjuicios. Un <a href=\"https:\/\/springslawgroup.com\/es\/pueblo-abogado-de-lesiones-personales\/\">abogado experto en lesiones personales<\/a> podr\u00eda ayudarle a sortear las complejidades legales de las demandas por responsabilidad del local y a reclamar una indemnizaci\u00f3n adecuada.<\/p>\n<h2>Negligencia en la ley de responsabilidad del local<\/h2>\n<p>Una persona o entidad act\u00faa con negligencia cuando no tiene un cuidado razonable con otra persona, lo que le causa un da\u00f1o. La persona o entidad culpable puede ser, entonces, responsable de los da\u00f1os resultantes, como gastos m\u00e9dicos, dolor y sufrimiento, p\u00e9rdida de ingresos, entre otros.<\/p>\n<h3>\u00bfC\u00f3mo cambia el nivel del deber de diligencia?<\/h3>\n<p>En casos de responsabilidad del local, el deber de diligencia determina el nivel de responsabilidad entre el propietario del terreno y el visitante lesionado y, por tanto, si el propietario es responsable de las lesiones resultantes. Para ello, la legislaci\u00f3n estatal clasifica a los visitantes en distintos grupos en funci\u00f3n de la finalidad de su entrada en la propiedad.<\/p>\n<p>Los invitados suelen ser clientes de un negocio o un lugar destinado y utilizado por el p\u00fablico. Los beneficiarios son hu\u00e9spedes de la propiedad, quienes tienen permitido permanecer en el lugar por invitaci\u00f3n del propietario. Los propietarios tienen la obligaci\u00f3n legal ante estas personas de mantener su propiedad libre de peligros y advertirles de cualquier peligro posible.<\/p>\n<p>Los intrusos no tienen permiso para estar en la propiedad de nadie. Por lo tanto, los propietarios no tienen obligaci\u00f3n legal de atender a estas personas ni pueden ser responsables de las lesiones que sufran en sus instalaciones. Un abogado especializado en responsabilidad del local de Pueblo podr\u00eda explicar los matices de estas categor\u00edas y c\u00f3mo pueden afectar el resultado de un caso.<\/p>\n<h2>Tipos de accidentes en propiedades<\/h2>\n<p>Diversas condiciones en una propiedad pueden provocar graves da\u00f1os corporales a los visitantes. Algunos ejemplos de condiciones peligrosas que pueden dar lugar a reclamos viables de responsabilidad del local incluyen los siguientes:<\/p>\n<ul>\n<li>Clavos u objetos afilados sobresalientes<\/li>\n<li>Ataques de animales.<\/li>\n<li>Accidentes por tropiezo<\/li>\n<li>Escaleras rotas o sin iluminaci\u00f3n.<\/li>\n<li>Seguridad inadecuada.<\/li>\n<li>Ca\u00edda desde un balc\u00f3n o altura.<\/li>\n<li>Ahogamiento.<\/li>\n<li><a href=\"https:\/\/springslawgroup.com\/es\/pueblo-abogado-de-lesiones-personales\/abogado-de-resbalones-y-caidas-en-pueblo\/\">Suelos o pasarelas resbaladizos<\/a>.<\/li>\n<\/ul>\n<h2>\u00bfCu\u00e1l es el plazo para presentar una demanda por responsabilidad del local?<\/h2>\n<p>El <a href=\"https:\/\/advance.lexis.com\/documentpage\/?pdmfid=1000516&amp;crid=154455e1-3e78-4994-9ad4-1e3052d0c7a3&amp;config=014FJAAyNGJkY2Y4Zi1mNjgyLTRkN2YtYmE4OS03NTYzNzYzOTg0OGEKAFBvZENhdGFsb2d592qv2Kywlf8caKqYROP5&amp;pddocfullpath=%2Fshared%2Fdocument%2Fstatutes-legislation%2Furn%3AcontentItem%3A5WX1-GDP0-004D-1067-00008-00&amp;pddocid=urn%3AcontentItem%3A5WX1-GDP0-004D-1067-00008-00&amp;pdcontentcomponentid=234176&amp;pdteaserkey=sr0&amp;pditab=allpods&amp;ecomp=h567kkk&amp;earg=sr0&amp;prid=d0b5962c-417f-469f-af2b-9f69eca3f57d\" target=\"_blank\" rel=\"noopener\">art\u00edculo \u00a713-80-102 de los Estatutos Revisados de Colorado<\/a> establece que los demandantes disponen de dos a\u00f1os a partir de la fecha de su lesi\u00f3n para presentar una demanda por da\u00f1os y perjuicios. Si no se presenta la demanda a tiempo, es posible que el perjudicado no pueda reclamar una indemnizaci\u00f3n a la parte negligente. Un abogado de Pueblo podr\u00eda ayudar al demandante a presentar su caso de responsabilidad del local antes de que prescriba.<\/p>\n<h2>Contacte a un abogado especializado en responsabilidad del local de Pueblo<\/h2>\n<p>Los administradores y propietarios negligentes deben responder por los da\u00f1os que causen a sus visitantes. Un abogado especializado en responsabilidad del local de Pueblo podr\u00eda ayudarle a tomar acciones legales contra estos individuos si sufri\u00f3 lesiones mientras estaba en su propiedad. Para descubrir cu\u00e1les son sus pr\u00f3ximos pasos en la presentaci\u00f3n de una demanda por da\u00f1os y perjuicios, <a href=\"https:\/\/springslawgroup.com\/es\/contacto\/\">llame<\/a> hoy mismo.<\/p>\n","protected":false},"excerpt":{"rendered":"<p>Cuando entras en la propiedad de otra persona, hay ciertas expectativas legales que recaen sobre el propietario para lograr que&nbsp;<a class=\"moretag\" href=\"https:\/\/springslawgroup.com\/es\/pueblo-abogado-de-lesiones-personales\/abogado-de-responsabilidad-de-propietarios-en-pueblo\/\"> Read More&#8230;<\/a><\/p>\n","protected":false},"author":32,"featured_media":0,"parent":16691,"menu_order":0,"comment_status":"closed","ping_status":"closed","template":"landingpage.php","meta":{"_acf_changed":false,"inline_featured_image":false,"footnotes":""},"categories":[],"tags":[],"class_list":["post-16999","page","type-page","status-publish","hentry"],"acf":{"key_takeaways":null,"_litigation_personal_injury_contents_new":{"_litigation_personal_injury_title_new":"","_litigation_personal_injury_discription_new":"","_litigation_personal_injury_discription_new_copy":"","_litigation_video_url_new":"","add_button":false},"_header_sub_header_content_new":null,"_litigation_frequently_asked_questions_new":null,"lawsuit_updates":null,"_litigation_related_posts_relation":null,"acf-references":""},"_links":{"self":[{"href":"https:\/\/springslawgroup.com\/es\/wp-json\/wp\/v2\/pages\/16999","targetHints":{"allow":["GET"]}}],"collection":[{"href":"https:\/\/springslawgroup.com\/es\/wp-json\/wp\/v2\/pages"}],"about":[{"href":"https:\/\/springslawgroup.com\/es\/wp-json\/wp\/v2\/types\/page"}],"author":[{"embeddable":true,"href":"https:\/\/springslawgroup.com\/es\/wp-json\/wp\/v2\/users\/32"}],"replies":[{"embeddable":true,"href":"https:\/\/springslawgroup.com\/es\/wp-json\/wp\/v2\/comments?post=16999"}],"version-history":[{"count":2,"href":"https:\/\/springslawgroup.com\/es\/wp-json\/wp\/v2\/pages\/16999\/revisions"}],"predecessor-version":[{"id":17243,"href":"https:\/\/springslawgroup.com\/es\/wp-json\/wp\/v2\/pages\/16999\/revisions\/17243"}],"up":[{"embeddable":true,"href":"https:\/\/springslawgroup.com\/es\/wp-json\/wp\/v2\/pages\/16691"}],"wp:attachment":[{"href":"https:\/\/springslawgroup.com\/es\/wp-json\/wp\/v2\/media?parent=16999"}],"wp:term":[{"taxonomy":"category","embeddable":true,"href":"https:\/\/springslawgroup.com\/es\/wp-json\/wp\/v2\/categories?post=16999"},{"taxonomy":"post_tag","embeddable":true,"href":"https:\/\/springslawgroup.com\/es\/wp-json\/wp\/v2\/tags?post=16999"}],"curies":[{"name":"wp","href":"https:\/\/api.w.org\/{rel}","templated":true}]}}