{"id":16998,"date":"2019-09-20T13:32:31","date_gmt":"2019-09-20T20:32:31","guid":{"rendered":"https:\/\/springs.flywheelstaging.com\/pueblo-abogado-de-lesiones-personales\/abogado-de-accidentes-de-peatones-en-pueblo\/"},"modified":"2023-09-01T07:11:38","modified_gmt":"2023-09-01T14:11:38","slug":"abogado-de-accidentes-de-peatones-en-pueblo","status":"publish","type":"page","link":"https:\/\/springslawgroup.com\/es\/pueblo-abogado-de-lesiones-personales\/abogado-de-accidentes-de-peatones-en-pueblo\/","title":{"rendered":"Abogado especializado en accidentes de peatones de Pueblo"},"content":{"rendered":"<p>Los accidentes de peatones pueden causar lesiones devastadoras e incluso mortales y los conductores negligentes deben responder por el papel que desempe\u00f1aron en la causa de estos da\u00f1os. Si un autom\u00f3vil le golpe\u00f3 mientras cruzaba la calle, un abogado especializado en accidentes de peatones de Pueblo podr\u00eda ayudarle a tomar acciones legales. Un <a href=\"https:\/\/springslawgroup.com\/es\/pueblo-abogado-de-lesiones-personales\/\">abogado especializado en lesiones personales<\/a> no solo podr\u00eda ayudarle a reclamar una indemnizaci\u00f3n por los gastos actuales y futuros, sino tambi\u00e9n a gestionar las comunicaciones y el papeleo de las compa\u00f1\u00edas de seguros y otras personas implicadas en el accidente para que usted pueda recuperarse con tranquilidad.<\/p>\n<h2>Determinaci\u00f3n de la responsabilidad<\/h2>\n<p>Una persona podr\u00eda obtener una indemnizaci\u00f3n si la negligencia, imprudencia o mala conducta deliberada de otra persona caus\u00f3 un accidente que result\u00f3 en lesiones corporales o da\u00f1os a la propiedad. Un tribunal puede considerar negligente a un demandado si ten\u00eda un deber de diligencia para con el demandante e incumpli\u00f3 esta obligaci\u00f3n legal, lo que caus\u00f3 un da\u00f1o a la parte perjudicada.<\/p>\n<p>Todos los conductores tienen el deber de cuidar de los dem\u00e1s en la carretera, incluso a los peatones. Cuando no tienen un cuidado razonable al volante, ya sea respetar todas las se\u00f1ales de tr\u00e1fico y las leyes, deben responder ante las consecuencias. Un abogado especializado en accidentes de peatones de Pueblo podr\u00eda investigar el caso de un demandante lesionado para determinar qu\u00e9 partes pueden ser responsables y reunir pruebas para demostrar esta responsabilidad.<\/p>\n<h2>Posibles tipos de indemnizaci\u00f3n<\/h2>\n<p>Un peat\u00f3n lesionado puede recibir una indemnizaci\u00f3n por da\u00f1os y perjuicios tanto econ\u00f3micos como no econ\u00f3micos. Un abogado especializado en accidentes de peatones de Pueblo podr\u00eda evaluar las p\u00e9rdidas de un demandante y determinar su elegibilidad para la compensaci\u00f3n. Seg\u00fan la gravedad de sus lesiones, un demandante puede recibir una indemnizaci\u00f3n por lo siguiente:<\/p>\n<ul>\n<li>Facturas hospitalarias<\/li>\n<li>Previsi\u00f3n de futuras necesidades m\u00e9dicas<\/li>\n<li>P\u00e9rdida de ingresos<\/li>\n<li>Reducci\u00f3n de la capacidad de ganancia<\/li>\n<li>Dolor y sufrimiento<\/li>\n<li>Angustia emocional<\/li>\n<li>P\u00e9rdida del disfrute de la vida<\/li>\n<\/ul>\n<p>En algunas situaciones, un tribunal tambi\u00e9n puede conceder da\u00f1os punitivos a un peat\u00f3n lesionado. Estas indemnizaciones especiales est\u00e1n pensadas para disuadir de cometer delitos en el futuro y solo pueden aplicarse en casos en los que las acciones del demandado hayan sido especialmente inaceptables, como atropellar a alguien por conducir ebrio.<\/p>\n<h2>Prescripci\u00f3n<\/h2>\n<p>La ley estatal limita el tiempo de que dispone un peat\u00f3n lesionado para presentar una demanda por da\u00f1os y perjuicios. El plazo de prescripci\u00f3n para los casos de <a href=\"https:\/\/springslawgroup.com\/es\/pueblo-abogado-de-lesiones-personales\/abogado-de-accidentes-de-coche-en-pueblo\/\">lesiones causadas por autom\u00f3viles<\/a> es de tres a\u00f1os a partir de la fecha del accidente, seg\u00fan el <a href=\"https:\/\/advance.lexis.com\/documentpage\/?pdmfid=1000516&amp;crid=f1f0b05b-48bd-4e2b-bf3c-3737802158cf&amp;nodeid=AANAAQAABAAB&amp;nodepath=%2fROOT%2fAAN%2fAANAAQ%2fAANAAQAAB%2fAANAAQAABAAB&amp;level=4&amp;haschildren=&amp;populated=false&amp;title=13-80-101.+General+limitation+of+actions+-+three+years&amp;config=014FJAAyNGJkY2Y4Zi1mNjgyLTRkN2YtYmE4OS03NTYzNzYzOTg0OGEKAFBvZENhdGFsb2d592qv2Kywlf8caKqYROP5&amp;pddocfullpath=%2fshared%2fdocument%2fstatutes-legislation%2furn%3acontentItem%3a5TYF-BK30-004D-10WB-00008-00&amp;ecomp=gg189kk&amp;prid=44f6c9e0-0a28-4c91-9306-304c08768e09\" target=\"_blank\" rel=\"noopener\">art\u00edculo \u00a713-80-101 de los Estatutos Revisados de Colorado<\/a>. Si un demandante no cumple este plazo, podr\u00eda perder su oportunidad de cobrar la indemnizaci\u00f3n.<\/p>\n<p>Sin embargo, seg\u00fan las partes implicadas, el plazo legal puede reducirse a dos a\u00f1os. Un abogado especializado en accidentes de peatones de Pueblo podr\u00eda determinar el plazo apropiado y trabajar para completar las acciones requeridas dentro de este plazo.<\/p>\n<h2>Trabaje con un abogado especializado en accidentes de peatones de Pueblo<\/h2>\n<p>Si un conductor negligente le caus\u00f3 lesiones despu\u00e9s de golpearle con su coche, debe hablar con un abogado inmediatamente despu\u00e9s del tratamiento m\u00e9dico. Trabajar con un abogado especializado en accidentes de peatones de Pueblo al inicio del proceso de demanda podr\u00eda evitar posibles errores y le permitir\u00e1 comenzar a construir su caso por da\u00f1os y perjuicios con rapidez. Para obtener m\u00e1s informaci\u00f3n sobre los beneficios de contratar a un abogado, <a href=\"https:\/\/springslawgroup.com\/es\/contacto\/\">programe una consulta sobre su caso<\/a> hoy mismo.<\/p>\n","protected":false},"excerpt":{"rendered":"<p>Los accidentes de peatones pueden causar lesiones devastadoras e incluso mortales y los conductores negligentes deben responder por el papel&nbsp;<a class=\"moretag\" href=\"https:\/\/springslawgroup.com\/es\/pueblo-abogado-de-lesiones-personales\/abogado-de-accidentes-de-peatones-en-pueblo\/\"> Read More&#8230;<\/a><\/p>\n","protected":false},"author":32,"featured_media":0,"parent":16691,"menu_order":0,"comment_status":"closed","ping_status":"closed","template":"landingpage.php","meta":{"_acf_changed":false,"inline_featured_image":false,"footnotes":""},"categories":[],"tags":[],"class_list":["post-16998","page","type-page","status-publish","hentry"],"acf":{"key_takeaways":null,"_litigation_personal_injury_contents_new":{"_litigation_personal_injury_title_new":"","_litigation_personal_injury_discription_new":"","_litigation_personal_injury_discription_new_copy":"","_litigation_video_url_new":"","add_button":false},"_header_sub_header_content_new":null,"_litigation_frequently_asked_questions_new":null,"lawsuit_updates":null,"_litigation_related_posts_relation":null,"acf-references":""},"_links":{"self":[{"href":"https:\/\/springslawgroup.com\/es\/wp-json\/wp\/v2\/pages\/16998","targetHints":{"allow":["GET"]}}],"collection":[{"href":"https:\/\/springslawgroup.com\/es\/wp-json\/wp\/v2\/pages"}],"about":[{"href":"https:\/\/springslawgroup.com\/es\/wp-json\/wp\/v2\/types\/page"}],"author":[{"embeddable":true,"href":"https:\/\/springslawgroup.com\/es\/wp-json\/wp\/v2\/users\/32"}],"replies":[{"embeddable":true,"href":"https:\/\/springslawgroup.com\/es\/wp-json\/wp\/v2\/comments?post=16998"}],"version-history":[{"count":2,"href":"https:\/\/springslawgroup.com\/es\/wp-json\/wp\/v2\/pages\/16998\/revisions"}],"predecessor-version":[{"id":17177,"href":"https:\/\/springslawgroup.com\/es\/wp-json\/wp\/v2\/pages\/16998\/revisions\/17177"}],"up":[{"embeddable":true,"href":"https:\/\/springslawgroup.com\/es\/wp-json\/wp\/v2\/pages\/16691"}],"wp:attachment":[{"href":"https:\/\/springslawgroup.com\/es\/wp-json\/wp\/v2\/media?parent=16998"}],"wp:term":[{"taxonomy":"category","embeddable":true,"href":"https:\/\/springslawgroup.com\/es\/wp-json\/wp\/v2\/categories?post=16998"},{"taxonomy":"post_tag","embeddable":true,"href":"https:\/\/springslawgroup.com\/es\/wp-json\/wp\/v2\/tags?post=16998"}],"curies":[{"name":"wp","href":"https:\/\/api.w.org\/{rel}","templated":true}]}}