{"id":16997,"date":"2019-09-19T19:05:05","date_gmt":"2019-09-20T02:05:05","guid":{"rendered":"https:\/\/springs.flywheelstaging.com\/pueblo-abogado-de-lesiones-personales\/abogado-de-accidentes-de-motocicleta-en-pueblo\/"},"modified":"2023-09-01T07:11:37","modified_gmt":"2023-09-01T14:11:37","slug":"abogado-de-accidentes-de-motocicleta-en-pueblo","status":"publish","type":"page","link":"https:\/\/springslawgroup.com\/es\/pueblo-abogado-de-lesiones-personales\/abogado-de-accidentes-de-motocicleta-en-pueblo\/","title":{"rendered":"Abogado especializado en accidentes de motocicleta de Pueblo"},"content":{"rendered":"<p>Si bien puede haber algunos riesgos elevados asociados con la conducci\u00f3n de una motocicleta, cuando la negligencia o imprudencia de un motorista causa que otro sufra lesiones en un accidente, deben responsabilizarse de los da\u00f1os que causaron.<\/p>\n<p>Un abogado especializado en accidentes de motocicleta de Pueblo entiende los factores \u00fanicos que pueden entrar en juego en este tipo de casos y podr\u00eda explicar c\u00f3mo pueden afectar el resultado de su demanda. Adem\u00e1s, al trabajar con un <a href=\"https:\/\/springslawgroup.com\/es\/pueblo-abogado-de-lesiones-personales\/\">abogado especializado en lesiones personales<\/a>, obtiene un defensor legal que le ayudar\u00eda a obtener una compensaci\u00f3n justa por sus p\u00e9rdidas.<\/p>\n<h2>Leyes estatales sobre motocicletas y negligencia comparativa<\/h2>\n<p>Dado que los conductores de motocicletas pueden ser m\u00e1s vulnerables a sufrir lesiones graves tras un accidente, est\u00e1n obligados a cumplir todas las leyes de tr\u00e1fico, adem\u00e1s de las normas espec\u00edficas para motoristas. Por ejemplo, la ley permite que dos motocicletas compartan carril, pero no que lo hagan otros autom\u00f3viles.<\/p>\n<p>Si un juez considera que un motociclista es parcialmente responsable de su accidente porque no segu\u00eda las leyes de tr\u00e1fico estipuladas, esto puede afectar al resultado de su caso. Por ejemplo, aunque los motociclistas adultos no est\u00e9n obligados a llevar casco y, sin embargo, hayan sufrido un traumatismo craneoencef\u00e1lico en un accidente con otro motorista, el tribunal puede reducir su indemnizaci\u00f3n. Un abogado especializado en accidentes de motocicleta de Pueblo podr\u00eda explicar el impacto que ciertas leyes estatales de motocicleta pueden tener en un caso particular.<\/p>\n<h2>\u00bfCu\u00e1l es el deber de diligencia en los casos de accidentes de motocicleta?<\/h2>\n<p>Todos los automovilistas tienen el deber de conducir de forma responsable y respetar todas las leyes de tr\u00e1fico. Cuando un conductor incumple esta obligaci\u00f3n legal, puede ser responsable de cualquier accidente que se produzca. En los casos de accidentes de motocicleta, a menudo es la falta de atenci\u00f3n del conductor lo que provoca el choque. Esto se debe, principalmente, a que las motocicletas pueden ser m\u00e1s dif\u00edciles de ver en la carretera cuando cambian de carril o circulan por el punto ciego de un veh\u00edculo.<\/p>\n<p>Sin embargo, los conductores siguen teniendo la obligaci\u00f3n de prestar atenci\u00f3n a estos motociclistas cuando los adelantan. Un abogado especializado en accidentes de motocicleta de Pueblo podr\u00eda ayudar a un demandante a demostrar que el acusado no actu\u00f3 dentro de su deber de diligencia y, como resultado, le caus\u00f3 da\u00f1os.<\/p>\n<h2>Da\u00f1os indemnizables<\/h2>\n<p>La indemnizaci\u00f3n proporcionada por la parte responsable podr\u00eda compensar diversas p\u00e9rdidas tras un accidente de moto. Un demandante lesionado puede tener derecho a una indemnizaci\u00f3n por da\u00f1os y perjuicios tanto econ\u00f3micos como emocionales. Adem\u00e1s, puede recibir una indemnizaci\u00f3n por p\u00e9rdida de salario, reducci\u00f3n de ingresos futuros, da\u00f1os a su veh\u00edculo, gastos m\u00e9dicos y costos de tratamientos futuros.<\/p>\n<p>Por eso, un abogado especializado en accidentes de motocicleta de Pueblo podr\u00eda utilizar su experiencia para valorar una demanda y determinar si el demandante podr\u00eda recibir indemnizaci\u00f3n por da\u00f1os o p\u00e9rdidas no econ\u00f3micas, como el dolor y el sufrimiento y la angustia emocional.<\/p>\n<h2>\u00bfC\u00f3mo podr\u00eda un caso de choque y fuga afectar a una demanda por accidente de motocicleta en Pueblo?<\/h2>\n<p>Cuando un conductor atropella a un motorista y se da a la fuga, es posible que las autoridades no puedan identificar al conductor culpable. Esto significa que la persona lesionada es responsable econ\u00f3micamente de todos sus gastos m\u00e9dicos. Si un motorista tiene cobertura de motorista sin seguro, su compa\u00f1\u00eda de seguros puede cubrir los gastos m\u00e9dicos. La cobertura de gastos m\u00e9dicos es otra forma de asegurarse en caso de atropello por un conductor que se da a la fuga.<\/p>\n<h2>Hable con un abogado especializado en accidentes de motocicleta de Pueblo<\/h2>\n<p>Si sufri\u00f3 lesiones en un accidente de motocicleta, podr\u00eda tener opciones legales. Un abogado especializado en accidentes de motocicleta de Pueblo podr\u00eda ayudarle a reunir pruebas para establecer la responsabilidad y guiarle a lo largo de toda la demanda. Para programar una consulta sobre su caso, <a href=\"https:\/\/springslawgroup.com\/es\/contacto\/\">llame<\/a> hoy.<\/p>\n","protected":false},"excerpt":{"rendered":"<p>Si bien puede haber algunos riesgos elevados asociados con la conducci\u00f3n de una motocicleta, cuando la negligencia o imprudencia de&nbsp;<a class=\"moretag\" href=\"https:\/\/springslawgroup.com\/es\/pueblo-abogado-de-lesiones-personales\/abogado-de-accidentes-de-motocicleta-en-pueblo\/\"> Read More&#8230;<\/a><\/p>\n","protected":false},"author":32,"featured_media":0,"parent":16691,"menu_order":0,"comment_status":"closed","ping_status":"closed","template":"landingpage.php","meta":{"_acf_changed":false,"inline_featured_image":false,"footnotes":""},"categories":[],"tags":[],"class_list":["post-16997","page","type-page","status-publish","hentry"],"acf":{"key_takeaways":null,"_litigation_personal_injury_contents_new":{"_litigation_personal_injury_title_new":"","_litigation_personal_injury_discription_new":"","_litigation_personal_injury_discription_new_copy":"","_litigation_video_url_new":"","add_button":false},"_header_sub_header_content_new":null,"_litigation_frequently_asked_questions_new":null,"lawsuit_updates":null,"_litigation_related_posts_relation":null,"acf-references":""},"_links":{"self":[{"href":"https:\/\/springslawgroup.com\/es\/wp-json\/wp\/v2\/pages\/16997","targetHints":{"allow":["GET"]}}],"collection":[{"href":"https:\/\/springslawgroup.com\/es\/wp-json\/wp\/v2\/pages"}],"about":[{"href":"https:\/\/springslawgroup.com\/es\/wp-json\/wp\/v2\/types\/page"}],"author":[{"embeddable":true,"href":"https:\/\/springslawgroup.com\/es\/wp-json\/wp\/v2\/users\/32"}],"replies":[{"embeddable":true,"href":"https:\/\/springslawgroup.com\/es\/wp-json\/wp\/v2\/comments?post=16997"}],"version-history":[{"count":2,"href":"https:\/\/springslawgroup.com\/es\/wp-json\/wp\/v2\/pages\/16997\/revisions"}],"predecessor-version":[{"id":17174,"href":"https:\/\/springslawgroup.com\/es\/wp-json\/wp\/v2\/pages\/16997\/revisions\/17174"}],"up":[{"embeddable":true,"href":"https:\/\/springslawgroup.com\/es\/wp-json\/wp\/v2\/pages\/16691"}],"wp:attachment":[{"href":"https:\/\/springslawgroup.com\/es\/wp-json\/wp\/v2\/media?parent=16997"}],"wp:term":[{"taxonomy":"category","embeddable":true,"href":"https:\/\/springslawgroup.com\/es\/wp-json\/wp\/v2\/categories?post=16997"},{"taxonomy":"post_tag","embeddable":true,"href":"https:\/\/springslawgroup.com\/es\/wp-json\/wp\/v2\/tags?post=16997"}],"curies":[{"name":"wp","href":"https:\/\/api.w.org\/{rel}","templated":true}]}}