{"id":16996,"date":"2019-12-13T17:35:24","date_gmt":"2019-12-14T00:35:24","guid":{"rendered":"https:\/\/springs.flywheelstaging.com\/pueblo-abogado-de-lesiones-personales\/abogado-de-lesiones-catastroficas-de-pueblo\/abogado-de-lesiones-cerebrales-traumaticas-de-pueblo\/"},"modified":"2023-09-01T07:11:40","modified_gmt":"2023-09-01T14:11:40","slug":"abogado-de-lesiones-cerebrales-traumaticas-de-pueblo","status":"publish","type":"page","link":"https:\/\/springslawgroup.com\/es\/pueblo-abogado-de-lesiones-personales\/abogado-de-lesiones-catastroficas-de-pueblo\/abogado-de-lesiones-cerebrales-traumaticas-de-pueblo\/","title":{"rendered":"Abogado especializado en lesiones cerebrales traum\u00e1ticas catastr\u00f3ficas de Pueblo"},"content":{"rendered":"<p>Las lesiones cerebrales traum\u00e1ticas (LCT) abarcan desde conmociones cerebrales hasta hemorragias craneales importantes. Debido al impacto duradero que puede tener un traumatismo craneoencef\u00e1lico, una persona que sufre una LCT tiene derecho a solicitar una indemnizaci\u00f3n si su lesi\u00f3n se produjo debido a las acciones negligentes de otra persona.<\/p>\n<p>Si sufri\u00f3 un traumatismo craneoencef\u00e1lico en un accidente grave, puede beneficiarse del consejo y asesoramiento de un abogado especializado en lesiones cerebrales traum\u00e1ticas catastr\u00f3ficas de Pueblo. Un <a href=\"https:\/\/springslawgroup.com\/es\/pueblo-abogado-de-lesiones-personales\/abogado-de-lesiones-catastroficas-de-pueblo\/\">abogado experto en lesiones catastr\u00f3ficas<\/a> podr\u00eda ocuparse de las complejidades legales de su demanda mientras usted se centra en recuperarse.<\/p>\n<h2>\u00bfC\u00f3mo se establece la negligencia en un caso de LCT?<\/h2>\n<p>Mientras que algunas LCT se producen debido a actos intencionados y violentos, otras ocurren completamente por accidente. En estas situaciones, el demandante debe demostrar que el demandado actu\u00f3 con negligencia y que sus acciones fueron la causa directa de la LCT.<\/p>\n<p>Para establecer que un acusado actu\u00f3 con negligencia en un caso de LCT, un <a href=\"\/\">abogado con experiencia<\/a> de Pueblo deber\u00e1 probar cuatro factores mediante la obtenci\u00f3n de evidencia. Esto significa que el est\u00e1ndar de prueba solo requiere que el demandante demuestre que es m\u00e1s probable que el demandado sea responsable de sus lesiones. El demandante debe demostrar lo siguiente:<\/p>\n<ul>\n<li>Que el demandado ten\u00eda un deber de diligencia para con el demandante.<\/li>\n<li>Que el demandado incumpli\u00f3 su deber de diligencia.<\/li>\n<li>Que el incumplimiento de dicho deber fue la causa de las lesiones del demandante.<\/li>\n<li>Que el demandante sufri\u00f3 un da\u00f1o indemnizable ante los tribunales.<\/li>\n<\/ul>\n<p>En un caso de LCT por negligencia, el demandante tendr\u00eda que demostrar, en primer lugar, que el demandado le deb\u00eda un deber de diligencia. Los ciudadanos se deben mutuamente el deber de actuar con diligencia razonable, seg\u00fan las circunstancias, y de evitar riesgos irrazonables de da\u00f1os mutuos. Un demandado incumple esto cuando no act\u00faa razonablemente seg\u00fan las circunstancias.<\/p>\n<p>Por ejemplo, si un acusado est\u00e1 blandiendo un martillo sin cuidado y golpea accidentalmente a alguien, lo que causa un traumatismo cerebral, podr\u00eda ser responsable de negligencia. Es importante se\u00f1alar que esta persona solo ser\u00eda responsable si no hubiera otros factores que sustituyeran la conducta del demandado que caus\u00f3 las lesiones del demandante.<\/p>\n<h2>Tipos de lesiones cerebrales traum\u00e1ticas<\/h2>\n<p>Una LCT es una clasificaci\u00f3n de los traumatismos craneoencef\u00e1licos que afectan o alteran el funcionamiento normal del cerebro. Hay muchas lesiones que pueden crear estos problemas.<\/p>\n<h3>\u00bfQu\u00e9 son las lesiones cerebrales por golpe y contragolpe?<\/h3>\n<p>Este tipo de LCT se produce cuando el cerebro est\u00e1 expuesto a un latigazo cervical violento. El cerebro, que est\u00e1 suspendido en l\u00edquido cefalorraqu\u00eddeo en el interior del cr\u00e1neo, \u00abazotar\u00e1\u00bb en la direcci\u00f3n opuesta al impacto, golpear\u00e1 el interior del cr\u00e1neo y sufrir\u00e1 lesiones. Luego, el cerebro dar\u00e1 un latigazo hacia atr\u00e1s hasta el punto de impacto, golpear\u00e1 el interior del cr\u00e1neo en dicho lado y causar\u00e1 da\u00f1os en ambos lados. Esto puede causar da\u00f1os importantes, como inflamaci\u00f3n y hemorragias cerebrales. Los traumatismos craneoencef\u00e1licos requieren atenci\u00f3n m\u00e9dica inmediata y pueden tener efectos duraderos en el habla, la resoluci\u00f3n de problemas y la visi\u00f3n.<\/p>\n<h3>Conmociones cerebrales.<\/h3>\n<p>Aunque la mayor\u00eda de la gente cree que las conmociones cerebrales son lesiones leves que se curan r\u00e1pidamente, no siempre es as\u00ed. Incluso una conmoci\u00f3n cerebral diagnosticada como \u00ableve\u00bb puede provocar cambios permanentes en el cerebro. La mayor\u00eda de las conmociones cerebrales tambi\u00e9n aumentan el riesgo de lesiones posteriores que pueden ser debilitantes o mortales. En el caso de las conmociones cerebrales graves, los lesionados pueden sufrir migra\u00f1as incapacitantes permanentes, problemas de visi\u00f3n y ser incapaces de trabajar, conducir un veh\u00edculo o incluso ser capaces de cuidar de s\u00ed mismos.<\/p>\n<h3>Lesi\u00f3n axonal difusa<\/h3>\n<p>Un impacto explosivo puede provocar este tipo de LCT, que se caracteriza por destrozar, desgarrar o da\u00f1ar f\u00edsicamente el tejido cerebral. Esto se debe a la fuerza del impacto, que puede da\u00f1ar las v\u00edas neuronales, las estructuras del cerebro o afectar a los vasos sangu\u00edneos.<\/p>\n<h3>Hemorragias cerebrales<\/h3>\n<p>Cualquier da\u00f1o cerebral puede provocar una hemorragia cerebral. La presencia de sangre en el cerebro no solo provoca cambios qu\u00edmicos, sino que tambi\u00e9n puede aumentar la presi\u00f3n intracraneal. Si la hemorragia cerebral es m\u00e1s r\u00e1pida de lo que el cuerpo puede regular la presi\u00f3n en el cr\u00e1neo, el aumento de presi\u00f3n podr\u00eda provocar da\u00f1os extremos en el tejido cerebral, incluso la muerte por negligencia.<\/p>\n<h3>Lesiones cerebrales penetrantes<\/h3>\n<p>Cuando restos extra\u00f1os perforan el cr\u00e1neo y lesionan el cerebro, puede tratarse de una lesi\u00f3n posiblemente mortal. Todas las LCT penetrantes son graves y requieren atenci\u00f3n m\u00e9dica inmediata.<\/p>\n<h2>Prescripci\u00f3n<\/h2>\n<p>Uno de los primeros pasos en el proceso de presentaci\u00f3n de un caso de lesiones personales es determinar el plazo de prescripci\u00f3n. La prescripci\u00f3n es un plazo fijado por la ley para cada causa de acci\u00f3n. Si un demandante no presenta su demanda dentro del plazo legal, pierde el derecho a demandar a la parte negligente.<\/p>\n<p>Seg\u00fan <a href=\"https:\/\/advance.lexis.com\/documentpage\/?pdmfid=1000516&amp;crid=85abcde2-fba0-4cd9-95de-65affe2416d1&amp;config=014FJAAyNGJkY2Y4Zi1mNjgyLTRkN2YtYmE4OS03NTYzNzYzOTg0OGEKAFBvZENhdGFsb2d592qv2Kywlf8caKqYROP5&amp;pddocfullpath=%2fshared%2fdocument%2fstatutes-legislation%2furn%3acontentItem%3a5X45-0DC1-FGY5-M4D4-00008-00&amp;pddocid=urn%3acontentItem%3a5X45-0DC1-FGY5-M4D4-00008-00&amp;pdcontentcomponentid=234176&amp;pdteaserkey=sr0&amp;pditab=allpods&amp;ecomp=h567kkk&amp;earg=sr0&amp;prid=fe471b6b-fb12-484b-8867-a8dd7b8a5936\" target=\"_blank\" rel=\"noopener\">el art\u00edculo 13-80-102(1)(a) de los Estatutos Revisados de Colorado<\/a>, los demandantes por lesiones cerebrales traum\u00e1ticas causadas por agravios disponen generalmente de dos a\u00f1os a partir de la fecha de la lesi\u00f3n para presentar su demanda, con algunas excepciones notables. Un abogado especializado en lesiones cerebrales traum\u00e1ticas de Pueblo podr\u00eda ayudar al demandante a presentar su caso antes de que prescriba.<\/p>\n<h2>Contacto a un abogado especializado en lesiones cerebrales traum\u00e1ticas de Pueblo<\/h2>\n<p>Sufrir un traumatismo craneoencef\u00e1lico puede ser todo un reto. La fuerza f\u00edsica y la fortaleza mental necesarias para perseverar en una lesi\u00f3n de este tipo son dif\u00edciles de mantener.<\/p>\n<p>Por eso, un abogado especializado en lesiones cerebrales traum\u00e1ticas de Pueblo podr\u00eda ayudarle a superar este proceso para que no deba luchar por su cuenta. Para obtener m\u00e1s informaci\u00f3n acerca de c\u00f3mo un abogado podr\u00eda ayudar a su caso, llame hoy.<\/p>\n","protected":false},"excerpt":{"rendered":"<p>Las lesiones cerebrales traum\u00e1ticas (LCT) abarcan desde conmociones cerebrales hasta hemorragias craneales importantes. Debido al impacto duradero que puede tener&nbsp;<a class=\"moretag\" href=\"https:\/\/springslawgroup.com\/es\/pueblo-abogado-de-lesiones-personales\/abogado-de-lesiones-catastroficas-de-pueblo\/abogado-de-lesiones-cerebrales-traumaticas-de-pueblo\/\"> Read More&#8230;<\/a><\/p>\n","protected":false},"author":32,"featured_media":0,"parent":16591,"menu_order":0,"comment_status":"closed","ping_status":"closed","template":"landingpage.php","meta":{"_acf_changed":false,"inline_featured_image":false,"footnotes":""},"categories":[],"tags":[],"class_list":["post-16996","page","type-page","status-publish","hentry"],"acf":{"key_takeaways":null,"_litigation_personal_injury_contents_new":{"_litigation_personal_injury_title_new":"","_litigation_personal_injury_discription_new":"","_litigation_personal_injury_discription_new_copy":"","_litigation_video_url_new":"","add_button":false},"_header_sub_header_content_new":null,"_litigation_frequently_asked_questions_new":null,"lawsuit_updates":null,"_litigation_related_posts_relation":null,"acf-references":""},"_links":{"self":[{"href":"https:\/\/springslawgroup.com\/es\/wp-json\/wp\/v2\/pages\/16996","targetHints":{"allow":["GET"]}}],"collection":[{"href":"https:\/\/springslawgroup.com\/es\/wp-json\/wp\/v2\/pages"}],"about":[{"href":"https:\/\/springslawgroup.com\/es\/wp-json\/wp\/v2\/types\/page"}],"author":[{"embeddable":true,"href":"https:\/\/springslawgroup.com\/es\/wp-json\/wp\/v2\/users\/32"}],"replies":[{"embeddable":true,"href":"https:\/\/springslawgroup.com\/es\/wp-json\/wp\/v2\/comments?post=16996"}],"version-history":[{"count":2,"href":"https:\/\/springslawgroup.com\/es\/wp-json\/wp\/v2\/pages\/16996\/revisions"}],"predecessor-version":[{"id":17242,"href":"https:\/\/springslawgroup.com\/es\/wp-json\/wp\/v2\/pages\/16996\/revisions\/17242"}],"up":[{"embeddable":true,"href":"https:\/\/springslawgroup.com\/es\/wp-json\/wp\/v2\/pages\/16591"}],"wp:attachment":[{"href":"https:\/\/springslawgroup.com\/es\/wp-json\/wp\/v2\/media?parent=16996"}],"wp:term":[{"taxonomy":"category","embeddable":true,"href":"https:\/\/springslawgroup.com\/es\/wp-json\/wp\/v2\/categories?post=16996"},{"taxonomy":"post_tag","embeddable":true,"href":"https:\/\/springslawgroup.com\/es\/wp-json\/wp\/v2\/tags?post=16996"}],"curies":[{"name":"wp","href":"https:\/\/api.w.org\/{rel}","templated":true}]}}