{"id":16995,"date":"2019-12-18T14:01:41","date_gmt":"2019-12-18T21:01:41","guid":{"rendered":"https:\/\/springs.flywheelstaging.com\/pueblo-abogado-de-lesiones-personales\/abogado-de-lesiones-catastroficas-de-pueblo\/abogado-de-lesiones-por-paralisis-de-pueblo\/"},"modified":"2023-09-01T07:11:42","modified_gmt":"2023-09-01T14:11:42","slug":"abogado-de-lesiones-por-paralisis-de-pueblo","status":"publish","type":"page","link":"https:\/\/springslawgroup.com\/es\/pueblo-abogado-de-lesiones-personales\/abogado-de-lesiones-catastroficas-de-pueblo\/abogado-de-lesiones-por-paralisis-de-pueblo\/","title":{"rendered":"Abogado especializado en lesiones por par\u00e1lisis de Pueblo"},"content":{"rendered":"<p>Los accidentes que provocan par\u00e1lisis pueden acarrear algunas de las dificultades m\u00e1s importantes a las que puede enfrentarse una persona. La imposibilidad de moverse como antes de una lesi\u00f3n no solo puede suponer un reto f\u00edsico, sino tambi\u00e9n mental.<\/p>\n<p>Si sufri\u00f3 par\u00e1lisis por un accidente, podr\u00eda beneficiarse de una consulta con un abogado especializado en lesiones por par\u00e1lisis de Pueblo. Un <a href=\"https:\/\/springslawgroup.com\/es\/pueblo-abogado-de-lesiones-personales\/abogado-de-lesiones-catastroficas-de-pueblo\/\">abogado<\/a> con experiencia podr\u00eda representarle con diligencia, compasi\u00f3n y firmeza. Adem\u00e1s, un profesional del Derecho podr\u00eda ayudarle a presentar su caso y luchar por su derecho a una indemnizaci\u00f3n.<\/p>\n<h2><strong>Tipos de lesiones por par\u00e1lisis <\/strong><\/h2>\n<p>En general, la par\u00e1lisis es el cese temporal o permanente de la capacidad de movilidad en una o m\u00e1s partes del cuerpo. Por lo general, implica un problema en los nervios, pero no siempre es as\u00ed. En algunos casos, estas afecciones interrumpen la transmisi\u00f3n y la comunicaci\u00f3n entre el cerebro y la parte del cuerpo afectada.<\/p>\n<p>Las condiciones de inmovilidad pueden afectar a la vida de una persona de muchas maneras diferentes. Por lo tanto, es importante distinguir entre los distintos tipos y efectos de estas lesiones. La par\u00e1lisis puede tener niveles de gravedad muy diferentes, seg\u00fan la ubicaci\u00f3n de la lesi\u00f3n, la duraci\u00f3n de su estado y de sus perspectivas de recuperaci\u00f3n.<\/p>\n<p>Una persona puede quedar paralizada en una parte del cuerpo, como la mano o la cara, pero esta afecci\u00f3n tambi\u00e9n puede producirse en varias zonas. Por ejemplo, la monoplej\u00eda es la par\u00e1lisis de un brazo o una pierna, mientras que la hemiplej\u00eda se produce cuando alguien tiene paralizadas dos extremidades del mismo lado del cuerpo.<\/p>\n<p>La paraplejia es la par\u00e1lisis de ambas piernas, que deja al individuo sin poder caminar. Adem\u00e1s, la tetraplejia afecta a las cuatro extremidades. Un abogado de Pueblo podr\u00eda evaluar un caso de lesi\u00f3n por par\u00e1lisis y evaluar el posible valor de una demanda seg\u00fan la gravedad de la condici\u00f3n de la persona.<\/p>\n<h2>Cu\u00e1ndo presentar una demanda por par\u00e1lisis<\/h2>\n<p>El plazo de prescripci\u00f3n de estos casos depende de c\u00f3mo se produjo la par\u00e1lisis. En virtud del <a href=\"https:\/\/advance.lexis.com\/documentpage\/?pdmfid=1000516&amp;crid=3559034f-d86d-41d4-8404-87798e9447b8&amp;config=014FJAAyNGJkY2Y4Zi1mNjgyLTRkN2YtYmE4OS03NTYzNzYzOTg0OGEKAFBvZENhdGFsb2d592qv2Kywlf8caKqYROP5&amp;pddocfullpath=%2Fshared%2Fdocument%2Fstatutes-legi\" target=\"_blank\" rel=\"noopener\">art\u00edculo \u00a713-80-101(n) de los Estatutos Revisados de Colorado,<\/a> las personas que soliciten una indemnizaci\u00f3n por par\u00e1lisis como consecuencia de un accidente automovil\u00edstico disponen de tres a\u00f1os a partir de la fecha del siniestro para presentar su demanda. Por el contrario, los casos derivados de otros agravios tienen dos a\u00f1os para presentarse a partir de la fecha de la lesi\u00f3n.<\/p>\n<p>Si un demandante no cumple el plazo legal correspondiente, podr\u00eda perder la oportunidad de cobrar una indemnizaci\u00f3n. Un abogado especializado en lesiones por par\u00e1lisis de Pueblo podr\u00eda ayudar a los demandantes a determinar la fecha l\u00edmite y a presentar la demanda antes de que prescriba.<\/p>\n<h2>Contrate hoy mismo a un abogado especializado en lesiones por par\u00e1lisis de Pueblo<\/h2>\n<p>Sufrir de par\u00e1lisis tras un accidente devastador puede suponer grandes retos y cambios en su vida durante a\u00f1os. Como consecuencia de sus p\u00e9rdidas, debe reclamar una indemnizaci\u00f3n a la parte responsable.<\/p>\n<p>Sin embargo, enfrentarse a la parte negligente sin ayuda puede ser desalentador. Por suerte, un abogado especializado en lesiones por par\u00e1lisis de Pueblo puede ayudarle a luchar contra la parte responsable. Con sus conocimientos y experiencia, podr\u00edan proporcionarle la orientaci\u00f3n y direcci\u00f3n que necesita para luchar por sus intereses. Su viaje a la recuperaci\u00f3n legal comienza cuando usted llama y programa su consulta inicial del caso.<\/p>\n","protected":false},"excerpt":{"rendered":"<p>Los accidentes que provocan par\u00e1lisis pueden acarrear algunas de las dificultades m\u00e1s importantes a las que puede enfrentarse una persona.&nbsp;<a class=\"moretag\" href=\"https:\/\/springslawgroup.com\/es\/pueblo-abogado-de-lesiones-personales\/abogado-de-lesiones-catastroficas-de-pueblo\/abogado-de-lesiones-por-paralisis-de-pueblo\/\"> Read More&#8230;<\/a><\/p>\n","protected":false},"author":32,"featured_media":0,"parent":16591,"menu_order":0,"comment_status":"closed","ping_status":"closed","template":"landingpage.php","meta":{"_acf_changed":false,"inline_featured_image":false,"footnotes":""},"categories":[],"tags":[],"class_list":["post-16995","page","type-page","status-publish","hentry"],"acf":{"key_takeaways":null,"_litigation_personal_injury_contents_new":{"_litigation_personal_injury_title_new":"","_litigation_personal_injury_discription_new":"","_litigation_personal_injury_discription_new_copy":"","_litigation_video_url_new":"","add_button":false},"_header_sub_header_content_new":null,"_litigation_frequently_asked_questions_new":null,"lawsuit_updates":null,"_litigation_related_posts_relation":null,"acf-references":""},"_links":{"self":[{"href":"https:\/\/springslawgroup.com\/es\/wp-json\/wp\/v2\/pages\/16995","targetHints":{"allow":["GET"]}}],"collection":[{"href":"https:\/\/springslawgroup.com\/es\/wp-json\/wp\/v2\/pages"}],"about":[{"href":"https:\/\/springslawgroup.com\/es\/wp-json\/wp\/v2\/types\/page"}],"author":[{"embeddable":true,"href":"https:\/\/springslawgroup.com\/es\/wp-json\/wp\/v2\/users\/32"}],"replies":[{"embeddable":true,"href":"https:\/\/springslawgroup.com\/es\/wp-json\/wp\/v2\/comments?post=16995"}],"version-history":[{"count":2,"href":"https:\/\/springslawgroup.com\/es\/wp-json\/wp\/v2\/pages\/16995\/revisions"}],"predecessor-version":[{"id":17175,"href":"https:\/\/springslawgroup.com\/es\/wp-json\/wp\/v2\/pages\/16995\/revisions\/17175"}],"up":[{"embeddable":true,"href":"https:\/\/springslawgroup.com\/es\/wp-json\/wp\/v2\/pages\/16591"}],"wp:attachment":[{"href":"https:\/\/springslawgroup.com\/es\/wp-json\/wp\/v2\/media?parent=16995"}],"wp:term":[{"taxonomy":"category","embeddable":true,"href":"https:\/\/springslawgroup.com\/es\/wp-json\/wp\/v2\/categories?post=16995"},{"taxonomy":"post_tag","embeddable":true,"href":"https:\/\/springslawgroup.com\/es\/wp-json\/wp\/v2\/tags?post=16995"}],"curies":[{"name":"wp","href":"https:\/\/api.w.org\/{rel}","templated":true}]}}