{"id":16993,"date":"2019-12-17T14:00:35","date_gmt":"2019-12-17T21:00:35","guid":{"rendered":"https:\/\/springs.flywheelstaging.com\/pueblo-abogado-de-lesiones-personales\/abogado-de-lesiones-catastroficas-de-pueblo\/abogado-de-quemaduras-en-pueblo\/"},"modified":"2023-09-01T07:11:42","modified_gmt":"2023-09-01T14:11:42","slug":"abogado-de-quemaduras-en-pueblo","status":"publish","type":"page","link":"https:\/\/springslawgroup.com\/es\/pueblo-abogado-de-lesiones-personales\/abogado-de-lesiones-catastroficas-de-pueblo\/abogado-de-quemaduras-en-pueblo\/","title":{"rendered":"Abogados especializados en lesiones por quemaduras de Pueblo"},"content":{"rendered":"<p>Las quemaduras graves pueden provocar mucho m\u00e1s que dolor. Las lesiones por quemaduras pueden provocar cicatrices permanentes, cambios en la capacidad de una persona para cuidar de s\u00ed misma y en c\u00f3mo se siente a diario.<\/p>\n<p>Un abogado especializado en lesiones por quemaduras de Pueblo podr\u00eda ofrecerle apoyo legal si sufri\u00f3 una quemadura grave debido a la negligencia ajena. Un <a href=\"https:\/\/springslawgroup.com\/es\/pueblo-abogado-de-lesiones-personales\/abogado-de-lesiones-catastroficas-de-pueblo\/\">abogado<\/a> experto podr\u00eda revisar su caso y ayudarle a explorar sus opciones legales de indemnizaci\u00f3n.<\/p>\n<h2>Posibles causas de quemaduras<\/h2>\n<p>Las quemaduras t\u00e9rmicas son una de las causas m\u00e1s comunes de este tipo de lesiones. Cualquier superficie caliente, como un metal, un l\u00edquido o las llamas, puede hacer que alguien sufra una quemadura t\u00e9rmica.<\/p>\n<p>Otros tipos de quemaduras incluyen la congelaci\u00f3n, las quemaduras por radiaci\u00f3n solar o rayos X, las quemaduras qu\u00edmicas por \u00e1cidos o detergentes y las quemaduras el\u00e9ctricas por contacto con una corriente el\u00e9ctrica. Las quemaduras por fricci\u00f3n tambi\u00e9n son frecuentes, ya que suelen producirse cuando alguien se desliza por el pavimento en un accidente automovil\u00edstico o de motocicleta.<\/p>\n<h3>Gravedad de las quemaduras<\/h3>\n<p>Los profesionales m\u00e9dicos clasifican a las quemaduras en funci\u00f3n de su gravedad. Las quemaduras de primer grado suelen producir enrojecimiento de la piel y, aunque son dolorosas, no suelen dejar cicatrices ni provocar lesiones graves. Estas lesiones rara vez requieren intervenci\u00f3n m\u00e9dica y pueden tratarse con remedios caseros. Sin embargo, las quemaduras de segundo grado pueden causar da\u00f1os que van m\u00e1s all\u00e1 de la capa superior de la piel. Estas lesiones suelen provocar ampollas y, seg\u00fan la situaci\u00f3n, pueden requerir alg\u00fan tratamiento m\u00e9dico.<\/p>\n<p>Las quemaduras de tercer grado son algunas de las lesiones m\u00e1s graves porque pueden afectar a todas las capas y provocar la carbonizaci\u00f3n de la piel. Casi siempre se requiere tratamiento m\u00e9dico para tratar estas quemaduras y pueden dejar cicatrices permanentes o da\u00f1os nerviosos. Un abogado de Pueblo podr\u00eda ayudar a determinar c\u00f3mo la gravedad de la lesi\u00f3n por quemadura de alguien puede afectar el resultado de su caso.<\/p>\n<h2>Posibles teor\u00edas jur\u00eddicas a utilizar en un caso<\/h2>\n<p>En Pueblo, existen diferentes doctrinas y teor\u00edas legales en las que un abogado podr\u00eda basar un caso de lesiones por quemaduras para ayudar a un demandante a buscar un resultado positivo. Por ejemplo, algunos casos pueden entrar dentro de la doctrina de la responsabilidad indirecta. La responsabilidad indirecta permite a los demandantes reclamar da\u00f1os y perjuicios a su empleador si un compa\u00f1ero de trabajo les caus\u00f3 lesiones como consecuencia de su negligencia. No obstante, es importante se\u00f1alar que la conducta negligente de este empleado debe haberse producido en el ejercicio de sus funciones.<\/p>\n<p>La negligencia en s\u00ed misma es otro motivo por el que una persona puede reclamar una indemnizaci\u00f3n. Si la infracci\u00f3n de una ley por parte de un demandado provoc\u00f3 que el demandante sufriera una quemadura grave, esta persona puede ser responsable del pago de da\u00f1os y perjuicios.<\/p>\n<h2>Comun\u00edquese con un abogado especializado en lesiones por quemaduras de Pueblo<\/h2>\n<p>La perspectiva de tomar acciones legales o negociar un acuerdo puede no ser posible o factible para quienes sufren una lesi\u00f3n por quemadura. Buscar asistencia jur\u00eddica podr\u00eda ayudarle a superar las cargas que supone buscar una indemnizaci\u00f3n monetaria. Un abogado especializado en lesiones por quemaduras de Pueblo podr\u00eda proporcionarle orientaci\u00f3n legal y guiarle durante el proceso. Para empezar con su caso, p\u00f3ngase en contacto con nosotros hoy mismo.<\/p>\n","protected":false},"excerpt":{"rendered":"<p>Las quemaduras graves pueden provocar mucho m\u00e1s que dolor. Las lesiones por quemaduras pueden provocar cicatrices permanentes, cambios en la&nbsp;<a class=\"moretag\" href=\"https:\/\/springslawgroup.com\/es\/pueblo-abogado-de-lesiones-personales\/abogado-de-lesiones-catastroficas-de-pueblo\/abogado-de-quemaduras-en-pueblo\/\"> Read More&#8230;<\/a><\/p>\n","protected":false},"author":32,"featured_media":0,"parent":16591,"menu_order":0,"comment_status":"closed","ping_status":"closed","template":"landingpage.php","meta":{"_acf_changed":false,"inline_featured_image":false,"footnotes":""},"categories":[],"tags":[],"class_list":["post-16993","page","type-page","status-publish","hentry"],"acf":{"key_takeaways":null,"_litigation_personal_injury_contents_new":{"_litigation_personal_injury_title_new":"","_litigation_personal_injury_discription_new":"","_litigation_personal_injury_discription_new_copy":"","_litigation_video_url_new":"","add_button":false},"_header_sub_header_content_new":null,"_litigation_frequently_asked_questions_new":null,"lawsuit_updates":null,"_litigation_related_posts_relation":null,"acf-references":""},"_links":{"self":[{"href":"https:\/\/springslawgroup.com\/es\/wp-json\/wp\/v2\/pages\/16993","targetHints":{"allow":["GET"]}}],"collection":[{"href":"https:\/\/springslawgroup.com\/es\/wp-json\/wp\/v2\/pages"}],"about":[{"href":"https:\/\/springslawgroup.com\/es\/wp-json\/wp\/v2\/types\/page"}],"author":[{"embeddable":true,"href":"https:\/\/springslawgroup.com\/es\/wp-json\/wp\/v2\/users\/32"}],"replies":[{"embeddable":true,"href":"https:\/\/springslawgroup.com\/es\/wp-json\/wp\/v2\/comments?post=16993"}],"version-history":[{"count":3,"href":"https:\/\/springslawgroup.com\/es\/wp-json\/wp\/v2\/pages\/16993\/revisions"}],"predecessor-version":[{"id":17241,"href":"https:\/\/springslawgroup.com\/es\/wp-json\/wp\/v2\/pages\/16993\/revisions\/17241"}],"up":[{"embeddable":true,"href":"https:\/\/springslawgroup.com\/es\/wp-json\/wp\/v2\/pages\/16591"}],"wp:attachment":[{"href":"https:\/\/springslawgroup.com\/es\/wp-json\/wp\/v2\/media?parent=16993"}],"wp:term":[{"taxonomy":"category","embeddable":true,"href":"https:\/\/springslawgroup.com\/es\/wp-json\/wp\/v2\/categories?post=16993"},{"taxonomy":"post_tag","embeddable":true,"href":"https:\/\/springslawgroup.com\/es\/wp-json\/wp\/v2\/tags?post=16993"}],"curies":[{"name":"wp","href":"https:\/\/api.w.org\/{rel}","templated":true}]}}