{"id":16991,"date":"2020-01-08T13:58:58","date_gmt":"2020-01-08T20:58:58","guid":{"rendered":"https:\/\/springs.flywheelstaging.com\/pueblo-abogado-de-lesiones-personales\/abogado-de-accidentes-de-coche-en-pueblo\/abogado-de-accidentes-en-estacionamientos-de-pueblo\/"},"modified":"2023-09-01T07:12:12","modified_gmt":"2023-09-01T14:12:12","slug":"abogado-de-accidentes-en-estacionamientos-de-pueblo","status":"publish","type":"page","link":"https:\/\/springslawgroup.com\/es\/pueblo-abogado-de-lesiones-personales\/abogado-de-accidentes-de-coche-en-pueblo\/abogado-de-accidentes-en-estacionamientos-de-pueblo\/","title":{"rendered":"Abogado especializado en accidentes en aparcamientos de Pueblo"},"content":{"rendered":"<p>Aunque muchos de los choques son leves, los accidentes en aparcaamientos pueden causar lesiones graves y da\u00f1os materiales considerables. Cuando estos da\u00f1os se acumulan, un abogado especializado en accidentes en aparcamientos de Pueblo podr\u00eda ser de ayuda. Al presentar una demanda civil, su abogado podr\u00eda ayudarle a responsabilizar al otro conductor por su negligencia.<\/p>\n<p>Si sufri\u00f3 lesiones en un aparcamiento o garaje p\u00fablico debido a las acciones de otro conductor, tiene derecho a solicitar una indemnizaci\u00f3n econ\u00f3mica. Un <a href=\"https:\/\/springslawgroup.com\/es\/pueblo-abogado-de-lesiones-personales\/abogado-de-accidentes-de-coche-en-pueblo\/\">abogado experto en accidentes automovil\u00edsticos<\/a> podr\u00eda revisar los hechos de su caso y ayudarle a explorar sus opciones legales.<\/p>\n<h2>C\u00f3mo se producen los accidentes en aparcamientos<\/h2>\n<p>Muchos conductores tienden a bajar la guardia en los aparcamientos. Aunque suelen tener cuidado cuando cambian de carril o giran en la calzada, estos conductores a menudo asumen que conducir a baja velocidad en un aparcamiento les protege de los riesgos de verse implicados en un choque. Sin embargo, no siempre es as\u00ed.<\/p>\n<p>De hecho, algunos elementos de los aparcamientos aumentan las probabilidades de que se produzca un accidente. Las filas de coches aparcados pueden causar problemas de visibilidad, lo que dificulta que los conductores reconozcan la proximidad de otros conductores y <a href=\"https:\/\/springslawgroup.com\/es\/pueblo-abogado-de-lesiones-personales\/abogado-de-accidentes-de-peatones-en-pueblo\/\">peatones<\/a>. El mejor ejemplo es el de los conductores que salen marcha atr\u00e1s de las plazas de aparcamiento. No solo van marcha atr\u00e1s, sino que estos conductores tambi\u00e9n deben vigilar en dos direcciones el tr\u00e1fico que se aproxima. Esto explica por qu\u00e9 entrar y salir marcha atr\u00e1s de las plazas de estacionamiento es una de las causas m\u00e1s comunes de estos accidentes.<\/p>\n<p>Otro factor de estos choques es la ambig\u00fcedad. Los pasillos que se cruzan rara vez tienen se\u00f1ales de alto y, en algunos casos, las l\u00edneas que marcan estos pasillos podr\u00edan empezar a desvanecerse. Esta ambig\u00fcedad puede causar que dos conductores intenten entrar en el mismo espacio a la vez. No importa qu\u00e9 factores causen un choque, abogado especializado en accidentes en aparcamientos de Pueblo podr\u00eda ayudar al conductor lesionado a presentar una demanda contra la parte negligente.<\/p>\n<h2>Posibles responsables en un accidente en un aparcamiento<\/h2>\n<p>Algunos de los accidentes m\u00e1s comunes en aparcamientos y garajes implican choques entre dos autom\u00f3viles. Eso no significa que otros tipos de choques no sean posibles. Tambi\u00e9n suelen involucrarse ciclistas y motociclistas.<\/p>\n<p>Uno de los aspectos m\u00e1s peligrosos de un accidente en un estacionamiento se produce cuando hay un peat\u00f3n implicado. En algunos casos, un peat\u00f3n que se interpone en la trayectoria de un autom\u00f3vil puede causar que el conductor d\u00e9 un volantazo y golpee a otro autom\u00f3vil. Cuando un peat\u00f3n es negligente, tambi\u00e9n puede responsabilizarse de un accidente.<\/p>\n<p>La parte responsable en accidentes en aparcamientos no siempre est\u00e1 clara. En algunos casos, ambos conductores podr\u00edan compartir parte de la responsabilidad. Por ejemplo, si un conductor que circula a gran velocidad choca con otro que sale marcha atr\u00e1s de una plaza de aparcamiento sin mirar, ambos conductores podr\u00edan compartir la responsabilidad. En virtud de las leyes estatales de negligencia comparativa, un demandante podr\u00eda sufrir la limitaci\u00f3n o eliminaci\u00f3n total de su indemnizaci\u00f3n seg\u00fan su parte de culpa. Un abogado experto de Pueblo podr\u00eda evaluar un caso de accidente en un aparcamiento y determinar qui\u00e9n ser\u00eda la parte responsable.<\/p>\n<h2>Contacte a un abogado especializado en accidentes en aparcamientos de Pueblo<\/h2>\n<p>Los d\u00edas posteriores a un accidente en un estacionamiento pueden ser confusos, pero un abogado especializado en accidentes en aparcamientos de Pueblo podr\u00eda ayudarle a superar las secuelas de un accidente de esta naturaleza. Para obtener m\u00e1s informaci\u00f3n sobre sus opciones legales, <a href=\"https:\/\/springslawgroup.com\/es\/contacto\/\">llame<\/a> hoy mismo.<\/p>\n","protected":false},"excerpt":{"rendered":"<p>Aunque muchos de los choques son leves, los accidentes en aparcaamientos pueden causar lesiones graves y da\u00f1os materiales considerables. Cuando&nbsp;<a class=\"moretag\" href=\"https:\/\/springslawgroup.com\/es\/pueblo-abogado-de-lesiones-personales\/abogado-de-accidentes-de-coche-en-pueblo\/abogado-de-accidentes-en-estacionamientos-de-pueblo\/\"> Read More&#8230;<\/a><\/p>\n","protected":false},"author":32,"featured_media":0,"parent":16983,"menu_order":0,"comment_status":"closed","ping_status":"closed","template":"landingpage.php","meta":{"_acf_changed":false,"inline_featured_image":false,"footnotes":""},"categories":[],"tags":[],"class_list":["post-16991","page","type-page","status-publish","hentry"],"acf":{"key_takeaways":null,"_litigation_personal_injury_contents_new":{"_litigation_personal_injury_title_new":"","_litigation_personal_injury_discription_new":"","_litigation_personal_injury_discription_new_copy":"","_litigation_video_url_new":"","add_button":false},"_header_sub_header_content_new":null,"_litigation_frequently_asked_questions_new":null,"lawsuit_updates":null,"_litigation_related_posts_relation":null,"acf-references":""},"_links":{"self":[{"href":"https:\/\/springslawgroup.com\/es\/wp-json\/wp\/v2\/pages\/16991","targetHints":{"allow":["GET"]}}],"collection":[{"href":"https:\/\/springslawgroup.com\/es\/wp-json\/wp\/v2\/pages"}],"about":[{"href":"https:\/\/springslawgroup.com\/es\/wp-json\/wp\/v2\/types\/page"}],"author":[{"embeddable":true,"href":"https:\/\/springslawgroup.com\/es\/wp-json\/wp\/v2\/users\/32"}],"replies":[{"embeddable":true,"href":"https:\/\/springslawgroup.com\/es\/wp-json\/wp\/v2\/comments?post=16991"}],"version-history":[{"count":2,"href":"https:\/\/springslawgroup.com\/es\/wp-json\/wp\/v2\/pages\/16991\/revisions"}],"predecessor-version":[{"id":17176,"href":"https:\/\/springslawgroup.com\/es\/wp-json\/wp\/v2\/pages\/16991\/revisions\/17176"}],"up":[{"embeddable":true,"href":"https:\/\/springslawgroup.com\/es\/wp-json\/wp\/v2\/pages\/16983"}],"wp:attachment":[{"href":"https:\/\/springslawgroup.com\/es\/wp-json\/wp\/v2\/media?parent=16991"}],"wp:term":[{"taxonomy":"category","embeddable":true,"href":"https:\/\/springslawgroup.com\/es\/wp-json\/wp\/v2\/categories?post=16991"},{"taxonomy":"post_tag","embeddable":true,"href":"https:\/\/springslawgroup.com\/es\/wp-json\/wp\/v2\/tags?post=16991"}],"curies":[{"name":"wp","href":"https:\/\/api.w.org\/{rel}","templated":true}]}}