{"id":16990,"date":"2020-01-07T13:56:12","date_gmt":"2020-01-07T20:56:12","guid":{"rendered":"https:\/\/springs.flywheelstaging.com\/pueblo-abogado-de-lesiones-personales\/abogado-de-accidentes-de-coche-en-pueblo\/abogado-de-accidente-de-coche-frontal-de-pueblo\/"},"modified":"2023-11-28T21:11:21","modified_gmt":"2023-11-29T04:11:21","slug":"abogado-de-accidente-de-coche-frontal-de-pueblo","status":"publish","type":"page","link":"https:\/\/springslawgroup.com\/es\/pueblo-abogado-de-lesiones-personales\/abogado-de-accidentes-de-coche-en-pueblo\/abogado-de-accidente-de-coche-frontal-de-pueblo\/","title":{"rendered":"Abogado especializado en accidentes por choque frontal"},"content":{"rendered":"<p>Los choques frontales pueden tener consecuencias catastr\u00f3ficas y el impacto en ambos veh\u00edculos puede ser grave. Adem\u00e1s, vivir con las repercusiones de un accidente por choque frontal puede ser dif\u00edcil para cualquiera. Cuando el accidente se debe a la negligencia del otro conductor, la persona lesionada puede reclamar una indemnizaci\u00f3n econ\u00f3mica.<\/p>\n<p>Si sufri\u00f3 lesiones graves en un choque frontal, podr\u00eda enfrentar importantes facturas m\u00e9dicas y p\u00e9rdidas de ingresos. Un <a href=\"https:\/\/springslawgroup.com\/es\/pueblo-abogado-de-lesiones-personales\/abogado-de-accidentes-de-coche-en-pueblo\/\">abogado especializado en accidentes automovil\u00edsticos<\/a> podr\u00eda ayudarle a reclamar al conductor culpable una indemnizaci\u00f3n por esos gastos y p\u00e9rdidas.<\/p>\n<p>No tiene por qu\u00e9 enfrentar a la parte negligente por su cuenta. Estas demandas son complejas y, en muchos casos, el otro conductor puede tener su propio equipo jur\u00eddico. Por eso, usted podr\u00eda maximizar las posibilidades de compensaci\u00f3n monetaria con la ayuda de un abogado especializado en accidentes por choque frontal.<\/p>\n<h2>Determinaci\u00f3n de la culpa en un choque frontal<\/h2>\n<p>Son muchos los factores que pueden provocar un choque frontal. En algunos accidentes, pueden combinarse m\u00faltiples factores para provocar un accidente. Cuando esos factores implican la negligencia de otra persona o entidad, podr\u00eda dar lugar a una demanda viable de indemnizaci\u00f3n monetaria.<\/p>\n<p>Para que una demanda prospere, el demandante debe demostrar que el otro conductor fue negligente. La negligencia se produce cuando otra parte incumple por descuido o imprudencia un deber de diligencia. En un accidente por choque frontal, estas conductas negligentes pueden incluir lo siguiente:<\/p>\n<ul>\n<li>Conducir con exceso de velocidad.<\/li>\n<li>Tomar curvas amplias en una carretera estrecha.<\/li>\n<li>Derrapar hacia el tr\u00e1fico que circula en sentido contrario.<\/li>\n<li>Conducir en sentido contrario por una calle de sentido \u00fanico.<\/li>\n<li>Conducir con distracciones.<\/li>\n<li><a href=\"https:\/\/springslawgroup.com\/es\/pueblo-abogado-de-lesiones-personales\/abogado-de-accidentes-de-coche-en-pueblo\/accidentes-por-conducir-ebrio-en-pueblo\/\">Conducir en estado de ebriedad.<\/a><\/li>\n<\/ul>\n<p>Sin embargo, no todas las demandas por indemnizaci\u00f3n pueden provenir del otro conductor. En algunos casos, la culpa es de una persona o entidad que ni siquiera estaba presente en el momento del accidente. Si la causa del accidente es una reparaci\u00f3n defectuosa, el mec\u00e1nico podr\u00eda incurrir en responsabilidad legal. Si la culpa es del mal estado de la carretera, el demandante puede exigir responsabilidades al Estado o a la administraci\u00f3n local. Un abogado especializado en accidentes por choque frontal de Pueblo podr\u00eda trabajar con la persona lesionada para identificar a la parte responsable.<\/p>\n<h2>Responsabilidad compartida en accidentes por choque frontal<\/h2>\n<p>Es habitual que los dos conductores implicados en un choque frontal compartan parte de la responsabilidad del accidente. La mayor\u00eda de las jurisdicciones adoptan normas legales espec\u00edficas para dar cuenta de esta situaci\u00f3n, incluso Pueblo. Seg\u00fan la legislaci\u00f3n estatal, en estas situaciones se aplica una norma jur\u00eddica conocida como culpa comparativa modificada.<\/p>\n<p>La negligencia comparativa modificada es una norma com\u00fan, pero var\u00eda de un estado a otro. En Pueblo, un demandante solo puede recuperar da\u00f1os monetarios en una demanda civil si tienen un 49% o menos de culpa de su accidente. Si un jurado considera que un conductor es el principal responsable, el tribunal no le conceder\u00e1 una indemnizaci\u00f3n econ\u00f3mica.<\/p>\n<p>Esta norma legal tambi\u00e9n afecta a los conductores que son responsables en menos de un 50%. La ley obliga al jurado a modificar su indemnizaci\u00f3n por da\u00f1os y perjuicios, lo que la reduce seg\u00fan su responsabilidad. Por ejemplo, si un perjudicado tiene un 25% de culpa, solo podr\u00e1 recuperar el 75% de sus da\u00f1os. Un abogado experimentado de Pueblo podr\u00eda evaluar un caso de accidente por choque frontal y determinar si un demandante tendr\u00eda culpa parcial.<\/p>\n<h2>Contacto a un abogado especializado en accidentes por choque frontal de Pueblo<\/h2>\n<p>Dados los da\u00f1os que pueden sufrir ambos veh\u00edculos tras un choque frontal, no siempre est\u00e1 claro qui\u00e9n tuvo la culpa. Por suerte, un abogado especializado en accidentes por choque frontal de Pueblo podr\u00eda revisar cuidadosamente una demanda para identificar su causa.<\/p>\n<p>Si cree que tiene derecho a una indemnizaci\u00f3n tras un accidente automovil\u00edstico, contacte hoy mismo a uno de nuestros abogados especializados. Para comenzar con su caso, programe una consulta inicial.<\/p>\n","protected":false},"excerpt":{"rendered":"<p>Los choques frontales pueden tener consecuencias catastr\u00f3ficas y el impacto en ambos veh\u00edculos puede ser grave. Adem\u00e1s, vivir con las&nbsp;<a class=\"moretag\" href=\"https:\/\/springslawgroup.com\/es\/pueblo-abogado-de-lesiones-personales\/abogado-de-accidentes-de-coche-en-pueblo\/abogado-de-accidente-de-coche-frontal-de-pueblo\/\"> Read More&#8230;<\/a><\/p>\n","protected":false},"author":32,"featured_media":0,"parent":16983,"menu_order":0,"comment_status":"closed","ping_status":"closed","template":"landingpage.php","meta":{"_acf_changed":false,"inline_featured_image":false,"footnotes":""},"categories":[],"tags":[],"class_list":["post-16990","page","type-page","status-publish","hentry"],"acf":{"key_takeaways":null,"_litigation_personal_injury_contents_new":{"_litigation_personal_injury_title_new":"","_litigation_personal_injury_discription_new":"","_litigation_personal_injury_discription_new_copy":"","_litigation_video_url_new":"","add_button":false},"_header_sub_header_content_new":null,"_litigation_frequently_asked_questions_new":null,"lawsuit_updates":null,"_litigation_related_posts_relation":null,"acf-references":""},"_links":{"self":[{"href":"https:\/\/springslawgroup.com\/es\/wp-json\/wp\/v2\/pages\/16990","targetHints":{"allow":["GET"]}}],"collection":[{"href":"https:\/\/springslawgroup.com\/es\/wp-json\/wp\/v2\/pages"}],"about":[{"href":"https:\/\/springslawgroup.com\/es\/wp-json\/wp\/v2\/types\/page"}],"author":[{"embeddable":true,"href":"https:\/\/springslawgroup.com\/es\/wp-json\/wp\/v2\/users\/32"}],"replies":[{"embeddable":true,"href":"https:\/\/springslawgroup.com\/es\/wp-json\/wp\/v2\/comments?post=16990"}],"version-history":[{"count":3,"href":"https:\/\/springslawgroup.com\/es\/wp-json\/wp\/v2\/pages\/16990\/revisions"}],"predecessor-version":[{"id":19442,"href":"https:\/\/springslawgroup.com\/es\/wp-json\/wp\/v2\/pages\/16990\/revisions\/19442"}],"up":[{"embeddable":true,"href":"https:\/\/springslawgroup.com\/es\/wp-json\/wp\/v2\/pages\/16983"}],"wp:attachment":[{"href":"https:\/\/springslawgroup.com\/es\/wp-json\/wp\/v2\/media?parent=16990"}],"wp:term":[{"taxonomy":"category","embeddable":true,"href":"https:\/\/springslawgroup.com\/es\/wp-json\/wp\/v2\/categories?post=16990"},{"taxonomy":"post_tag","embeddable":true,"href":"https:\/\/springslawgroup.com\/es\/wp-json\/wp\/v2\/tags?post=16990"}],"curies":[{"name":"wp","href":"https:\/\/api.w.org\/{rel}","templated":true}]}}