{"id":16989,"date":"2019-11-26T23:08:10","date_gmt":"2019-11-27T06:08:10","guid":{"rendered":"https:\/\/springs.flywheelstaging.com\/pueblo-abogado-de-lesiones-personales\/abogado-de-accidentes-de-coche-en-pueblo\/accidentes-por-conducir-ebrio-en-pueblo\/"},"modified":"2023-09-01T07:11:35","modified_gmt":"2023-09-01T14:11:35","slug":"accidentes-por-conducir-ebrio-en-pueblo","status":"publish","type":"page","link":"https:\/\/springslawgroup.com\/es\/pueblo-abogado-de-lesiones-personales\/abogado-de-accidentes-de-coche-en-pueblo\/accidentes-por-conducir-ebrio-en-pueblo\/","title":{"rendered":"Accidentes por conducci\u00f3n alcoholizada en Pueblo"},"content":{"rendered":"<p>Una de las principales diferencias entre una demanda por un accidente por conducci\u00f3n alcoholizada y una por accidente automovil\u00edstico es que este tipo de situaci\u00f3n puede tener tanto un elemento civil como penal. Esto significa que, en \u00faltima instancia, puede haber tanto una demanda civil como una causa penal contra el acusado por conducir en estado de ebriedad. Un <a href=\"https:\/\/springslawgroup.com\/es\/pueblo-abogado-de-lesiones-personales\/abogado-de-accidentes-de-coche-en-pueblo\/\">abogado experimentado<\/a> podr\u00eda ayudarle a responsabilizar a un conductor negligente si le caus\u00f3 p\u00e9rdidas por ponerse al volante bajo los efectos de las drogas o el alcohol.<\/p>\n<h2>\u00bfCu\u00e1ndo se producen los accidentes por conducci\u00f3n alcoholizada?<\/h2>\n<p>Por lo general, los accidentes por conducci\u00f3n alcoholizada en Pueblo tienden a ocurrir, m\u00e1s a menudo, durante la noche o durante las \u00faltimas horas del d\u00eda, cuando la gente trata de llegar a casa despu\u00e9s de beber, en lugar de hacerlo durante el d\u00eda. Tambi\u00e9n es m\u00e1s probable que ocurran durante los fines de semana, las vacaciones o en ocasiones especiales.<\/p>\n<p>Adem\u00e1s, los lugares que tienen m\u00e1s bares y restaurantes juntos en una zona pueden ser m\u00e1s vulnerables a los conductores intoxicados en la carretera. En Pueblo, la zona del centro est\u00e1 probablemente m\u00e1s poblada de restaurantes y bares que las zonas rurales de la ciudad.<\/p>\n<h2>Obtenci\u00f3n de indemnizaci\u00f3n<\/h2>\n<p>En Pueblo, los da\u00f1os econ\u00f3micos que alguien lesionado en un accidente por conducci\u00f3n alcoholizada puede recuperar pueden incluir una indemnizaci\u00f3n por da\u00f1os a la propiedad, facturas m\u00e9dicas y salarios perdidos o tiempo perdido de trabajo debido al accidente. Los da\u00f1os no econ\u00f3micos pueden incluir dolor y sufrimiento, angustia mental, angustia emocional y p\u00e9rdida del disfrute de la calidad de vida.<\/p>\n<p>Si el conductor lesionado es parcialmente responsable del accidente, igual podr\u00eda reclamar da\u00f1os y perjuicios. Sin embargo, esta persona solo recuperar\u00eda los da\u00f1os en proporci\u00f3n al grado de negligencia de cada parte.<\/p>\n<h2>Proceso judicial en casos de conducci\u00f3n alcoholizada<\/h2>\n<p>El art\u00edculo \u00a742-4-1301 de los Estatutos Revisados de Colorado establece que una persona que conduce un veh\u00edculo de motor bajo los efectos del alcohol, de una o m\u00e1s drogas, o de una combinaci\u00f3n de ambos, infringe la ley. Conducir bajo la influencia es un delito menor, pero puede convertirse en un delito grave de clase 4 si la violaci\u00f3n se produjo despu\u00e9s de tres o m\u00e1s condenas anteriores.<\/p>\n<p>El conductor lesionado no tiene que presentar cargos contra el conductor ebrio porque la polic\u00eda hace un informe en el lugar del accidente. Si hay pruebas suficientes, la fiscal\u00eda puede presentar cargos contra el conductor intoxicado. Por lo tanto, la parte perjudicada no necesita presentar cargos porque el conductor ebrio infringi\u00f3 la ley, podr\u00eda ser responsabilizado por la polic\u00eda y luego por la oficina del fiscal del distrito.<\/p>\n<p>La demanda por lesiones y el caso de conducci\u00f3n alcoholizada se tramitan por separado. Son dos \u00e1reas diferentes, ya que uno es un asunto civil y el otro es penal. Los abogados especializados en lesiones personales se encargan de la demanda civil, mientras que la fiscal\u00eda del condado de El Paso se ocupa del caso penal. Sin embargo, aunque los casos se lleven por separado, el abogado especializado en demandas civiles podr\u00eda hablar con la fiscal\u00eda y trabajar en conjunto con ella.<\/p>\n<h2>Contacte a un abogado y discuta sobre los accidentes por conducci\u00f3n alcoholizada en Pueblo<\/h2>\n<p>Si se involucr\u00f3 en un accidente por conducci\u00f3n alcoholizada en Pueblo, debe ponerse en contacto con nuestra oficina para discutir c\u00f3mo tomar medidas legales contra el conductor imprudente. Podr\u00edamos ayudarle a construir un caso por da\u00f1os y perjuicios para que no deba preocuparse de gestionar el proceso legal mientras se recupera. Para obtener ayuda en su caso, <a href=\"https:\/\/springslawgroup.com\/es\/contacto\/\">llame hoy mismo<\/a>.<\/p>\n","protected":false},"excerpt":{"rendered":"<p>Una de las principales diferencias entre una demanda por un accidente por conducci\u00f3n alcoholizada y una por accidente automovil\u00edstico es&nbsp;<a class=\"moretag\" href=\"https:\/\/springslawgroup.com\/es\/pueblo-abogado-de-lesiones-personales\/abogado-de-accidentes-de-coche-en-pueblo\/accidentes-por-conducir-ebrio-en-pueblo\/\"> Read More&#8230;<\/a><\/p>\n","protected":false},"author":32,"featured_media":0,"parent":16983,"menu_order":0,"comment_status":"closed","ping_status":"closed","template":"landingpage.php","meta":{"_acf_changed":false,"inline_featured_image":false,"footnotes":""},"categories":[],"tags":[],"class_list":["post-16989","page","type-page","status-publish","hentry"],"acf":{"key_takeaways":null,"_litigation_personal_injury_contents_new":{"_litigation_personal_injury_title_new":"","_litigation_personal_injury_discription_new":"","_litigation_personal_injury_discription_new_copy":"","_litigation_video_url_new":"","add_button":false},"_header_sub_header_content_new":null,"_litigation_frequently_asked_questions_new":null,"lawsuit_updates":null,"_litigation_related_posts_relation":null,"acf-references":""},"_links":{"self":[{"href":"https:\/\/springslawgroup.com\/es\/wp-json\/wp\/v2\/pages\/16989","targetHints":{"allow":["GET"]}}],"collection":[{"href":"https:\/\/springslawgroup.com\/es\/wp-json\/wp\/v2\/pages"}],"about":[{"href":"https:\/\/springslawgroup.com\/es\/wp-json\/wp\/v2\/types\/page"}],"author":[{"embeddable":true,"href":"https:\/\/springslawgroup.com\/es\/wp-json\/wp\/v2\/users\/32"}],"replies":[{"embeddable":true,"href":"https:\/\/springslawgroup.com\/es\/wp-json\/wp\/v2\/comments?post=16989"}],"version-history":[{"count":2,"href":"https:\/\/springslawgroup.com\/es\/wp-json\/wp\/v2\/pages\/16989\/revisions"}],"predecessor-version":[{"id":17240,"href":"https:\/\/springslawgroup.com\/es\/wp-json\/wp\/v2\/pages\/16989\/revisions\/17240"}],"up":[{"embeddable":true,"href":"https:\/\/springslawgroup.com\/es\/wp-json\/wp\/v2\/pages\/16983"}],"wp:attachment":[{"href":"https:\/\/springslawgroup.com\/es\/wp-json\/wp\/v2\/media?parent=16989"}],"wp:term":[{"taxonomy":"category","embeddable":true,"href":"https:\/\/springslawgroup.com\/es\/wp-json\/wp\/v2\/categories?post=16989"},{"taxonomy":"post_tag","embeddable":true,"href":"https:\/\/springslawgroup.com\/es\/wp-json\/wp\/v2\/tags?post=16989"}],"curies":[{"name":"wp","href":"https:\/\/api.w.org\/{rel}","templated":true}]}}