{"id":16983,"date":"2019-09-16T21:37:19","date_gmt":"2019-09-17T04:37:19","guid":{"rendered":"https:\/\/springs.flywheelstaging.com\/pueblo-abogado-de-lesiones-personales\/abogado-de-accidentes-de-coche-en-pueblo\/"},"modified":"2023-09-01T07:12:11","modified_gmt":"2023-09-01T14:12:11","slug":"abogado-de-accidentes-de-coche-en-pueblo","status":"publish","type":"page","link":"https:\/\/springslawgroup.com\/es\/pueblo-abogado-de-lesiones-personales\/abogado-de-accidentes-de-coche-en-pueblo\/","title":{"rendered":"Abogado especializado en accidentes automovil\u00edsticos de Pueblo"},"content":{"rendered":"<p>Las secuelas de un grave accidente automovil\u00edstico pueden abrumar a una persona lesionada por el aumento de las facturas m\u00e9dicas y el trauma emocional. Por suerte, un abogado especializado en accidentes automovil\u00edsticos de Pueblo podr\u00eda orientarle en la presentaci\u00f3n de una demanda civil por da\u00f1os y perjuicios mientras usted se centra en recuperarse.<\/p>\n<p>Un <a href=\"https:\/\/springslawgroup.com\/es\/pueblo-abogado-de-lesiones-personales\/\">abogado especializado en lesiones personales<\/a> podr\u00eda gestionar las comunicaciones con las compa\u00f1\u00edas de seguros, asegurarse de que cumpla los plazos legales importantes y evaluar el valor de sus p\u00e9rdidas para que no deba enfrentar el proceso legal por su cuenta.<\/p>\n<h2>\u00bfCu\u00e1les son los posibles da\u00f1os que alguien puede recibir despu\u00e9s de un accidente automovil\u00edstico?<\/h2>\n<p>Por lo general, los tribunales civiles tratan de hacer justicia al restituir al demandante al estado en que se encontraba antes del accidente. El sistema judicial lo hace al concederle a la parte perjudicada una indemnizaci\u00f3n por da\u00f1os y perjuicios que paga el demandado que caus\u00f3 sus lesiones. Un abogado especializado en accidentes automovil\u00edsticos de Pueblo podr\u00eda ayudar a un demandante herido a perseguir da\u00f1os y perjuicios por una variedad de p\u00e9rdidas que pueda haber sufrido como consecuencia de un accidente automovil\u00edstico.<\/p>\n<p>Estos da\u00f1os podr\u00edan cubrir gastos como reparaciones del veh\u00edculo, facturas m\u00e9dicas y salarios perdidos por baja laboral. Un demandante tambi\u00e9n tendr\u00eda derecho a una indemnizaci\u00f3n por sus p\u00e9rdidas emocionales, como el dolor y el sufrimiento y la p\u00e9rdida del disfrute de la vida. En situaciones en las que las acciones del demandado fueron particularmente atroces, como cuando un automovilista conduce en estado de ebriedad, el tribunal puede conceder al demandante tambi\u00e9n da\u00f1os punitivos.<\/p>\n<h2>Determinaci\u00f3n de la negligencia<\/h2>\n<p>Un demandante solo tendr\u00eda derecho a indemnizaci\u00f3n si puede demostrar que la parte contraria actu\u00f3 con negligencia. Para ello, el demandante debe demostrar que el demandado incumpli\u00f3 su deber de conducir con cuidado y responsabilidad. Normalmente, un automovilista puede incumplir su obligaci\u00f3n legal con otros conductores cuando viola las leyes de tr\u00e1fico. Un conductor puede declararse negligente por las siguientes razones:<\/p>\n<ul>\n<li>Usar el celular mientras conduce.<\/li>\n<li>Conducir demasiado cerca de otro autom\u00f3vil.<\/li>\n<li>Conducir con exceso de velocidad.<\/li>\n<li>Dormirse al volante.<\/li>\n<li>No ceder el paso.<\/li>\n<li>Conducir bajo los efectos del alcohol o las drogas.<\/li>\n<\/ul>\n<p>Otra parte crucial para demostrar la negligencia es probar que el incumplimiento por parte del demandado de su deber de diligencia caus\u00f3 las lesiones del demandante. Un abogado especializado en accidentes automovil\u00edsticos de Pueblo podr\u00eda ayudar a la parte lesionada a demostrar que el acusado fue negligente mientras conduc\u00eda su veh\u00edculo.<\/p>\n<h2>Prescripci\u00f3n<\/h2>\n<p>La ley estatal de prescripci\u00f3n establece un plazo para que los automovilistas lesionados presenten su demanda por da\u00f1os y perjuicios. Seg\u00fan el <a href=\"https:\/\/advance.lexis.com\/documentpage\/?pdmfid=1000516&amp;crid=44f6c9e0-0a28-4c91-9306-304c08768e09&amp;nodeid=AANAAQAABAAB&amp;nodepath=%2FROOT%2FAAN%2FAANAAQ%2FAANAAQAAB%2FAANAAQAABAAB&amp;level=4&amp;haschildren=&amp;populated=false&amp;title=13-80-101.+General+limitation+of+actions+-+three+years&amp;config=014FJAAyNGJkY2Y4Zi1mNjgyLTRkN2YtYmE4OS03NTYzNzYzOTg0OGEKAFBvZENhdGFsb2d592qv2Kywlf8caKqYROP5&amp;pddocfullpath=%2Fshared%2Fdocument%2Fstatutes-legislation%2Furn%3AcontentItem%3A5TYF-BK30-004D-10WB-00008-00&amp;ecomp=gg189kk&amp;prid=cd04f449-a19b-4656-9118-111a4d28bc9a\" target=\"_blank\" rel=\"noopener\">art\u00edculo \u00a713-80-101(1)(n) de los Estatutos Revisados de Colorado<\/a>, los demandantes tienen tres a\u00f1os desde la fecha de su accidente automovil\u00edstico para presentar su caso o podr\u00edan perder la oportunidad de indemnizaci\u00f3n.<\/p>\n<p>Sin embargo, hay algunas excepciones a este plazo en funci\u00f3n de las particularidades del caso y de las partes implicadas. Un abogado especializado en accidentes automovil\u00edsticos de Pueblo podr\u00eda ayudar a un demandante lesionado a cumplir con todos los plazos legales vigentes.<\/p>\n<h2>\u00bfQu\u00e9 pasos hay que seguir para encontrar un abogado especializado en accidentes automovil\u00edsticos?<\/h2>\n<p>El primer paso es investigar sobre los abogados especializados en lesiones de su zona. La investigaci\u00f3n puede realizarse al consultar con amigos o rese\u00f1as. A continuaci\u00f3n, programe al menos tres consultas con distintos abogados. La raz\u00f3n para hacerlo es encontrar al profesional adecuado, tanto como persona como para su caso. Por \u00faltimo, cuando un perjudicado acude a sus consultas, debe ir preparado con preguntas, una copia del informe policial, fotos, declaraciones de testigos y cualquier informaci\u00f3n m\u00e9dica.<\/p>\n<h2>Consulte con un abogado especializado en accidentes automovil\u00edsticos de Pueblo<\/h2>\n<p>Si sufri\u00f3 p\u00e9rdidas en un accidente automovil\u00edstico, debe buscar asesoramiento legal de un abogado especializado de Pueblo. Un asesor legal podr\u00eda preparar su caso y responsabilizar a la parte negligente en su nombre. <a href=\"https:\/\/springslawgroup.com\/es\/contacto\/\">Programe una consulta de caso<\/a> hoy y comience a construir su demanda.<\/p>\n&#13;\n<p>\u00a0<\/p>&#13;\n","protected":false},"excerpt":{"rendered":"<p>Las secuelas de un grave accidente automovil\u00edstico pueden abrumar a una persona lesionada por el aumento de las facturas m\u00e9dicas&nbsp;<a class=\"moretag\" href=\"https:\/\/springslawgroup.com\/es\/pueblo-abogado-de-lesiones-personales\/abogado-de-accidentes-de-coche-en-pueblo\/\"> Read More&#8230;<\/a><\/p>\n","protected":false},"author":32,"featured_media":0,"parent":16691,"menu_order":0,"comment_status":"closed","ping_status":"closed","template":"landingpage.php","meta":{"_acf_changed":false,"inline_featured_image":false,"footnotes":""},"categories":[],"tags":[],"class_list":["post-16983","page","type-page","status-publish","hentry"],"acf":{"key_takeaways":null,"_litigation_personal_injury_contents_new":{"_litigation_personal_injury_title_new":"","_litigation_personal_injury_discription_new":"","_litigation_personal_injury_discription_new_copy":"","_litigation_video_url_new":"","add_button":false},"_header_sub_header_content_new":null,"_litigation_frequently_asked_questions_new":null,"lawsuit_updates":null,"_litigation_related_posts_relation":null,"acf-references":""},"_links":{"self":[{"href":"https:\/\/springslawgroup.com\/es\/wp-json\/wp\/v2\/pages\/16983","targetHints":{"allow":["GET"]}}],"collection":[{"href":"https:\/\/springslawgroup.com\/es\/wp-json\/wp\/v2\/pages"}],"about":[{"href":"https:\/\/springslawgroup.com\/es\/wp-json\/wp\/v2\/types\/page"}],"author":[{"embeddable":true,"href":"https:\/\/springslawgroup.com\/es\/wp-json\/wp\/v2\/users\/32"}],"replies":[{"embeddable":true,"href":"https:\/\/springslawgroup.com\/es\/wp-json\/wp\/v2\/comments?post=16983"}],"version-history":[{"count":4,"href":"https:\/\/springslawgroup.com\/es\/wp-json\/wp\/v2\/pages\/16983\/revisions"}],"predecessor-version":[{"id":17169,"href":"https:\/\/springslawgroup.com\/es\/wp-json\/wp\/v2\/pages\/16983\/revisions\/17169"}],"up":[{"embeddable":true,"href":"https:\/\/springslawgroup.com\/es\/wp-json\/wp\/v2\/pages\/16691"}],"wp:attachment":[{"href":"https:\/\/springslawgroup.com\/es\/wp-json\/wp\/v2\/media?parent=16983"}],"wp:term":[{"taxonomy":"category","embeddable":true,"href":"https:\/\/springslawgroup.com\/es\/wp-json\/wp\/v2\/categories?post=16983"},{"taxonomy":"post_tag","embeddable":true,"href":"https:\/\/springslawgroup.com\/es\/wp-json\/wp\/v2\/tags?post=16983"}],"curies":[{"name":"wp","href":"https:\/\/api.w.org\/{rel}","templated":true}]}}