{"id":16978,"date":"2019-09-17T21:56:32","date_gmt":"2019-09-18T04:56:32","guid":{"rendered":"https:\/\/springs.flywheelstaging.com\/pueblo-abogado-de-lesiones-personales\/abogado-de-accidentes-de-bicicleta-de-pueblo\/"},"modified":"2023-09-01T07:11:36","modified_gmt":"2023-09-01T14:11:36","slug":"abogado-de-accidentes-de-bicicleta-de-pueblo","status":"publish","type":"page","link":"https:\/\/springslawgroup.com\/es\/pueblo-abogado-de-lesiones-personales\/abogado-de-accidentes-de-bicicleta-de-pueblo\/","title":{"rendered":"Abogado especializado en accidentes de bicicleta de Pueblo"},"content":{"rendered":"<p>Aunque la bicicleta puede ser un excelente medio de transporte, los riesgos asociados a su uso pueden ser importantes debido a la falta de protecci\u00f3n frente a otros autom\u00f3viles en la carretera. Por eso, si un ciclista sufre un accidente, las consecuencias pueden ser devastadoras.<\/p>\n<p>Si sufri\u00f3 lesiones mientras montaba en bicicleta, busque los servicios legales de un abogado especializado en accidentes de bicicleta de Pueblo para que le ayude a presentar una demanda de indemnizaci\u00f3n. Un <a href=\"https:\/\/springslawgroup.com\/es\/pueblo-abogado-de-lesiones-personales\/\">abogado especializado en lesiones personales<\/a> podr\u00eda revisar su caso, determinar las partes que ser\u00edan responsables y evaluar sus opciones de recuperaci\u00f3n. Usted tendr\u00eda derecho a una indemnizaci\u00f3n que cubra sus facturas m\u00e9dicas y otros efectos de su accidente.<\/p>\n<h2>Posibles da\u00f1os<\/h2>\n<p>Los ciclistas lesionados en un accidente causado por la negligencia o imprudencia ajena tendr\u00edan derecho a una indemnizaci\u00f3n que cubra sus p\u00e9rdidas econ\u00f3micas. Estos da\u00f1os pueden incluir gastos m\u00e9dicos y salarios perdidos. Seg\u00fan la situaci\u00f3n, un ciclista tambi\u00e9n podr\u00eda recuperar los da\u00f1os no econ\u00f3micos. Un abogado de Pueblo con experiencia en casos de accidentes de bicicleta podr\u00eda ayudar a un demandante a recuperar una indemnizaci\u00f3n por lo siguiente:<\/p>\n<ul>\n<li>Dolor y sufrimiento<\/li>\n<li>Angustia emocional<\/li>\n<li>P\u00e9rdida del disfrute de la vida<\/li>\n<li>P\u00e9rdida de compa\u00f1\u00eda<\/li>\n<\/ul>\n<p>En algunos casos, un demandado puede pagar da\u00f1os y perjuicios a un demandante mediante una oferta de acuerdo. Un abogado experimentado podr\u00eda calcular el valor de una demanda y determinar la idoneidad de cualquier oferta de acuerdo.<\/p>\n<h2>La importancia de una acci\u00f3n judicial r\u00e1pida<\/h2>\n<p>Los momentos posteriores a un accidente de bicicleta pueden ser cruciales. Por ejemplo, los perjudicados pueden reunir las pruebas m\u00e1s s\u00f3lidas inmediatamente despu\u00e9s de un incidente. Las pruebas f\u00edsicas pueden destruirse y los testigos pueden olvidar detalles del accidente con el paso del tiempo. Al contactar a un abogado especializado en accidentes de bicicleta de Pueblo poco despu\u00e9s de un choque, el demandante lesionado podr\u00eda recibir ayuda para reunir pruebas que fortalezcan su demanda.<\/p>\n<p>Tambi\u00e9n evitar\u00eda que los ciclistas lesionados hagan declaraciones a las compa\u00f1\u00edas de seguros que pondr\u00edan en peligro la indemnizaci\u00f3n. Adem\u00e1s, un abogado podr\u00eda trabajar para garantizar que se tomen las medidas adecuadas para preservar una demanda antes de que prescriba. La ley estatal exige que algunos demandantes presenten su caso en el plazo de tres a\u00f1os desde su accidente, pero el plazo puede ser m\u00e1s corto si no hay un autom\u00f3vil implicado o si la parte responsable trabaja para una entidad gubernamental.<\/p>\n<h2>Negligencia en casos de accidentes de bicicleta<\/h2>\n<p>Cuando el comportamiento imprudente o negligente de un automovilista provoca un accidente de bicicleta, esta parte puede ser responsable de las p\u00e9rdidas resultantes. Para probar la negligencia y obtener una indemnizaci\u00f3n, el demandante debe demostrar que la falta de diligencia razonable del demandado caus\u00f3 su accidente de bicicleta y las lesiones resultantes.<\/p>\n<p>Si las propias acciones del ciclista contribuyeron a la causa de sus lesiones, el tribunal puede reducir su indemnizaci\u00f3n. Por ejemplo, si un tribunal considera que un ciclista tuvo un 15% de culpa en el accidente, puede recibir el 85% de la indemnizaci\u00f3n.<\/p>\n<p>Es importante entender que si un demandante tiene un 50% o m\u00e1s de culpa, es posible que no pueda cobrar una indemnizaci\u00f3n. Un abogado especializado en accidentes de bicicleta de Pueblo podr\u00eda evaluar el caso del demandante y determinar si podr\u00eda demandar por da\u00f1os y perjuicios, seg\u00fan su papel en sus lesiones.<\/p>\n<h2>Contrate a un abogado especializado en accidentes de bicicleta de Pueblo<\/h2>\n<p>Los accidentes de bicicleta pueden provocar lesiones catastr\u00f3ficas que requieren atenci\u00f3n m\u00e9dica de por vida. Por eso, si usted sufri\u00f3 lesiones en un accidente de bicicleta, un abogado especializado en accidentes de bicicleta de Pueblo podr\u00eda evaluar el valor de su caso y ayudarle a buscar una compensaci\u00f3n justa por las p\u00e9rdidas actuales y futuras. Para saber c\u00f3mo puede ayudarle un profesional del Derecho, <a href=\"https:\/\/springslawgroup.com\/es\/contacto\/\">llame<\/a> hoy mismo.<\/p>\n","protected":false},"excerpt":{"rendered":"<p>Aunque la bicicleta puede ser un excelente medio de transporte, los riesgos asociados a su uso pueden ser importantes debido&nbsp;<a class=\"moretag\" href=\"https:\/\/springslawgroup.com\/es\/pueblo-abogado-de-lesiones-personales\/abogado-de-accidentes-de-bicicleta-de-pueblo\/\"> Read More&#8230;<\/a><\/p>\n","protected":false},"author":32,"featured_media":0,"parent":16691,"menu_order":0,"comment_status":"closed","ping_status":"closed","template":"landingpage.php","meta":{"_acf_changed":false,"inline_featured_image":false,"footnotes":""},"categories":[],"tags":[],"class_list":["post-16978","page","type-page","status-publish","hentry"],"acf":{"key_takeaways":null,"_litigation_personal_injury_contents_new":{"_litigation_personal_injury_title_new":"","_litigation_personal_injury_discription_new":"","_litigation_personal_injury_discription_new_copy":"","_litigation_video_url_new":"","add_button":false},"_header_sub_header_content_new":null,"_litigation_frequently_asked_questions_new":null,"lawsuit_updates":null,"_litigation_related_posts_relation":null,"acf-references":""},"_links":{"self":[{"href":"https:\/\/springslawgroup.com\/es\/wp-json\/wp\/v2\/pages\/16978","targetHints":{"allow":["GET"]}}],"collection":[{"href":"https:\/\/springslawgroup.com\/es\/wp-json\/wp\/v2\/pages"}],"about":[{"href":"https:\/\/springslawgroup.com\/es\/wp-json\/wp\/v2\/types\/page"}],"author":[{"embeddable":true,"href":"https:\/\/springslawgroup.com\/es\/wp-json\/wp\/v2\/users\/32"}],"replies":[{"embeddable":true,"href":"https:\/\/springslawgroup.com\/es\/wp-json\/wp\/v2\/comments?post=16978"}],"version-history":[{"count":2,"href":"https:\/\/springslawgroup.com\/es\/wp-json\/wp\/v2\/pages\/16978\/revisions"}],"predecessor-version":[{"id":17166,"href":"https:\/\/springslawgroup.com\/es\/wp-json\/wp\/v2\/pages\/16978\/revisions\/17166"}],"up":[{"embeddable":true,"href":"https:\/\/springslawgroup.com\/es\/wp-json\/wp\/v2\/pages\/16691"}],"wp:attachment":[{"href":"https:\/\/springslawgroup.com\/es\/wp-json\/wp\/v2\/media?parent=16978"}],"wp:term":[{"taxonomy":"category","embeddable":true,"href":"https:\/\/springslawgroup.com\/es\/wp-json\/wp\/v2\/categories?post=16978"},{"taxonomy":"post_tag","embeddable":true,"href":"https:\/\/springslawgroup.com\/es\/wp-json\/wp\/v2\/tags?post=16978"}],"curies":[{"name":"wp","href":"https:\/\/api.w.org\/{rel}","templated":true}]}}