{"id":16976,"date":"2019-10-23T21:40:36","date_gmt":"2019-10-24T04:40:36","guid":{"rendered":"https:\/\/springs.flywheelstaging.com\/monument-abogado-de-lesiones-personales\/abogado-de-muerte-injusta-en-monument\/"},"modified":"2023-09-01T07:12:09","modified_gmt":"2023-09-01T14:12:09","slug":"abogado-de-muerte-injusta-en-monument","status":"publish","type":"page","link":"https:\/\/springslawgroup.com\/es\/monument-lesiones-personales\/abogado-de-muerte-injusta-en-monument\/","title":{"rendered":"Abogado especializado en muertes por negligencia de Monument"},"content":{"rendered":"<p>La p\u00e9rdida repentina de un ser querido en un accidente causado por negligencia ajena podr\u00eda causarle confusi\u00f3n e incertidumbre sobre c\u00f3mo proseguir. Aunque tomar acciones legales no sea su prioridad en ese momento, un abogado especializado en muertes por negligencia de Monument podr\u00eda proporcionar apoyo durante este momento dif\u00edcil en su vida y ayudarle a responsabilizar a la parte negligente.<\/p>\n<p>Las personas que perdieron familiares tendr\u00edan derecho a una indemnizaci\u00f3n y podr\u00edan cobrarla al presentar una demanda por muerte por negligencia. Un <a href=\"https:\/\/springslawgroup.com\/es\/monument-lesiones-personales\/\">abogado especializado en lesiones personales<\/a> podr\u00eda ser su defensor legal y guiarle a lo largo del proceso de demanda.<\/p>\n<h2>\u00bfQu\u00e9 es una demanda por muerte por negligencia?<\/h2>\n<p>Una demanda por muerte por negligencia es un tipo de demanda civil que establece la responsabilidad de una persona o entidad por la muerte de otra. Estas demandas solo son v\u00e1lidas si el fallecido hubiera podido presentar otra demanda por da\u00f1os personales de haber sobrevivido.<\/p>\n<p>Adem\u00e1s, para que una demanda por muerte por negligencia prospere, el abogado de Monument deber\u00e1 demostrar que el accidente mortal ocurri\u00f3 por la imprudencia, negligencia o conducta intencionada de otra persona o empresa. Desde <a href=\"https:\/\/springslawgroup.com\/es\/monument-lesiones-personales\/abogado-de-accidentes-de-coche-en-monument\/\">accidentes automovil\u00edsticos<\/a> a incidentes derivados de productos defectuosos, existe una amplia variedad de sucesos y lesiones en los que un representante legal podr\u00eda basar una demanda por muerte por negligencia.<\/p>\n<h2>Partes que pueden presentar una demanda<\/h2>\n<p><a href=\"https:\/\/advance.lexis.com\/documentpage\/?pdmfid=1000516&amp;crid=c0f3d9bc-86e6-4694-a918-bcd651b3f3c3&amp;config=014FJAAyNGJkY2Y4Zi1mNjgyLTRkN2YtYmE4OS03NTYzNzYzOTg0OGEKAFBvZENhdGFsb2d592qv2Kywlf8caKqYROP5&amp;pddocfullpath=%2Fshared%2Fdocument%2Fstatutes-legislation%2Furn%3AcontentItem%3A5WX1-GG70-004D-10BD-00008-00&amp;pddocid=urn%3AcontentItem%3A5WX1-GG70-004D-10BD-00008-00&amp;pdcontentcomponentid=234176&amp;pdteaserkey=sr0&amp;pditab=allpods&amp;ecomp=h567kkk&amp;earg=sr0&amp;prid=fbc50e40-44ca-4a56-85f7-bbdcb7209f25\" target=\"_blank\" rel=\"noopener\">El art\u00edculo \u00a713-21-201(1) de los Estatutos Revisados de Colorado<\/a> establece las partes espec\u00edficas que podr\u00edan presentar una demanda por muerte por negligencia, junto con los plazos de presentaci\u00f3n correspondientes. Seg\u00fan la legislaci\u00f3n estatal, el c\u00f3nyuge superviviente del difunto es la \u00fanica persona que puede presentar una demanda durante el primer a\u00f1o posterior al fallecimiento de su ser querido. Durante el segundo a\u00f1o siguiente al accidente mortal, tanto el c\u00f3nyuge superviviente como los hijos del fallecido podr\u00edan interponer una demanda.<\/p>\n<p>Si el fallecido no ten\u00eda c\u00f3nyuge ni hijos, sus padres pueden presentar una demanda para reclamar p\u00e9rdidas por la muerte de su hijo. Adem\u00e1s de cualquier caso presentado por los familiares supervivientes, el representante del patrimonio del difunto podr\u00eda presentar una demanda por tipos espec\u00edficos de p\u00e9rdidas al Estado. Tambi\u00e9n se conoce como acci\u00f3n de supervivencia.<\/p>\n<h2>Da\u00f1os indemnizables<\/h2>\n<p><a href=\"https:\/\/advance.lexis.com\/documentpage\/?pdmfid=1000516&amp;crid=d614767f-9752-4c6b-824b-72b5b529ec31&amp;config=014FJAAyNGJkY2Y4Zi1mNjgyLTRkN2YtYmE4OS03NTYzNzYzOTg0OGEKAFBvZENhdGFsb2d592qv2Kywlf8caKqYROP5&amp;pddocfullpath=%2Fshared%2Fdocument%2Fstatutes-legislation%2Furn%3AcontentItem%3A5WX1-GG70-004D-10BM-00008-00&amp;pddocid=urn%3AcontentItem%3A5WX1-GG70-004D-10BM-00008-00&amp;pdcontentcomponentid=234176&amp;pdteaserkey=sr0&amp;pditab=allpods&amp;ecomp=h567kkk&amp;earg=sr0&amp;prid=f826989e-ce24-4abc-b326-147c976e0489\" target=\"_blank\" rel=\"noopener\">El art\u00edculo \u00a713-21-203(1)(a) de lo C.R.S.<\/a> detalla las posibles indemnizaciones que un familiar podr\u00eda solicitar en virtud de la Ley de muerte por negligencia de Colorado. En Monument, un abogado que presente una demanda por muerte por negligencia en nombre del fallecido podr\u00eda demandar por da\u00f1os y perjuicios tales como los siguientes:<\/p>\n<ul>\n<li>Prestaciones perdidas por el fallecimiento del individuo, como el seguro de vida.<\/li>\n<li>Salarios y otros tipos de indemnizaciones que el difunto probablemente habr\u00eda percibido si no hubiera fallecido prematuramente.<\/li>\n<li>P\u00e9rdida de compa\u00f1\u00eda, cuidados, consuelo, asistencia, amor, protecci\u00f3n y afecto.<\/li>\n<\/ul>\n<p>Los representantes del difunto tambi\u00e9n pueden demandar por da\u00f1os y perjuicios por las p\u00e9rdidas sufridas a la herencia, como los gastos hospitalarios, m\u00e9dicos y de urgencias asociados a la lesi\u00f3n o enfermedad final del difunto, los gastos funerarios y los gastos de entierro. En algunos casos, los familiares podr\u00edan solicitar da\u00f1os punitivos, que se conceden para castigar al demandado y disuadir de conductas negligentes similares en el futuro.<\/p>\n<h2>\u00bfEn qu\u00e9 se diferencian los casos de muerte por negligencia de menores y de adultos?<\/h2>\n<p>En general, la muerte por negligencia de un menor se considera m\u00e1s tr\u00e1gica que la de un adulto, porque el joven no tuvo la oportunidad de crecer, explorar ni disfrutar de la vida. Los jurados tienden a pensar que los menores son m\u00e1s vulnerables y necesitan m\u00e1s protecci\u00f3n que los adultos. Adem\u00e1s, si la demanda de un menor es por salarios futuros a cualquier t\u00edtulo, ser\u00e1 m\u00e1s dif\u00edcil de establecer.<\/p>\n<p>Los expertos suelen ser necesarios en este aspecto, ya que los menores no tienen una trayectoria profesional establecida. Adem\u00e1s, pueden ser \u00fatiles para determinar lo que ganar\u00eda ese menor a lo largo de su vida, lo cual es un poco m\u00e1s dif\u00edcil que predecir un adulto que ya tiene una carrera establecida.<\/p>\n<h2>Hable con un abogado especializado en muertes por negligencia de Monument<\/h2>\n<p>La p\u00e9rdida de un ser querido puede ser una de las pruebas m\u00e1s devastadoras y traum\u00e1ticas que alguien pueda sufrir. Si un familiar suyo falleci\u00f3 recientemente en un accidente causado por la imprudencia de otra persona, no dude en contactar a un abogado especializado en muerte por negligencia de Monument, quien podr\u00eda revisar su caso y explicarle todas sus opciones legales. Para comenzar con su caso, <a href=\"https:\/\/springslawgroup.com\/es\/contacto\/\">programe una consulta hoy mismo<\/a>.<\/p>\n","protected":false},"excerpt":{"rendered":"<p>La p\u00e9rdida repentina de un ser querido en un accidente causado por negligencia ajena podr\u00eda causarle confusi\u00f3n e incertidumbre sobre&nbsp;<a class=\"moretag\" href=\"https:\/\/springslawgroup.com\/es\/monument-lesiones-personales\/abogado-de-muerte-injusta-en-monument\/\"> Read More&#8230;<\/a><\/p>\n","protected":false},"author":32,"featured_media":0,"parent":16692,"menu_order":0,"comment_status":"closed","ping_status":"closed","template":"landingpage.php","meta":{"_acf_changed":false,"inline_featured_image":false,"footnotes":""},"categories":[],"tags":[],"class_list":["post-16976","page","type-page","status-publish","hentry"],"acf":{"key_takeaways":null,"_litigation_personal_injury_contents_new":{"_litigation_personal_injury_title_new":"","_litigation_personal_injury_discription_new":"","_litigation_personal_injury_discription_new_copy":"","_litigation_video_url_new":"","add_button":false},"_header_sub_header_content_new":null,"_litigation_frequently_asked_questions_new":null,"lawsuit_updates":null,"_litigation_related_posts_relation":null,"acf-references":""},"_links":{"self":[{"href":"https:\/\/springslawgroup.com\/es\/wp-json\/wp\/v2\/pages\/16976","targetHints":{"allow":["GET"]}}],"collection":[{"href":"https:\/\/springslawgroup.com\/es\/wp-json\/wp\/v2\/pages"}],"about":[{"href":"https:\/\/springslawgroup.com\/es\/wp-json\/wp\/v2\/types\/page"}],"author":[{"embeddable":true,"href":"https:\/\/springslawgroup.com\/es\/wp-json\/wp\/v2\/users\/32"}],"replies":[{"embeddable":true,"href":"https:\/\/springslawgroup.com\/es\/wp-json\/wp\/v2\/comments?post=16976"}],"version-history":[{"count":2,"href":"https:\/\/springslawgroup.com\/es\/wp-json\/wp\/v2\/pages\/16976\/revisions"}],"predecessor-version":[{"id":17164,"href":"https:\/\/springslawgroup.com\/es\/wp-json\/wp\/v2\/pages\/16976\/revisions\/17164"}],"up":[{"embeddable":true,"href":"https:\/\/springslawgroup.com\/es\/wp-json\/wp\/v2\/pages\/16692"}],"wp:attachment":[{"href":"https:\/\/springslawgroup.com\/es\/wp-json\/wp\/v2\/media?parent=16976"}],"wp:term":[{"taxonomy":"category","embeddable":true,"href":"https:\/\/springslawgroup.com\/es\/wp-json\/wp\/v2\/categories?post=16976"},{"taxonomy":"post_tag","embeddable":true,"href":"https:\/\/springslawgroup.com\/es\/wp-json\/wp\/v2\/tags?post=16976"}],"curies":[{"name":"wp","href":"https:\/\/api.w.org\/{rel}","templated":true}]}}