{"id":16929,"date":"2019-11-06T20:08:51","date_gmt":"2019-11-07T03:08:51","guid":{"rendered":"https:\/\/springs.flywheelstaging.com\/monument-abogado-de-lesiones-personales\/abogado-de-accidentes-de-camion-en-monument\/"},"modified":"2023-09-01T07:12:46","modified_gmt":"2023-09-01T14:12:46","slug":"abogado-de-accidentes-de-camion-en-monument","status":"publish","type":"page","link":"https:\/\/springslawgroup.com\/es\/monument-lesiones-personales\/abogado-de-accidentes-de-camion-en-monument\/","title":{"rendered":"Abogado especializado en accidentes de cami\u00f3n de Monument"},"content":{"rendered":"<p>Un accidente de cami\u00f3n puede ser un asunto de gran envergadura, que a menudo provoca lesiones importantes y secuelas. Debido a los efectos sustanciales que estos accidentes pueden tener en la vida de un individuo, si usted sufri\u00f3 lesiones por este tipo de accidentes, debe contactar a un <a href=\"https:\/\/springslawgroup.com\/es\/monument-lesiones-personales\/\">abogado especializado en lesiones personales<\/a> tan pronto como sea posible. \u00c9l podr\u00e1 gestionar las demandas y negociaciones con las compa\u00f1\u00edas de seguros y determinar qui\u00e9n ser\u00eda responsable de pagar los da\u00f1os.<\/p>\n<h2>Posibles partes responsables<\/h2>\n<p>El conductor del cami\u00f3n, su empleador, el fabricante y la empresa de carga pueden ser posibles partes responsables en una demanda por accidente de cami\u00f3n. La empresa de carga puede ser responsable si carg\u00f3 el cami\u00f3n de forma inadecuada, lo que provoc\u00f3 que el conductor llevara la carga de una forma peligrosa que pudiera provocar un accidente.<\/p>\n<p>El conductor del cami\u00f3n o su empleador pueden considerarse responsables si se conduc\u00eda el cami\u00f3n de forma negligente, por ejemplo, al infringir una ley de tr\u00e1fico o una norma de transporte. Debido al gran tama\u00f1o de los camiones que conducen y a las largas horas que suelen viajar, los camioneros est\u00e1n sujetos a ciertas normas y reglamentos. Entre ellas, registrar sus horas en la carretera, no utilizar celulares mientras conducen y utilizar se\u00f1ales espec\u00edficas son varias de las normas que pueden aplicarse espec\u00edficamente a los camioneros.<\/p>\n<p>A trav\u00e9s del principio de responsabilidad indirecta, una empresa de camiones es responsable de las acciones de sus empleados mientras act\u00faan en el \u00e1mbito de su trabajo. Por lo tanto, si un camionero conduc\u00eda su veh\u00edculo de forma imprudente, la empresa de transporte tambi\u00e9n podr\u00eda considerarse responsable.<\/p>\n<p>Dado que en un accidente de cami\u00f3n pueden estar implicadas varias personas y empresas, tambi\u00e9n pueden estarlo varias compa\u00f1\u00edas de seguros. Un abogado de Monument que lleve un caso de accidente de cami\u00f3n podr\u00eda ser capaz de identificar a las partes responsables y negociar con las compa\u00f1\u00edas de seguros correspondientes.<\/p>\n<h2>Da\u00f1os indemnizables en casos de accidente de cami\u00f3n<\/h2>\n<p>Un individuo en un accidente de cami\u00f3n podr\u00eda obtener una compensaci\u00f3n por sus da\u00f1os econ\u00f3micos y no econ\u00f3micos. Los da\u00f1os econ\u00f3micos pueden incluir gastos m\u00e9dicos y de terapia, as\u00ed como salarios perdidos.<\/p>\n<p>Por otra parte, las p\u00e9rdidas emocionales pueden implicar el dolor y el sufrimiento del demandante lesionado y la p\u00e9rdida del disfrute de la vida. Un abogado especializado en accidentes de camiones de Monument podr\u00eda evaluar los da\u00f1os de un demandante, as\u00ed como obtener los documentos y testigos expertos necesarios para ayudar a probar ambos tipos de p\u00e9rdidas.<\/p>\n<h2>Prescripci\u00f3n<\/h2>\n<p>Una persona lesionada en un accidente de cami\u00f3n tiene tres a\u00f1os para presentar una demanda, seg\u00fan <a href=\"https:\/\/advance.lexis.com\/documentpage\/?pdmfid=1000516&amp;crid=5e93fe93-90f6-488b-a6fa-2cb8c7e7512c&amp;config=014FJAAyNGJkY2Y4Zi1mNjgyLTRkN2YtYmE4OS03NTYzNzYzOTg0OGEKAFBvZENhdGFsb2d592qv2Kywlf8caKqYROP5&amp;pddocfullpath=%2Fshared%2Fdocument%2Fstatutes-legislation%2Furn%3AcontentItem%3A5X45-0DD1-JS0R-23D9-00008-00&amp;pddocid=urn%3AcontentItem%3A5X45-0DD1-JS0R-23D9-00008-00&amp;pdcontentcomponentid=234176&amp;pdteaserkey=sr0&amp;pditab=allpods&amp;ecomp=h567kkk&amp;earg=sr0&amp;prid=1c47440f-0d27-4cfd-bb15-0676598ff3c7\" target=\"_blank\" rel=\"noopener\">el art\u00edculo \u00a713-80-101 de los Estatutos Revisados de Colorado<\/a>. Sin embargo, hay excepciones a este plazo. Por ejemplo, el plazo de prescripci\u00f3n se reduce a dos a\u00f1os si una persona fallece como consecuencia del choque.<\/p>\n<p>Si un posible demandante no cumple este plazo legal, podr\u00eda perder la oportunidad de reclamar una indemnizaci\u00f3n. Un abogado de Monument podr\u00eda trabajar para asegurar que la parte lesionada presente su demanda por accidente de cami\u00f3n antes de que prescriba.<\/p>\n<h2>Contacte a un abogado especializado en accidentes de cami\u00f3n de Monument<\/h2>\n<p>Las lesiones f\u00edsicas y el sufrimiento emocional pueden persistir despu\u00e9s de un accidente de cami\u00f3n y los costes y p\u00e9rdidas asociados a estos accidentes pueden seguir aumentando. Por suerte, un abogado especializado en accidentes de cami\u00f3n de Monument podr\u00eda ayudarle a superar este momento dif\u00edcil y estresante en su vida. Si necesita ayuda para obtener una compensaci\u00f3n econ\u00f3mica, <a href=\"https:\/\/springslawgroup.com\/es\/contacto\/\">llame<\/a> hoy mismo.<\/p>\n","protected":false},"excerpt":{"rendered":"<p>Un accidente de cami\u00f3n puede ser un asunto de gran envergadura, que a menudo provoca lesiones importantes y secuelas. Debido&nbsp;<a class=\"moretag\" href=\"https:\/\/springslawgroup.com\/es\/monument-lesiones-personales\/abogado-de-accidentes-de-camion-en-monument\/\"> Read More&#8230;<\/a><\/p>\n","protected":false},"author":32,"featured_media":0,"parent":16692,"menu_order":0,"comment_status":"closed","ping_status":"closed","template":"landingpage.php","meta":{"_acf_changed":false,"inline_featured_image":false,"footnotes":""},"categories":[],"tags":[],"class_list":["post-16929","page","type-page","status-publish","hentry"],"acf":{"key_takeaways":null,"_litigation_personal_injury_contents_new":{"_litigation_personal_injury_title_new":"","_litigation_personal_injury_discription_new":"","_litigation_personal_injury_discription_new_copy":"","_litigation_video_url_new":"","add_button":false},"_header_sub_header_content_new":null,"_litigation_frequently_asked_questions_new":null,"lawsuit_updates":null,"_litigation_related_posts_relation":null,"acf-references":""},"_links":{"self":[{"href":"https:\/\/springslawgroup.com\/es\/wp-json\/wp\/v2\/pages\/16929","targetHints":{"allow":["GET"]}}],"collection":[{"href":"https:\/\/springslawgroup.com\/es\/wp-json\/wp\/v2\/pages"}],"about":[{"href":"https:\/\/springslawgroup.com\/es\/wp-json\/wp\/v2\/types\/page"}],"author":[{"embeddable":true,"href":"https:\/\/springslawgroup.com\/es\/wp-json\/wp\/v2\/users\/32"}],"replies":[{"embeddable":true,"href":"https:\/\/springslawgroup.com\/es\/wp-json\/wp\/v2\/comments?post=16929"}],"version-history":[{"count":2,"href":"https:\/\/springslawgroup.com\/es\/wp-json\/wp\/v2\/pages\/16929\/revisions"}],"predecessor-version":[{"id":17161,"href":"https:\/\/springslawgroup.com\/es\/wp-json\/wp\/v2\/pages\/16929\/revisions\/17161"}],"up":[{"embeddable":true,"href":"https:\/\/springslawgroup.com\/es\/wp-json\/wp\/v2\/pages\/16692"}],"wp:attachment":[{"href":"https:\/\/springslawgroup.com\/es\/wp-json\/wp\/v2\/media?parent=16929"}],"wp:term":[{"taxonomy":"category","embeddable":true,"href":"https:\/\/springslawgroup.com\/es\/wp-json\/wp\/v2\/categories?post=16929"},{"taxonomy":"post_tag","embeddable":true,"href":"https:\/\/springslawgroup.com\/es\/wp-json\/wp\/v2\/tags?post=16929"}],"curies":[{"name":"wp","href":"https:\/\/api.w.org\/{rel}","templated":true}]}}