{"id":16858,"date":"2019-11-11T15:36:30","date_gmt":"2019-11-11T22:36:30","guid":{"rendered":"https:\/\/springs.flywheelstaging.com\/monument-abogado-de-lesiones-personales\/abogado-de-resbalones-y-caidas-en-monument\/"},"modified":"2023-09-01T07:12:07","modified_gmt":"2023-09-01T14:12:07","slug":"abogado-de-resbalones-y-caidas-en-monument","status":"publish","type":"page","link":"https:\/\/springslawgroup.com\/es\/monument-lesiones-personales\/abogado-de-resbalones-y-caidas-en-monument\/","title":{"rendered":"Abogado especializado en accidentes por resbal\u00f3n o ca\u00edda de Monument"},"content":{"rendered":"<p>Tras un accidente por tropiezo en propiedad ajena, ser\u00eda favorable que investigue qu\u00e9 opciones legales tiene para obtener una compensaci\u00f3n. Un abogado especializado en accidentes por resbal\u00f3n o ca\u00edda de Monument que conozca bien la <a href=\"https:\/\/springslawgroup.com\/es\/monument-lesiones-personales\/abogado-de-responsabilidad-de-propietarios-en-monument\/\">ley de responsabilidad del local<\/a> podr\u00eda explicarle los factores que pueden afectar a su demanda y a su derecho a reclamar una indemnizaci\u00f3n. Un <a href=\"https:\/\/springslawgroup.com\/es\/monument-lesiones-personales\/\">abogado experto en lesiones personales<\/a> tambi\u00e9n podr\u00eda convertirse en su defensor legal y luchar por una indemnizaci\u00f3n justa que responsabilice a las partes culpables.<\/p>\n<h2>\u00bfCu\u00e1les son las causas de los accidentes por resbal\u00f3n?<\/h2>\n<p>Un accidente por resbal\u00f3n ca\u00edda puede producirse de diversas maneras. Por lo tanto, los propietarios tienen la obligaci\u00f3n legal de asegurarse de que su propiedad no presenta condiciones peligrosas que puedan provocar resbalones o ca\u00eddas. Algunos peligros comunes que podr\u00edan causar un accidente por resbal\u00f3n o ca\u00edda incluyen los siguientes:<\/p>\n<ul>\n<li>Superficies irregulares sin se\u00f1ales de advertencia.<\/li>\n<li>Alfombras, felpudos o tarimas sueltas.<\/li>\n<li>L\u00edquidos derramados sin limpiar.<\/li>\n<li>Aceras o aparcamientos con suelo congelado.<\/li>\n<li>Salpicaduras de aceite o grasa sin limpiar.<\/li>\n<li>Baches en aparcamientos.<\/li>\n<li>Suelos reci\u00e9n encerados o fregados.<\/li>\n<\/ul>\n<h2>Tipos de lesiones causadas por accidentes por resbal\u00f3n o ca\u00edda<\/h2>\n<p>Tras sufrir un accidente por tropiezo, muchas personas pueden sufrir lesiones graves. Comprender las lesiones habituales en este tipo de accidentes podr\u00eda ayudar al demandante a comunicar mejor sus da\u00f1os corporales tanto a su m\u00e9dico como a su abogado.<\/p>\n<p>Cuanta m\u00e1s informaci\u00f3n tenga un abogado de Monument, m\u00e1s preparado estar\u00eda a la hora de presentar una demanda por resbal\u00f3n o ca\u00eddas para obtener una compensaci\u00f3n econ\u00f3mica. Los accidentes por tropiezo pueden causar las siguientes lesiones:<\/p>\n<ul>\n<li>Esguinces de mu\u00f1eca o tobillo<\/li>\n<li>Huesos rotos.<\/li>\n<li>Da\u00f1os en la rodilla<\/li>\n<li>Da\u00f1os en la columna vertebral y los nervios<\/li>\n<li>Distensiones musculares o luxaci\u00f3n de hombro<\/li>\n<li>Cortes y contusiones<\/li>\n<li>Lesi\u00f3n cerebral traum\u00e1tica<\/li>\n<\/ul>\n<h2>Determinaci\u00f3n de la negligencia<\/h2>\n<p>Para establecer la responsabilidad en un caso de accidente por resbal\u00f3n o ca\u00edda en Monument, un abogado debe demostrar que la parte culpable no hizo nada para reparar o advertir a los visitantes sobre las condiciones peligrosas que causaron las lesiones del demandante. Otra forma en que un abogado puede probar que un acusado es culpable es demostrar que el propietario conoc\u00eda o deber\u00eda haber conocido las condiciones peligrosas y no hizo nada para repararlas o advertir a los visitantes sobre ellas.<\/p>\n<h3>Negligencia comparativa<\/h3>\n<p>Seg\u00fan el <a href=\"https:\/\/advance.lexis.com\/documentpage\/?pdmfid=1000516&amp;crid=1d1762e1-4029-439d-9517-222cc323a75b&amp;config=014FJAAyNGJkY2Y4Zi1mNjgyLTRkN2YtYmE4OS03NTYzNzYzOTg0OGEKAFBvZENhdGFsb2d592qv2Kywlf8caKqYROP5&amp;pddocfullpath=%2Fshared%2Fdocument%2Fstatutes-legislation%2Furn%3AcontentItem%3A5X45-0DB1-F8D9-M4F4-00008-00&amp;pddocid=urn%3AcontentItem%3A5X45-0DB1-F8D9-M4F4-00008-00&amp;pdcontentcomponentid=234176&amp;pdteaserkey=sr0&amp;pditab=allpods&amp;ecomp=h567kkk&amp;earg=sr0&amp;prid=9ce2d9fb-edd7-4590-89ee-ac05520da7f2\" target=\"_blank\" rel=\"noopener\">art\u00edculo \u00a713-21-111 de los Estatutos Revisados de Colorado<\/a>, si un demandante tiene parte de la culpa de su accidente, a\u00fan puede recibir una indemnizaci\u00f3n si posee un 49% o menos de la culpa. En estas situaciones, el tribunal puede reducir la indemnizaci\u00f3n del demandante en funci\u00f3n de su porcentaje de culpa. Por ejemplo, si el demandante tiene un 20% de culpa en su accidente por resbal\u00f3n o ca\u00edda, solo recuperar\u00e1 el 80% del total de los da\u00f1os.<\/p>\n<h2>\u00bfCu\u00e1l es el plazo de prescripci\u00f3n para un caso de resbal\u00f3n o ca\u00edda?<\/h2>\n<p><a href=\"https:\/\/advance.lexis.com\/documentpage\/?pdmfid=1000516&amp;crid=0102db72-d7de-40c5-8a19-b0b56bf852f4&amp;config=014FJAAyNGJkY2Y4Zi1mNjgyLTRkN2YtYmE4OS03NTYzNzYzOTg0OGEKAFBvZENhdGFsb2d592qv2Kywlf8caKqYROP5&amp;pddocfullpath=%2Fshared%2Fdocument%2Fstatutes-legislation%2Furn%3AcontentItem%3A5X45-0DC1-FGY5-M4D4-00008-00&amp;pddocid=urn%3AcontentItem%3A5X45-0DC1-FGY5-M4D4-00008-00&amp;pdcontentcomponentid=234176&amp;pdteaserkey=sr0&amp;pditab=allpods&amp;ecomp=h567kkk&amp;earg=sr0&amp;prid=96548120-03ca-4541-b777-8715e1cb92df\" target=\"_blank\" rel=\"noopener\">El art\u00edculo \u00a713-80-102 de los C.R.S<\/a> exige que los demandantes presenten todas las demandas por resbalones o ca\u00eddas contra el propietario demandado en un plazo de dos a\u00f1os a partir de la fecha del accidente. Si alguien intenta presentar una demanda por da\u00f1os y perjuicios despu\u00e9s del plazo legal, el tribunal puede negarse a atender el caso. Sin embargo, pueden aplicarse ciertas excepciones a la prescripci\u00f3n en circunstancias espec\u00edficas. Un abogado especializado en accidentes por resbal\u00f3n o ca\u00edda de Monument podr\u00eda ayudar a un demandante lesionado a cumplir todos los plazos legales.<\/p>\n<h2>Contacte a un abogado especializado en accidentes por resbal\u00f3n o ca\u00edda de Monument<\/h2>\n<p>Las lesiones que puede sufrir una persona tras un accidente por resbal\u00f3n o ca\u00edda pueden ser graves y generar facturas m\u00e9dicas considerables. Si un propietario negligente es responsable de sus p\u00e9rdidas, debe contactar y obtener la ayuda de un abogado especializado en accidentes por resbal\u00f3n o ca\u00edda de Monument. Un abogado con experiencia podr\u00eda ayudarle a establecer la responsabilidad y ofrecer orientaci\u00f3n y apoyo durante todo el proceso de demanda. <a href=\"https:\/\/springslawgroup.com\/es\/contacto\/\">Llame<\/a> a nuestro estudio hoy y programe una consulta para evaluar su caso.<\/p>\n","protected":false},"excerpt":{"rendered":"<p>Tras un accidente por tropiezo en propiedad ajena, ser\u00eda favorable que investigue qu\u00e9 opciones legales tiene para obtener una compensaci\u00f3n.&nbsp;<a class=\"moretag\" href=\"https:\/\/springslawgroup.com\/es\/monument-lesiones-personales\/abogado-de-resbalones-y-caidas-en-monument\/\"> Read More&#8230;<\/a><\/p>\n","protected":false},"author":32,"featured_media":0,"parent":16692,"menu_order":0,"comment_status":"closed","ping_status":"closed","template":"landingpage.php","meta":{"_acf_changed":false,"inline_featured_image":false,"footnotes":""},"categories":[],"tags":[],"class_list":["post-16858","page","type-page","status-publish","hentry"],"acf":{"key_takeaways":null,"_litigation_personal_injury_contents_new":{"_litigation_personal_injury_title_new":"","_litigation_personal_injury_discription_new":"","_litigation_personal_injury_discription_new_copy":"","_litigation_video_url_new":"","add_button":false},"_header_sub_header_content_new":null,"_litigation_frequently_asked_questions_new":null,"lawsuit_updates":null,"_litigation_related_posts_relation":null,"acf-references":""},"_links":{"self":[{"href":"https:\/\/springslawgroup.com\/es\/wp-json\/wp\/v2\/pages\/16858","targetHints":{"allow":["GET"]}}],"collection":[{"href":"https:\/\/springslawgroup.com\/es\/wp-json\/wp\/v2\/pages"}],"about":[{"href":"https:\/\/springslawgroup.com\/es\/wp-json\/wp\/v2\/types\/page"}],"author":[{"embeddable":true,"href":"https:\/\/springslawgroup.com\/es\/wp-json\/wp\/v2\/users\/32"}],"replies":[{"embeddable":true,"href":"https:\/\/springslawgroup.com\/es\/wp-json\/wp\/v2\/comments?post=16858"}],"version-history":[{"count":2,"href":"https:\/\/springslawgroup.com\/es\/wp-json\/wp\/v2\/pages\/16858\/revisions"}],"predecessor-version":[{"id":17239,"href":"https:\/\/springslawgroup.com\/es\/wp-json\/wp\/v2\/pages\/16858\/revisions\/17239"}],"up":[{"embeddable":true,"href":"https:\/\/springslawgroup.com\/es\/wp-json\/wp\/v2\/pages\/16692"}],"wp:attachment":[{"href":"https:\/\/springslawgroup.com\/es\/wp-json\/wp\/v2\/media?parent=16858"}],"wp:term":[{"taxonomy":"category","embeddable":true,"href":"https:\/\/springslawgroup.com\/es\/wp-json\/wp\/v2\/categories?post=16858"},{"taxonomy":"post_tag","embeddable":true,"href":"https:\/\/springslawgroup.com\/es\/wp-json\/wp\/v2\/tags?post=16858"}],"curies":[{"name":"wp","href":"https:\/\/api.w.org\/{rel}","templated":true}]}}