{"id":16857,"date":"2019-11-08T17:04:43","date_gmt":"2019-11-09T00:04:43","guid":{"rendered":"https:\/\/springs.flywheelstaging.com\/monument-abogado-de-lesiones-personales\/abogado-de-responsabilidad-de-propietarios-en-monument\/"},"modified":"2023-09-01T07:12:10","modified_gmt":"2023-09-01T14:12:10","slug":"abogado-de-responsabilidad-de-propietarios-en-monument","status":"publish","type":"page","link":"https:\/\/springslawgroup.com\/es\/monument-lesiones-personales\/abogado-de-responsabilidad-de-propietarios-en-monument\/","title":{"rendered":"Abogado especializado en responsabilidad del local de Monument"},"content":{"rendered":"<p>Cuando el propietario de un lugar no lo mantiene en condiciones de seguridad razonables, las lesiones sufridas por los visitantes pueden ser desastrosas. Por eso, el propietario debe responder ante estas situaciones. Sin embargo, tomar acciones legales por lesiones sufridas en propiedad ajena puede ser dif\u00edcil sin la ayuda de un <a href=\"https:\/\/springslawgroup.com\/es\/monument-lesiones-personales\/\">abogado experto en lesiones personales.<\/a><\/p>\n<p>Por suerte, un abogado especializado en responsabilidad del local de Monument podr\u00eda ayudarle a lo largo del proceso de demanda si sufri\u00f3 da\u00f1os corporales en propiedad ajena.<strong> <\/strong><\/p>\n<h2>\u00bfC\u00f3mo se determina la negligencia en un caso de responsabilidad del local?<\/h2>\n<p>El propietario de un inmueble tiene la obligaci\u00f3n de cuidar de cualquier persona que entre en sus instalaciones. De acuerdo con el <a href=\"https:\/\/advance.lexis.com\/documentpage\/?pdmfid=1000516&amp;crid=4847c9b6-440f-4dce-896f-21df1d79ad52&amp;pdistocdocslideraccess=true&amp;config=014FJAAyNGJkY2Y4Zi1mNjgyLTRkN2YtYmE4OS03NTYzNzYzOTg0OGEKAFBvZENhdGFsb2d592qv2Kywlf8caKqYROP5&amp;pddocfullpath=%2Fshared%2Fdocument%2Fstatutes-legislation%2Furn%3AcontentItem%3A5X45-0DF1-JS0R-20R2-00008-00&amp;pdcomponentid=234177&amp;pdtocnodeidentifier=AANAAHAABAABABI&amp;ecomp=9s-fkkk&amp;prid=bc0d9b1c-4564-49d1-a6f3-468731fd8be9\" target=\"_blank\" rel=\"noopener\">art\u00edculo \u00a713-21-115 de los Estatutos Revisados de Colorado<\/a>, ser terrateniente puede incluir al propietario o agente de la propiedad, as\u00ed como a cualquier persona legalmente responsable del estado o las actividades realizadas en las instalaciones.<\/p>\n<p>Cuando un propietario no cumple esta obligaci\u00f3n legal, puede considerarse negligente ante un tribunal. Un abogado especializado en responsabilidad del local de Monument puede demostrar negligencia por parte del propietario al demostrar lo siguiente:<\/p>\n<ul>\n<li>Que el propietario sab\u00eda o deber\u00eda haber sabido que el problema exist\u00eda.<\/li>\n<li>Que el tipo de lesi\u00f3n sufrida era razonablemente previsible.<\/li>\n<li>Que la condici\u00f3n peligrosa podr\u00eda haberse solucionado.<\/li>\n<li>Que la condici\u00f3n peligrosa caus\u00f3 las p\u00e9rdidas del demandante.<\/li>\n<\/ul>\n<p>En algunas situaciones, un perjudicado puede ser parcialmente culpable de su accidente. La ley estatal permite a estas personas recuperar la indemnizaci\u00f3n siempre que tengan un 49% o menos de culpa en sus lesiones. En estos casos, un juez puede reducir su indemnizaci\u00f3n en funci\u00f3n de su porcentaje de culpa. Por ejemplo, si las acciones de una persona lesionada contribuyeron en un 20% al accidente, solo podr\u00e1 recuperar el 80% del total de sus da\u00f1os.<\/p>\n<h2>Tipos de visitantes<\/h2>\n<p>Aunque la ley estatal impone un deber de diligencia a todos los propietarios, el nivel y el tipo de deber de diligencia dependen de la raz\u00f3n por la que el demandante entr\u00f3 en la propiedad. Un abogado de Monument podr\u00eda revisar un caso de responsabilidad del local y determinar c\u00f3mo la demanda de la parte lesionada puede cambiar en funci\u00f3n de su clasificaci\u00f3n legal en su propiedad.<\/p>\n<h3>\u00bfQu\u00e9 es un invitado?<\/h3>\n<p>Un invitado es alguien a quien el propietario invit\u00f3 a entrar en la propiedad. Entre los invitados pueden figurar clientes y patrocinadores de restaurantes. El propietario debe el m\u00e1ximo grado de diligencia a los invitados. Los propietarios deben retirar cualquier obstrucci\u00f3n peligrosa, asegurarse de que los caminos est\u00e1n bien iluminados y tomar otras medidas para mantener unas instalaciones razonablemente seguras.<\/p>\n<h3>Beneficiario<\/h3>\n<p>Un beneficiario es alguien que entra en la propiedad para su disfrute, como un hu\u00e9sped de la casa. El propietario de una vivienda tiene la obligaci\u00f3n de liberar su vivienda o propiedad de cualquier peligro razonablemente potencial o previsible.<\/p>\n<h3>Intruso<\/h3>\n<p>Un intruso es alguien que se encuentra en una propiedad sin permiso. El deber de diligencia que un propietario debe a un intruso es m\u00ednimo.<\/p>\n<h2>Hable con un abogado especializado en responsabilidad del local de Monument<\/h2>\n<p>Si sufri\u00f3 da\u00f1os corporales despu\u00e9s de entrar en propiedad ajena, t\u00f3mese el tiempo para hablar con un abogado especializado en el tema de Monument, quien le ofrecer\u00e1 orientaci\u00f3n legal seg\u00fan sus circunstancias. Una revisi\u00f3n minuciosa y deliberada de su caso podr\u00eda ayudarle a determinar sus pr\u00f3ximos pasos. Para obtener ayuda en su caso, <a href=\"https:\/\/springslawgroup.com\/es\/contacto\/\">re\u00fanase con uno de nuestros abogados<\/a> hoy.<\/p>\n","protected":false},"excerpt":{"rendered":"<p>Cuando el propietario de un lugar no lo mantiene en condiciones de seguridad razonables, las lesiones sufridas por los visitantes&nbsp;<a class=\"moretag\" href=\"https:\/\/springslawgroup.com\/es\/monument-lesiones-personales\/abogado-de-responsabilidad-de-propietarios-en-monument\/\"> Read More&#8230;<\/a><\/p>\n","protected":false},"author":32,"featured_media":0,"parent":16692,"menu_order":0,"comment_status":"closed","ping_status":"closed","template":"landingpage.php","meta":{"_acf_changed":false,"inline_featured_image":false,"footnotes":""},"categories":[],"tags":[],"class_list":["post-16857","page","type-page","status-publish","hentry"],"acf":{"key_takeaways":null,"_litigation_personal_injury_contents_new":{"_litigation_personal_injury_title_new":"","_litigation_personal_injury_discription_new":"","_litigation_personal_injury_discription_new_copy":"","_litigation_video_url_new":"","add_button":false},"_header_sub_header_content_new":null,"_litigation_frequently_asked_questions_new":null,"lawsuit_updates":null,"_litigation_related_posts_relation":null,"acf-references":""},"_links":{"self":[{"href":"https:\/\/springslawgroup.com\/es\/wp-json\/wp\/v2\/pages\/16857","targetHints":{"allow":["GET"]}}],"collection":[{"href":"https:\/\/springslawgroup.com\/es\/wp-json\/wp\/v2\/pages"}],"about":[{"href":"https:\/\/springslawgroup.com\/es\/wp-json\/wp\/v2\/types\/page"}],"author":[{"embeddable":true,"href":"https:\/\/springslawgroup.com\/es\/wp-json\/wp\/v2\/users\/32"}],"replies":[{"embeddable":true,"href":"https:\/\/springslawgroup.com\/es\/wp-json\/wp\/v2\/comments?post=16857"}],"version-history":[{"count":1,"href":"https:\/\/springslawgroup.com\/es\/wp-json\/wp\/v2\/pages\/16857\/revisions"}],"predecessor-version":[{"id":17155,"href":"https:\/\/springslawgroup.com\/es\/wp-json\/wp\/v2\/pages\/16857\/revisions\/17155"}],"up":[{"embeddable":true,"href":"https:\/\/springslawgroup.com\/es\/wp-json\/wp\/v2\/pages\/16692"}],"wp:attachment":[{"href":"https:\/\/springslawgroup.com\/es\/wp-json\/wp\/v2\/media?parent=16857"}],"wp:term":[{"taxonomy":"category","embeddable":true,"href":"https:\/\/springslawgroup.com\/es\/wp-json\/wp\/v2\/categories?post=16857"},{"taxonomy":"post_tag","embeddable":true,"href":"https:\/\/springslawgroup.com\/es\/wp-json\/wp\/v2\/tags?post=16857"}],"curies":[{"name":"wp","href":"https:\/\/api.w.org\/{rel}","templated":true}]}}