{"id":16856,"date":"2019-09-27T19:08:41","date_gmt":"2019-09-28T02:08:41","guid":{"rendered":"https:\/\/springs.flywheelstaging.com\/monument-abogado-de-lesiones-personales\/abogado-de-accidentes-de-peatones-en-monument\/"},"modified":"2023-09-01T07:12:07","modified_gmt":"2023-09-01T14:12:07","slug":"abogado-de-accidentes-de-peatones-en-monument","status":"publish","type":"page","link":"https:\/\/springslawgroup.com\/es\/monument-lesiones-personales\/abogado-de-accidentes-de-peatones-en-monument\/","title":{"rendered":"Abogado especializado en accidentes de peatones de Monument"},"content":{"rendered":"<p>A diferencia de los ocupantes de los autom\u00f3viles, un peat\u00f3n tiene poca o ninguna protecci\u00f3n contra el impacto de un veh\u00edculo de motor. Debido a su vulnerabilidad, los peatones pueden sufrir lesiones graves, e incluso mortales, tras ser atropellados. Adem\u00e1s, debido a la gravedad de estos accidentes, la parte lesionada puede acumular importantes facturas m\u00e9dicas y soportar un largo proceso de recuperaci\u00f3n.<\/p>\n<p>Si un conductor imprudente le atropella con su coche, un <a href=\"https:\/\/springslawgroup.com\/es\/monument-lesiones-personales\/\">abogado experto en lesiones personales<\/a> podr\u00eda exigirle responsabilidades en su nombre. Y lo que es m\u00e1s importante, un abogado especializado en accidentes de peatones de Monument podr\u00eda ayudarle a rehacer su vida despu\u00e9s de este devastador incidente.<\/p>\n<h2>Causas comunes de los accidentes de peatones<\/h2>\n<p>Los accidentes de peatones pueden ocurrir en cualquier lugar donde se crucen autom\u00f3viles y tr\u00e1fico peatonal. Sin embargo, algunos factores tienen m\u00e1s probabilidades de provocar choques que otros. Los peatones que se comportan de las siguientes maneras tienen m\u00e1s probabilidades de ser atropellados por un autom\u00f3vil:<\/p>\n<ul>\n<li>Caminar de noche o en una zona poco iluminada.<\/li>\n<li>Cruzar autopistas de varios carriles.<\/li>\n<li>Caminar en zonas urbanas.<\/li>\n<li>Cruzar la carretera sin una senda peatonal o se\u00f1al.<\/li>\n<li>No prestar atenci\u00f3n al cruzar la calle.<\/li>\n<\/ul>\n<p>Sin embargo, algunos escenarios en los accidentes de peatones no tienen nada que ver con las acciones de la persona que cruza o camina cerca de una calle. Los conductores ebrios, fatigados o distra\u00eddos pueden atropellar a un peat\u00f3n. Un abogado especializado en accidentes de peatones de Monument podr\u00eda presentar el caso en el que un conductor se responsabilice por las lesiones que caus\u00f3 su imprudencia.<\/p>\n<h2>Prescripci\u00f3n<\/h2>\n<p>Cuando una persona decide interponer una demanda, un abogado especializado en accidentes de peatones en Monument podr\u00eda asesorarle sobre los requisitos para hacerlo. Uno de los requisitos m\u00e1s estrictos es la prescripci\u00f3n. La prescripci\u00f3n es un plazo legal en el que un demandante debe presentar su demanda por da\u00f1os y perjuicios.<\/p>\n<p>Seg\u00fan la ley estatal, el plazo de prescripci\u00f3n para presentar una demanda por accidente automovil\u00edstico es de tres a\u00f1os a partir de la fecha de la lesi\u00f3n. Si un demandante no presenta su demanda a tiempo, el tribunal puede desestimar su caso e imposibilitar\u00e1 el reclamo a una indemnizaci\u00f3n.<\/p>\n<p>Sin embargo, hay algunas excepciones que podr\u00edan interrumpir o alargar el plazo legal. Por ejemplo, en los casos en que el demandante sea mentalmente incompetente o menor de 18 a\u00f1os, el plazo legal podr\u00eda ampliarse hasta que el demandante pueda presentar una demanda en su propio nombre. Un <a href=\"\/\">abogado con experiencia<\/a> podr\u00eda trabajar para garantizar que un demandante cumpla todos los plazos legales que apliquen a su caso.<\/p>\n<h2>Contacte a un abogado especializado en accidentes de peatones de Monument hoy<\/h2>\n<p>Si sufri\u00f3 lesiones permanentes o incurri\u00f3 en importantes deudas m\u00e9dicas debido a un conductor negligente, podr\u00eda tener una demanda viable por lesiones. Sin embargo, presentar adecuadamente una demanda puede resultar dif\u00edcil sin representaci\u00f3n legal.<\/p>\n<p>Un abogado especializado en accidentes de peatones de Monument podr\u00eda maximizar su posible indemnizaci\u00f3n y convertirse en su defensor legal para enfrentar cualquier desaf\u00edo en el proceso de demanda. Llame hoy, programe una consulta y descubra c\u00f3mo un abogado especializado puede ayudarle.<\/p>\n","protected":false},"excerpt":{"rendered":"<p>A diferencia de los ocupantes de los autom\u00f3viles, un peat\u00f3n tiene poca o ninguna protecci\u00f3n contra el impacto de un&nbsp;<a class=\"moretag\" href=\"https:\/\/springslawgroup.com\/es\/monument-lesiones-personales\/abogado-de-accidentes-de-peatones-en-monument\/\"> Read More&#8230;<\/a><\/p>\n","protected":false},"author":32,"featured_media":0,"parent":16692,"menu_order":0,"comment_status":"closed","ping_status":"closed","template":"landingpage.php","meta":{"_acf_changed":false,"inline_featured_image":false,"footnotes":""},"categories":[],"tags":[],"class_list":["post-16856","page","type-page","status-publish","hentry"],"acf":{"key_takeaways":null,"_litigation_personal_injury_contents_new":{"_litigation_personal_injury_title_new":"","_litigation_personal_injury_discription_new":"","_litigation_personal_injury_discription_new_copy":"","_litigation_video_url_new":"","add_button":false},"_header_sub_header_content_new":null,"_litigation_frequently_asked_questions_new":null,"lawsuit_updates":null,"_litigation_related_posts_relation":null,"acf-references":""},"_links":{"self":[{"href":"https:\/\/springslawgroup.com\/es\/wp-json\/wp\/v2\/pages\/16856","targetHints":{"allow":["GET"]}}],"collection":[{"href":"https:\/\/springslawgroup.com\/es\/wp-json\/wp\/v2\/pages"}],"about":[{"href":"https:\/\/springslawgroup.com\/es\/wp-json\/wp\/v2\/types\/page"}],"author":[{"embeddable":true,"href":"https:\/\/springslawgroup.com\/es\/wp-json\/wp\/v2\/users\/32"}],"replies":[{"embeddable":true,"href":"https:\/\/springslawgroup.com\/es\/wp-json\/wp\/v2\/comments?post=16856"}],"version-history":[{"count":2,"href":"https:\/\/springslawgroup.com\/es\/wp-json\/wp\/v2\/pages\/16856\/revisions"}],"predecessor-version":[{"id":17154,"href":"https:\/\/springslawgroup.com\/es\/wp-json\/wp\/v2\/pages\/16856\/revisions\/17154"}],"up":[{"embeddable":true,"href":"https:\/\/springslawgroup.com\/es\/wp-json\/wp\/v2\/pages\/16692"}],"wp:attachment":[{"href":"https:\/\/springslawgroup.com\/es\/wp-json\/wp\/v2\/media?parent=16856"}],"wp:term":[{"taxonomy":"category","embeddable":true,"href":"https:\/\/springslawgroup.com\/es\/wp-json\/wp\/v2\/categories?post=16856"},{"taxonomy":"post_tag","embeddable":true,"href":"https:\/\/springslawgroup.com\/es\/wp-json\/wp\/v2\/tags?post=16856"}],"curies":[{"name":"wp","href":"https:\/\/api.w.org\/{rel}","templated":true}]}}