{"id":16855,"date":"2019-09-25T19:56:53","date_gmt":"2019-09-26T02:56:53","guid":{"rendered":"https:\/\/springs.flywheelstaging.com\/monument-abogado-de-lesiones-personales\/abogado-de-accidentes-de-motocicleta-en-monument\/"},"modified":"2023-09-01T07:12:10","modified_gmt":"2023-09-01T14:12:10","slug":"abogado-de-accidentes-de-motocicleta-en-monument","status":"publish","type":"page","link":"https:\/\/springslawgroup.com\/es\/monument-lesiones-personales\/abogado-de-accidentes-de-motocicleta-en-monument\/","title":{"rendered":"Abogados especializados en accidentes de motocicleta de Monument"},"content":{"rendered":"<p>Las secuelas de un accidente grave de moto pueden dejar a algunos motoristas con traumas y lesiones a largo plazo. Aunque algunos accidentes pueden ser inevitables, otros se producen por la negligencia de otro conductor. Si sufri\u00f3 lesiones en un accidente de motocicleta, debe llamar a un <a href=\"https:\/\/springslawgroup.com\/es\/monument-lesiones-personales\/\">abogado experto en lesiones personales<\/a> lo antes posible.<\/p>\n<p>Cuando la conducta imprudente de otra persona le causa da\u00f1os corporales, tiene derecho a reclamar una indemnizaci\u00f3n por da\u00f1os y perjuicios. Sin embargo, presentar una demanda civil por su cuenta puede resultar complicado. Por suerte, un abogado especializado en accidentes de motocicleta de Monument podr\u00eda ayudarle con el proceso de demanda.<\/p>\n<h2>Prueba de la negligencia<\/h2>\n<p>Un demandante en un caso de accidente de motocicleta solo puede recibir una indemnizaci\u00f3n monetaria si puede demostrar que el demandado fue legalmente negligente. Para establecer que el comportamiento de un motorista imprudente fue la causa de un accidente, un abogado especializado en accidentes de motocicleta de Monument debe demostrar lo siguiente:<\/p>\n<h3>Incumplimiento del deber de diligencia<\/h3>\n<p>Para demostrar la negligencia, el demandante debe probar que el demandado le deb\u00eda un deber de diligencia. Todos los automovilistas tienen la obligaci\u00f3n legal de conducir de forma responsable. Por lo tanto, cualquier acto negligente, imprudente o malintencionado puede causar el incumplimiento de un deber de diligencia. Algunos ejemplos comunes de infracci\u00f3n en un accidente de motocicleta pueden ser el exceso de velocidad o la conducci\u00f3n bajo los efectos del alcohol o las drogas.<\/p>\n<h3>\u00bfC\u00f3mo se prueban la causalidad y los da\u00f1os?<\/h3>\n<p>La legislaci\u00f3n estatal solo considera responsable al demandado por los da\u00f1os derivados de sus acciones directas. Como tal, un demandante debe poder demostrar que su accidente fue consecuencia directa del incumplimiento del deber de diligencia del demandado. Adem\u00e1s, el demandante debe demostrar que la conducta imprudente de la parte negligente provoc\u00f3 p\u00e9rdidas reales. Estos da\u00f1os pueden incluir lo siguiente:<\/p>\n<ul>\n<li>Facturas m\u00e9dicas<\/li>\n<li>Salarios perdidos.<\/li>\n<li>Dolor y sufrimiento<\/li>\n<li>P\u00e9rdida del apoyo conyugal<\/li>\n<li>P\u00e9rdida de compa\u00f1\u00eda<\/li>\n<li>Gastos de reparaci\u00f3n o sustituci\u00f3n del veh\u00edculo<\/li>\n<\/ul>\n<h2>\u00bfQu\u00e9 es la culpa compartida?<\/h2>\n<p>En algunos casos, un motociclista podr\u00eda compartir la responsabilidad de su accidente. Aunque esto no impide que el demandante reciba una indemnizaci\u00f3n, s\u00ed puede afectar a la cantidad que recibe. Seg\u00fan la ley estatal, un demandante puede recibir una indemnizaci\u00f3n si tiene un 49% o menos de culpa en su accidente. Si un perjudicado no supera este umbral, el tribunal puede reducir su indemnizaci\u00f3n compensatoria en funci\u00f3n de su porcentaje de culpa. Por ejemplo, si un demandante tiene un 30% de culpa de sus lesiones, puede recibir el 70% por sus da\u00f1os. Un abogado especializado en accidentes de motocicleta de Monument podr\u00eda ayudar al demandante lesionado a maximizar su recuperaci\u00f3n financiera al demostrar que el acusado fue el principal culpable. Un <a href=\"\/\">abogado con experiencia<\/a> tambi\u00e9n podr\u00eda revisar el caso de un motorista y determinar si sus acciones pueden dar lugar a una indemnizaci\u00f3n reducida.<\/p>\n<h2>\u00bfC\u00f3mo puede un abogado de Monument ayudar a alguien que se involucr\u00f3 en un accidente de motocicleta?<\/h2>\n<p>Un abogado en Monument podr\u00eda ayudar a alguien involucrado en un accidente de motocicleta al asesorarle sobre opciones de tratamiento m\u00e9dico, cuestiones de financiaci\u00f3n, pago de las facturas m\u00e9dicas, elecci\u00f3n del tratamiento y la gesti\u00f3n de todas las cuestiones financieras y de tratamiento que surjan. Un abogado con experiencia tambi\u00e9n podr\u00eda encargarse de las conversaciones con las compa\u00f1\u00edas de seguros para que el perjudicado no tenga que tratar con ellas, ya que pueden ser bastante abrasivas, intimidatorias u odiosas. Tener a alguien a su lado que pueda ocuparse de estas comunicaciones les permitir\u00e1 centrarse en su recuperaci\u00f3n, que puede ser dif\u00edcil y duradera.<\/p>\n<h2>Contacte a un abogado especializado en accidentes de motocicleta de Monument<\/h2>\n<p>Si sufri\u00f3 lesiones graves o da\u00f1os materiales en un accidente de motocicleta, debe proteger sus derechos legales al contratar a un profesional jur\u00eddico experimentado. Un abogado especializado en accidentes de motocicleta de Monument podr\u00eda luchar por su derecho a una indemnizaci\u00f3n y sortear cualquier complicaci\u00f3n legal mientras usted se recupera. Para obtener m\u00e1s informaci\u00f3n sobre sus opciones legales, programe una consulta inicial sobre su caso de inmediato.<\/p>\n","protected":false},"excerpt":{"rendered":"<p>Las secuelas de un accidente grave de moto pueden dejar a algunos motoristas con traumas y lesiones a largo plazo.&nbsp;<a class=\"moretag\" href=\"https:\/\/springslawgroup.com\/es\/monument-lesiones-personales\/abogado-de-accidentes-de-motocicleta-en-monument\/\"> Read More&#8230;<\/a><\/p>\n","protected":false},"author":32,"featured_media":0,"parent":16692,"menu_order":0,"comment_status":"closed","ping_status":"closed","template":"landingpage.php","meta":{"_acf_changed":false,"inline_featured_image":false,"footnotes":""},"categories":[],"tags":[],"class_list":["post-16855","page","type-page","status-publish","hentry"],"acf":{"key_takeaways":null,"_litigation_personal_injury_contents_new":{"_litigation_personal_injury_title_new":"","_litigation_personal_injury_discription_new":"","_litigation_personal_injury_discription_new_copy":"","_litigation_video_url_new":"","add_button":false},"_header_sub_header_content_new":null,"_litigation_frequently_asked_questions_new":null,"lawsuit_updates":null,"_litigation_related_posts_relation":null,"acf-references":""},"_links":{"self":[{"href":"https:\/\/springslawgroup.com\/es\/wp-json\/wp\/v2\/pages\/16855","targetHints":{"allow":["GET"]}}],"collection":[{"href":"https:\/\/springslawgroup.com\/es\/wp-json\/wp\/v2\/pages"}],"about":[{"href":"https:\/\/springslawgroup.com\/es\/wp-json\/wp\/v2\/types\/page"}],"author":[{"embeddable":true,"href":"https:\/\/springslawgroup.com\/es\/wp-json\/wp\/v2\/users\/32"}],"replies":[{"embeddable":true,"href":"https:\/\/springslawgroup.com\/es\/wp-json\/wp\/v2\/comments?post=16855"}],"version-history":[{"count":2,"href":"https:\/\/springslawgroup.com\/es\/wp-json\/wp\/v2\/pages\/16855\/revisions"}],"predecessor-version":[{"id":17238,"href":"https:\/\/springslawgroup.com\/es\/wp-json\/wp\/v2\/pages\/16855\/revisions\/17238"}],"up":[{"embeddable":true,"href":"https:\/\/springslawgroup.com\/es\/wp-json\/wp\/v2\/pages\/16692"}],"wp:attachment":[{"href":"https:\/\/springslawgroup.com\/es\/wp-json\/wp\/v2\/media?parent=16855"}],"wp:term":[{"taxonomy":"category","embeddable":true,"href":"https:\/\/springslawgroup.com\/es\/wp-json\/wp\/v2\/categories?post=16855"},{"taxonomy":"post_tag","embeddable":true,"href":"https:\/\/springslawgroup.com\/es\/wp-json\/wp\/v2\/tags?post=16855"}],"curies":[{"name":"wp","href":"https:\/\/api.w.org\/{rel}","templated":true}]}}