{"id":16854,"date":"2020-01-06T13:45:36","date_gmt":"2020-01-06T20:45:36","guid":{"rendered":"https:\/\/springs.flywheelstaging.com\/monument-abogado-de-lesiones-personales\/abogado-de-lesiones-catastroficas-en-monument\/abogado-de-lesiones-cerebrales-traumaticas-de-monument\/"},"modified":"2023-09-01T07:12:08","modified_gmt":"2023-09-01T14:12:08","slug":"abogado-de-lesiones-cerebrales-traumaticas-de-monument","status":"publish","type":"page","link":"https:\/\/springslawgroup.com\/es\/monument-lesiones-personales\/abogado-de-lesiones-catastroficas-en-monument\/abogado-de-lesiones-cerebrales-traumaticas-de-monument\/","title":{"rendered":"Abogado especializado en lesiones cerebrales traum\u00e1ticas catastr\u00f3ficas de Monument"},"content":{"rendered":"<p>Una lesi\u00f3n cerebral traum\u00e1tica (LCT) puede ser una de las m\u00e1s devastadoras que alguien puede sufrir. El TCE, causado generalmente por un golpe repentino en la cabeza, se caracteriza por una alteraci\u00f3n del funcionamiento normal del cerebro. Una persona con TCE puede, seg\u00fan la gravedad de la lesi\u00f3n, experimentar confusi\u00f3n o desorientaci\u00f3n, p\u00e9rdida de memoria, visi\u00f3n borrosa, dificultad para hablar, p\u00e9rdida de equilibrio, sentimientos de depresi\u00f3n, convulsiones o p\u00e9rdida de conciencia.<\/p>\n<p>Considere hablar con un abogado especializado en lesiones cerebrales traum\u00e1ticas de Monument si sufri\u00f3 un TCE grave en un accidente causado por otra persona. Un <a href=\"https:\/\/springslawgroup.com\/es\/monument-lesiones-personales\/abogado-de-lesiones-catastroficas-en-monument\/\">abogado<\/a> con experiencia podr\u00eda reclamar una indemnizaci\u00f3n en su nombre y proteger sus derechos legales en los tribunales y en las negociaciones para llegar a un acuerdo.<\/p>\n<h2>Tipos de LCT<\/h2>\n<p>Todas las lesiones cerebrales son \u00fanicas y afectan a quienes las sufren de formas muy distintas. Seg\u00fan el tipo y la gravedad del da\u00f1o cerebral de alguien, un abogado especializado en LCT de Monument podr\u00eda ayudar a alguien a presentar una demanda de indemnizaci\u00f3n justa que cubra la totalidad de sus p\u00e9rdidas.<\/p>\n<h3>Conmoci\u00f3n cerebral<\/h3>\n<p>Una conmoci\u00f3n cerebral puede ser uno de los tipos menos graves de lesiones cerebrales traum\u00e1ticas y, aun as\u00ed, puede tener graves consecuencias adversas que duren toda la vida. Esta puede ser el resultado de un golpe repentino en la cabeza que hace que el cerebro se sacuda o golpee el interior del cr\u00e1neo.<\/p>\n<h3>\u00bfQu\u00e9 es la contusi\u00f3n cerebral?<\/h3>\n<p>La contusi\u00f3n cerebral es un hematoma del tejido cerebral. Aunque algunas de estas lesiones se curan por s\u00ed solas sin intervenci\u00f3n m\u00e9dica, otras pueden poner en peligro la vida del paciente, seg\u00fan la ubicaci\u00f3n y extensi\u00f3n del hematoma.<\/p>\n<h3>Lesi\u00f3n axonal difusa<\/h3>\n<p>Una lesi\u00f3n axonal difusa se produce cuando el cerebro gira dentro del cr\u00e1neo e impacta en muchas porciones de este \u00f3rgano vital. Este tipo de traumatismo craneal suele observarse en accidentes automovil\u00edsticos y en casos de s\u00edndrome del ni\u00f1o sacudido.<\/p>\n<h2>\u00bfQu\u00e9 formas de indemnizaci\u00f3n existen en casos de lesi\u00f3n cerebral traum\u00e1tica?<\/h2>\n<p>Es probable que alguien que sufri\u00f3 una LCT, aunque sea leve, deba enfrentar las consecuencias, de una forma u otra, durante el resto de su vida. Por suerte, un abogado especializado de Monument podr\u00eda presentar una demanda contra la parte culpable en busca de da\u00f1os y perjuicios que compensen plena y justamente a una persona por su LCT. Los tipos de indemnizaci\u00f3n a los que tendr\u00eda derecho un demandante dependen de c\u00f3mo afect\u00f3 la lesi\u00f3n a su vida y de la gravedad de sus p\u00e9rdidas.<\/p>\n<p>En la mayor\u00eda de los casos, alguien que sufri\u00f3 una <a href=\"https:\/\/springslawgroup.com\/es\/hypoxic-vs-anoxic-brain-injuries-2\/\">lesi\u00f3n cerebral<\/a> traum\u00e1tica puede recuperar da\u00f1os econ\u00f3micos, que son todos los gastos de extra relacionados. Estos da\u00f1os pueden incluir facturas m\u00e9dicas pasadas y futuras, p\u00e9rdida de ingresos y p\u00e9rdida de capacidad de ganancia futura.<\/p>\n<p>Una persona tambi\u00e9n puede obtener da\u00f1os y perjuicios por sus p\u00e9rdidas emocionales. Los da\u00f1os no econ\u00f3micos son m\u00e1s dif\u00edciles de cuantificar, pero son plenamente indemnizables. Estos da\u00f1os pueden cubrir el dolor y el sufrimiento y la p\u00e9rdida del disfrute de la vida. Sin embargo, es importante entender que el <a href=\"https:\/\/advance.lexis.com\/documentpage\/?pdmfid=1000516&amp;crid=ea7aee50-3d7e-42cb-95b8-51d760a46fed&amp;config=014FJAAyNGJkY2Y4Zi1mNjgyLTRkN2YtYmE4OS03NTYzNzYzOTg0OGEKAFBvZENhdGFsb2d592qv2Kywlf8caKqYROP5&amp;pddocfullpath=%2Fshared%2Fdocument%2Fstatutes-legislation%2Furn%3AcontentItem%3A5X45-0DF1-FFTT-X2B3-00008-00&amp;pddocid=urn%3AcontentItem%3A5X45-0DF1-FFTT-X2B3-00008-00&amp;pdcontentcomponentid=234176&amp;pdteaserkey=sr0&amp;pditab=allpods&amp;ecomp=h567kkk&amp;earg=sr0&amp;prid=d0fec134-30bc-482a-8ca2-76b9736442f6\" target=\"_blank\" rel=\"noopener\">art\u00edculo \u00a713-21-102.5 de los C.R.S.<\/a> pone un l\u00edmite en la cantidad de da\u00f1os no econ\u00f3micos que un demandante en un caso de LCT puede recibir.<\/p>\n<h2>Hable con un abogado especializado en lesiones cerebrales traum\u00e1ticas de Monument<\/h2>\n<p>Tanto si es leve como grave, el da\u00f1o cerebral puede obligarle a vivir con s\u00edntomas que permanezcan durante un largo periodo. Si otra persona es responsable de que usted sufra una LCT, puede y debe considerarse legalmente responsable. Contacto a un abogado especializado en lesiones cerebrales traum\u00e1ticas de Monument hoy mismo y obtenga m\u00e1s informaci\u00f3n sobre cu\u00e1les pueden ser sus opciones legales.<\/p>\n","protected":false},"excerpt":{"rendered":"<p>Una lesi\u00f3n cerebral traum\u00e1tica (LCT) puede ser una de las m\u00e1s devastadoras que alguien puede sufrir. El TCE, causado generalmente&nbsp;<a class=\"moretag\" href=\"https:\/\/springslawgroup.com\/es\/monument-lesiones-personales\/abogado-de-lesiones-catastroficas-en-monument\/abogado-de-lesiones-cerebrales-traumaticas-de-monument\/\"> Read More&#8230;<\/a><\/p>\n","protected":false},"author":32,"featured_media":0,"parent":16852,"menu_order":0,"comment_status":"closed","ping_status":"closed","template":"landingpage.php","meta":{"_acf_changed":false,"inline_featured_image":false,"footnotes":""},"categories":[],"tags":[],"class_list":["post-16854","page","type-page","status-publish","hentry"],"acf":{"key_takeaways":null,"_litigation_personal_injury_contents_new":{"_litigation_personal_injury_title_new":"","_litigation_personal_injury_discription_new":"","_litigation_personal_injury_discription_new_copy":"","_litigation_video_url_new":"","add_button":false},"_header_sub_header_content_new":null,"_litigation_frequently_asked_questions_new":null,"lawsuit_updates":null,"_litigation_related_posts_relation":null,"acf-references":""},"_links":{"self":[{"href":"https:\/\/springslawgroup.com\/es\/wp-json\/wp\/v2\/pages\/16854","targetHints":{"allow":["GET"]}}],"collection":[{"href":"https:\/\/springslawgroup.com\/es\/wp-json\/wp\/v2\/pages"}],"about":[{"href":"https:\/\/springslawgroup.com\/es\/wp-json\/wp\/v2\/types\/page"}],"author":[{"embeddable":true,"href":"https:\/\/springslawgroup.com\/es\/wp-json\/wp\/v2\/users\/32"}],"replies":[{"embeddable":true,"href":"https:\/\/springslawgroup.com\/es\/wp-json\/wp\/v2\/comments?post=16854"}],"version-history":[{"count":3,"href":"https:\/\/springslawgroup.com\/es\/wp-json\/wp\/v2\/pages\/16854\/revisions"}],"predecessor-version":[{"id":17735,"href":"https:\/\/springslawgroup.com\/es\/wp-json\/wp\/v2\/pages\/16854\/revisions\/17735"}],"up":[{"embeddable":true,"href":"https:\/\/springslawgroup.com\/es\/wp-json\/wp\/v2\/pages\/16852"}],"wp:attachment":[{"href":"https:\/\/springslawgroup.com\/es\/wp-json\/wp\/v2\/media?parent=16854"}],"wp:term":[{"taxonomy":"category","embeddable":true,"href":"https:\/\/springslawgroup.com\/es\/wp-json\/wp\/v2\/categories?post=16854"},{"taxonomy":"post_tag","embeddable":true,"href":"https:\/\/springslawgroup.com\/es\/wp-json\/wp\/v2\/tags?post=16854"}],"curies":[{"name":"wp","href":"https:\/\/api.w.org\/{rel}","templated":true}]}}