{"id":16853,"date":"2020-01-03T14:56:03","date_gmt":"2020-01-03T21:56:03","guid":{"rendered":"https:\/\/springs.flywheelstaging.com\/monument-abogado-de-lesiones-personales\/abogado-de-lesiones-catastroficas-en-monument\/abogado-de-lesiones-por-paralisis-en-monument\/"},"modified":"2023-09-01T07:12:09","modified_gmt":"2023-09-01T14:12:09","slug":"abogado-de-lesiones-por-paralisis-en-monument","status":"publish","type":"page","link":"https:\/\/springslawgroup.com\/es\/monument-lesiones-personales\/abogado-de-lesiones-catastroficas-en-monument\/abogado-de-lesiones-por-paralisis-en-monument\/","title":{"rendered":"Abogado especializado en lesiones por par\u00e1lisis catastr\u00f3ficas de Monument"},"content":{"rendered":"<p>Adem\u00e1s de la p\u00e9rdida de la funci\u00f3n muscular, una persona paral\u00edtica puede sufrir diversos problemas psicol\u00f3gicos, desde depresi\u00f3n hasta trastorno de estr\u00e9s postraum\u00e1tico. Adem\u00e1s, una lesi\u00f3n por par\u00e1lisis puede tener un efecto perjudicial en la familia de la persona lesionada, ya que tendr\u00eda que cuidarla o mantenerla econ\u00f3micamente durante el resto de su vida.<\/p>\n<p>Un abogado especializado en lesiones por par\u00e1lisis de Monument podr\u00eda ayudarle si qued\u00f3 paral\u00edtico tras un accidente causado por las acciones imprudentes de otra persona. Contratar a un <a href=\"https:\/\/springslawgroup.com\/es\/monument-lesiones-personales\/abogado-de-lesiones-catastroficas-en-monument\/\">abogado<\/a> especializado es un gran primer paso para obtener una indemnizaci\u00f3n por da\u00f1os y perjuicios y seguir adelante despu\u00e9s de su lesi\u00f3n.<\/p>\n<h2>\u00bfCu\u00e1les son los distintos tipos de par\u00e1lisis?<\/h2>\n<p>No hay dos lesiones por par\u00e1lisis iguales. La gravedad de la lesi\u00f3n y el impacto que tiene en un individuo pueden variar dr\u00e1sticamente de la experiencia de otra persona. En un caso de lesi\u00f3n por par\u00e1lisis en Monument, un abogado podr\u00eda trabajar para transmitir c\u00f3mo la gravedad de su condici\u00f3n impact\u00f3 en la vida del demandante.<\/p>\n<h3>Monoplejia<\/h3>\n<p>La monoplej\u00eda solo afecta a una parte del cuerpo, como una pierna o un brazo. Aunque suele suceder por par\u00e1lisis cerebral, tambi\u00e9n puede deberse a un traumatismo craneoencef\u00e1lico (TCE).<\/p>\n<h3>Hemiplejia<\/h3>\n<p>La hemiplejia conlleva la inmovilidad estrictamente de un lado del cuerpo. Esta forma de par\u00e1lisis tambi\u00e9n se asocia con mayor frecuencia a la par\u00e1lisis cerebral, pero puede producirse como resultado de una <a href=\"https:\/\/springslawgroup.com\/es\/monument-lesiones-personales\/abogado-de-lesiones-catastroficas-en-monument\/abogado-de-lesiones-cerebrales-traumaticas-de-monument\/\">LCT<\/a>.<\/p>\n<h3>Paraplej\u00eda<\/h3>\n<p>La paraplejia se produce cuando una persona pierde la capacidad de controlar sus extremidades y \u00f3rganos por debajo de la cintura. Los da\u00f1os en la parte superior o media de la columna vertebral suelen provocar este estado de inmovilidad.<\/p>\n<h3>Tetraplejia<\/h3>\n<p>La tetraplejia es la forma m\u00e1s extensa de par\u00e1lisis e implica la p\u00e9rdida de sensibilidad y capacidad motora por debajo del cuello. Las personas tetrapl\u00e9jicas suelen tener que utilizar equipos de rehabilitaci\u00f3n o ayudas para la movilidad para realizar sus tareas cotidianas. Adem\u00e1s, esta persona puede necesitar atenci\u00f3n m\u00e9dica a domicilio, lo que podr\u00eda resultar costoso.<\/p>\n<h2>Culpa compartida en casos de lesiones por par\u00e1lisis<\/h2>\n<p>Un importante concepto legal que entra en juego en algunas demandas por lesiones por par\u00e1lisis se denomina culpa comparativa. El <a href=\"https:\/\/law.justia.com\/codes\/colorado\/2016\/title-13\/damages-and-limitations-on-actions\/article-21\/part-1\/section-13-21-111\" target=\"_blank\" rel=\"noopener\">art\u00edculo \u00a713-21-111 de los Estatutos Revisados de Colorado<\/a> impone un l\u00edmite a los da\u00f1os y perjuicios para los demandantes por lesiones personales que tengan el 50% o m\u00e1s de la culpa. Esta ley permite a un demandante parcialmente responsable recuperar da\u00f1os y perjuicios, pero en una cantidad reducida por su porcentaje de culpa.<\/p>\n<p>La culpa comparativa podr\u00eda desempe\u00f1ar un papel en estos casos de diversas maneras. Por ejemplo, si el demandante tuvo parte de la culpa en el accidente automovil\u00edstico que le caus\u00f3 la par\u00e1lisis, esto podr\u00eda afectar a su indemnizaci\u00f3n. Un abogado de Monument podr\u00eda explicar c\u00f3mo la culpa comparativa puede afectar el caso de lesi\u00f3n por par\u00e1lisis de un individuo y la compensaci\u00f3n que puede obtener.<\/p>\n<h2><strong>Contacte a un abogado especializado en lesiones por par\u00e1lisis de Monument hoy<\/strong><strong> <\/strong><\/h2>\n<p>Es un hecho desafortunado que algunas condiciones de inmovilidad sean un resultado com\u00fan a muchos tipos diferentes de accidentes. Sin embargo, sea cual sea la causa, una lesi\u00f3n por par\u00e1lisis puede dificultarle e incluso imposibilitarle la obtenci\u00f3n de ingresos o la realizaci\u00f3n de su rutina diaria. Contactecon un abogado especializado en lesiones por par\u00e1lisis de Monument hoy mismo si le interesa obtener una indemnizaci\u00f3n por su condici\u00f3n.<\/p>\n","protected":false},"excerpt":{"rendered":"<p>Adem\u00e1s de la p\u00e9rdida de la funci\u00f3n muscular, una persona paral\u00edtica puede sufrir diversos problemas psicol\u00f3gicos, desde depresi\u00f3n hasta trastorno&nbsp;<a class=\"moretag\" href=\"https:\/\/springslawgroup.com\/es\/monument-lesiones-personales\/abogado-de-lesiones-catastroficas-en-monument\/abogado-de-lesiones-por-paralisis-en-monument\/\"> Read More&#8230;<\/a><\/p>\n","protected":false},"author":32,"featured_media":0,"parent":16852,"menu_order":0,"comment_status":"closed","ping_status":"closed","template":"landingpage.php","meta":{"_acf_changed":false,"inline_featured_image":false,"footnotes":""},"categories":[],"tags":[],"class_list":["post-16853","page","type-page","status-publish","hentry"],"acf":{"key_takeaways":null,"_litigation_personal_injury_contents_new":{"_litigation_personal_injury_title_new":"","_litigation_personal_injury_discription_new":"","_litigation_personal_injury_discription_new_copy":"","_litigation_video_url_new":"","add_button":false},"_header_sub_header_content_new":null,"_litigation_frequently_asked_questions_new":null,"lawsuit_updates":null,"_litigation_related_posts_relation":null,"acf-references":""},"_links":{"self":[{"href":"https:\/\/springslawgroup.com\/es\/wp-json\/wp\/v2\/pages\/16853","targetHints":{"allow":["GET"]}}],"collection":[{"href":"https:\/\/springslawgroup.com\/es\/wp-json\/wp\/v2\/pages"}],"about":[{"href":"https:\/\/springslawgroup.com\/es\/wp-json\/wp\/v2\/types\/page"}],"author":[{"embeddable":true,"href":"https:\/\/springslawgroup.com\/es\/wp-json\/wp\/v2\/users\/32"}],"replies":[{"embeddable":true,"href":"https:\/\/springslawgroup.com\/es\/wp-json\/wp\/v2\/comments?post=16853"}],"version-history":[{"count":3,"href":"https:\/\/springslawgroup.com\/es\/wp-json\/wp\/v2\/pages\/16853\/revisions"}],"predecessor-version":[{"id":17232,"href":"https:\/\/springslawgroup.com\/es\/wp-json\/wp\/v2\/pages\/16853\/revisions\/17232"}],"up":[{"embeddable":true,"href":"https:\/\/springslawgroup.com\/es\/wp-json\/wp\/v2\/pages\/16852"}],"wp:attachment":[{"href":"https:\/\/springslawgroup.com\/es\/wp-json\/wp\/v2\/media?parent=16853"}],"wp:term":[{"taxonomy":"category","embeddable":true,"href":"https:\/\/springslawgroup.com\/es\/wp-json\/wp\/v2\/categories?post=16853"},{"taxonomy":"post_tag","embeddable":true,"href":"https:\/\/springslawgroup.com\/es\/wp-json\/wp\/v2\/tags?post=16853"}],"curies":[{"name":"wp","href":"https:\/\/api.w.org\/{rel}","templated":true}]}}