{"id":16852,"date":"2019-12-31T15:29:02","date_gmt":"2019-12-31T22:29:02","guid":{"rendered":"https:\/\/springs.flywheelstaging.com\/monument-abogado-de-lesiones-personales\/abogado-de-lesiones-catastroficas-en-monument\/"},"modified":"2023-09-01T07:12:08","modified_gmt":"2023-09-01T14:12:08","slug":"abogado-de-lesiones-catastroficas-en-monument","status":"publish","type":"page","link":"https:\/\/springslawgroup.com\/es\/monument-lesiones-personales\/abogado-de-lesiones-catastroficas-en-monument\/","title":{"rendered":"Abogado especializado en lesiones catastr\u00f3ficas de Monument"},"content":{"rendered":"<p>Una lesi\u00f3n catastr\u00f3fica puede ser permanente y tener consecuencias que alteren la vida de una persona. Algunas de las lesiones clasificadas como catastr\u00f3ficas son las que afectan al cerebro o a la columna vertebral. Ciertas lesiones de nacimiento y quemaduras graves tambi\u00e9n pueden tener una clasificaci\u00f3n similar, ya que pueden provocar limitaciones f\u00edsicas, p\u00e9rdida de capacidad mental y cicatrices o desfiguraci\u00f3n permanentes.<\/p>\n<p>Si usted sufri\u00f3 da\u00f1os corporales graves o permanentes, entonces debe ponerse en contacto con un abogado especializado en lesiones catastr\u00f3ficas de Monument y explorar sus opciones legales. Un <a href=\"https:\/\/springslawgroup.com\/es\/monument-lesiones-personales\/\">abogado especializado en lesiones personales<\/a> podr\u00eda ayudarle a reclamar una indemnizaci\u00f3n en su nombre, adem\u00e1s de guiarle a trav\u00e9s del proceso de demanda legal.<\/p>\n<h2>Tipos de lesiones catastr\u00f3ficas<\/h2>\n<p>Un abogado especializado en lesiones catastr\u00f3ficas de Monument podr\u00eda ayudar a alguien a construir su demanda por da\u00f1os y perjuicios en funci\u00f3n de la gravedad y las consecuencias de su condici\u00f3n. Cada tipo de lesi\u00f3n puede tener requisitos espec\u00edficos para presentar una demanda o puede dar lugar a da\u00f1os y perjuicios diferentes. Por lo tanto, es importante encontrar un abogado con la experiencia adecuada.<\/p>\n<h3>Lesiones cerebrales o en la cabeza<\/h3>\n<p>Un traumatismo craneoencef\u00e1lico (TCE) suele ser el resultado de un golpe contundente en la cabeza. Puede implicar hemorragias, hinchaz\u00f3n, hematomas e inflamaci\u00f3n del tejido cerebral. Aunque los s\u00edntomas var\u00edan ampliamente, algunos pueden incluir mareos, p\u00e9rdida de visi\u00f3n, depresi\u00f3n, dolores de cabeza y deterioro cognitivo.<\/p>\n<h3>\u00bfC\u00f3mo se produce el da\u00f1o medular?<\/h3>\n<p>Las lesiones medulares pueden ser consecuencia de diversos accidentes, sobre todo automovil\u00edsticos. Los da\u00f1os en la columna vertebral pueden provocar par\u00e1lisis en una o m\u00e1s extremidades, que podr\u00eda ser permanente. Los casos relacionados con estas lesiones suelen implicar da\u00f1os importantes porque a veces requieren cuidados m\u00e9dicos a largo plazo o de por vida.<\/p>\n<h3>Quemaduras<\/h3>\n<p>En general, la ley considera catastr\u00f3ficas a las quemaduras de tercer o cuarto grado. Estas quemaduras pueden provocar da\u00f1os permanentes en los tejidos, rango de movimiento limitado, cicatrices, desfiguraci\u00f3n y dolor cr\u00f3nico.<\/p>\n<h3>Lesiones ortop\u00e9dicas graves<\/h3>\n<p>Las fracturas o luxaciones \u00f3seas que requieren m\u00faltiples intervenciones quir\u00fargicas y una rehabilitaci\u00f3n prolongada tambi\u00e9n pueden considerarse lesiones corporales graves. A largo plazo, la v\u00edctima puede sufrir dolor cr\u00f3nico, lesiones nerviosas, rigidez y p\u00e9rdida de movilidad.<\/p>\n<h2>\u00bfQu\u00e9 tipos de da\u00f1os indemnizables existen en casos de lesiones catastr\u00f3ficas?<\/h2>\n<p>Los tipos de indemnizaci\u00f3n que podr\u00eda reclamar un demandante lesionado dependen de la gravedad y permanencia de sus lesiones. En general, los demandantes por lesiones catastr\u00f3ficas pueden recuperar cualquier p\u00e9rdida monetaria cuantificable, como facturas m\u00e9dicas, salarios perdidos y da\u00f1os materiales. Adem\u00e1s, si un demandante puede demostrar que su lesi\u00f3n disminuy\u00f3 su capacidad de ganancia, ese tipo de p\u00e9rdida puede cuantificarse e indemnizarse.<\/p>\n<p>En algunos casos, el demandante tambi\u00e9n puede optar por una indemnizaci\u00f3n por da\u00f1os no econ\u00f3micos. Estos da\u00f1os son m\u00e1s subjetivos y se refieren a las diversas formas en que sufrir una lesi\u00f3n grave puede repercutir negativamente en la calidad de vida del demandante. Algunos ejemplos de estos da\u00f1os pueden ser el dolor y el sufrimiento, la angustia mental y la p\u00e9rdida del disfrute de la vida.<\/p>\n<p>Los factores a tener en cuenta al calcular las p\u00e9rdidas emocionales suelen incluir la edad del demandante, sus ingresos (si los tiene), la gravedad y la permanencia de sus lesiones. Un abogado de Monument podr\u00eda evaluar la demanda por lesiones catastr\u00f3ficas de una persona y determinar la cuant\u00eda de la indemnizaci\u00f3n por da\u00f1os y perjuicios que podr\u00eda obtener.<\/p>\n<p>Es importante tener en cuenta que el monto que un demandante puede recuperar puede estar limitado a una cantidad espec\u00edfica en d\u00f3lares. No obstante, este tope puede no aplicarse si el demandante sufri\u00f3 una incapacidad f\u00edsica permanente.<\/p>\n<h2>Contacte a abogado especializado en lesiones catastr\u00f3ficas de Monument<\/h2>\n<p><strong> <\/strong>Una lesi\u00f3n catastr\u00f3fica puede alterar el curso de su vida. Como resultado, usted puede ser elegible para una gran compensaci\u00f3n monetaria si puede demostrar que la negligencia de otra persona caus\u00f3 su lesi\u00f3n. P\u00f3ngase en contacto con un abogado especializado en lesiones catastr\u00f3ficas de Monument para obtener informaci\u00f3n sobre cu\u00e1les pueden ser sus opciones legales de cara al futuro.<\/p>\n","protected":false},"excerpt":{"rendered":"<p>Una lesi\u00f3n catastr\u00f3fica puede ser permanente y tener consecuencias que alteren la vida de una persona. Algunas de las lesiones&nbsp;<a class=\"moretag\" href=\"https:\/\/springslawgroup.com\/es\/monument-lesiones-personales\/abogado-de-lesiones-catastroficas-en-monument\/\"> Read More&#8230;<\/a><\/p>\n","protected":false},"author":32,"featured_media":0,"parent":16692,"menu_order":0,"comment_status":"closed","ping_status":"closed","template":"landingpage.php","meta":{"_acf_changed":false,"inline_featured_image":false,"footnotes":""},"categories":[],"tags":[],"class_list":["post-16852","page","type-page","status-publish","hentry"],"acf":{"key_takeaways":null,"_litigation_personal_injury_contents_new":{"_litigation_personal_injury_title_new":"","_litigation_personal_injury_discription_new":"","_litigation_personal_injury_discription_new_copy":"","_litigation_video_url_new":"","add_button":false},"_header_sub_header_content_new":null,"_litigation_frequently_asked_questions_new":null,"lawsuit_updates":null,"_litigation_related_posts_relation":null,"acf-references":""},"_links":{"self":[{"href":"https:\/\/springslawgroup.com\/es\/wp-json\/wp\/v2\/pages\/16852","targetHints":{"allow":["GET"]}}],"collection":[{"href":"https:\/\/springslawgroup.com\/es\/wp-json\/wp\/v2\/pages"}],"about":[{"href":"https:\/\/springslawgroup.com\/es\/wp-json\/wp\/v2\/types\/page"}],"author":[{"embeddable":true,"href":"https:\/\/springslawgroup.com\/es\/wp-json\/wp\/v2\/users\/32"}],"replies":[{"embeddable":true,"href":"https:\/\/springslawgroup.com\/es\/wp-json\/wp\/v2\/comments?post=16852"}],"version-history":[{"count":2,"href":"https:\/\/springslawgroup.com\/es\/wp-json\/wp\/v2\/pages\/16852\/revisions"}],"predecessor-version":[{"id":17146,"href":"https:\/\/springslawgroup.com\/es\/wp-json\/wp\/v2\/pages\/16852\/revisions\/17146"}],"up":[{"embeddable":true,"href":"https:\/\/springslawgroup.com\/es\/wp-json\/wp\/v2\/pages\/16692"}],"wp:attachment":[{"href":"https:\/\/springslawgroup.com\/es\/wp-json\/wp\/v2\/media?parent=16852"}],"wp:term":[{"taxonomy":"category","embeddable":true,"href":"https:\/\/springslawgroup.com\/es\/wp-json\/wp\/v2\/categories?post=16852"},{"taxonomy":"post_tag","embeddable":true,"href":"https:\/\/springslawgroup.com\/es\/wp-json\/wp\/v2\/tags?post=16852"}],"curies":[{"name":"wp","href":"https:\/\/api.w.org\/{rel}","templated":true}]}}