{"id":16850,"date":"2019-09-24T19:31:29","date_gmt":"2019-09-25T02:31:29","guid":{"rendered":"https:\/\/springs.flywheelstaging.com\/monument-abogado-de-lesiones-personales\/abogado-de-accidentes-de-coche-en-monument\/"},"modified":"2023-09-01T07:12:41","modified_gmt":"2023-09-01T14:12:41","slug":"abogado-de-accidentes-de-coche-en-monument","status":"publish","type":"page","link":"https:\/\/springslawgroup.com\/es\/monument-lesiones-personales\/abogado-de-accidentes-de-coche-en-monument\/","title":{"rendered":"Abogado especializado en accidentes automovil\u00edsticos de Monument"},"content":{"rendered":"<p>Los accidentes automovil\u00edsticos pueden causar lesiones devastadoras que cambian la vida de una persona. Si sufri\u00f3 lesiones corporales y da\u00f1os a la propiedad como resultado de un conductor negligente, puede beneficiarse de una charla con un <a href=\"https:\/\/springslawgroup.com\/es\/monument-lesiones-personales\/\">abogado especializado en lesiones personales<\/a>.<\/p>\n<p>Un abogado especializado en accidentes automovil\u00edsticos de Monument podr\u00eda ayudarle a recuperar los da\u00f1os mediante la presentaci\u00f3n de una demanda por lesiones en su nombre. Seg\u00fan la gravedad de su accidente, su indemnizaci\u00f3n podr\u00eda ser considerable.<\/p>\n<h2>\u00bfQu\u00e9 da\u00f1os y perjuicios puede reclamar un demandante por accidente automovil\u00edstico?<\/h2>\n<p>El objetivo \u00faltimo de las demandas civiles es indemnizar al demandante tras un accidente. Esto significa que cuando un demandado indemniza a un demandante, su pago debe cubrir todas las p\u00e9rdidas del demandante. Un abogado especializado en accidentes automovil\u00edsticos de Monument podr\u00eda evaluar las p\u00e9rdidas de la parte lesionada y determinar cu\u00e1nto deben recibir en compensaci\u00f3n.<\/p>\n<h3>\u00bfQu\u00e9 son los da\u00f1os econ\u00f3micos?<\/h3>\n<p>Los da\u00f1os econ\u00f3micos son p\u00e9rdidas que tienen un valor monetario. Entre ellos pueden figurar los gastos m\u00e9dicos y de rehabilitaci\u00f3n, y los salarios perdidos, actuales y futuros. Un demandante puede demostrar sus p\u00e9rdidas monetarias totales presentando sus facturas ante el tribunal. Debido a que estas p\u00e9rdidas pueden acumularse con rapidez, la parte lesionada debe consultar con un abogado con experiencia para asegurar la b\u00fasqueda de una indemnizaci\u00f3n que cubra todas sus facturas.<\/p>\n<h3>Da\u00f1os no econ\u00f3micos<\/h3>\n<p>Establecer el valor de los da\u00f1os no econ\u00f3micos puede ser m\u00e1s complejo. Las p\u00e9rdidas emocionales son m\u00e1s especulativas y no pueden demostrarse mediante pruebas documentales. Por lo tanto, corresponde al testimonio del demandante establecer estos da\u00f1os en el juicio. Algunos ejemplos comunes son el dolor y el sufrimiento por la p\u00e9rdida del disfrute de la vida.<\/p>\n<h3>Da\u00f1os punitivos<\/h3>\n<p>Un juez puede conceder da\u00f1os punitivos si las acciones del demandado fueron especialmente atroces. Por ejemplo, si el conductor negligente conduc\u00eda bajo los efectos del alcohol en el momento del accidente, el tribunal puede exigirle el pago de da\u00f1os y perjuicios adicionales. Los da\u00f1os punitivos pretenden castigar al demandado por su negligencia extrema.<\/p>\n<h2>Culpa comparativa en casos de accidente automovil\u00edstico<\/h2>\n<p>En algunos casos, m\u00e1s de una parte, incluso el demandante, puede compartir la responsabilidad de un accidente. Seg\u00fan la legislaci\u00f3n estatal, un demandante solo puede recibir una indemnizaci\u00f3n si no es el principal culpable de su accidente. Si el demandante tiene un 49% o menos de culpa, tiene derecho a recibir una indemnizaci\u00f3n del demandado. De lo contrario, el tribunal puede prohibirles recuperarse por completo.<\/p>\n<p>Si un demandante es parcialmente culpable de sus lesiones, el jurado puede reducir su indemnizaci\u00f3n seg\u00fan su porcentaje de culpa. Por ejemplo, si un demandante es responsable del 20% de un accidente, solo recibir\u00e1 el 80% de la indemnizaci\u00f3n. Un abogado especializado en accidentes automovil\u00edsticos de Monument podr\u00eda explicar con m\u00e1s detalle la culpa comparativa y c\u00f3mo aplicar\u00eda en un caso determinado.<\/p>\n<h2>\u00bfC\u00f3mo podr\u00eda un abogado de Monument ayudar en los pasos iniciales para enfrentar un accidente automovil\u00edstico?<\/h2>\n<p>Hay formas espec\u00edficas con las que los abogados podr\u00edan ayudar durante los pasos iniciales para enfrentar a un accidente automovil\u00edstico. Al principio, podr\u00edan ayudar con el estr\u00e9s emocional. Adem\u00e1s, un abogado podr\u00eda ayudar a instruir a la parte perjudicada sobre el proceso y los pasos a seguir. Si una de las partes no acudi\u00f3 a un profesional m\u00e9dico, el abogado podr\u00eda recomendarle diversos lugares a los que acudir seg\u00fan las lesiones.<\/p>\n<p>Al investigar un caso, uno de nuestros abogados podr\u00eda aconsejarle sobre c\u00f3mo obtener copias del informe policial. Entonces, nuestro estudio podr\u00eda presentar una carta de representaci\u00f3n para que las compa\u00f1\u00edas de seguros dejen de hablar o llamar al perjudicado. En ese momento, nuestro estudio recopilar\u00eda pruebas, como declaraciones de testigos, fotograf\u00edas del incidente y cualquier otro documento complementario que se necesite para presentar un caso eficaz.<\/p>\n<h2>Hable con un abogado especializado en accidentes automovil\u00edsticos de Monument<\/h2>\n<p>Si sufri\u00f3 lesiones en un accidente automovil\u00edstico, no tiene por qu\u00e9 buscar una indemnizaci\u00f3n por su cuenta. Debe buscar la orientaci\u00f3n de un abogado experto que pueda convertirse en su defensor legal durante todo el proceso de demanda.<\/p>\n<p>Un abogado especializado en accidentes automovil\u00edsticos de Monument podr\u00eda luchar por su demanda con firmeza. Para discutir sus opciones legales, llame hoy y programe una evaluaci\u00f3n inicial de su caso.<\/p>\n&#13;\n<p>\u00a0<\/p>&#13;\n","protected":false},"excerpt":{"rendered":"<p>Los accidentes automovil\u00edsticos pueden causar lesiones devastadoras que cambian la vida de una persona. Si sufri\u00f3 lesiones corporales y da\u00f1os&nbsp;<a class=\"moretag\" href=\"https:\/\/springslawgroup.com\/es\/monument-lesiones-personales\/abogado-de-accidentes-de-coche-en-monument\/\"> Read More&#8230;<\/a><\/p>\n","protected":false},"author":32,"featured_media":0,"parent":16692,"menu_order":0,"comment_status":"closed","ping_status":"closed","template":"landingpage.php","meta":{"_acf_changed":false,"inline_featured_image":false,"footnotes":""},"categories":[],"tags":[],"class_list":["post-16850","page","type-page","status-publish","hentry"],"acf":{"key_takeaways":null,"_litigation_personal_injury_contents_new":{"_litigation_personal_injury_title_new":"","_litigation_personal_injury_discription_new":"","_litigation_personal_injury_discription_new_copy":"","_litigation_video_url_new":"","add_button":false},"_header_sub_header_content_new":null,"_litigation_frequently_asked_questions_new":null,"lawsuit_updates":null,"_litigation_related_posts_relation":null,"acf-references":""},"_links":{"self":[{"href":"https:\/\/springslawgroup.com\/es\/wp-json\/wp\/v2\/pages\/16850","targetHints":{"allow":["GET"]}}],"collection":[{"href":"https:\/\/springslawgroup.com\/es\/wp-json\/wp\/v2\/pages"}],"about":[{"href":"https:\/\/springslawgroup.com\/es\/wp-json\/wp\/v2\/types\/page"}],"author":[{"embeddable":true,"href":"https:\/\/springslawgroup.com\/es\/wp-json\/wp\/v2\/users\/32"}],"replies":[{"embeddable":true,"href":"https:\/\/springslawgroup.com\/es\/wp-json\/wp\/v2\/comments?post=16850"}],"version-history":[{"count":5,"href":"https:\/\/springslawgroup.com\/es\/wp-json\/wp\/v2\/pages\/16850\/revisions"}],"predecessor-version":[{"id":17145,"href":"https:\/\/springslawgroup.com\/es\/wp-json\/wp\/v2\/pages\/16850\/revisions\/17145"}],"up":[{"embeddable":true,"href":"https:\/\/springslawgroup.com\/es\/wp-json\/wp\/v2\/pages\/16692"}],"wp:attachment":[{"href":"https:\/\/springslawgroup.com\/es\/wp-json\/wp\/v2\/media?parent=16850"}],"wp:term":[{"taxonomy":"category","embeddable":true,"href":"https:\/\/springslawgroup.com\/es\/wp-json\/wp\/v2\/categories?post=16850"},{"taxonomy":"post_tag","embeddable":true,"href":"https:\/\/springslawgroup.com\/es\/wp-json\/wp\/v2\/tags?post=16850"}],"curies":[{"name":"wp","href":"https:\/\/api.w.org\/{rel}","templated":true}]}}