{"id":16849,"date":"2019-10-21T17:35:41","date_gmt":"2019-10-22T00:35:41","guid":{"rendered":"https:\/\/springs.flywheelstaging.com\/monument-abogado-de-lesiones-personales\/abogado-de-accidente-de-autobus-en-monument\/"},"modified":"2023-09-01T07:12:45","modified_gmt":"2023-09-01T14:12:45","slug":"abogado-de-accidente-de-autobus-en-monument","status":"publish","type":"page","link":"https:\/\/springslawgroup.com\/es\/monument-lesiones-personales\/abogado-de-accidente-de-autobus-en-monument\/","title":{"rendered":"Abogado especializado en accidentes de autob\u00fas de Monument"},"content":{"rendered":"<p>Los accidentes de autob\u00fas pueden provocar lesiones importantes a todos los implicados, incluso otros conductores, peatones y pasajeros. Sin embargo, es dif\u00edcil presentar una demanda por da\u00f1os y perjuicios por estos accidentes sin la ayuda de un <a href=\"https:\/\/springslawgroup.com\/es\/monument-lesiones-personales\/\">abogado especializado en lesiones personales<\/a>. Esto se debe a que puede haber m\u00faltiples partes responsables y matices jur\u00eddicos espec\u00edficos en estos casos. Un abogado especializado en accidentes de autob\u00fas de Monument podr\u00eda guiarle a lo largo de este complejo proceso si sufri\u00f3 lesiones en accidente de este tipo.<\/p>\n<h2>\u00bfQui\u00e9n ser\u00eda responsable en un accidente de autob\u00fas?<\/h2>\n<p>Los transportistas comunes son personas o empresas que transportan a otras personas o mercanc\u00edas. Las empresas de autobuses y sus conductores son transportistas comunes que tienen una responsabilidad ante los pasajeros y otras personas en la carretera. Si no cumplen esta obligaci\u00f3n legal y se producen lesiones, cualquiera de las partes puede ser responsable. Los accidentes de autob\u00fas pueden deberse a una combinaci\u00f3n de factores. Algunos incluyen los siguientes:<\/p>\n<ul>\n<li>Conductores de autob\u00fas imprudentes o distra\u00eddos<\/li>\n<li>Mantenimiento inadecuado de los autobuses<\/li>\n<li>Conductores de autob\u00fas intoxicados<\/li>\n<li>Mal clima<\/li>\n<li>Problemas de mantenimiento de las carreteras<\/li>\n<\/ul>\n<p>En algunos casos, la causa del accidente determina qui\u00e9n ser\u00eda responsable de los da\u00f1os. En los accidentes de autob\u00fas, puede haber m\u00e1s de una parte responsable de las lesiones del demandante.<\/p>\n<p>Adem\u00e1s del conductor del autob\u00fas y su empleador, otras posibles partes responsables pueden ser el fabricante del autob\u00fas, el propietario u otros automovilistas. Si en el choque se implic\u00f3 al transporte p\u00fablico, la culpa puede recaer en un municipio o agencia gubernamental. Un abogado especializado en accidentes de autob\u00fas de Monument podr\u00eda evaluar el caso de un individuo e identificar qu\u00e9 partes ser\u00edan responsables de los da\u00f1os.<\/p>\n<h2>Plazo legal para presentar una demanda<\/h2>\n<p>La ley estatal establece plazos para presentar una demanda judicial por lesiones. El <a href=\"https:\/\/advance.lexis.com\/documentpage\/?pdmfid=1000516&amp;crid=b125b706-beba-4b7b-9c08-e68f2f86e51c&amp;config=014FJAAyNGJkY2Y4Zi1mNjgyLTRkN2YtYmE4OS03NTYzNzYzOTg0OGEKAFBvZENhdGFsb2d592qv2Kywlf8caKqYROP5&amp;pddocfullpath=%2Fshared%2Fdocument%2Fstatutes-legislation%2Furn%3AcontentItem%3A5WX1-GDP0-004D-1065-00008-00&amp;pddocid=urn%3AcontentItem%3A5WX1-GDP0-004D-1065-00008-00&amp;pdcontentcomponentid=234176&amp;pdteaserkey=sr0&amp;pditab=allpods&amp;ecomp=h567kkk&amp;earg=sr0&amp;prid=b13be9a3-85f1-4b9b-92ba-6f3d0e870f97\" target=\"_blank\" rel=\"noopener\">art\u00edculo \u00a713-80-101 de los Estatutos Revisados de Colorado <\/a>establece un plazo de tres a\u00f1os para tomar acciones por lesiones personales tras accidentes automovil\u00edsticos, incluso de autobuses.<\/p>\n<p>Si un demandante se retrasa y no presenta su demanda antes del plazo legal, el tribunal puede desestimar su caso, lo que impedir\u00eda a la parte perjudicada cobrar cualquier indemnizaci\u00f3n econ\u00f3mica. Es importante tener en cuenta que pueden aplicarse algunas excepciones al plazo legal, especialmente si el demandado es un organismo gubernamental. Un abogado de Monument con experiencia litigando casos de accidentes de autob\u00fas podr\u00eda trabajar para asegurarse de que el demandante cumple con el estatuto de limitaciones.<\/p>\n<h2>L\u00edmite de da\u00f1os<\/h2>\n<p>La ley estatal establece un l\u00edmite a los da\u00f1os no econ\u00f3micos que una persona lesionada puede recibir tras un accidente de autob\u00fas. En virtud del <a href=\"https:\/\/advance.lexis.com\/documentpage\/?pdmfid=1000516&amp;crid=685dbff9-dc0f-4e77-872e-8c14dc753e50&amp;config=014FJAAyNGJkY2Y4Zi1mNjgyLTRkN2YtYmE4OS03NTYzNzYzOTg0OGEKAFBvZENhdGFsb2d592qv2Kywlf8caKqYROP5&amp;pddocfullpath=%2Fshared%2Fdocument%2Fstatutes-legislation%2Furn%3AcontentItem%3A5WX1-GDP0-004D-10BR-00008-00&amp;pddocid=urn%3AcontentItem%3A5WX1-GDP0-004D-10BR-00008-00&amp;pdcontentcomponentid=234176&amp;pdteaserkey=sr0&amp;pditab=allpods&amp;ecomp=h567kkk&amp;earg=sr0&amp;prid=7a8b77fc-c3af-4b2a-8bfe-275f00ac00fc\" target=\"_blank\" rel=\"noopener\">art\u00edculo 13-21-102.5 de los C.R.S.<\/a>, los da\u00f1os no econ\u00f3micos en casos de lesiones tienen un l\u00edmite de 250.000 d\u00f3lares. Sin embargo, un tribunal puede elevar este l\u00edmite a 500.000 d\u00f3lares si existen pruebas convincentes y claras que justifiquen este aumento. Un abogado con experiencia puede elaborar un argumento que justifique una indemnizaci\u00f3n adicional si el caso del demandante lo justifica.<\/p>\n<h2><strong>Consulte con un abogado especializado en accidentes de autob\u00fas de Monument <\/strong><\/h2>\n<p>Si sufri\u00f3 lesiones o da\u00f1os a la propiedad despu\u00e9s de un accidente, contacte a un abogado especializado en accidentes de autob\u00fas de Monument. Tanto si era otro motorista, pasajero o peat\u00f3n, podr\u00eda tener derecho a una compensaci\u00f3n econ\u00f3mica.<\/p>\n<p>Un abogado podr\u00eda esforzarse por demostrar la negligencia del conductor del autob\u00fas, as\u00ed como la conducta imprudente de cualquier otra parte responsable. Para obtener ayuda legal, llame hoy y <a href=\"https:\/\/springslawgroup.com\/es\/contacto\/\">programe una consulta de caso<\/a>.<\/p>\n","protected":false},"excerpt":{"rendered":"<p>Los accidentes de autob\u00fas pueden provocar lesiones importantes a todos los implicados, incluso otros conductores, peatones y pasajeros. Sin embargo,&nbsp;<a class=\"moretag\" href=\"https:\/\/springslawgroup.com\/es\/monument-lesiones-personales\/abogado-de-accidente-de-autobus-en-monument\/\"> Read More&#8230;<\/a><\/p>\n","protected":false},"author":32,"featured_media":0,"parent":16692,"menu_order":0,"comment_status":"closed","ping_status":"closed","template":"landingpage.php","meta":{"_acf_changed":false,"inline_featured_image":false,"footnotes":""},"categories":[],"tags":[],"class_list":["post-16849","page","type-page","status-publish","hentry"],"acf":{"key_takeaways":null,"_litigation_personal_injury_contents_new":{"_litigation_personal_injury_title_new":"","_litigation_personal_injury_discription_new":"","_litigation_personal_injury_discription_new_copy":"","_litigation_video_url_new":"","add_button":false},"_header_sub_header_content_new":null,"_litigation_frequently_asked_questions_new":null,"lawsuit_updates":null,"_litigation_related_posts_relation":null,"acf-references":""},"_links":{"self":[{"href":"https:\/\/springslawgroup.com\/es\/wp-json\/wp\/v2\/pages\/16849","targetHints":{"allow":["GET"]}}],"collection":[{"href":"https:\/\/springslawgroup.com\/es\/wp-json\/wp\/v2\/pages"}],"about":[{"href":"https:\/\/springslawgroup.com\/es\/wp-json\/wp\/v2\/types\/page"}],"author":[{"embeddable":true,"href":"https:\/\/springslawgroup.com\/es\/wp-json\/wp\/v2\/users\/32"}],"replies":[{"embeddable":true,"href":"https:\/\/springslawgroup.com\/es\/wp-json\/wp\/v2\/comments?post=16849"}],"version-history":[{"count":2,"href":"https:\/\/springslawgroup.com\/es\/wp-json\/wp\/v2\/pages\/16849\/revisions"}],"predecessor-version":[{"id":17143,"href":"https:\/\/springslawgroup.com\/es\/wp-json\/wp\/v2\/pages\/16849\/revisions\/17143"}],"up":[{"embeddable":true,"href":"https:\/\/springslawgroup.com\/es\/wp-json\/wp\/v2\/pages\/16692"}],"wp:attachment":[{"href":"https:\/\/springslawgroup.com\/es\/wp-json\/wp\/v2\/media?parent=16849"}],"wp:term":[{"taxonomy":"category","embeddable":true,"href":"https:\/\/springslawgroup.com\/es\/wp-json\/wp\/v2\/categories?post=16849"},{"taxonomy":"post_tag","embeddable":true,"href":"https:\/\/springslawgroup.com\/es\/wp-json\/wp\/v2\/tags?post=16849"}],"curies":[{"name":"wp","href":"https:\/\/api.w.org\/{rel}","templated":true}]}}