{"id":16848,"date":"2019-09-26T19:06:11","date_gmt":"2019-09-27T02:06:11","guid":{"rendered":"https:\/\/springs.flywheelstaging.com\/monument-abogado-de-lesiones-personales\/abogado-de-accidentes-de-bicicleta-en-monument\/"},"modified":"2023-09-01T07:12:45","modified_gmt":"2023-09-01T14:12:45","slug":"abogado-de-accidentes-de-bicicleta-en-monument","status":"publish","type":"page","link":"https:\/\/springslawgroup.com\/es\/monument-lesiones-personales\/abogado-de-accidentes-de-bicicleta-en-monument\/","title":{"rendered":"Abogado especializado en accidentes de bicicleta de Monument"},"content":{"rendered":"<p>Aunque la bicicleta puede ser un medio de transporte barato y divertido, los ciclistas deben ser conscientes de los peligros que implica circular por calles muy transitadas. Debido a su falta de protecci\u00f3n, los ciclistas pueden sufrir lesiones importantes o permanentes cuando chocan con un autom\u00f3vil.<\/p>\n<p>Si sufri\u00f3 da\u00f1os corporales en un accidente de bicicleta, un <a href=\"https:\/\/springslawgroup.com\/es\/monument-lesiones-personales\/\">abogado especializado en lesiones personales<\/a> podr\u00eda explicarle sus opciones legales. Si contrata a un abogado especializado en accidentes de bicicleta de Monument, tendr\u00e1 ayuda en el proceso de demanda y podr\u00eda maximizar sus da\u00f1os recuperables.<\/p>\n<h2>Atribuci\u00f3n de la responsabilidad en un caso de accidente de bicicleta<\/h2>\n<p>Para obtener una indemnizaci\u00f3n por un caso de accidente de bicicleta, el demandante y su abogado deben demostrar que la persona que conduc\u00eda el otro veh\u00edculo cometi\u00f3 una negligencia legal. La ley estatal considera que un acusado es negligente cuando un abogado especializado en accidentes de bicicleta de Monument puede establecer los siguientes elementos:<\/p>\n<ul>\n<li>Deber de diligencia<\/li>\n<li>Incumplimiento del deber de diligencia<\/li>\n<li>Causalidad<\/li>\n<li>Da\u00f1os y perjuicios<\/li>\n<\/ul>\n<h3>Deber de diligencia<\/h3>\n<p>La mayor\u00eda de las demandas civiles empiezan por establecer que el demandado deb\u00eda al demandante una obligaci\u00f3n de actuar de manera razonable. Como tales, todos los automovilistas tienen la obligaci\u00f3n legal de respetar todas las leyes de tr\u00e1fico y conducir con precauci\u00f3n. Los conductores que circulan por la carretera tienen este deber de diligencia con todo el mundo, incluso los ciclistas.<\/p>\n<h3>\u00bfQu\u00e9 implica incumplir el deber de diligencia?<\/h3>\n<p>El incumplimiento del deber de diligencia puede implicar cualquier acto negligente, imprudente o intencionado que provoque un accidente. Algunos ejemplos de mala conducta que pueden provocar un accidente de bicicleta son que un automovilista atropelle a un ciclista tras pasar un sem\u00e1foro en rojo o no ceder el paso. En estas situaciones, el automovilista infringi\u00f3 las leyes de tr\u00e1fico, lo que demuestra un incumplimiento de su deber de diligencia.<\/p>\n<h3>Causalidad y da\u00f1os<\/h3>\n<p>Causalidad significa que el demandante debe demostrar que sus lesiones fueron consecuencia directa del incumplimiento por parte del demandado de su deber de diligencia. Por lo tanto, un acusado no puede ser responsable de la mala conducta de otra persona. Adem\u00e1s, el demandante debe poder demostrar que sufri\u00f3 da\u00f1os y perjuicios. Los da\u00f1os por accidente de bicicleta pueden consistir en facturas m\u00e9dicas, p\u00e9rdida de salarios o gastos de reparaci\u00f3n de la bicicleta.<\/p>\n<h2>\u00bfCu\u00e1l es el plazo para presentar una demanda por accidente de bicicleta?<\/h2>\n<p>Seg\u00fan la ley estatal, un ciclista lesionado tiene dos a\u00f1os desde la fecha de su accidente para presentar su demanda por da\u00f1os y perjuicios. Si un demandante no cumple este plazo, podr\u00eda perder la oportunidad de reclamar una indemnizaci\u00f3n. Un abogado especializado en accidentes de bicicleta de Monument podr\u00eda trabajar para asegurarse de que el demandante cumpla con el estatuto de limitaciones. Para cumplir con este plazo, es esencial contratar a un <a href=\"\/\">abogado experimentado<\/a> lo antes posible.<\/p>\n<h2>Llame hoy a un abogado especializado en accidentes de bicicleta de Monument<\/h2>\n<p>Desde la investigaci\u00f3n de su demanda hasta llevar el caso a juicio, un abogado con experiencia podr\u00eda trabajar con usted para maximizar su recuperaci\u00f3n. Las demandas por accidentes de bicicleta pueden ser complejas, pero el asesoramiento jur\u00eddico adecuado podr\u00eda ayudarle a sacar el m\u00e1ximo partido de ella.<\/p>\n<p>Si sufri\u00f3 lesiones o da\u00f1os materiales por culpa de un conductor negligente, tiene derechos legales. P\u00f3ngase en contacto con un abogado especializado en accidentes de bicicleta de Monument para proteger sus derechos y sortear cualquier desaf\u00edo legal que pueda enfrentar. Para obtener m\u00e1s informaci\u00f3n, llame hoy y programe una consulta inicial con uno de nuestros abogados dedicados.<\/p>\n","protected":false},"excerpt":{"rendered":"<p>Aunque la bicicleta puede ser un medio de transporte barato y divertido, los ciclistas deben ser conscientes de los peligros&nbsp;<a class=\"moretag\" href=\"https:\/\/springslawgroup.com\/es\/monument-lesiones-personales\/abogado-de-accidentes-de-bicicleta-en-monument\/\"> Read More&#8230;<\/a><\/p>\n","protected":false},"author":32,"featured_media":0,"parent":16692,"menu_order":0,"comment_status":"closed","ping_status":"closed","template":"landingpage.php","meta":{"_acf_changed":false,"inline_featured_image":false,"footnotes":""},"categories":[],"tags":[],"class_list":["post-16848","page","type-page","status-publish","hentry"],"acf":{"key_takeaways":null,"_litigation_personal_injury_contents_new":{"_litigation_personal_injury_title_new":"","_litigation_personal_injury_discription_new":"","_litigation_personal_injury_discription_new_copy":"","_litigation_video_url_new":"","add_button":false},"_header_sub_header_content_new":null,"_litigation_frequently_asked_questions_new":null,"lawsuit_updates":null,"_litigation_related_posts_relation":null,"acf-references":""},"_links":{"self":[{"href":"https:\/\/springslawgroup.com\/es\/wp-json\/wp\/v2\/pages\/16848","targetHints":{"allow":["GET"]}}],"collection":[{"href":"https:\/\/springslawgroup.com\/es\/wp-json\/wp\/v2\/pages"}],"about":[{"href":"https:\/\/springslawgroup.com\/es\/wp-json\/wp\/v2\/types\/page"}],"author":[{"embeddable":true,"href":"https:\/\/springslawgroup.com\/es\/wp-json\/wp\/v2\/users\/32"}],"replies":[{"embeddable":true,"href":"https:\/\/springslawgroup.com\/es\/wp-json\/wp\/v2\/comments?post=16848"}],"version-history":[{"count":1,"href":"https:\/\/springslawgroup.com\/es\/wp-json\/wp\/v2\/pages\/16848\/revisions"}],"predecessor-version":[{"id":17141,"href":"https:\/\/springslawgroup.com\/es\/wp-json\/wp\/v2\/pages\/16848\/revisions\/17141"}],"up":[{"embeddable":true,"href":"https:\/\/springslawgroup.com\/es\/wp-json\/wp\/v2\/pages\/16692"}],"wp:attachment":[{"href":"https:\/\/springslawgroup.com\/es\/wp-json\/wp\/v2\/media?parent=16848"}],"wp:term":[{"taxonomy":"category","embeddable":true,"href":"https:\/\/springslawgroup.com\/es\/wp-json\/wp\/v2\/categories?post=16848"},{"taxonomy":"post_tag","embeddable":true,"href":"https:\/\/springslawgroup.com\/es\/wp-json\/wp\/v2\/tags?post=16848"}],"curies":[{"name":"wp","href":"https:\/\/api.w.org\/{rel}","templated":true}]}}