{"id":16846,"date":"2019-09-05T19:50:19","date_gmt":"2019-09-06T02:50:19","guid":{"rendered":"https:\/\/springs.flywheelstaging.com\/colorado-springs-co-abogado-de-lesiones-catastroficas-ayudando-a-las-victimas-a-buscar-compensacion\/abogado-de-lesiones-cerebrales-traumaticas-de-colorado-springs\/"},"modified":"2023-09-01T07:13:26","modified_gmt":"2023-09-01T14:13:26","slug":"abogado-de-lesiones-cerebrales-traumaticas-de-colorado-springs","status":"publish","type":"page","link":"https:\/\/springslawgroup.com\/es\/colorado-springs-co-abogado-de-lesiones-catastroficas-ayudando-a-las-victimas-a-buscar-compensacion\/abogado-de-lesiones-cerebrales-traumaticas-de-colorado-springs\/","title":{"rendered":"Abogado de Lesiones Cerebrales Traum\u00e1ticas de Colorado Springs"},"content":{"rendered":"<p>Aunque algunas lesiones cerebrales traum\u00e1ticas (LCT) pueden curarse por s\u00ed solas, otras pueden provocar afecciones de por vida que requieren un costoso tratamiento m\u00e9dico. Adem\u00e1s, algunas lesiones cerebrales traum\u00e1ticas pueden requerir un tiempo de recuperaci\u00f3n considerable, lo que hace que las personas lesionadas tengan que ausentarse mucho del trabajo y pierdan ingresos valiosos.<\/p>\n<p>Si ha sufrido un traumatismo craneoencef\u00e1lico en un accidente, hable con un <a href=\"https:\/\/springslawgroup.com\/es\/colorado-springs-co-abogado-de-lesiones-catastroficas-ayudando-a-las-victimas-a-buscar-compensacion\/\">abogado experto en lesiones catastr\u00f3ficas<\/a> para analizar sus opciones legales de indemnizaci\u00f3n. Una vez retenido, un abogado experto en lesiones cerebrales traum\u00e1ticas de Colorado Springs podr\u00eda trabajar para maximizar su indemnizaci\u00f3n compensatoria y responsabilizar a la persona negligente.<\/p>\n<h2>\u00bfCu\u00e1les son las Causas de las Lesiones Cerebrales Graves?<\/h2>\n<p>Una persona puede sufrir un traumatismo craneoencef\u00e1lico grave en diversos accidentes. Algunas de las causas m\u00e1s comunes de LCT que nuestros abogados locales han visto incluyen:<\/p>\n<ul>\n<li><a href=\"https:\/\/springslawgroup.com\/es\/colorado-springs-abogado-de-accidente-de-camion\/\">Accidentes<\/a> de camiones de 18 ruedas, camiones cisterna u otros camiones de gran tonelaje<\/li>\n<li>Accidentes de veh\u00edculos municipales, incluso con camiones de la basura o veh\u00edculos de emergencia<\/li>\n<li><a href=\"https:\/\/springslawgroup.com\/es\/colorado-springs-abogado-de-accidente-de-motocicleta\/\">Accidentes de motocicleta<\/a><\/li>\n<li><a href=\"https:\/\/springslawgroup.com\/es\/abogado-de-accidente-de-peatones-de-colorado-springs\/\">Peatones atropellados<\/a><\/li>\n<li>Colisiones de bicicletas<\/li>\n<li>Accidentes de furgonetas de reparto<\/li>\n<li>Vuelcos de todoterrenos<\/li>\n<li>Accidentes de veh\u00edculos de obras<\/li>\n<li>Cualquier otro tipo de <a href=\"https:\/\/springslawgroup.com\/es\/colorado-springs-car-accident-lawyer-5\/\">colisi\u00f3n de veh\u00edculos de<\/a> motor<\/li>\n<\/ul>\n<h2>Tipos de Traumatismo Craneoencef\u00e1lico<\/h2>\n<p>Al repasar un caso traum\u00e1tico de lesi\u00f3n cerebral, un abogado de Colorado Springs debe considerar el grado de lesiones del demandante. Comprender la gravedad de la lesi\u00f3n podr\u00eda ayudar a un <a href=\"\/\">representante<\/a> legal a identificar su causa y determinar el valor de la demanda.<\/p>\n<h3>Conmociones cerebrales<\/h3>\n<p>Una conmoci\u00f3n cerebral se produce cuando alguien se golpea la cabeza con fuerza suficiente para que el cerebro se agite dentro del cr\u00e1neo. Estas sacudidas provocan lesiones cerebrales. Las conmociones cerebrales pueden curarse por s\u00ed solas o provocar complicaciones permanentes en funci\u00f3n de su gravedad.<\/p>\n<h3>Contusiones Cerebrales<\/h3>\n<p>Una contusi\u00f3n cerebral puede producirse cuando un impacto repentino provoca una hemorragia bajo la superficie. Aunque los hematomas cerebrales pueden curarse por s\u00ed solos, en muchos casos son mortales si no se tratan.<\/p>\n<h3>Lesiones Cerebrales por Golpe y Contra Golpe<\/h3>\n<p>La lesi\u00f3n por golpe de contusi\u00f3n se produce tras un fuerte impacto contundente en la cabeza. Este impacto es lo suficientemente fuerte como para hacer que el cerebro se acelere r\u00e1pidamente contra el cr\u00e1neo. El resultado son dos lesiones: una en el punto de impacto del golpe original y la segunda donde el cerebro golpe\u00f3 el cr\u00e1neo.<\/p>\n<h3>Lesiones Axonales Difusas<\/h3>\n<p>Una lesi\u00f3n axonal difusa, o DAI, es similar a una conmoci\u00f3n cerebral en el sentido de que implica una sacudida violenta del cerebro. Sin embargo, estas lesiones pueden ser m\u00e1s graves que una conmoci\u00f3n cerebral. En un DAI, la sacudida es lo bastante intensa como para provocar la rotura o el desgarro del tejido conjuntivo del cerebro.<\/p>\n<h3>Lesiones Penetrantes<\/h3>\n<p>Aunque la mayor\u00eda de los traumatismos craneoencef\u00e1licos se producen por un impacto fuerte, otros pueden ser consecuencia de heridas penetrantes. En estas lesiones, un objeto perfora no s\u00f3lo el cr\u00e1neo, sino tambi\u00e9n el cerebro.<\/p>\n<h2>Negociar un Acuerdo<\/h2>\n<p>Aunque algunas demandas por lesiones cerebrales acaban en juicio, otras pueden resolverse entre las partes. Las negociaciones para llegar a un acuerdo pueden ser largas y producirse en cualquier momento del litigio. Durante estas conversaciones se requiere un asesoramiento jur\u00eddico experto para garantizar que el demandante reciba una oferta justa que cubra todas sus p\u00e9rdidas.<\/p>\n<p>Es importante se\u00f1alar que el demandante no est\u00e1 obligado a aceptar ninguna oferta de acuerdo. Deben, sin embargo, consultar con un abogado experimentado en <a href=\"https:\/\/springslawgroup.com\/es\/hypoxic-vs-anoxic-brain-injuries-2\/\">lesiones de cerebro<\/a> traum\u00e1ticas en Colorado Springs antes de aceptar o de negar cualquier oferta para asegurarse de que obtienen el mejor resultado posible.<\/p>\n<h2>Hable con un Abogado Especializado en Lesiones Cerebrales Traum\u00e1ticas de Colorado Springs<\/h2>\n<p>Una lesi\u00f3n cerebral puede tener un coste tremendo, tanto f\u00edsico como econ\u00f3mico. Aunque en algunos casos es posible recuperarse de un traumatismo craneoencef\u00e1lico, el proceso puede ser dif\u00edcil. Confiando su caso a un abogado de lesiones cerebrales traum\u00e1ticas de Colorado Springs, usted puede centrarse en su recuperaci\u00f3n. Para saber c\u00f3mo un abogado puede ayudarle, programe una consulta inicial hoy mismo.<\/p>\n","protected":false},"excerpt":{"rendered":"<p>Aunque algunas lesiones cerebrales traum\u00e1ticas (LCT) pueden curarse por s\u00ed solas, otras pueden provocar afecciones de por vida que requieren&nbsp;<a class=\"moretag\" href=\"https:\/\/springslawgroup.com\/es\/colorado-springs-co-abogado-de-lesiones-catastroficas-ayudando-a-las-victimas-a-buscar-compensacion\/abogado-de-lesiones-cerebrales-traumaticas-de-colorado-springs\/\"> Read More&#8230;<\/a><\/p>\n","protected":false},"author":32,"featured_media":0,"parent":16746,"menu_order":0,"comment_status":"closed","ping_status":"closed","template":"landingpage.php","meta":{"_acf_changed":false,"inline_featured_image":false,"footnotes":""},"categories":[],"tags":[],"class_list":["post-16846","page","type-page","status-publish","hentry"],"acf":{"key_takeaways":null,"_litigation_personal_injury_contents_new":{"_litigation_personal_injury_title_new":"","_litigation_personal_injury_discription_new":"","_litigation_personal_injury_discription_new_copy":"","_litigation_video_url_new":"","add_button":false},"_header_sub_header_content_new":null,"_litigation_frequently_asked_questions_new":null,"lawsuit_updates":null,"_litigation_related_posts_relation":null,"acf-references":""},"_links":{"self":[{"href":"https:\/\/springslawgroup.com\/es\/wp-json\/wp\/v2\/pages\/16846","targetHints":{"allow":["GET"]}}],"collection":[{"href":"https:\/\/springslawgroup.com\/es\/wp-json\/wp\/v2\/pages"}],"about":[{"href":"https:\/\/springslawgroup.com\/es\/wp-json\/wp\/v2\/types\/page"}],"author":[{"embeddable":true,"href":"https:\/\/springslawgroup.com\/es\/wp-json\/wp\/v2\/users\/32"}],"replies":[{"embeddable":true,"href":"https:\/\/springslawgroup.com\/es\/wp-json\/wp\/v2\/comments?post=16846"}],"version-history":[{"count":2,"href":"https:\/\/springslawgroup.com\/es\/wp-json\/wp\/v2\/pages\/16846\/revisions"}],"predecessor-version":[{"id":17758,"href":"https:\/\/springslawgroup.com\/es\/wp-json\/wp\/v2\/pages\/16846\/revisions\/17758"}],"up":[{"embeddable":true,"href":"https:\/\/springslawgroup.com\/es\/wp-json\/wp\/v2\/pages\/16746"}],"wp:attachment":[{"href":"https:\/\/springslawgroup.com\/es\/wp-json\/wp\/v2\/media?parent=16846"}],"wp:term":[{"taxonomy":"category","embeddable":true,"href":"https:\/\/springslawgroup.com\/es\/wp-json\/wp\/v2\/categories?post=16846"},{"taxonomy":"post_tag","embeddable":true,"href":"https:\/\/springslawgroup.com\/es\/wp-json\/wp\/v2\/tags?post=16846"}],"curies":[{"name":"wp","href":"https:\/\/api.w.org\/{rel}","templated":true}]}}