{"id":16845,"date":"2019-11-05T18:49:30","date_gmt":"2019-11-06T01:49:30","guid":{"rendered":"https:\/\/springs.flywheelstaging.com\/colorado-springs-co-abogado-de-lesiones-catastroficas-ayudando-a-las-victimas-a-buscar-compensacion\/abogado-de-lesiones-medulares-de-colorado-springs\/"},"modified":"2023-09-01T07:12:39","modified_gmt":"2023-09-01T14:12:39","slug":"abogado-de-lesiones-medulares-de-colorado-springs","status":"publish","type":"page","link":"https:\/\/springslawgroup.com\/es\/colorado-springs-co-abogado-de-lesiones-catastroficas-ayudando-a-las-victimas-a-buscar-compensacion\/abogado-de-lesiones-medulares-de-colorado-springs\/","title":{"rendered":"Abogado de Lesiones Medulares Catastr\u00f3ficas de Colorado Springs"},"content":{"rendered":"<p>La m\u00e9dula espinal es esencial para casi todas las funciones del cuerpo. Transmite las se\u00f1ales entre el cerebro y el resto del cuerpo, permiti\u00e9ndole realizar las actividades cotidianas. Cuando alguien se da\u00f1a la columna vertebral, puede obstruir estas se\u00f1ales o bloquearlas por completo, provocando <a href=\"https:\/\/springslawgroup.com\/es\/colorado-springs-co-abogado-de-lesiones-catastroficas-ayudando-a-las-victimas-a-buscar-compensacion\/abogado-de-lesiones-por-paralisis-de-colorado-springs\/\">par\u00e1lisis<\/a> en algunos casos. Una lesi\u00f3n medular puede acarrear complicaciones de salud de por vida y dificultar las tareas cotidianas.<\/p>\n<p>Si usted sufri\u00f3 una lesi\u00f3n en la columna vertebral por causas ajenas a su voluntad, podr\u00eda tener una demanda viable que deber\u00eda discutir con un <a href=\"https:\/\/springslawgroup.com\/es\/colorado-springs-co-abogado-de-lesiones-catastroficas-ayudando-a-las-victimas-a-buscar-compensacion\/\">abogado<\/a> experimentado. Un abogado de lesiones de la m\u00e9dula espinal de Colorado Springs podr\u00eda revisar su caso y orientarle sobre si su reclamo podr\u00eda dar lugar a una recuperaci\u00f3n monetaria.<\/p>\n<h2>Determinaci\u00f3n de la Gravedad de las Lesiones Medulares<\/h2>\n<p>Cuando se trata de da\u00f1os en la m\u00e9dula espinal, se utilizan varios m\u00e9todos para determinar la gravedad de las lesiones. Entendiendo la naturaleza de la lesi\u00f3n de la m\u00e9dula espinal del demandante, un abogado de Colorado Springs podr\u00eda hacer un caso para la remuneraci\u00f3n que cubre todas las p\u00e9rdidas actuales y futuras del partido da\u00f1ado.<\/p>\n<h2>Tipos de Lesiones Medulares<\/h2>\n<p>Aunque las formas en que la columna vertebral puede sufrir da\u00f1os son ilimitadas, estas lesiones suelen clasificarse en unas pocas categor\u00edas generales. Estas categor\u00edas se refieren a la parte de la columna vertebral que sufre el da\u00f1o. Algunos ejemplos de lesiones medulares pueden ser:<\/p>\n<p>&#8211; S\u00edndrome de la m\u00e9dula anterior: lesi\u00f3n de la porci\u00f3n frontal de la m\u00e9dula espinal.<br \/>\n&#8211; S\u00edndrome medular central: lesi\u00f3n de la parte interior y central de la m\u00e9dula.<br \/>\n&#8211; S\u00edndrome de Brown-Sequard: lesi\u00f3n de un lado de la m\u00e9dula espinal.<\/p>\n<h3>Lesi\u00f3n completa<\/h3>\n<p>Una lesi\u00f3n medular completa implica un da\u00f1o que secciona o destruye por completo una parte de la m\u00e9dula. Tras una lesi\u00f3n medular completa, no viajan se\u00f1ales del cerebro a la parte del cuerpo situada por debajo de la zona da\u00f1ada de la columna vertebral.<\/p>\n<p>Una incompleta conlleva un da\u00f1o parcial de la m\u00e9dula espinal. Esta lesi\u00f3n permite el paso de algunas se\u00f1ales entre el cerebro y el resto del cuerpo y limita el uso o la sensibilidad por debajo de la parte lesionada de la columna vertebral.<\/p>\n<h2>Da\u00f1os Recuperables<\/h2>\n<p>En estos casos, el demandante puede recuperar tanto las p\u00e9rdidas econ\u00f3micas como las emocionales. Los da\u00f1os econ\u00f3micos tienen un valor fijo que la parte perjudicada puede determinar mediante facturas, recibos o pruebas documentales. Las facturas m\u00e9dicas y los salarios perdidos son ejemplos comunes de da\u00f1os econ\u00f3micos.<\/p>\n<p>Los da\u00f1os no econ\u00f3micos son diferentes en el sentido de que no hay una forma sencilla de determinar su valor. Estos da\u00f1os incluyen la indemnizaci\u00f3n por el dolor y el sufrimiento, as\u00ed como la p\u00e9rdida de consorcio. Un abogado de Colorado Springs podr\u00eda evaluar un caso de lesi\u00f3n de la m\u00e9dula espinal e identificar los tipos de da\u00f1os que un demandante puede ser capaz de recuperar. Otros ejemplos de da\u00f1os indemnizables pueden ser:<\/p>\n<ul>\n<li>Disminuci\u00f3n de la capacidad de ganancia futura<\/li>\n<li>Incapacidad permanente<\/li>\n<li>Renovaci\u00f3n de viviendas<\/li>\n<li>P\u00e9rdida de apoyo conyugal<\/li>\n<li>P\u00e9rdida del disfrute de la vida<\/li>\n<\/ul>\n<h2>Hable con un Abogado de Lesiones de la M\u00e9dula Espinal de Colorado Springs<\/h2>\n<p>Una lesi\u00f3n medular puede cambiar tu vida para siempre. Sin embargo, gracias a los modernos avances tecnol\u00f3gicos, es posible limitar el impacto que este accidente tiene en su calidad de vida. Sin embargo, abordar su calidad de vida podr\u00eda salirle caro.<\/p>\n<p>Una demanda civil podr\u00eda proporcionarle una v\u00eda para recuperar una indemnizaci\u00f3n monetaria de la persona responsable de su lesi\u00f3n. Para discutir sus derechos y opciones legales, debe reunirse con uno de nuestros abogados dedicados en lesiones de la m\u00e9dula espinal de Colorado Springs hoy.<\/p>\n","protected":false},"excerpt":{"rendered":"<p>La m\u00e9dula espinal es esencial para casi todas las funciones del cuerpo. Transmite las se\u00f1ales entre el cerebro y el&nbsp;<a class=\"moretag\" href=\"https:\/\/springslawgroup.com\/es\/colorado-springs-co-abogado-de-lesiones-catastroficas-ayudando-a-las-victimas-a-buscar-compensacion\/abogado-de-lesiones-medulares-de-colorado-springs\/\"> Read More&#8230;<\/a><\/p>\n","protected":false},"author":32,"featured_media":0,"parent":16746,"menu_order":0,"comment_status":"closed","ping_status":"closed","template":"landingpage.php","meta":{"_acf_changed":false,"inline_featured_image":false,"footnotes":""},"categories":[],"tags":[],"class_list":["post-16845","page","type-page","status-publish","hentry"],"acf":{"key_takeaways":null,"_litigation_personal_injury_contents_new":{"_litigation_personal_injury_title_new":"","_litigation_personal_injury_discription_new":"","_litigation_personal_injury_discription_new_copy":"","_litigation_video_url_new":"","add_button":false},"_header_sub_header_content_new":null,"_litigation_frequently_asked_questions_new":null,"lawsuit_updates":null,"_litigation_related_posts_relation":null,"acf-references":""},"_links":{"self":[{"href":"https:\/\/springslawgroup.com\/es\/wp-json\/wp\/v2\/pages\/16845","targetHints":{"allow":["GET"]}}],"collection":[{"href":"https:\/\/springslawgroup.com\/es\/wp-json\/wp\/v2\/pages"}],"about":[{"href":"https:\/\/springslawgroup.com\/es\/wp-json\/wp\/v2\/types\/page"}],"author":[{"embeddable":true,"href":"https:\/\/springslawgroup.com\/es\/wp-json\/wp\/v2\/users\/32"}],"replies":[{"embeddable":true,"href":"https:\/\/springslawgroup.com\/es\/wp-json\/wp\/v2\/comments?post=16845"}],"version-history":[{"count":2,"href":"https:\/\/springslawgroup.com\/es\/wp-json\/wp\/v2\/pages\/16845\/revisions"}],"predecessor-version":[{"id":17736,"href":"https:\/\/springslawgroup.com\/es\/wp-json\/wp\/v2\/pages\/16845\/revisions\/17736"}],"up":[{"embeddable":true,"href":"https:\/\/springslawgroup.com\/es\/wp-json\/wp\/v2\/pages\/16746"}],"wp:attachment":[{"href":"https:\/\/springslawgroup.com\/es\/wp-json\/wp\/v2\/media?parent=16845"}],"wp:term":[{"taxonomy":"category","embeddable":true,"href":"https:\/\/springslawgroup.com\/es\/wp-json\/wp\/v2\/categories?post=16845"},{"taxonomy":"post_tag","embeddable":true,"href":"https:\/\/springslawgroup.com\/es\/wp-json\/wp\/v2\/tags?post=16845"}],"curies":[{"name":"wp","href":"https:\/\/api.w.org\/{rel}","templated":true}]}}