{"id":16844,"date":"2019-09-06T20:05:03","date_gmt":"2019-09-07T03:05:03","guid":{"rendered":"https:\/\/springs.flywheelstaging.com\/colorado-springs-co-abogado-de-lesiones-catastroficas-ayudando-a-las-victimas-a-buscar-compensacion\/abogado-de-lesiones-por-paralisis-de-colorado-springs\/"},"modified":"2023-09-01T07:12:39","modified_gmt":"2023-09-01T14:12:39","slug":"abogado-de-lesiones-por-paralisis-de-colorado-springs","status":"publish","type":"page","link":"https:\/\/springslawgroup.com\/es\/colorado-springs-co-abogado-de-lesiones-catastroficas-ayudando-a-las-victimas-a-buscar-compensacion\/abogado-de-lesiones-por-paralisis-de-colorado-springs\/","title":{"rendered":"Abogado de Lesiones por Par\u00e1lisis de Colorado Springs"},"content":{"rendered":"<p>Mientras que algunas formas de par\u00e1lisis pueden deberse a problemas gen\u00e9ticos u otras afecciones m\u00e9dicas, en otros casos la causa puede ser una lesi\u00f3n accidental. Si se qued\u00f3 paral\u00edtico tras un accidente, un <a href=\"https:\/\/springslawgroup.com\/es\/colorado-springs-co-abogado-de-lesiones-catastroficas-ayudando-a-las-victimas-a-buscar-compensacion\/\">abogado<\/a> experimentado podr\u00eda ayudarle a presentar una demanda civil por da\u00f1os y perjuicios. Un abogado de lesiones por par\u00e1lisis de Colorado Springs podr\u00eda revisar su caso y determinar cu\u00e1nto puede valer su demanda.<\/p>\n<h2>Tipos de Lesiones por Par\u00e1lisis<\/h2>\n<p>La gravedad de un accidente y la localizaci\u00f3n de la lesi\u00f3n dictan c\u00f3mo una persona puede perder el control de determinadas partes de su cuerpo. Adem\u00e1s, la forma en que la lesi\u00f3n de alguien afecta su vida puede tener un impacto significativo en la forma en que un abogado de accidentes de par\u00e1lisis de Colorado Springs trata un caso por da\u00f1os y perjuicios. Por ejemplo, algunas formas de inmovilizaci\u00f3n pueden dar lugar a una recuperaci\u00f3n completa y menos p\u00e9rdidas, mientras que otras pueden requerir cuidados m\u00e9dicos graves.<\/p>\n<h3>Monoplejia<\/h3>\n<p>La monoplej\u00eda consiste en la p\u00e9rdida de uso de una sola parte del cuerpo, como un brazo o una pierna. Este tipo de par\u00e1lisis suele estar relacionada con la par\u00e1lisis cerebral. Sin embargo, la monoplej\u00eda puede ser consecuencia de lesiones corporales que impliquen da\u00f1os o pinzamientos nerviosos, alteraciones de las neuronas motoras o <a href=\"https:\/\/springslawgroup.com\/es\/hypoxic-vs-anoxic-brain-injuries-2\/\">lesiones cerebrales<\/a>.<\/p>\n<h3>Hemiplejia<\/h3>\n<p>La hemiplejia afecta a las extremidades de un solo lado del cuerpo. Al igual que la monoplej\u00eda, esta forma de inmovilizaci\u00f3n puede tener su origen en una par\u00e1lisis cerebral. La hemiplejia tambi\u00e9n puede producirse por lesiones nerviosas o cerebrales. En muchos casos, esta forma de par\u00e1lisis aparece lentamente, empezando con hormigueo o entumecimiento.<\/p>\n<h3>Paraplej\u00eda<\/h3>\n<p>La paraplejia se produce cuando una persona pierde la capacidad de controlar sus extremidades y \u00f3rganos por debajo de la cintura. La paraplejia suele ser consecuencia de lesiones en el cuello o la espalda y puede ser permanente.<\/p>\n<h3>Tetraplejia<\/h3>\n<p>La forma m\u00e1s extensa de par\u00e1lisis, la tetraplejia, consiste en la p\u00e9rdida de sensibilidad o capacidad motora por debajo del cuello. La tetraplejia puede requerir la instalaci\u00f3n de equipos m\u00e9dicos en casa del paciente y cuidados a domicilio.<\/p>\n<h2>Culpa Compartida<\/h2>\n<p>En algunos casos, la parte lesionada puede ser responsable del accidente que caus\u00f3 su par\u00e1lisis. Seg\u00fan el art\u00edculo 13-21-111 de la Ley Revisada de Colorado, un demandante puede obtener una indemnizaci\u00f3n por da\u00f1os y perjuicios si su responsabilidad en el accidente es inferior al 49%. De lo contrario, la ley puede impedir que el perjudicado recupere su dinero. Es importante tener en cuenta que si alguien puede recibir una indemnizaci\u00f3n, el tribunal puede reducir la indemnizaci\u00f3n del demandante en proporci\u00f3n a su porcentaje de culpa.<\/p>\n<p>Por ejemplo, si un juez considera que un demandante lesionado tiene el 20% de la culpa de sus p\u00e9rdidas, puede recuperar el 80% de sus da\u00f1os. Un abogado de lesiones por par\u00e1lisis de Colorado Springs podr\u00eda evaluar el caso de un demandante y determinar si la culpa comparativa puede afectar su capacidad de recuperaci\u00f3n.<\/p>\n<h2>P\u00f3ngase en Contacto con un Abogado de Lesiones por Par\u00e1lisis de Colorado Springs<\/h2>\n<p>Tras quedar paral\u00edtico en un accidente, su vida puede cambiar dr\u00e1sticamente. Es posible que necesite tratamiento en el futuro y ayuda adicional a domicilio, lo que puede hacer que sus gastos m\u00e9dicos aumenten considerablemente. Para disminuir las cargas financieras que usted puede estar haciendo frente, contacte con un abogado experimentado en lesiones por par\u00e1lisis de Colorado Springs para recibir la ayuda necesaria para presentar una demanda por da\u00f1os.<\/p>\n<p>Un abogado experto podr\u00eda ayudarle a trav\u00e9s del proceso de litigio mientras usted se concentra en su recuperaci\u00f3n. <a href=\"https:\/\/springslawgroup.com\/es\/contacto\/\">Programe una consulta inicial<\/a> para comenzar con su caso hoy mismo.<\/p>\n","protected":false},"excerpt":{"rendered":"<p>Mientras que algunas formas de par\u00e1lisis pueden deberse a problemas gen\u00e9ticos u otras afecciones m\u00e9dicas, en otros casos la causa&nbsp;<a class=\"moretag\" href=\"https:\/\/springslawgroup.com\/es\/colorado-springs-co-abogado-de-lesiones-catastroficas-ayudando-a-las-victimas-a-buscar-compensacion\/abogado-de-lesiones-por-paralisis-de-colorado-springs\/\"> Read More&#8230;<\/a><\/p>\n","protected":false},"author":32,"featured_media":0,"parent":16746,"menu_order":0,"comment_status":"closed","ping_status":"closed","template":"landingpage.php","meta":{"_acf_changed":false,"inline_featured_image":false,"footnotes":""},"categories":[],"tags":[],"class_list":["post-16844","page","type-page","status-publish","hentry"],"acf":{"key_takeaways":null,"_litigation_personal_injury_contents_new":{"_litigation_personal_injury_title_new":"","_litigation_personal_injury_discription_new":"","_litigation_personal_injury_discription_new_copy":"","_litigation_video_url_new":"","add_button":false},"_header_sub_header_content_new":null,"_litigation_frequently_asked_questions_new":null,"lawsuit_updates":null,"_litigation_related_posts_relation":null,"acf-references":""},"_links":{"self":[{"href":"https:\/\/springslawgroup.com\/es\/wp-json\/wp\/v2\/pages\/16844","targetHints":{"allow":["GET"]}}],"collection":[{"href":"https:\/\/springslawgroup.com\/es\/wp-json\/wp\/v2\/pages"}],"about":[{"href":"https:\/\/springslawgroup.com\/es\/wp-json\/wp\/v2\/types\/page"}],"author":[{"embeddable":true,"href":"https:\/\/springslawgroup.com\/es\/wp-json\/wp\/v2\/users\/32"}],"replies":[{"embeddable":true,"href":"https:\/\/springslawgroup.com\/es\/wp-json\/wp\/v2\/comments?post=16844"}],"version-history":[{"count":1,"href":"https:\/\/springslawgroup.com\/es\/wp-json\/wp\/v2\/pages\/16844\/revisions"}],"predecessor-version":[{"id":17737,"href":"https:\/\/springslawgroup.com\/es\/wp-json\/wp\/v2\/pages\/16844\/revisions\/17737"}],"up":[{"embeddable":true,"href":"https:\/\/springslawgroup.com\/es\/wp-json\/wp\/v2\/pages\/16746"}],"wp:attachment":[{"href":"https:\/\/springslawgroup.com\/es\/wp-json\/wp\/v2\/media?parent=16844"}],"wp:term":[{"taxonomy":"category","embeddable":true,"href":"https:\/\/springslawgroup.com\/es\/wp-json\/wp\/v2\/categories?post=16844"},{"taxonomy":"post_tag","embeddable":true,"href":"https:\/\/springslawgroup.com\/es\/wp-json\/wp\/v2\/tags?post=16844"}],"curies":[{"name":"wp","href":"https:\/\/api.w.org\/{rel}","templated":true}]}}