{"id":16843,"date":"2019-09-05T19:02:53","date_gmt":"2019-09-06T02:02:53","guid":{"rendered":"https:\/\/springs.flywheelstaging.com\/colorado-springs-co-abogado-de-lesiones-catastroficas-ayudando-a-las-victimas-a-buscar-compensacion\/abogado-de-lesiones-por-quemaduras-de-colorado-springs\/"},"modified":"2023-09-01T07:12:40","modified_gmt":"2023-09-01T14:12:40","slug":"abogado-de-lesiones-por-quemaduras-de-colorado-springs","status":"publish","type":"page","link":"https:\/\/springslawgroup.com\/es\/colorado-springs-co-abogado-de-lesiones-catastroficas-ayudando-a-las-victimas-a-buscar-compensacion\/abogado-de-lesiones-por-quemaduras-de-colorado-springs\/","title":{"rendered":"Abogado de Lesiones por Quemaduras Catastr\u00f3ficas de Colorado Springs"},"content":{"rendered":"<p>Las quemaduras pueden producirse cuando una persona est\u00e1 expuesta a llamas abiertas, cables el\u00e9ctricos inseguros y productos qu\u00edmicos corrosivos peligrosos. Independientemente de la causa, estas graves lesiones relacionadas con el calor pueden acarrear toda una vida de cuidados m\u00e9dicos y cicatrices permanentes.<\/p>\n<p>Un <a href=\"https:\/\/springslawgroup.com\/es\/colorado-springs-co-abogado-de-lesiones-catastroficas-ayudando-a-las-victimas-a-buscar-compensacion\/\">abogado<\/a> experto puede ayudar a alguien que haya sufrido una lesi\u00f3n por quemadura a recuperar una indemnizaci\u00f3n monetaria de la parte responsable. Si usted recibi\u00f3 quemaduras significativas en un accidente causado por la negligencia de otra persona, contacte a un abogado de lesiones por quemaduras de Colorado Springs cuanto antes.<\/p>\n<h2>Tipos de Lesiones por Quemaduras<\/h2>\n<p>Los profesionales m\u00e9dicos clasifican las lesiones relacionadas con el calor en grados de gravedad. Las quemaduras leves, como las solares, pueden no tener consecuencias a largo plazo. Sin embargo, las quemaduras graves pueden requerir un tratamiento prolongado y atenci\u00f3n m\u00e9dica inmediata. Un abogado de Colorado Springs con experiencia en casos de lesiones por quemaduras podr\u00eda evaluar si el caso de un demandante puede valer la pena en funci\u00f3n de la gravedad de sus lesiones.<\/p>\n<h3>Quemaduras de Primer Grado<\/h3>\n<p>Las quemaduras de primer grado, tambi\u00e9n conocidas como lesiones superficiales, no son especialmente graves. Estas quemaduras implican principalmente enrojecimiento, hinchaz\u00f3n y malestar. Las quemaduras de primer grado se curan r\u00e1pidamente y no suelen tener efectos a largo plazo.<\/p>\n<h3>Quemaduras de Segundo Grado<\/h3>\n<p>Una quemadura de segundo grado puede implicar un dolor importante y puede durar m\u00e1s que las quemaduras superficiales. Adem\u00e1s de da\u00f1ar la capa m\u00e1s externa de la epidermis, estas lesiones relacionadas con el calor tambi\u00e9n afectan a algunas de las capas de la piel situadas por debajo de la superficie. Los s\u00edntomas comunes pueden incluir ampollas, enrojecimiento y dolor notable.<\/p>\n<h3>Quemaduras de Tercer Grado<\/h3>\n<p>Las quemaduras de tercer grado pueden tener efectos permanentes, como tejido cicatricial. Estas lesiones pueden da\u00f1ar la mayor parte de las capas de la piel, adem\u00e1s de destruir las terminaciones nerviosas. Estas quemaduras pueden provocar carbonizaci\u00f3n, ennegrecimiento de la piel y otras formas de desfiguraci\u00f3n.<\/p>\n<h3>Quemaduras de Cuarto Grado<\/h3>\n<p>Una quemadura de cuarto grado da\u00f1a algo m\u00e1s que la piel. Estas lesiones pueden destruir tambi\u00e9n el m\u00fasculo y el hueso que hay bajo la piel y requieren atenci\u00f3n m\u00e9dica inmediata, ya que pueden llegar a ser mortales.<\/p>\n<h2>Estatuto de Limitaciones<\/h2>\n<p>La ley de prescripci\u00f3n exige que una persona presente su demanda por da\u00f1os y perjuicios dentro de un plazo determinado. Este plazo legal tiene por objeto disuadir de que se produzcan grandes retrasos entre el momento en que se produce el da\u00f1o y la fecha en que el demandante presenta la demanda.<\/p>\n<p>El plazo de prescripci\u00f3n para un caso de lesiones por quemaduras es de dos a\u00f1os a partir de la fecha de su accidente, con algunas excepciones. Si un demandante presenta su demanda despu\u00e9s de que expire este plazo, el tribunal puede desestimar el caso definitivamente, y la parte perjudicada no podr\u00e1 obtener indemnizaci\u00f3n. Un abogado experimentado en lesiones por quemaduras de Colorado Springs podr\u00eda ayudar a la parte da\u00f1ada a cumplir con estos plazos legales importantes.<\/p>\n<h2>Contacte a un Abogado de Lesiones por Quemaduras de Colorado Springs<\/h2>\n<p>Debido a los efectos duraderos que pueden tener las lesiones graves relacionadas con el calor, los gastos de atenci\u00f3n m\u00e9dica pueden acumularse r\u00e1pidamente. Consecuentemente, si usted sufri\u00f3 quemaduras severas en un accidente, debe contactar con un abogado experimentado en lesiones por quemaduras de Colorado Springs para ayudarle a obtener una remuneraci\u00f3n monetaria para aliviar algo de las cargas financieras que debe tener. Para comenzar con su caso, <a href=\"https:\/\/springslawgroup.com\/es\/contacto\/\">llame<\/a> hoy para programar su consulta inicial gratuita.<\/p>\n","protected":false},"excerpt":{"rendered":"<p>Las quemaduras pueden producirse cuando una persona est\u00e1 expuesta a llamas abiertas, cables el\u00e9ctricos inseguros y productos qu\u00edmicos corrosivos peligrosos.&nbsp;<a class=\"moretag\" href=\"https:\/\/springslawgroup.com\/es\/colorado-springs-co-abogado-de-lesiones-catastroficas-ayudando-a-las-victimas-a-buscar-compensacion\/abogado-de-lesiones-por-quemaduras-de-colorado-springs\/\"> Read More&#8230;<\/a><\/p>\n","protected":false},"author":32,"featured_media":0,"parent":16746,"menu_order":0,"comment_status":"closed","ping_status":"closed","template":"landingpage.php","meta":{"_acf_changed":false,"inline_featured_image":false,"footnotes":""},"categories":[],"tags":[],"class_list":["post-16843","page","type-page","status-publish","hentry"],"acf":{"key_takeaways":null,"_litigation_personal_injury_contents_new":{"_litigation_personal_injury_title_new":"","_litigation_personal_injury_discription_new":"","_litigation_personal_injury_discription_new_copy":"","_litigation_video_url_new":"","add_button":false},"_header_sub_header_content_new":null,"_litigation_frequently_asked_questions_new":null,"lawsuit_updates":null,"_litigation_related_posts_relation":null,"acf-references":""},"_links":{"self":[{"href":"https:\/\/springslawgroup.com\/es\/wp-json\/wp\/v2\/pages\/16843","targetHints":{"allow":["GET"]}}],"collection":[{"href":"https:\/\/springslawgroup.com\/es\/wp-json\/wp\/v2\/pages"}],"about":[{"href":"https:\/\/springslawgroup.com\/es\/wp-json\/wp\/v2\/types\/page"}],"author":[{"embeddable":true,"href":"https:\/\/springslawgroup.com\/es\/wp-json\/wp\/v2\/users\/32"}],"replies":[{"embeddable":true,"href":"https:\/\/springslawgroup.com\/es\/wp-json\/wp\/v2\/comments?post=16843"}],"version-history":[{"count":2,"href":"https:\/\/springslawgroup.com\/es\/wp-json\/wp\/v2\/pages\/16843\/revisions"}],"predecessor-version":[{"id":17738,"href":"https:\/\/springslawgroup.com\/es\/wp-json\/wp\/v2\/pages\/16843\/revisions\/17738"}],"up":[{"embeddable":true,"href":"https:\/\/springslawgroup.com\/es\/wp-json\/wp\/v2\/pages\/16746"}],"wp:attachment":[{"href":"https:\/\/springslawgroup.com\/es\/wp-json\/wp\/v2\/media?parent=16843"}],"wp:term":[{"taxonomy":"category","embeddable":true,"href":"https:\/\/springslawgroup.com\/es\/wp-json\/wp\/v2\/categories?post=16843"},{"taxonomy":"post_tag","embeddable":true,"href":"https:\/\/springslawgroup.com\/es\/wp-json\/wp\/v2\/tags?post=16843"}],"curies":[{"name":"wp","href":"https:\/\/api.w.org\/{rel}","templated":true}]}}