{"id":16746,"date":"2019-09-04T17:54:27","date_gmt":"2019-09-05T00:54:27","guid":{"rendered":"https:\/\/springs.flywheelstaging.com\/colorado-springs-co-abogado-de-lesiones-catastroficas-ayudando-a-las-victimas-a-buscar-compensacion\/"},"modified":"2023-09-01T07:13:26","modified_gmt":"2023-09-01T14:13:26","slug":"colorado-springs-co-abogado-de-lesiones-catastroficas-ayudando-a-las-victimas-a-buscar-compensacion","status":"publish","type":"page","link":"https:\/\/springslawgroup.com\/es\/colorado-springs-co-abogado-de-lesiones-catastroficas-ayudando-a-las-victimas-a-buscar-compensacion\/","title":{"rendered":"Abogado especializado en lesiones catastr\u00f3ficas de Colorado Springs, CO, que ayuda a v\u00edctimas a obtener compensaci\u00f3n"},"content":{"rendered":"<p>Las lesiones catastr\u00f3ficas constituyen da\u00f1os corporales graves que pueden provocar discapacidades y afecciones a largo plazo o permanentes.<\/p>\n<p>Este tipo de lesiones puede afectar tanto a la vida de la v\u00edctima como a la de su familia. Cuidar de un familiar lesionado puede ser un compromiso serio que conlleva muchas cargas financieras.<\/p>\n<p>Afortunadamente, las personas que han sufrido lesiones corporales graves pueden solicitar una indemnizaci\u00f3n econ\u00f3mica con la ayuda de un abogado experto en lesiones personales. Si sufri\u00f3 p\u00e9rdidas significativas en un accidente devastador, un <a href=\"https:\/\/www.google.com\/maps?cid=14405082340285593325\" target=\"_blank\" rel=\"noopener\">abogado especializado en lesiones catastr\u00f3ficas de Colorado Springs<\/a> podr\u00eda asesorarle durante este tiempo dif\u00edcil.<\/p>\n<p>P\u00f3ngase en contacto con Springs Law Group en Colorado Springs hoy y programe su consulta gratuita y confidencial.<\/p>\n<h2><b>Causas comunes de lesiones corporales importantes<\/b><\/h2>\n<p>Las lesiones catastr\u00f3ficas pueden producirse en muchos tipos de accidentes desastrosos diferentes y pueden tener consecuencias que alteren la vida de una persona. Un abogado experimentado en lesiones catastr\u00f3ficas de Colorado Springs podr\u00eda revisar el caso de la parte da\u00f1ada y determinar si tienen constituye una demanda viable con base en la causa de sus p\u00e9rdidas.<\/p>\n<p>Algunas de las causas m\u00e1s comunes de lesiones catastr\u00f3ficas pueden ser las siguientes:<\/p>\n<ul>\n<li>Accidentes automovil\u00edsticos<\/li>\n<li>Accidentes de camiones<\/li>\n<li>Accidentes de moto<\/li>\n<li>Accidentes de bicicleta<\/li>\n<li>Incendios<\/li>\n<li>Delitos violentos<\/li>\n<li>Lesiones deportivas<\/li>\n<li>Resbalones y ca\u00eddas desde grandes alturas<\/li>\n<li>Bienes de consumo defectuosos<\/li>\n<\/ul>\n<h2><b>Tipos comunes de lesiones catastr\u00f3ficas<\/b><\/h2>\n<p>Las lesiones catastr\u00f3ficas son lesiones graves que alteran la vida de una persona y pueden generar un impacto significativo en su bienestar f\u00edsico y mental, as\u00ed como en su capacidad para trabajar y realizar actividades cotidianas.<\/p>\n<p>Algunos tipos comunes de lesiones catastr\u00f3ficas son los siguientes:<\/p>\n<ul>\n<li style=\"font-weight: 400;\" aria-level=\"1\"><b>Traumatismo enc\u00e9falo craneano<\/b><b> (TEC)<\/b><span style=\"font-weight: 400;\"> &#8211; Estas lesiones se producen cuando el cerebro se da\u00f1a a causa de un golpe o sacudida bruscos en la cabeza. Los TEC pueden causar discapacidad permanente, deterioro cognitivo y cambios emocionales.<\/span><\/li>\n<li style=\"font-weight: 400;\" aria-level=\"1\"><b>Lesiones medulares (LM)<\/b><span style=\"font-weight: 400;\">&#8211; Una LM puede provocar<\/span> <span style=\"font-weight: 400;\">par\u00e1lisis total o parcial,<\/span><span style=\"font-weight: 400;\">p\u00e9rdida de la sensibilidad y alteraci\u00f3n del control de esf\u00ednteres. Pueden producirse a causa de traumatismos o enfermedades.<\/span><\/li>\n<li style=\"font-weight: 400;\" aria-level=\"1\"><b>Amputaciones<\/b><span style=\"font-weight: 400;\"> &#8211; La p\u00e9rdida de un miembro puede tener un gran impacto en la vida de una persona, no solo a causa del dolor, sino tambi\u00e9n de la p\u00e9rdida de funcionalidad y problemas de salud mental.<\/span><\/li>\n<li style=\"font-weight: 400;\" aria-level=\"1\"><b>Quemaduras graves<\/b><span style=\"font-weight: 400;\"> &#8211; Las quemaduras pueden causar desfiguraci\u00f3n, cicatrices y lesiones nerviosas, as\u00ed como traumas psicol\u00f3gicos.<\/span><\/li>\n<li style=\"font-weight: 400;\" aria-level=\"1\"><b>Fracturas m\u00faltiples<\/b><span style=\"font-weight: 400;\"> &#8211; M\u00faltiples<\/span> <span style=\"font-weight: 400;\">fracturas \u00f3seas<\/span><span style=\"font-weight: 400;\"> pueden causar dolor cr\u00f3nico, movilidad reducida y discapacidad permanente.<\/span><\/li>\n<li style=\"font-weight: 400;\" aria-level=\"1\"><b>Da\u00f1os en los \u00f3rganos<\/b><span style=\"font-weight: 400;\"> &#8211; Los da\u00f1os en \u00f3rganos como el coraz\u00f3n, los pulmones o el h\u00edgado pueden causar problemas de salud a largo plazo o incluso la muerte.<\/span><\/li>\n<\/ul>\n<p><span style=\"font-weight: 400;\">Las lesiones catastr\u00f3ficas suelen requerir tratamiento m\u00e9dico y rehabilitaci\u00f3n a largo plazo, lo que puede resultar costoso. Si usted o un ser querido sufri\u00f3 una lesi\u00f3n catastr\u00f3fica debido a la negligencia de otra parte, es importante que consulte a un abogado especializado en lesiones personales para conocer sus opciones legales y buscar una compensaci\u00f3n por las p\u00e9rdidas que sufri\u00f3.<\/span><\/p>\n<h2><b>Determinaci\u00f3n de la negligencia<\/b><\/h2>\n<p>Las personas lesionadas en un accidente tienen la carga de la prueba en las demandas civiles. Esto significa que, en un caso de lesiones catastr\u00f3ficas y durante un juicio con jurado, un abogado de Colorado Springs solo puede recuperar la compensaci\u00f3n para la parte demandante si pueden demostrar que la parte acusada fue negligente.<\/p>\n<p>Para determinar la negligencia o demostrar la culpa, deben probarse los siguientes elementos:<\/p>\n<h3>Deber de diligencia<\/h3>\n<p>Para que la parte demandada est\u00e9 sujeta a una indemnizaci\u00f3n, debe haber tenido un deber legal con la parte demandante. Seg\u00fan la situaci\u00f3n, probar la existencia de este deber de diligencia puede ser dif\u00edcil.<\/p>\n<h3>Incumplimiento de una obligaci\u00f3n legal<\/h3>\n<p>Cuando la parte demandada incumple este deber de diligencia, puede tratarse de una conducta negligente, imprudente o intencionada. Si la parte demandante no puede demostrar que la parte demandada infringi\u00f3 este deber, quiz\u00e1s no pueda demostrar los dem\u00e1s elementos de negligencia.<\/p>\n<h3>Causalidad y da\u00f1os<\/h3>\n<p>Una vez que la parte demandante determina que la parte contraria incumpli\u00f3 su obligaci\u00f3n legal, debe demostrar que sus acciones, o falta de ellas, causaron directamente las lesiones de la parte demandante. Por lo tanto, la parte demandada no puede responsabilizarse de las lesiones causadas por otra persona o entidad.<\/p>\n<p>Adem\u00e1s, la parte perjudicada debe poder demostrar que sufri\u00f3 da\u00f1os y perjuicios. En un caso de lesiones catastr\u00f3ficas, los da\u00f1os pueden incluir facturas m\u00e9dicas, lucro cesante, incapacidad permanente o desfiguraci\u00f3n.<\/p>\n<h2><b>\u00bfC\u00f3mo puede ayudarme un abogado especializado en lesiones catastr\u00f3ficas de Colorado Springs?<\/b><\/h2>\n<p>Un abogado especializado en lesiones catastr\u00f3ficas de Colorado Springs puede brindar asesoramiento jur\u00eddico, estimar los da\u00f1os, negociar con las compa\u00f1\u00edas de seguros, representar al cliente ante los tribunales y ofrecer apoyo emocional. Tambi\u00e9n pueden ayudar al cliente a obtener una indemnizaci\u00f3n por da\u00f1os recuperables, como gastos m\u00e9dicos, p\u00e9rdida de salarios y otros costos relacionados.<\/p>\n<p>En Springs Law Group, podemos ayudarle con muchas \u00e1reas relacionadas con lesiones personales, que incluyen las siguientes:<\/p>\n<ul>\n<li style=\"font-weight: 400;\" aria-level=\"1\"><span style=\"font-weight: 400;\">Accidentes de bicicleta<\/span><\/li>\n<li style=\"font-weight: 400;\" aria-level=\"1\"><span style=\"font-weight: 400;\">Accidentes de autob\u00fas<\/span><\/li>\n<li style=\"font-weight: 400;\" aria-level=\"1\"><span style=\"font-weight: 400;\">Accidentes automovil\u00edsticos<\/span><\/li>\n<li style=\"font-weight: 400;\" aria-level=\"1\"><span style=\"font-weight: 400;\">Indemnizaciones<\/span><\/li>\n<li style=\"font-weight: 400;\" aria-level=\"1\"><span style=\"font-weight: 400;\">Accidentes de moto<\/span><\/li>\n<li style=\"font-weight: 400;\" aria-level=\"1\"><span style=\"font-weight: 400;\">Accidentes de peatones<\/span><\/li>\n<li style=\"font-weight: 400;\" aria-level=\"1\"><span style=\"font-weight: 400;\">Responsabilidad del local<\/span><\/li>\n<li style=\"font-weight: 400;\" aria-level=\"1\"><span style=\"font-weight: 400;\">Resbalones y ca\u00eddas<\/span><\/li>\n<li style=\"font-weight: 400;\" aria-level=\"1\"><span style=\"font-weight: 400;\">Accidentes de camiones<\/span><\/li>\n<li style=\"font-weight: 400;\" aria-level=\"1\"><span style=\"font-weight: 400;\">Muerte por negligencia<\/span><\/li>\n<\/ul>\n<h2><b>Contacte con un abogado especializado en lesiones catastr\u00f3ficas de Colorado Springs hoy<\/b><\/h2>\n<p>El impacto de una lesi\u00f3n catastr\u00f3fica puede durar muchos a\u00f1os despu\u00e9s de la fecha del accidente. Desde el dolor que sufre hasta las facturas m\u00e9dicas que se acumulan, estas consecuencias son m\u00e1s de lo que cualquier persona deber\u00eda tener que soportar tras un incidente grave.<\/p>\n<p>No tiene por qu\u00e9 pasar por este proceso sin acompa\u00f1amiento. Un abogado compasivo especializado en lesiones catastr\u00f3ficas de Colorado Springs podr\u00eda ayudarle a perseguir la remuneraci\u00f3n monetaria que merece.<\/p>\n<p>Para saber c\u00f3mo un abogado experimentado podr\u00eda ayudarle a responsabilizar a una parte negligente, llame hoy y <a href=\"https:\/\/springslawgroup.com\/es\/contacto\/\">programe una consulta<\/a>.<\/p>\n<h2><b>FAQ: Abogados especializados en lesiones personales de Colorado Springs<\/b><\/h2>\n<p><b>\u00bfCu\u00e1l es el plazo de prescripci\u00f3n para los casos de lesiones personales en Colorado?<\/b><\/p>\n<p>El plazo de prescripci\u00f3n para los casos de lesiones personales en Colorado es, por lo general, de dos a\u00f1os a partir de la fecha de la lesi\u00f3n. Sin embargo, puede haber excepciones, seg\u00fan las circunstancias del caso. Lo mejor es consultar con un abogado especializado en lesiones personales para comprender el plazo de prescripci\u00f3n que se aplica a su caso espec\u00edfico.<\/p>\n<p><b>\u00bfCu\u00e1les son posibles ejemplos de dolor y sufrimiento?<\/b><\/p>\n<p>El dolor y el sufrimiento en un caso de lesiones personales se refiere a la angustia f\u00edsica y emocional causada por la lesi\u00f3n. Los ejemplos pueden incluir dolor f\u00edsico, depresi\u00f3n, angustia mental, angustia emocional, p\u00e9rdida del disfrute de la vida y p\u00e9rdida de consorcio.<\/p>\n<p><b>\u00bfQu\u00e9 pruebas necesito para mi demanda por lesiones personales?<\/b><\/p>\n<p>Las pruebas que puede necesitar para una demanda por lesiones personales incluyen historiales m\u00e9dicos, informes policiales, declaraciones de testigos, fotograf\u00edas y videos del lugar del accidente, y cualquier otro documento pertinente que respalde su demanda. Es importante reunir pruebas lo antes posible tras la lesi\u00f3n para reforzar su caso. Un abogado especializado en lesiones personales puede ayudarle a reunir las pruebas necesarias y construir un caso s\u00f3lido en su nombre.<\/p>\n<p><script type=\"application\/ld+json\">\n{\n  \"@context\": \"https:\/\/schema.org\",\n  \"@type\": \"FAQPage\",\n  \"mainEntity\": [{\n    \"@type\": \"Question\",\n    \"name\": \"What is the statute of limitations for personal injury cases in Colorado?\",\n    \"acceptedAnswer\": {\n      \"@type\": \"Answer\",\n      \"text\": \"The statute of limitations for personal injury cases in Colorado is generally two years from the date of the injury. However, there may be exceptions depending on the circumstances of the case. It is best to consult with a personal injury lawyer to understand the statute of limitations that applies to your specific case.\"\n    }\n  },{\n    \"@type\": \"Question\",\n    \"name\": \"What are some examples of pain and suffering?\",\n    \"acceptedAnswer\": {\n      \"@type\": \"Answer\",\n      \"text\": \"Pain and suffering in a personal injury case refer to the physical and emotional distress caused by the injury. Examples may include physical pain, mental anguish, emotional distress, loss of enjoyment of life, and loss of consortium.\"\n    }\n  },{\n    \"@type\": \"Question\",\n    \"name\": \"What evidence do I need for my personal injury claim?\",\n    \"acceptedAnswer\": {\n      \"@type\": \"Answer\",\n      \"text\": \"Evidence that may be needed for a personal injury claim includes medical records, police reports, witness statements, photographs and videos of the accident scene, and any other relevant documents that support your claim. It is important to collect and preserve evidence as soon as possible after the injury to strengthen your case. A personal injury lawyer can help you gather the necessary evidence and build a strong case on your behalf.\"\n    }\n  }]\n}\n<\/script><\/p>\n","protected":false},"excerpt":{"rendered":"<p>Las lesiones catastr\u00f3ficas constituyen da\u00f1os corporales graves que pueden provocar discapacidades y afecciones a largo plazo o permanentes. Este tipo&nbsp;<a class=\"moretag\" href=\"https:\/\/springslawgroup.com\/es\/colorado-springs-co-abogado-de-lesiones-catastroficas-ayudando-a-las-victimas-a-buscar-compensacion\/\"> Read More&#8230;<\/a><\/p>\n","protected":false},"author":32,"featured_media":0,"parent":0,"menu_order":0,"comment_status":"closed","ping_status":"closed","template":"landingpage.php","meta":{"_acf_changed":false,"inline_featured_image":false,"footnotes":""},"categories":[],"tags":[],"class_list":["post-16746","page","type-page","status-publish","hentry"],"acf":{"key_takeaways":null,"_litigation_personal_injury_contents_new":{"_litigation_personal_injury_title_new":"","_litigation_personal_injury_discription_new":"","_litigation_personal_injury_discription_new_copy":"","_litigation_video_url_new":"","add_button":false},"_header_sub_header_content_new":null,"_litigation_frequently_asked_questions_new":null,"lawsuit_updates":null,"_litigation_related_posts_relation":null,"acf-references":""},"_links":{"self":[{"href":"https:\/\/springslawgroup.com\/es\/wp-json\/wp\/v2\/pages\/16746","targetHints":{"allow":["GET"]}}],"collection":[{"href":"https:\/\/springslawgroup.com\/es\/wp-json\/wp\/v2\/pages"}],"about":[{"href":"https:\/\/springslawgroup.com\/es\/wp-json\/wp\/v2\/types\/page"}],"author":[{"embeddable":true,"href":"https:\/\/springslawgroup.com\/es\/wp-json\/wp\/v2\/users\/32"}],"replies":[{"embeddable":true,"href":"https:\/\/springslawgroup.com\/es\/wp-json\/wp\/v2\/comments?post=16746"}],"version-history":[{"count":3,"href":"https:\/\/springslawgroup.com\/es\/wp-json\/wp\/v2\/pages\/16746\/revisions"}],"predecessor-version":[{"id":17308,"href":"https:\/\/springslawgroup.com\/es\/wp-json\/wp\/v2\/pages\/16746\/revisions\/17308"}],"wp:attachment":[{"href":"https:\/\/springslawgroup.com\/es\/wp-json\/wp\/v2\/media?parent=16746"}],"wp:term":[{"taxonomy":"category","embeddable":true,"href":"https:\/\/springslawgroup.com\/es\/wp-json\/wp\/v2\/categories?post=16746"},{"taxonomy":"post_tag","embeddable":true,"href":"https:\/\/springslawgroup.com\/es\/wp-json\/wp\/v2\/tags?post=16746"}],"curies":[{"name":"wp","href":"https:\/\/api.w.org\/{rel}","templated":true}]}}