{"id":16744,"date":"2019-11-22T15:07:40","date_gmt":"2019-11-22T22:07:40","guid":{"rendered":"https:\/\/springs.flywheelstaging.com\/colorado-springs-abogado-de-muerte-injusta\/comprension-de-los-casos-de-muerte-por-negligencia-de-colorado-springs\/"},"modified":"2023-10-20T13:50:42","modified_gmt":"2023-10-20T20:50:42","slug":"comprension-de-los-casos-de-muerte-por-negligencia-de-colorado-springs","status":"publish","type":"page","link":"https:\/\/springslawgroup.com\/es\/colorado-springs-abogado-de-muerte-injusta\/comprension-de-los-casos-de-muerte-por-negligencia-de-colorado-springs\/","title":{"rendered":"Comprensi\u00f3n de los Casos de Muerte por Negligencia de Colorado Springs"},"content":{"rendered":"<p>En Colorado Springs, la muerte por negligencia se produce cuando alguien muere debido a la conducta negligente de otra persona o acciones violentas intencionales. Las colisiones de autom\u00f3viles son algunas de las causas m\u00e1s comunes de accidentes mortales en el \u00e1rea de Colorado Springs. En estas situaciones, un familiar del fallecido puede tener derecho a emprender acciones legales. Aunque normalmente estas acciones pueden comenzar tras la revisi\u00f3n del testamento de una persona, otras situaciones pueden cambiar este proceso.<\/p>\n<p>Cuando una persona fallece sin testamento ni fideicomiso, se considera intestada. Estas leyes se aplicar\u00edan con respecto a c\u00f3mo gestionar el patrimonio de esa persona. Si se trata de un patrimonio importante, deber\u00e1 someterse a un proceso testamentario, que se rige por las leyes testamentarias estatales.<\/p>\n<p>Debido a que puede haber muchos matices legales y desaf\u00edos que surgen de estas demandas, usted debe buscar los servicios de un <a href=\"https:\/\/springslawgroup.com\/es\/colorado-springs-abogado-de-muerte-injusta\/\">abogado<\/a> experto si est\u00e1 buscando tomar acci\u00f3n despu\u00e9s de que su ser querido ha muerto. Para obtener ayuda entendiendo casos de muerte por negligencia en Colorado Springs, hable con un representante legal hoy.<\/p>\n<h2>\u00bfCu\u00e1les son las Complejidades Espec\u00edficas de las Acciones por Homicidio Culposo?<\/h2>\n<p>Es importante entender que las demandas por homicidio culposo en Colorado Springs no son casos criminales. Son casos de derecho civil dise\u00f1ados para obtener una compensaci\u00f3n monetaria por la p\u00e9rdida de una persona. Esta indemnizaci\u00f3n suele ir a parar a los familiares del fallecido. Los cargos penales son causas separadas tramitadas por el gobierno para castigar a alguien por infringir la ley.<\/p>\n<p>Estos <a href=\"https:\/\/springslawgroup.com\/es\/colorado-springs-abogado-de-muerte-injusta\/proceso-de-casos-de-muerte-por-negligencia-en-colorado-springs\/\">casos<\/a> son diferentes de otras demandas por lesiones personales porque la persona que sufri\u00f3 las lesiones ha fallecido. En otras situaciones, la persona perjudicada es la que interpone la demanda. En los casos de homicidio culposo, la demanda la presenta un familiar.<\/p>\n<p>Cada Estado tiene una legislaci\u00f3n diferente sobre homicidio culposo. Incluso dentro de Colorado Springs, cada jurisdicci\u00f3n tiene un tipo diferente de jurado, que se basa en los tipos de personas que viven en esa jurisdicci\u00f3n. Esta ciudad tiende a atraer a las comunidades m\u00e1s conservadoras. Los grupos pol\u00edticamente conservadores, como los veteranos y los ex militares, suelen formar parte de los jurados. Estas personas pueden considerar los da\u00f1os y p\u00e9rdidas sufridos por un familiar de forma diferente a otros grupos socioecon\u00f3micos.<\/p>\n<h2>\u00bfCu\u00e1l es el Plazo de Prescripci\u00f3n en los Casos de Muerte por Negligencia?<\/h2>\n<p>El plazo de prescripci\u00f3n es de dos a\u00f1os en un caso de muerte por negligencia. Sin embargo, en el primer a\u00f1o tras el fallecimiento, s\u00f3lo el c\u00f3nyuge legal del fallecido puede interponer una demanda por homicidio culposo, si estaban casados. Transcurrido este primer a\u00f1o, si el c\u00f3nyuge no ha interpuesto la demanda, los hijos del difunto podr\u00e1n presentarla en ese segundo a\u00f1o. Si la persona fallecida no estaba casada en el momento de su muerte, sus hijos pueden reclamar inmediatamente. Entender los varios plazos estatutarios para una demanda de muerte injusta de Colorado Springs puede ser dif\u00edcil sin un abogado experto. Por lo tanto, un demandante debe contratar a un abogado lo antes posible para asegurarse de que cumple el plazo de prescripci\u00f3n.<\/p>\n<h2>Negociaciones<\/h2>\n<p>La mayor\u00eda de los casos de homicidio culposo se resuelven extrajudicialmente. Cuando se resuelve un caso extrajudicialmente, los costes suelen ser mucho m\u00e1s bajos porque no es necesario incluir los honorarios de abogados y peritos, las deposiciones, los informes judiciales ni los gastos de transcripci\u00f3n. Un acuerdo judicial puede costar entre diez y quince veces m\u00e1s que un acuerdo extrajudicial.<\/p>\n<p>Adem\u00e1s, resolver extrajudicialmente un caso de muerte por negligencia puede tener beneficios psicol\u00f3gicos. Normalmente, cualquier tipo de pleito puede ser estresante. Sin embargo, con el estr\u00e9s a\u00f1adido de una familia en duelo, los efectos pueden ser mucho mayores. Los acuerdos extrajudiciales evitan el impacto psicol\u00f3gico de un proceso judicial largo y arduo.<\/p>\n<p>Si la compa\u00f1\u00eda de seguros no ofrece una cantidad justa, entonces puede ser mejor llevar la demanda a los tribunales. Sin embargo, esta decisi\u00f3n difiere de un caso a otro, y las compa\u00f1\u00edas de seguros pueden intentar pagar menos alegando culpa de la persona fallecida o que los <a href=\"https:\/\/springslawgroup.com\/es\/damages-2\/\">da\u00f1os<\/a> del demandante est\u00e1n sobrevalorados.<\/p>\n<p>Diferentes personas aplican diversos valores a la resoluci\u00f3n de un caso, por lo que corresponde a cada persona discutir con su abogado el mejor curso de acci\u00f3n. Un abogado con experiencia podr\u00eda ayudar a un demandante a determinar si un acuerdo es apropiado. Adem\u00e1s, estas demandas pueden implicar grandes sumas de dinero, por lo que es mejor contar con alguien en el equipo que tenga experiencia jur\u00eddica.<\/p>\n<h2>Costos Asociados a la Contrataci\u00f3n de un Abogado<\/h2>\n<p>Normalmente, los abogados cobran una cuota litis, que es un porcentaje de la cantidad total que recupera el demandante. Este porcentaje var\u00eda en funci\u00f3n de la pr\u00e1ctica del abogado y de los riesgos asociados a cada caso. La ventaja de los honorarios condicionales es que el demandante no tiene que pagarlos a medida que avanza el caso. Este porcentaje es el mismo independientemente del tiempo que dediquen al caso. Adem\u00e1s, este sistema permite al demandante evitar el pago de un anticipo.<\/p>\n<h2>Contacte a un Abogado para Recibir Ayuda Entendiendo las Demandas por Muerte por Negligencia en Colorado Springs<\/h2>\n<p>En esencia, estas demandas consisten en pedir una determinada indemnizaci\u00f3n por la p\u00e9rdida de un ser querido. Es comprensible que ninguna cantidad de dinero pueda reemplazar una vida humana, por lo que los seres queridos supervivientes sufren una enorme tensi\u00f3n durante este proceso.<\/p>\n<p>Necesitan un abogado que sea compasivo y comprensivo con los cambios en la vida personal del superviviente y que pueda asesorarles sobre c\u00f3mo gestionar todas las cuestiones relacionadas. Estos retos pueden incluir gastos funerarios, cuestiones testamentarias, testamentos, fideicomisos, asuntos patrimoniales y mucho m\u00e1s. Y lo que es m\u00e1s importante, los familiares en duelo necesitan un abogado considerado que les ayude a aliviar esa carga.<\/p>\n<p>Estos casos son \u00fanicos y diferentes de los casos generales de lesiones personales en muchos aspectos. Una persona necesita un abogado que entienda todos los entresijos de estos reclamos. Para obtener ayuda en la comprensi\u00f3n de los casos de muerte por negligencia de Colorado Springs, p\u00f3ngase en contacto con nuestros abogados compasivos hoy.<\/p>\n","protected":false},"excerpt":{"rendered":"<p>En Colorado Springs, la muerte por negligencia se produce cuando alguien muere debido a la conducta negligente de otra persona&nbsp;<a class=\"moretag\" href=\"https:\/\/springslawgroup.com\/es\/colorado-springs-abogado-de-muerte-injusta\/comprension-de-los-casos-de-muerte-por-negligencia-de-colorado-springs\/\"> Read More&#8230;<\/a><\/p>\n","protected":false},"author":32,"featured_media":0,"parent":16699,"menu_order":0,"comment_status":"closed","ping_status":"closed","template":"landingpage.php","meta":{"_acf_changed":false,"inline_featured_image":false,"footnotes":""},"categories":[],"tags":[],"class_list":["post-16744","page","type-page","status-publish","hentry"],"acf":{"key_takeaways":null,"_litigation_personal_injury_contents_new":{"_litigation_personal_injury_title_new":"","_litigation_personal_injury_discription_new":"","_litigation_personal_injury_discription_new_copy":"","_litigation_video_url_new":"","add_button":false},"_header_sub_header_content_new":null,"_litigation_frequently_asked_questions_new":null,"lawsuit_updates":null,"_litigation_related_posts_relation":null,"acf-references":""},"_links":{"self":[{"href":"https:\/\/springslawgroup.com\/es\/wp-json\/wp\/v2\/pages\/16744","targetHints":{"allow":["GET"]}}],"collection":[{"href":"https:\/\/springslawgroup.com\/es\/wp-json\/wp\/v2\/pages"}],"about":[{"href":"https:\/\/springslawgroup.com\/es\/wp-json\/wp\/v2\/types\/page"}],"author":[{"embeddable":true,"href":"https:\/\/springslawgroup.com\/es\/wp-json\/wp\/v2\/users\/32"}],"replies":[{"embeddable":true,"href":"https:\/\/springslawgroup.com\/es\/wp-json\/wp\/v2\/comments?post=16744"}],"version-history":[{"count":4,"href":"https:\/\/springslawgroup.com\/es\/wp-json\/wp\/v2\/pages\/16744\/revisions"}],"predecessor-version":[{"id":18019,"href":"https:\/\/springslawgroup.com\/es\/wp-json\/wp\/v2\/pages\/16744\/revisions\/18019"}],"up":[{"embeddable":true,"href":"https:\/\/springslawgroup.com\/es\/wp-json\/wp\/v2\/pages\/16699"}],"wp:attachment":[{"href":"https:\/\/springslawgroup.com\/es\/wp-json\/wp\/v2\/media?parent=16744"}],"wp:term":[{"taxonomy":"category","embeddable":true,"href":"https:\/\/springslawgroup.com\/es\/wp-json\/wp\/v2\/categories?post=16744"},{"taxonomy":"post_tag","embeddable":true,"href":"https:\/\/springslawgroup.com\/es\/wp-json\/wp\/v2\/tags?post=16744"}],"curies":[{"name":"wp","href":"https:\/\/api.w.org\/{rel}","templated":true}]}}