{"id":16743,"date":"2019-12-03T14:38:42","date_gmt":"2019-12-03T21:38:42","guid":{"rendered":"https:\/\/springs.flywheelstaging.com\/colorado-springs-abogado-de-muerte-injusta\/acciones-de-supervivencia-en-colorado-springs\/comprender-las-acciones-de-supervivencia-de-colorado-springs\/"},"modified":"2023-10-20T13:47:33","modified_gmt":"2023-10-20T20:47:33","slug":"comprender-las-acciones-de-supervivencia-de-colorado-springs","status":"publish","type":"page","link":"https:\/\/springslawgroup.com\/es\/colorado-springs-abogado-de-muerte-injusta\/acciones-de-supervivencia-en-colorado-springs\/comprender-las-acciones-de-supervivencia-de-colorado-springs\/","title":{"rendered":"Comprender las Acciones de Supervivencia de Colorado Springs"},"content":{"rendered":"<p>Las demandas por homicidio culposo y las acciones de supervivencia llevan un tiempo similar y suelen resolverse en el juzgado. Independientemente de la cantidad de tiempo que tome un caso, es importante contar con un abogado atento y dedicado a su lado durante todo el proceso. Un representante legal podr\u00eda explicarle los diferentes pasos legales y establecer qu\u00e9 da\u00f1os y perjuicios puede usted recuperar. Nuestros <a href=\"https:\/\/springslawgroup.com\/es\/colorado-springs-abogado-de-muerte-injusta\/acciones-de-supervivencia-en-colorado-springs\/\">abogados<\/a> experimentados podr\u00edan ayudarle a entender las acciones de supervivencia de Colorado Springs y su proceso legal.<\/p>\n<h2>Determinaci\u00f3n de la Responsabilidad en una Acci\u00f3n de Supervivencia<\/h2>\n<p>La comprensi\u00f3n de c\u00f3mo establecer la responsabilidad es una parte importante de las acciones de supervivencia en Colorado Springs. La responsabilidad en una acci\u00f3n de supervivencia se prueba del mismo modo que en un caso ordinario de lesiones personales. El abogado debe demostrar que:<\/p>\n<ul>\n<li>El demandado ten\u00eda un deber de diligencia<\/li>\n<li>Incumpli\u00f3 ese deber de diligencia<\/li>\n<li>Este incumplimiento del deber caus\u00f3 lesiones a otra persona<\/li>\n<li>Esas lesiones causaron al demandante da\u00f1os y perjuicios<\/li>\n<\/ul>\n<p>Por ejemplo, los automovilistas tienen el deber de mantener el control de sus veh\u00edculos. Si incumplen ese deber al perder el control de su veh\u00edculo y chocar con otro conductor, lo m\u00e1s probable es que esa colisi\u00f3n haya causado lesiones a esa persona. Por lo tanto, podr\u00eda decirse que el incumplimiento del deber por parte del demandado causa da\u00f1os a la otra persona.<\/p>\n<p>Puede producirse un accidente de supervivencia si fallece la persona lesionada en el accidente. Su sucesi\u00f3n es entonces responsable de demostrar que el demandado ten\u00eda un deber de diligencia, incumpli\u00f3 ese deber y ese incumplimiento caus\u00f3 la muerte del fallecido. Una vez probada la responsabilidad, la cuesti\u00f3n para el jurado o para la compa\u00f1\u00eda de seguros es c\u00f3mo calcular esos da\u00f1os y determinar la cantidad de dinero a la que tiene derecho la herencia.<\/p>\n<h2>Proceso judicial de la Acci\u00f3n de Supervivencia<\/h2>\n<p>Seg\u00fan el C\u00f3digo de Sucesiones estatal, se pagan primero todas las demandas contra la herencia de un difunto que hayan surgido antes de su fallecimiento y los gastos de funeral o cremaci\u00f3n. Si el difunto falleci\u00f3 despu\u00e9s de que se interpusiera una demanda en su contra, y luego fallece el demandante, esa acci\u00f3n quedar\u00e1 en suspenso hasta que se nombre a un Representante Personal.<\/p>\n<p>Las partes suelen decidir si una causa de supervivencia presentada por la sucesi\u00f3n de un difunto acabar\u00e1 en los tribunales. Por lo general, el representante de la sucesi\u00f3n se pone en contacto con la compa\u00f1\u00eda de seguros para avisarles de una posible demanda y, con un poco de suerte, negociar un acuerdo extrajudicial. Si esto no ocurre, la sucesi\u00f3n puede presentar una acci\u00f3n de supervivencia ante el tribunal competente.<\/p>\n<p>En todo momento, hasta la deliberaci\u00f3n del jurado inclusive, la compa\u00f1\u00eda de seguros y el representante de la herencia pueden llegar a un acuerdo. A menudo, la compa\u00f1\u00eda de seguros aguanta para ver lo que el demandante tiene por p\u00e9rdidas y lo comprensivo que es el jurado. Cuando parece que el jurado se inclina por el demandante, la compa\u00f1\u00eda de seguros puede hacer al patrimonio una oferta decente para llegar a un acuerdo.<\/p>\n<p>En algunas ocasiones, las partes llegan a un acuerdo en ese momento y, en otras, pueden llegar hasta el final. Un abogado con experiencia en acciones de supervivencia podr\u00eda asesorar a un representante de la propiedad sobre:<\/p>\n<ul>\n<li>C\u00f3mo es una buena oferta de convenio<\/li>\n<li>Lo que el patrimonio debe estar dispuesto a aceptar<\/li>\n<li>Cu\u00e1les son los costes y riesgos de los litigios<\/li>\n<li>Si quieren llegar a un acuerdo o ir a juicio.<\/li>\n<\/ul>\n<h2>Da\u00f1os Recuperables<\/h2>\n<p>En los reclamos de supervivencia en Colorado Springs, un demandante debe entender que el prop\u00f3sito de los <a href=\"https:\/\/springslawgroup.com\/es\/damages-2\/\">da\u00f1os monetarios<\/a> es compensar el patrimonio por las p\u00e9rdidas sufridas, y el dolor que el fallecido sufri\u00f3 antes de su muerte. Si una persona fallece despu\u00e9s del veredicto del jurado, pero antes de la sentencia, se pueden reclamar distintos tipos de da\u00f1os y perjuicios. En una acci\u00f3n de supervivencia, el demandante puede obtener una indemnizaci\u00f3n de:<\/p>\n<ul>\n<li>Los gastos m\u00e9dicos anteriores al fallecimiento de la persona.<\/li>\n<li>Facturas de ambulancia<\/li>\n<li>Gastos de hospitalizaci\u00f3n<\/li>\n<li>Gastos m\u00e9dicos<\/li>\n<li>Facturaci\u00f3n de servicios de urgencia<\/li>\n<li>Cualquier otro gasto anterior al fallecimiento de la persona.<\/li>\n<\/ul>\n<p>Estos son los tipos de da\u00f1os que el demandante puede tratar de recuperar porque el patrimonio es responsable de estas facturas m\u00e9dicas, y puede que necesite recibir una compensaci\u00f3n para poder pagarlas. El patrimonio del fallecido tambi\u00e9n puede recuperar los gastos de funeral o entierro. Los componentes de los costes funerarios dependen de si el difunto fue incinerado o enterrado y de si hubo o no velatorio en una funeraria.<\/p>\n<p>Un abogado con experiencia en homicidio culposo podr\u00eda esbozar las diversas categor\u00edas de da\u00f1os que un demandante puede ser capaz de recuperar y luego ayudar a reunir la documentaci\u00f3n justificativa para apoyar esas p\u00e9rdidas. Un abogado tambi\u00e9n podr\u00eda presentar su documentaci\u00f3n adecuadamente a la compa\u00f1\u00eda de seguros en las fases previas al juicio, o a un jurado, si fuera necesario.<\/p>\n<h2>Contacte a un abogado en Colorado Springs para Obtener Ayuda Lidiando con una Acci\u00f3n de Supervivencia<\/h2>\n<p>Una de las cosas m\u00e1s importantes que puede hacer un demandante es seguir las instrucciones de su abogado, y la cooperaci\u00f3n tambi\u00e9n es crucial. Un profesional del Derecho podr\u00eda describir al representante de la sucesi\u00f3n lo que hay que hacer para tramitar adecuadamente su acci\u00f3n de supervivencia. Adem\u00e1s, un abogado podr\u00eda reunir documentos que acrediten las lesiones sufridas por el difunto y los da\u00f1os y perjuicios reclamados por la sucesi\u00f3n del fallecido. Para obtener ayuda para entiender las acciones de supervivencia de Colorado Springs, contacte a nuestra firma y consiga la direcci\u00f3n y la ayuda que usted merece.<\/p>\n","protected":false},"excerpt":{"rendered":"<p>Las demandas por homicidio culposo y las acciones de supervivencia llevan un tiempo similar y suelen resolverse en el juzgado.&nbsp;<a class=\"moretag\" href=\"https:\/\/springslawgroup.com\/es\/colorado-springs-abogado-de-muerte-injusta\/acciones-de-supervivencia-en-colorado-springs\/comprender-las-acciones-de-supervivencia-de-colorado-springs\/\"> Read More&#8230;<\/a><\/p>\n","protected":false},"author":32,"featured_media":0,"parent":16741,"menu_order":0,"comment_status":"closed","ping_status":"closed","template":"landingpage.php","meta":{"_acf_changed":false,"inline_featured_image":false,"footnotes":""},"categories":[],"tags":[],"class_list":["post-16743","page","type-page","status-publish","hentry"],"acf":{"key_takeaways":null,"_litigation_personal_injury_contents_new":{"_litigation_personal_injury_title_new":"","_litigation_personal_injury_discription_new":"","_litigation_personal_injury_discription_new_copy":"","_litigation_video_url_new":"","add_button":false},"_header_sub_header_content_new":null,"_litigation_frequently_asked_questions_new":null,"lawsuit_updates":null,"_litigation_related_posts_relation":null,"acf-references":""},"_links":{"self":[{"href":"https:\/\/springslawgroup.com\/es\/wp-json\/wp\/v2\/pages\/16743","targetHints":{"allow":["GET"]}}],"collection":[{"href":"https:\/\/springslawgroup.com\/es\/wp-json\/wp\/v2\/pages"}],"about":[{"href":"https:\/\/springslawgroup.com\/es\/wp-json\/wp\/v2\/types\/page"}],"author":[{"embeddable":true,"href":"https:\/\/springslawgroup.com\/es\/wp-json\/wp\/v2\/users\/32"}],"replies":[{"embeddable":true,"href":"https:\/\/springslawgroup.com\/es\/wp-json\/wp\/v2\/comments?post=16743"}],"version-history":[{"count":3,"href":"https:\/\/springslawgroup.com\/es\/wp-json\/wp\/v2\/pages\/16743\/revisions"}],"predecessor-version":[{"id":18014,"href":"https:\/\/springslawgroup.com\/es\/wp-json\/wp\/v2\/pages\/16743\/revisions\/18014"}],"up":[{"embeddable":true,"href":"https:\/\/springslawgroup.com\/es\/wp-json\/wp\/v2\/pages\/16741"}],"wp:attachment":[{"href":"https:\/\/springslawgroup.com\/es\/wp-json\/wp\/v2\/media?parent=16743"}],"wp:term":[{"taxonomy":"category","embeddable":true,"href":"https:\/\/springslawgroup.com\/es\/wp-json\/wp\/v2\/categories?post=16743"},{"taxonomy":"post_tag","embeddable":true,"href":"https:\/\/springslawgroup.com\/es\/wp-json\/wp\/v2\/tags?post=16743"}],"curies":[{"name":"wp","href":"https:\/\/api.w.org\/{rel}","templated":true}]}}