{"id":16741,"date":"2019-11-21T14:49:06","date_gmt":"2019-11-21T21:49:06","guid":{"rendered":"https:\/\/springs.flywheelstaging.com\/colorado-springs-abogado-de-muerte-injusta\/acciones-de-supervivencia-en-colorado-springs\/"},"modified":"2023-10-20T14:14:14","modified_gmt":"2023-10-20T21:14:14","slug":"acciones-de-supervivencia-en-colorado-springs","status":"publish","type":"page","link":"https:\/\/springslawgroup.com\/es\/colorado-springs-abogado-de-muerte-injusta\/acciones-de-supervivencia-en-colorado-springs\/","title":{"rendered":"Acciones de Supervivencia en Colorado Springs"},"content":{"rendered":"<p>Para las acciones de supervivencia en Colorado Springs, los miembros de la familia pueden presentar una demanda en nombre de un individuo fallecido por las p\u00e9rdidas que sufrieron en su accidente fatal. Esto significa que un accidente que cause la muerte de una persona puede dar lugar a una acci\u00f3n de supervivencia viable, pero no se desencadena por el fallecimiento de la persona. En una acci\u00f3n de supervivencia, el patrimonio del fallecido es el beneficiario en la que se busca recuperar las p\u00e9rdidas reales sufridas antes de la muerte de la persona.<\/p>\n<p>Otra posibilidad es que los familiares presenten una demanda por homicidio culposo contra un infractor por las p\u00e9rdidas sufridas a consecuencia de la muerte de su ser querido. Estos da\u00f1os pueden incluir la p\u00e9rdida actual y futura de ingresos, el reembolso de los gastos m\u00e9dicos desde la fecha de la lesi\u00f3n hasta su muerte, los gastos funerarios, la p\u00e9rdida de compa\u00f1\u00eda para la familia y el dolor y sufrimiento del difunto desde el momento de la lesi\u00f3n hasta su muerte.<\/p>\n<p>En un asunto como \u00e9ste, los posibles demandantes deben ponerse en contacto con un <a href=\"https:\/\/springslawgroup.com\/es\/colorado-springs-abogado-de-muerte-injusta\/\">abogado<\/a> con experiencia, ya que podr\u00eda haber distintas personas reclamando en el marco de la acci\u00f3n de supervivencia y del caso de homicidio culposo.<\/p>\n<h2>Nombramiento de un Representante de la Herencia<\/h2>\n<p>Cuando una persona fallece sin testamento, se habla de muerte intestada. Las leyes de sucesi\u00f3n intestada del Estado determinan qui\u00e9n puede representar a la sucesi\u00f3n en un caso. Un familiar puede solicitar al tribunal que se le nombre administrador de la herencia. Al hacerlo, se enumeran todos los familiares directos junto con sus direcciones y n\u00fameros de contacto. A continuaci\u00f3n, un tribunal celebra una breve vista para nombrar a alguien representante personal de la herencia. El Representante Personal ejerce sus funciones a discreci\u00f3n del tribunal y est\u00e1 obligado a preparar peri\u00f3dicamente determinados documentos para presentarlos.<\/p>\n<h2>Da\u00f1os y Perjuicios en las Acciones de Supervivencia<\/h2>\n<p>En Colorado Springs, una persona no puede presentar reclamos por da\u00f1os no econ\u00f3micos o punitivos contra alguien en una acci\u00f3n de supervivencia. En cambio, s\u00f3lo se pueden recuperar los ingresos y gastos perdidos que se hayan producido o sufrido antes del fallecimiento de la persona lesionada, con la notable excepci\u00f3n de los gastos funerarios.<\/p>\n<p>Los demandantes tambi\u00e9n pueden tener derecho a recuperar el tiempo perdido antes del fallecimiento, as\u00ed como la p\u00e9rdida de la capacidad de ganancia anterior al fallecimiento. En general, un demandante no puede recuperar ninguna <a href=\"https:\/\/springslawgroup.com\/es\/damages-2\/\">indemnizaci\u00f3n<\/a> tras la muerte de alguien.<\/p>\n<p>Sin embargo, una excepci\u00f3n es si la persona que sufri\u00f3 las lesiones muere despu\u00e9s del veredicto del jurado, pero antes de que el caso entre en juicio, es posible que pueda recuperar los da\u00f1os no econ\u00f3micos y punitivos porque ya recibi\u00f3 una indemnizaci\u00f3n por parte del jurado. Las demandas por da\u00f1os punitivos no pueden recuperarse de una herencia porque est\u00e1n concebidas para castigar. Si el culpable muri\u00f3 en el accidente, la ley no castiga a sus herederos.<\/p>\n<p>Las pruebas que podr\u00edan reunirse para calcular los da\u00f1os de una demanda por supervivencia son las mismas que en cualquier otro caso de lesiones personales, como facturas e historiales m\u00e9dicos. Son necesarios para demostrar que los gastos fueron razonables y estuvieron relacionados con el accidente. Los salarios perdidos y los gastos funerarios deben probarse documentalmente, al igual que en una demanda civil tradicional.<\/p>\n<h2>Aspectos \u00danicos de las Acciones de Supervivencia<\/h2>\n<p>En virtud de la legislaci\u00f3n estatal y del C\u00f3digo Sucesorio, todas las demandas contra la herencia de un difunto ser\u00edan una acci\u00f3n de supervivencia. Prescriben todas las demandas que hayan surgido contra el fallecido antes de su muerte, a menos que se presenten a la sucesi\u00f3n en el plazo de cuatro meses a partir de la fecha de la primera publicaci\u00f3n del aviso a los acreedores, o no se presenten en el plazo de un a\u00f1o tras el fallecimiento de esa persona.<\/p>\n<p>Sin embargo, si el difunto ten\u00eda un seguro de responsabilidad civil, esto puede constituir una excepci\u00f3n a las limitaciones temporales. Si una persona interpone una demanda y fallece mientras la demanda est\u00e1 pendiente, el tribunal puede adelantar el caso. Existen otras limitaciones temporales cr\u00edticas, por lo que los reclamantes de una herencia deben consultar a un abogado para obtener m\u00e1s informaci\u00f3n.<\/p>\n<p>Pueden aplicarse otras normas cuando surge una demanda antes del fallecimiento de una persona, pero no se ha presentado ninguna demanda. Por ejemplo, un demandante puede tener que presentar esta demanda ante el tribunal en el que se nombra al representante personal, como el Tribunal Sucesorio. Si se presenta en otros condados, puede ser el Tribunal de Distrito. Una vez iniciada la acci\u00f3n de supervivencia, va a ser similar a una demanda por da\u00f1os personales, y el caso necesita pruebas que demuestren sus da\u00f1os.<\/p>\n<h2>Consulte a un Abogado de Colorado Springs sobre Acciones de Supervivencia<\/h2>\n<p>Cuando fallece un familiar o un ser querido, siempre es un momento extremadamente emotivo y devastador. Contar con un abogado con experiencia que pueda decir a la familia lo que tiene que hacer, y que pueda ocuparse de esas cosas por ellos tiene un valor incalculable. Durante este tiempo, es posible que los familiares no puedan pensar con claridad durante el proceso.<\/p>\n<p>Un abogado experimentado podr\u00eda ayudarles a navegar alrededor de las trampas y de las complejidades de la interacci\u00f3n entre las acciones de la supervivencia en Colorado Springs, las acciones il\u00edcitas de la muerte, las varias limitaciones de tiempo, y los requisitos de la corte de legalizaci\u00f3n de un testamento. Si necesita asistencia jur\u00eddica tras el fallecimiento de un familiar, llame hoy mismo a nuestro atento y compasivo equipo.<\/p>\n","protected":false},"excerpt":{"rendered":"<p>Para las acciones de supervivencia en Colorado Springs, los miembros de la familia pueden presentar una demanda en nombre de&nbsp;<a class=\"moretag\" href=\"https:\/\/springslawgroup.com\/es\/colorado-springs-abogado-de-muerte-injusta\/acciones-de-supervivencia-en-colorado-springs\/\"> Read More&#8230;<\/a><\/p>\n","protected":false},"author":32,"featured_media":0,"parent":16699,"menu_order":0,"comment_status":"closed","ping_status":"closed","template":"landingpage.php","meta":{"_acf_changed":false,"inline_featured_image":false,"footnotes":""},"categories":[],"tags":[],"class_list":["post-16741","page","type-page","status-publish","hentry"],"acf":{"key_takeaways":null,"_litigation_personal_injury_contents_new":{"_litigation_personal_injury_title_new":"","_litigation_personal_injury_discription_new":"","_litigation_personal_injury_discription_new_copy":"","_litigation_video_url_new":"","add_button":false},"_header_sub_header_content_new":null,"_litigation_frequently_asked_questions_new":null,"lawsuit_updates":null,"_litigation_related_posts_relation":null,"acf-references":""},"_links":{"self":[{"href":"https:\/\/springslawgroup.com\/es\/wp-json\/wp\/v2\/pages\/16741","targetHints":{"allow":["GET"]}}],"collection":[{"href":"https:\/\/springslawgroup.com\/es\/wp-json\/wp\/v2\/pages"}],"about":[{"href":"https:\/\/springslawgroup.com\/es\/wp-json\/wp\/v2\/types\/page"}],"author":[{"embeddable":true,"href":"https:\/\/springslawgroup.com\/es\/wp-json\/wp\/v2\/users\/32"}],"replies":[{"embeddable":true,"href":"https:\/\/springslawgroup.com\/es\/wp-json\/wp\/v2\/comments?post=16741"}],"version-history":[{"count":2,"href":"https:\/\/springslawgroup.com\/es\/wp-json\/wp\/v2\/pages\/16741\/revisions"}],"predecessor-version":[{"id":18054,"href":"https:\/\/springslawgroup.com\/es\/wp-json\/wp\/v2\/pages\/16741\/revisions\/18054"}],"up":[{"embeddable":true,"href":"https:\/\/springslawgroup.com\/es\/wp-json\/wp\/v2\/pages\/16699"}],"wp:attachment":[{"href":"https:\/\/springslawgroup.com\/es\/wp-json\/wp\/v2\/media?parent=16741"}],"wp:term":[{"taxonomy":"category","embeddable":true,"href":"https:\/\/springslawgroup.com\/es\/wp-json\/wp\/v2\/categories?post=16741"},{"taxonomy":"post_tag","embeddable":true,"href":"https:\/\/springslawgroup.com\/es\/wp-json\/wp\/v2\/tags?post=16741"}],"curies":[{"name":"wp","href":"https:\/\/api.w.org\/{rel}","templated":true}]}}