{"id":16739,"date":"2019-11-20T14:09:07","date_gmt":"2019-11-20T21:09:07","guid":{"rendered":"https:\/\/springs.flywheelstaging.com\/colorado-springs-abogado-de-muerte-injusta\/accidentes-de-coche-fatales-en-colorado-springs\/"},"modified":"2023-10-20T14:17:54","modified_gmt":"2023-10-20T21:17:54","slug":"accidentes-de-coche-fatales-en-colorado-springs","status":"publish","type":"page","link":"https:\/\/springslawgroup.com\/es\/colorado-springs-abogado-de-muerte-injusta\/accidentes-de-coche-fatales-en-colorado-springs\/","title":{"rendered":"Accidentes de Coche Fatales en Colorado Springs"},"content":{"rendered":"<p>Para que un caso de <a href=\"https:\/\/springslawgroup.com\/es\/colorado-springs-car-accident-lawyer-5\/\">accidente automovil\u00edstico<\/a> en Colorado Springs se convierta en un reclamo por muerte por negligencia, el patrimonio debe probar que la persona que caus\u00f3 el accidente tambi\u00e9n caus\u00f3 la muerte de alguien. En otras palabras, el demandante debe demostrar que el demandado incumpli\u00f3 su deber de diligencia y que ese incumplimiento caus\u00f3 la muerte de otra persona.<\/p>\n<p>Como resultado, las acciones legales por accidentes automovil\u00edsticos fatales en Colorado Springs pueden ser dif\u00edciles de manejar sin un <a href=\"https:\/\/springslawgroup.com\/es\/colorado-springs-abogado-de-muerte-injusta\/\">abogado<\/a> bien preparado. Nuestro equipo jur\u00eddico puede ayudarle a usted y a sus seres queridos si un familiar ha fallecido en un accidente de tr\u00e1fico.<\/p>\n<h2>Probar un Reclamo<\/h2>\n<p>Un individuo no tiene que morir inmediatamente despu\u00e9s de un accidente de coche para para presentar una demanda por muerte injusta en Colorado Springs. Siempre que puedan demostrar que el accidente caus\u00f3 lesiones corporales al fallecido y que \u00e9ste sucumbi\u00f3 a dichas lesiones, deber\u00edan poder probar su caso de indemnizaci\u00f3n por da\u00f1os y perjuicios. Sin embargo, deben poder demostrar que la persona no habr\u00eda muerto de no ser por la negligencia de la parte culpable.<\/p>\n<h2>\u00bfC\u00f3mo se Produce un Accidente de Tr\u00e1fico Mortal?<\/h2>\n<p>Gracias a la tecnolog\u00eda de seguridad de los coches de hoy en d\u00eda, algunos accidentes no son mortales. Para que un accidente de coche resulte mortal, suelen intervenir altas velocidades u otras condiciones peligrosas.<\/p>\n<p>Por ese motivo, la mayor\u00eda de los accidentes mortales de veh\u00edculos de motor se producen en autopistas y autov\u00edas o en carreteras de monta\u00f1a, donde alguien pierde el control del coche y \u00e9ste se sale de la carretera hacia el barranco, el ca\u00f1\u00f3n. Los accidentes con vuelco y las colisiones que provocan que los pasajeros salgan despedidos del coche tambi\u00e9n suelen ser mortales.<\/p>\n<h2>\u00bfQui\u00e9n Puede Reclamar tras un Accidente Mortal?<\/h2>\n<p>Uno de los primeros pasos que los miembros de la familia del difunto deben tomar despu\u00e9s de un accidente de coche mortal en Colorado Springs es determinar qui\u00e9n de ellos ser\u00eda la persona adecuada para presentar un caso de homicidio culposo. Una persona puede lograrlo reuni\u00e9ndose con un abogado experimentado que est\u00e9 familiarizado con estos casos. Dado que no siempre es la misma persona la nombrada en el testamento como representante personal, resulta \u00fatil contar con un abogado experto y experimentado.<\/p>\n<h2>Da\u00f1os y Perjuicios<\/h2>\n<p>La cuant\u00eda de los <a href=\"https:\/\/springslawgroup.com\/es\/damages-2\/\">da\u00f1os y perjuicios<\/a> que un demandante puede recuperar en una demanda por homicidio culposo est\u00e1 limitada por un tope. Sin embargo, si la muerte de alguien se debe a una conducta delictiva, el tribunal puede eliminar este l\u00edmite de da\u00f1os. Adem\u00e1s, en Colorado Springs, los tipos de da\u00f1os que los miembros de la familia en un caso de accidente de coche mortal puede ser elegible para recuperar puede ser limitada por las acciones que causaron su ser querido a morir.<\/p>\n<h2>Hable con un Abogado de Colorado Springs para Emprender Acciones Legales Despu\u00e9s de un Accidente de Coche Fatal<\/h2>\n<p>Si un ser querido ha fallecido en un accidente de tr\u00e1fico, puede presentar una demanda por da\u00f1os y perjuicios contra la parte culpable. Nuestros abogados dedicados y comprensivos podr\u00edan ayudarle con el proceso del caso para accidentes de coche fatales en Colorado Springs. Para comenzar con su reclamo, programe hoy mismo una consulta inicial sobre su caso.<\/p>\n","protected":false},"excerpt":{"rendered":"<p>Para que un caso de accidente automovil\u00edstico en Colorado Springs se convierta en un reclamo por muerte por negligencia, el&nbsp;<a class=\"moretag\" href=\"https:\/\/springslawgroup.com\/es\/colorado-springs-abogado-de-muerte-injusta\/accidentes-de-coche-fatales-en-colorado-springs\/\"> Read More&#8230;<\/a><\/p>\n","protected":false},"author":32,"featured_media":0,"parent":16699,"menu_order":0,"comment_status":"closed","ping_status":"closed","template":"landingpage.php","meta":{"_acf_changed":false,"inline_featured_image":false,"footnotes":""},"categories":[],"tags":[],"class_list":["post-16739","page","type-page","status-publish","hentry"],"acf":{"key_takeaways":null,"_litigation_personal_injury_contents_new":{"_litigation_personal_injury_title_new":"","_litigation_personal_injury_discription_new":"","_litigation_personal_injury_discription_new_copy":"","_litigation_video_url_new":"","add_button":false},"_header_sub_header_content_new":null,"_litigation_frequently_asked_questions_new":null,"lawsuit_updates":null,"_litigation_related_posts_relation":null,"acf-references":""},"_links":{"self":[{"href":"https:\/\/springslawgroup.com\/es\/wp-json\/wp\/v2\/pages\/16739","targetHints":{"allow":["GET"]}}],"collection":[{"href":"https:\/\/springslawgroup.com\/es\/wp-json\/wp\/v2\/pages"}],"about":[{"href":"https:\/\/springslawgroup.com\/es\/wp-json\/wp\/v2\/types\/page"}],"author":[{"embeddable":true,"href":"https:\/\/springslawgroup.com\/es\/wp-json\/wp\/v2\/users\/32"}],"replies":[{"embeddable":true,"href":"https:\/\/springslawgroup.com\/es\/wp-json\/wp\/v2\/comments?post=16739"}],"version-history":[{"count":2,"href":"https:\/\/springslawgroup.com\/es\/wp-json\/wp\/v2\/pages\/16739\/revisions"}],"predecessor-version":[{"id":18061,"href":"https:\/\/springslawgroup.com\/es\/wp-json\/wp\/v2\/pages\/16739\/revisions\/18061"}],"up":[{"embeddable":true,"href":"https:\/\/springslawgroup.com\/es\/wp-json\/wp\/v2\/pages\/16699"}],"wp:attachment":[{"href":"https:\/\/springslawgroup.com\/es\/wp-json\/wp\/v2\/media?parent=16739"}],"wp:term":[{"taxonomy":"category","embeddable":true,"href":"https:\/\/springslawgroup.com\/es\/wp-json\/wp\/v2\/categories?post=16739"},{"taxonomy":"post_tag","embeddable":true,"href":"https:\/\/springslawgroup.com\/es\/wp-json\/wp\/v2\/tags?post=16739"}],"curies":[{"name":"wp","href":"https:\/\/api.w.org\/{rel}","templated":true}]}}