{"id":16738,"date":"2019-11-19T14:54:03","date_gmt":"2019-11-19T21:54:03","guid":{"rendered":"https:\/\/springs.flywheelstaging.com\/colorado-springs-abogado-de-muerte-injusta\/danos-en-colorado-springs-por-acciones-de-muerte-por-negligencia\/"},"modified":"2023-10-20T13:44:35","modified_gmt":"2023-10-20T20:44:35","slug":"danos-en-colorado-springs-por-acciones-de-muerte-por-negligencia","status":"publish","type":"page","link":"https:\/\/springslawgroup.com\/es\/colorado-springs-abogado-de-muerte-injusta\/danos-en-colorado-springs-por-acciones-de-muerte-por-negligencia\/","title":{"rendered":"Da\u00f1os en Colorado Springs por Acciones de Muerte por Negligencia"},"content":{"rendered":"<p>Los da\u00f1os son los perjuicios que sufre una persona por el acto il\u00edcito de otra. \u00c9stas se cuantifican como compensaci\u00f3n monetaria en la legislaci\u00f3n estatal.<\/p>\n<p>Un demandante puede cobrar da\u00f1os y perjuicios en Colorado Springs por acciones de muerte por negligencia, tanto para las p\u00e9rdidas econ\u00f3micas como para las emocionales. Los da\u00f1os econ\u00f3micos son p\u00e9rdidas monetarias f\u00e1cilmente cuantificables, como los gastos m\u00e9dicos incurridos entre el momento del accidente y la muerte de la persona, los salarios perdidos del fallecido a lo largo de su vida laboral prevista y los gastos funerarios. Los da\u00f1os no econ\u00f3micos son los tipos m\u00e1s intangibles de p\u00e9rdidas emocionales y mentales, como el dolor y la p\u00e9rdida de compa\u00f1\u00eda.<\/p>\n<p>Sin embargo, es importante tener en cuenta que la legislaci\u00f3n estatal impone un tope o un l\u00edmite a la cuant\u00eda de los da\u00f1os no econ\u00f3micos que una persona puede recuperar como consecuencia de la muerte de su ser querido. No hay l\u00edmite para los da\u00f1os econ\u00f3micos.<\/p>\n<p>Existe una excepci\u00f3n al l\u00edmite que se aplica cuando el fallecimiento es consecuencia de un homicidio criminal. Si el homicidio se considera asesinato en primer o segundo grado u homicidio involuntario, puede eliminarse el l\u00edmite. Otro tipo de da\u00f1o recuperable como resultado de una demanda por homicidio culposo es el solatium. El demandante puede elegir esto en lugar de los da\u00f1os no econ\u00f3micos tradicionales.<\/p>\n<p>El solatium es una cantidad fija que se mantiene ajustada a la inflaci\u00f3n. Una persona puede querer buscar esto en situaciones que reducen la cantidad total de da\u00f1os no econ\u00f3micos, como cuando el difunto fue parcialmente culpable de su muerte. Es vital consultar con un <a href=\"https:\/\/springslawgroup.com\/es\/colorado-springs-abogado-de-muerte-injusta\/\">abogado<\/a> experto antes de tomar una decisi\u00f3n de este tipo.<\/p>\n<h2>\u00bfQui\u00e9n Puede Reclamar Da\u00f1os y Perjuicios por una Acci\u00f3n por Homicidio Culposo?<\/h2>\n<p>En Colorado Springs, las personas que pueden recuperar los da\u00f1os en una demanda por homicidio culposo depende de su relaci\u00f3n difunto. En concreto, depende de su estado civil en el momento del fallecimiento y de si ten\u00eda o no hijos. Si la persona fallecida estaba casada, su c\u00f3nyuge puede presentar una demanda por homicidio culposo y reclamar una indemnizaci\u00f3n. Si ese c\u00f3nyuge opta por no presentar una demanda, entonces los descendientes directos del difunto, como hijos y nietos, pueden presentar la demanda en su lugar.<\/p>\n<p>Por lo general, los hermanos, hermanas, t\u00edos y t\u00edas no pueden presentar estas demandas. Los padres de una persona fallecida pueden presentar una demanda por homicidio culposo si el difunto era un adulto soltero o un menor que no ten\u00eda hijos. Es importante recordar que los herederos definidos en la ley de homicidio culposo no son lo mismo que los herederos en otros contextos jur\u00eddicos.<\/p>\n<h2>P\u00e9rdidas Emocionales que dan Lugar a Da\u00f1os y Perjuicios<\/h2>\n<p>La ley estatal est\u00e1 pensada para compensar monetariamente el dolor de una persona por la p\u00e9rdida de un ser querido. Es dif\u00edcil cuantificar cu\u00e1ntos d\u00f3lares debe recibir una persona a cambio del dolor, pero es necesario porque este sentimiento es poderoso y debe ser compensado.<\/p>\n<p>Cuando un ser querido muere por la imprudencia de otra persona, sus familiares supervivientes pierden el amor y el afecto de esa persona. La ley estatal establece que los familiares pueden recibir una indemnizaci\u00f3n a cambio de esa p\u00e9rdida de amor y afecto.<\/p>\n<p>La p\u00e9rdida de consorcio puede definirse como la p\u00e9rdida de relaciones sexuales con el difunto. Si el c\u00f3nyuge de alguien fallece, pierde su relaci\u00f3n sexual con esa persona. La p\u00e9rdida de consorcio tambi\u00e9n puede referirse a otro tipo de intimidad y compa\u00f1\u00eda no sexual.<\/p>\n<p>Un abogado con experiencia en Colorado Springs podr\u00eda ayudar a los demandantes a construir su caso de acci\u00f3n por muerte injusta por da\u00f1os y perjuicios mediante la presentaci\u00f3n de pruebas que demuestren c\u00f3mo la p\u00e9rdida del ser querido ha afectado su vida, incluyendo todo el trauma emocional involucrado en el reclamo, y c\u00f3mo los jurados locales tienden a conceder una indemnizaci\u00f3n por ese tipo de da\u00f1os.<\/p>\n<h2>P\u00e9rdida de Compa\u00f1\u00eda<\/h2>\n<p>Cuando muere un ser querido, los familiares pierden su compa\u00f1\u00eda. No experimentan m\u00e1s todas las ventajas de la presencia de este individuo, as\u00ed que la ley en Colorado Springs permite que la gente recupere la remuneraci\u00f3n para esa p\u00e9rdida de compa\u00f1erismo.<\/p>\n<p>A la hora de determinar el valor de la compa\u00f1\u00eda perdida, un jurado examina la din\u00e1mica familiar, como la existencia de hijos y sus edades. El jurado tambi\u00e9n puede considerar la contribuci\u00f3n del difunto al hogar y al sustento de la familia.<\/p>\n<p>A pesar de ello, la p\u00e9rdida de compa\u00f1\u00eda es un concepto extremadamente intangible y dif\u00edcil de evaluar. Por lo tanto, un abogado puede contar con un experto para discutir c\u00f3mo la p\u00e9rdida de compa\u00f1\u00eda puede afectar negativamente a la vida de un reclamante.<\/p>\n<h2>\u00bfQu\u00e9 es la P\u00e9rdida de Ingresos Futuros?<\/h2>\n<p>La p\u00e9rdida de ingresos futuros es una estimaci\u00f3n aproximada de lo que habr\u00eda ganado el fallecido si no hubiera muerto. Por ejemplo, un accidente de tr\u00e1fico puede causar la muerte de una mujer de 30 a\u00f1os. En este ejemplo, era propietaria de una peque\u00f1a empresa y ganaba 100.000 d\u00f3lares al a\u00f1o. Los abogados pueden fijarse en su trayectoria de ingresos, si se esperaba que esa cantidad aumentara o disminuyera, su nivel educativo y la cantidad de tiempo que trabajan los propietarios t\u00edpicos de peque\u00f1as empresas. El resultado de ese c\u00e1lculo ser\u00edan sus ingresos previstos.<\/p>\n<p>Ambas partes en una demanda por homicidio culposo hacen sus propios c\u00e1lculos sobre la p\u00e9rdida de ingresos. La defensa puede intentar que el c\u00e1lculo sea lo m\u00e1s bajo posible para pagar menos por da\u00f1os y perjuicios. En el juicio, los jurados hacen sus propios c\u00e1lculos bas\u00e1ndose en las pruebas presentadas. Si el caso es objeto de mediaci\u00f3n, el mediador puede hacer su propio c\u00e1lculo si considera que cada parte presenta una cantidad poco razonable. Estos c\u00e1lculos diferentes pueden suponer una diferencia sustancial en la indemnizaci\u00f3n por lucro cesante, por lo que es importante que un abogado con experiencia se ocupe del <a href=\"https:\/\/springslawgroup.com\/es\/colorado-springs-abogado-de-muerte-injusta\/proceso-de-casos-de-muerte-por-negligencia-en-colorado-springs\/\">caso<\/a>.<\/p>\n<h2>\u00bfQu\u00e9 Importancia Tienen los Peritos en las Demandas por Homicidio Culposo?<\/h2>\n<p>Normalmente, se recurre a un perito para que ayude a convencer a las compa\u00f1\u00edas de seguros o a los jurados sobre la cantidad que ganar\u00eda el fallecido con el paso del tiempo. Contar con expertos es importante porque tienen informaci\u00f3n \u00fatil a la hora de cuantificar la p\u00e9rdida de ingresos, como el valor actual de mercado de un negocio, la vida laboral prevista, cu\u00e1nto se puede esperar que crezca una empresa en el futuro, etc. Los expertos tambi\u00e9n pueden detectar problemas que puedan haber surgido en un negocio determinado o en los ingresos de una persona.<\/p>\n<p>La p\u00e9rdida de ingresos futuros es una estimaci\u00f3n basada en muchos factores diferentes. Contar con un perito cualificado que tenga experiencia y formaci\u00f3n puede ser muy valioso para una demanda por homicidio culposo.<\/p>\n<h2>Contacte a un Abogado de Colorado Springs para Discutir los Da\u00f1os en Demandas por Muerte Injusta<\/h2>\n<p>A la hora de cuantificar la p\u00e9rdida de un ser querido, es necesario tener en cuenta tanto los da\u00f1os econ\u00f3micos como los no econ\u00f3micos. Las p\u00e9rdidas econ\u00f3micas incluyen los gastos m\u00e9dicos relacionados con el accidente mortal, la p\u00e9rdida de ingresos, as\u00ed como otros costes monetarios. Las p\u00e9rdidas no econ\u00f3micas incluyen la p\u00e9rdida de consorcio, tutor\u00eda, responsabilidades parentales, compa\u00f1\u00eda e implicaci\u00f3n en la vida.<\/p>\n<p>Estas indemnizaciones var\u00edan en funci\u00f3n de la relaci\u00f3n del demandante con el fallecido. Debido a que estos matices legales pueden resultar complejos, es importante tener un abogado de Colorado Springs para discutir los da\u00f1os respecto a las acciones negligentes de la muerte con usted, si es que est\u00e1 presentando este tipo de demanda.<\/p>\n","protected":false},"excerpt":{"rendered":"<p>Los da\u00f1os son los perjuicios que sufre una persona por el acto il\u00edcito de otra. \u00c9stas se cuantifican como compensaci\u00f3n&nbsp;<a class=\"moretag\" href=\"https:\/\/springslawgroup.com\/es\/colorado-springs-abogado-de-muerte-injusta\/danos-en-colorado-springs-por-acciones-de-muerte-por-negligencia\/\"> Read More&#8230;<\/a><\/p>\n","protected":false},"author":32,"featured_media":0,"parent":16699,"menu_order":0,"comment_status":"closed","ping_status":"closed","template":"landingpage.php","meta":{"_acf_changed":false,"inline_featured_image":false,"footnotes":""},"categories":[],"tags":[],"class_list":["post-16738","page","type-page","status-publish","hentry"],"acf":{"key_takeaways":null,"_litigation_personal_injury_contents_new":{"_litigation_personal_injury_title_new":"","_litigation_personal_injury_discription_new":"","_litigation_personal_injury_discription_new_copy":"","_litigation_video_url_new":"","add_button":false},"_header_sub_header_content_new":null,"_litigation_frequently_asked_questions_new":null,"lawsuit_updates":null,"_litigation_related_posts_relation":null,"acf-references":""},"_links":{"self":[{"href":"https:\/\/springslawgroup.com\/es\/wp-json\/wp\/v2\/pages\/16738","targetHints":{"allow":["GET"]}}],"collection":[{"href":"https:\/\/springslawgroup.com\/es\/wp-json\/wp\/v2\/pages"}],"about":[{"href":"https:\/\/springslawgroup.com\/es\/wp-json\/wp\/v2\/types\/page"}],"author":[{"embeddable":true,"href":"https:\/\/springslawgroup.com\/es\/wp-json\/wp\/v2\/users\/32"}],"replies":[{"embeddable":true,"href":"https:\/\/springslawgroup.com\/es\/wp-json\/wp\/v2\/comments?post=16738"}],"version-history":[{"count":2,"href":"https:\/\/springslawgroup.com\/es\/wp-json\/wp\/v2\/pages\/16738\/revisions"}],"predecessor-version":[{"id":18009,"href":"https:\/\/springslawgroup.com\/es\/wp-json\/wp\/v2\/pages\/16738\/revisions\/18009"}],"up":[{"embeddable":true,"href":"https:\/\/springslawgroup.com\/es\/wp-json\/wp\/v2\/pages\/16699"}],"wp:attachment":[{"href":"https:\/\/springslawgroup.com\/es\/wp-json\/wp\/v2\/media?parent=16738"}],"wp:term":[{"taxonomy":"category","embeddable":true,"href":"https:\/\/springslawgroup.com\/es\/wp-json\/wp\/v2\/categories?post=16738"},{"taxonomy":"post_tag","embeddable":true,"href":"https:\/\/springslawgroup.com\/es\/wp-json\/wp\/v2\/tags?post=16738"}],"curies":[{"name":"wp","href":"https:\/\/api.w.org\/{rel}","templated":true}]}}