{"id":16737,"date":"2019-11-18T14:40:11","date_gmt":"2019-11-18T21:40:11","guid":{"rendered":"https:\/\/springs.flywheelstaging.com\/colorado-springs-abogado-de-muerte-injusta\/proceso-de-casos-de-muerte-por-negligencia-en-colorado-springs\/"},"modified":"2023-10-20T14:05:04","modified_gmt":"2023-10-20T21:05:04","slug":"proceso-de-casos-de-muerte-por-negligencia-en-colorado-springs","status":"publish","type":"page","link":"https:\/\/springslawgroup.com\/es\/colorado-springs-abogado-de-muerte-injusta\/proceso-de-casos-de-muerte-por-negligencia-en-colorado-springs\/","title":{"rendered":"Proceso de Casos de Muerte por Negligencia en Colorado Springs"},"content":{"rendered":"<p>El comienzo del proceso del caso por muerte injusta en Colorado Springs se llama la queja. Estos reclamos comienzan cuando alguien alega que ha perdido a un ser querido por culpa de otra persona y, por tanto, tiene derecho a recibir una indemnizaci\u00f3n. En la mayor\u00eda de los casos de homicidio culposo interviene una compa\u00f1\u00eda de seguros que ha aceptado pagar el siniestro en caso de homicidio culposo. Puede tratarse de una compa\u00f1\u00eda de seguros de autom\u00f3viles, un proveedor de seguros de propiedad o cualquier otra compa\u00f1\u00eda de seguros.<\/p>\n<p>Aunque un <a href=\"https:\/\/springslawgroup.com\/es\/colorado-springs-abogado-de-muerte-injusta\/\">abogado<\/a> puede entrar en escena en cualquier momento de la demanda, lo mejor es ponerse en contacto con \u00e9l lo antes posible. Podr\u00edan ayudar a los demandantes a evitar escollos al hablar con la compa\u00f1\u00eda de seguros contraria, decidir si solicitar una indemnizaci\u00f3n por da\u00f1os y perjuicios o el solatium, comprender los l\u00edmites de los da\u00f1os, calcular los ingresos futuros del ser querido perdido y manejar el estr\u00e9s del caso mientras el demandante duela.<\/p>\n<h2>Investigaci\u00f3n<\/h2>\n<p>El proceso de investigaci\u00f3n de un accidente mortal var\u00eda en funci\u00f3n de los hechos del caso. La investigaci\u00f3n de la responsabilidad puede ser m\u00ednima en algunos casos con una parte culpable evidente. Por ejemplo, Colorado Springs cuenta con una Unidad de Accidentes Graves para investigar los casos en los que un accidente de tr\u00e1fico ha causado la muerte de alguien. El proceso de investigaci\u00f3n del abogado en estas situaciones puede consistir en llamar a declarar a un agente investigador de esa unidad en relaci\u00f3n respecto a sus conclusiones.<\/p>\n<p>Sin embargo, si parece que el fallecido puede haber tenido la culpa, la compa\u00f1\u00eda de seguros puede intentar exagerar este argumento y reducir as\u00ed la cantidad de dinero que debe pagar. En estas situaciones, un abogado puede necesitar un equipo de investigaci\u00f3n o un experto en reconstrucci\u00f3n de accidentes para desarrollar pruebas de responsabilidad y de la cuant\u00eda de los da\u00f1os sufridos.<\/p>\n<p>Adem\u00e1s, un abogado puede recurrir a expertos para determinar la indemnizaci\u00f3n adecuada por da\u00f1os y perjuicios, como la futura p\u00e9rdida de ingresos, los efectos psicol\u00f3gicos experimentados por los miembros de la familia, etc.<\/p>\n<p>En algunos casos de homicidio culposo, las pruebas reunidas pueden ser las mismas que en una demanda por lesiones personales. Sin embargo, la demanda por homicidio culposo puede hacer m\u00e1s hincapi\u00e9 en las p\u00e9rdidas que sufrieron los familiares del fallecido.<\/p>\n<h2>El Calendario de un Caso<\/h2>\n<p>La duraci\u00f3n de una demanda por homicidio culposo depende de muchos factores. Puede ser breve si hay pocos seguros disponibles, o puede ser larga si hay muchos hechos controvertidos. Por lo general, el proceso de un caso de homicidio culposo en Colorado Springs toma alrededor de nueve meses a un a\u00f1o antes de que la demanda llegue a juicio. La mayor\u00eda de los casos duran aproximadamente un a\u00f1o, aunque el proceso puede prolongarse varios a\u00f1os si es muy controvertido o va a apelaci\u00f3n.<\/p>\n<h2>\u00bfCu\u00e1ndo se Completa un Caso de Homicidio Culposo?<\/h2>\n<p>En Colorado Springs, el proceso de demanda por homicidio culposo se completa cuando ambas partes llegan a un acuerdo o un jurado otorga una indemnizaci\u00f3n. La compa\u00f1\u00eda de seguros puede pagar una determinada cantidad de dinero al demandante en un acuerdo, poniendo fin a la demanda. Alternativamente, un jurado puede conceder una determinada cantidad de dinero a la familia del fallecido. Cuando se hayan completado todos los recursos contra ese laudo o haya transcurrido el plazo para ello, la demanda habr\u00e1 concluido.<\/p>\n<h2>Hable con un Abogado para Obtener Ayuda Durante el Proceso de Demanda por Muerte Injusta en Colorado Springs<\/h2>\n<p>Perder a un ser querido es dif\u00edcil. Lo \u00faltimo que deber\u00eda preocuparle es la tramitaci\u00f3n de los reclamos y pensar en la mejor manera de defender su caso. Un abogado compasivo de nuestro bufete podr\u00eda ayudarle a usted y a su familia durante este dif\u00edcil momento de su vida. Para obtener m\u00e1s informaci\u00f3n sobre el proceso de casos de muerte por negligencia en Colorado Springs, llame hoy.<\/p>\n","protected":false},"excerpt":{"rendered":"<p>El comienzo del proceso del caso por muerte injusta en Colorado Springs se llama la queja. Estos reclamos comienzan cuando&nbsp;<a class=\"moretag\" href=\"https:\/\/springslawgroup.com\/es\/colorado-springs-abogado-de-muerte-injusta\/proceso-de-casos-de-muerte-por-negligencia-en-colorado-springs\/\"> Read More&#8230;<\/a><\/p>\n","protected":false},"author":32,"featured_media":0,"parent":16699,"menu_order":0,"comment_status":"closed","ping_status":"closed","template":"landingpage.php","meta":{"_acf_changed":false,"inline_featured_image":false,"footnotes":""},"categories":[],"tags":[],"class_list":["post-16737","page","type-page","status-publish","hentry"],"acf":{"key_takeaways":null,"_litigation_personal_injury_contents_new":{"_litigation_personal_injury_title_new":"","_litigation_personal_injury_discription_new":"","_litigation_personal_injury_discription_new_copy":"","_litigation_video_url_new":"","add_button":false},"_header_sub_header_content_new":null,"_litigation_frequently_asked_questions_new":null,"lawsuit_updates":null,"_litigation_related_posts_relation":null,"acf-references":""},"_links":{"self":[{"href":"https:\/\/springslawgroup.com\/es\/wp-json\/wp\/v2\/pages\/16737","targetHints":{"allow":["GET"]}}],"collection":[{"href":"https:\/\/springslawgroup.com\/es\/wp-json\/wp\/v2\/pages"}],"about":[{"href":"https:\/\/springslawgroup.com\/es\/wp-json\/wp\/v2\/types\/page"}],"author":[{"embeddable":true,"href":"https:\/\/springslawgroup.com\/es\/wp-json\/wp\/v2\/users\/32"}],"replies":[{"embeddable":true,"href":"https:\/\/springslawgroup.com\/es\/wp-json\/wp\/v2\/comments?post=16737"}],"version-history":[{"count":3,"href":"https:\/\/springslawgroup.com\/es\/wp-json\/wp\/v2\/pages\/16737\/revisions"}],"predecessor-version":[{"id":18034,"href":"https:\/\/springslawgroup.com\/es\/wp-json\/wp\/v2\/pages\/16737\/revisions\/18034"}],"up":[{"embeddable":true,"href":"https:\/\/springslawgroup.com\/es\/wp-json\/wp\/v2\/pages\/16699"}],"wp:attachment":[{"href":"https:\/\/springslawgroup.com\/es\/wp-json\/wp\/v2\/media?parent=16737"}],"wp:term":[{"taxonomy":"category","embeddable":true,"href":"https:\/\/springslawgroup.com\/es\/wp-json\/wp\/v2\/categories?post=16737"},{"taxonomy":"post_tag","embeddable":true,"href":"https:\/\/springslawgroup.com\/es\/wp-json\/wp\/v2\/tags?post=16737"}],"curies":[{"name":"wp","href":"https:\/\/api.w.org\/{rel}","templated":true}]}}