{"id":16736,"date":"2019-08-20T20:01:39","date_gmt":"2019-08-21T03:01:39","guid":{"rendered":"https:\/\/springs.flywheelstaging.com\/abogado-de-la-responsabilidad-de-propietarios-en-colorado-springs\/"},"modified":"2023-09-01T07:11:03","modified_gmt":"2023-09-01T14:11:03","slug":"abogado-de-la-responsabilidad-de-propietarios-en-colorado-springs","status":"publish","type":"page","link":"https:\/\/springslawgroup.com\/es\/abogado-de-la-responsabilidad-de-propietarios-en-colorado-springs\/","title":{"rendered":"Abogado especializado en responsabilidad del local de Colorado Springs"},"content":{"rendered":"<p>\u00bfAlguna vez se resbal\u00f3 en un restaurante o un local? \u00bfSe cay\u00f3 porque no hab\u00eda una se\u00f1al de \u00abpiso mojado\u00bb que le advirtiera? No se preocupe, estamos con usted.<\/p>\n<p>Cada propietario es responsable de mantener su propiedad en condiciones seguras para los visitantes. Sin embargo, esta obligaci\u00f3n cambia en funci\u00f3n del tipo de propiedad que posea una persona, as\u00ed como del motivo que tenga cada visitante para estar all\u00ed.<\/p>\n<p>Si alguien se lesiona en una propiedad ajena, estos factores pueden complicar la presentaci\u00f3n de una demanda civil. Por lo tanto, si usted se lesion\u00f3 en la propiedad de otra persona, debe buscar el asesoramiento de un abogado experto en lesiones personales. Su abogado le ayudar\u00e1 a presentar una demanda por responsabilidad del local y a obtener la indemnizaci\u00f3n que se merece.<\/p>\n<p>La demanda por da\u00f1os y perjuicios tras un accidente de responsabilidad del local en propiedad ajena requiere la evaluaci\u00f3n de sus derechos como visitante, la incapacidad del propietario para evitar el da\u00f1o y sus propias acciones antes del incidente.<\/p>\n<p>Si no toma las medidas adecuadas, es posible que le denieguen la demanda y le reduzcan el monto de la indemnizaci\u00f3n. Por suerte, un <a href=\"https:\/\/www.google.com\/maps\/place\/Springs+Law+Group\/@38.9666981,-104.7923589,17z\/data=!3m1!4b1!4m5!3m4!1s0x87134e45e0fc206f:0xc7e922112cf9b6ed!8m2!3d38.9666981!4d-104.7923589\" target=\"_blank\" rel=\"noopener\">abogado especializado en responsabilidad del local de Colorado Springs<\/a> puede evaluar su caso y ayudarle a exigir pagos justos para cubrir sus p\u00e9rdidas.<\/p>\n<p>Nuestro estudio de abogados le guiar\u00e1 en cada paso del proceso de demanda. Contacte a <a href=\"https:\/\/springslawgroup.com\/es\/\">Springs Law Group<\/a> hoy y programe una consulta gratuita.<\/p>\n<h2><b>Demandas v\u00e1lidas por responsabilidad del local<\/b><\/h2>\n<p>Las demandas por responsabilidad del local implican cualquier incidente que provoque una lesi\u00f3n debido a una condici\u00f3n peligrosa en una propiedad. Algunas situaciones comunes que pueden dar lugar a demandas v\u00e1lidas por responsabilidad del local incluyen lo siguiente:<\/p>\n<ul>\n<li><a href=\"https:\/\/springslawgroup.com\/es\/colorado-springs-resbalon-y-caida-abogado\/\">Resbalones y ca\u00eddas<\/a><\/li>\n<li>Defectos estructurales<\/li>\n<li>Iluminaci\u00f3n inadecuada<\/li>\n<li>Seguridad precaria<\/li>\n<li>Escaleras mal iluminadas<\/li>\n<li>Cerraduras rotas<\/li>\n<li>Nieve o hielo<\/li>\n<\/ul>\n<p>Un propietario podr\u00eda responsabilizarse de cualquier lesi\u00f3n que se produzca en sus instalaciones si no toma las precauciones adecuadas para ofrecer condiciones seguras a sus visitantes. Por ejemplo, podr\u00edan considerarse responsables si no mantienen su propiedad ni informan a los visitantes de condiciones inseguras, como pisos mojados. Un abogado especializado en responsabilidad del local de Colorado Springs puede revisar su caso para determinar si usted tiene una demanda v\u00e1lida contra un propietario.<\/p>\n<h2><b>Prueba de responsabilidad y tipos de visitantes<\/b><\/h2>\n<p>Probar un caso de responsabilidad del local puede ser un proceso de varios pasos. El primer paso consiste en demostrar que el demandante ten\u00eda derecho a estar en la propiedad cuando se produjo el incidente.<\/p>\n<p>Los Estatutos Revisados de Colorado \u00a713-21-115(3) establecen tres clasificaciones de visitantes que pueden entrar en una propiedad y cada una tiene diferentes protecciones en virtud de la ley. Estas clases son las siguientes:<\/p>\n<ul>\n<li>Los intrusos no tienen derecho legal a estar en la propiedad. La \u00fanica obligaci\u00f3n del propietario de un terreno para con un intruso es abstenerse de causarle un da\u00f1o intencionado o malintencionado.<\/li>\n<li>Los beneficiarios son personas que acceden a la propiedad en beneficio propio. Los propietarios deben actuar con diligencia razonable para evitar que los titulares sufran da\u00f1os a causa de peligros conocidos.<\/li>\n<li>Los invitados entran en la propiedad en beneficio del propietario, que es, por lo general, una empresa. El propietario es responsable de solucionar toda situaci\u00f3n peligrosa para proteger a los invitados de da\u00f1os previsibles.<\/li>\n<\/ul>\n<p>Una vez que un demandante establece sus derechos como visitante en virtud de la ley de responsabilidad del local, debe reunir pruebas que demuestren c\u00f3mo el demandado no proporcion\u00f3 condiciones seguras en su propiedad.<\/p>\n<p>Un abogado especializado en responsabilidad del local en Colorado Springs puede determinar el caso de un demandante para determinar bajo qu\u00e9 clasificaci\u00f3n cae y qu\u00e9 responsabilidades debi\u00f3 asumir el propietario seg\u00fan su clasificaci\u00f3n.<\/p>\n<h2><b>Obtenga ayuda de un abogado con experiencia en responsabilidad del local<\/b><\/h2>\n<p>Sufrir una lesi\u00f3n al visitar la propiedad de un tercero puede plantear numerosos y complejos problemas jur\u00eddicos. Por lo tanto, si usted se lesion\u00f3 en la propiedad de otra persona, debe hablar con un abogado especializado en responsabilidad del local de Colorado Springs cuanto antes. Le ayudar\u00e1n a calcular sus p\u00e9rdidas y proteger sus mejores intereses en negociaciones y en el tribunal.<\/p>\n<p>P\u00f3ngase en contacto con los abogados especializados en responsabilidad del local en Colorado de Springs Law Group hoy y programe una consulta para caso.<\/p>\n<h2><b>FAQ: Responsabilidad del local en Colorado Springs<\/b><\/h2>\n<p><b>\u00bfCu\u00e1l es el monto habitual de un acuerdo en un caso de responsabilidad del local?<\/b><\/p>\n<p><span style=\"font-weight: 400;\">Cada caso es diferente, por lo que es dif\u00edcil llegar a una cantidad de acuerdo com\u00fan. El monto de la indemnizaci\u00f3n que reciba por su demanda depende de muchos factores, como la gravedad de sus lesiones, sus facturas m\u00e9dicas y los salarios perdidos. Por ejemplo, es m\u00e1s probable que reciba una indemnizaci\u00f3n mayor si pierde el salario debido a sus lesiones a que si puede seguir trabajando despu\u00e9s del accidente.<\/span><\/p>\n<p><span style=\"font-weight: 400;\">Hable con su abogado para ver si puede darle una estimaci\u00f3n de su indemnizaci\u00f3n.<\/span><\/p>\n<p><b>\u00bfNecesito realmente un abogado especializado en lesiones personales que me ayude a presentar una demanda?<\/b><\/p>\n<p><span style=\"font-weight: 400;\">Aunque puede presentar una demanda sin ayuda jur\u00eddica, hacerlo puede ser contraproducente. Las compa\u00f1\u00edas de seguros buscan razones para denegar su demanda por lesiones personales o reducir el monto de su indemnizaci\u00f3n. Tener un<\/span> <span style=\"font-weight: 400;\">abogado de su parte<\/span><span style=\"font-weight: 400;\"> aumentar\u00e1 las posibilidades de obtener una indemnizaci\u00f3n justa. Su abogado se enfrentar\u00e1 a la compa\u00f1\u00eda de seguros y presentar\u00e1 una carta de demanda para que le paguen lo que merece.<\/span><\/p>\n<p><b>\u00bfCu\u00e1l es el plazo de prescripci\u00f3n para los casos de responsabilidad del local en Colorado?<\/b><\/p>\n<p><span style=\"font-weight: 400;\">En Colorado, el plazo de prescripci\u00f3n para los casos de responsabilidad del local es de dos a\u00f1os. Esto significa que debe tomar acciones legales en un plazo de dos a\u00f1os a partir de la fecha del accidente. Puede que dos a\u00f1os parezca un tiempo suficiente, pero presentar la demanda lo antes posible podr\u00eda ser favorable. Si espera hasta la \u00faltima oportunidad para presentar la demanda, quiz\u00e1s dificulte la obtenci\u00f3n de la indemnizaci\u00f3n que merece.<\/span><\/p>\n<p><script type=\"application\/ld+json\">\n{\n  \"@context\": \"https:\/\/schema.org\",\n  \"@type\": \"FAQPage\",\n  \"mainEntity\": [{\n    \"@type\": \"Question\",\n    \"name\": \"What is a common settlement amount for a premises liability case?\",\n    \"acceptedAnswer\": {\n      \"@type\": \"Answer\",\n      \"text\": \"Each case is different, so it\u2019s hard to come up with a common settlement amount. The amount of compensation you receive for your claim depends on many factors, such as the severity of your injuries, your medical bills, and lost wages. For example, you will most likely earn more compensation if you lose wages due to your injuries vs. if you can still work following the accident.\nTalk with your lawyer to see if they can give you an estimate of your settlement.\"\n    }\n  },{\n    \"@type\": \"Question\",\n    \"name\": \"Do I really need a personal injury lawyer to help me file a claim?\",\n    \"acceptedAnswer\": {\n      \"@type\": \"Answer\",\n      \"text\": \"While you can file a claim without legal help, it may hurt you to do so. Insurance companies look for reasons to deny your claim or reduce your settlement amount. Having a lawyer on your side will increase the chances of you winning fair compensation. Your attorney will stand up against the insurance company and demand that they pay you what you\u2019re owed.\"\n    }\n  },{\n    \"@type\": \"Question\",\n    \"name\": \"What is the statute of limitations for premises liability cases in Colorado?\",\n    \"acceptedAnswer\": {\n      \"@type\": \"Answer\",\n      \"text\": \"In Colorado, the statute of limitations for premises liability cases is two years. This means you must seek legal action for your case within two years from the date of the accident. Two years might seem like enough time, but it can help your case to file as soon as possible. If you wait until the last chance to file, it might be difficult to get the compensation you deserve.\"\n    }\n  }]\n}\n<\/script><\/p>\n","protected":false},"excerpt":{"rendered":"<p>\u00bfAlguna vez se resbal\u00f3 en un restaurante o un local? \u00bfSe cay\u00f3 porque no hab\u00eda una se\u00f1al de \u00abpiso mojado\u00bb&nbsp;<a class=\"moretag\" href=\"https:\/\/springslawgroup.com\/es\/abogado-de-la-responsabilidad-de-propietarios-en-colorado-springs\/\"> Read More&#8230;<\/a><\/p>\n","protected":false},"author":32,"featured_media":0,"parent":0,"menu_order":0,"comment_status":"closed","ping_status":"closed","template":"landingpage.php","meta":{"_acf_changed":false,"inline_featured_image":false,"footnotes":""},"categories":[],"tags":[],"class_list":["post-16736","page","type-page","status-publish","hentry"],"acf":{"key_takeaways":null,"_litigation_personal_injury_contents_new":{"_litigation_personal_injury_title_new":"","_litigation_personal_injury_discription_new":"","_litigation_personal_injury_discription_new_copy":"","_litigation_video_url_new":"","add_button":""},"_header_sub_header_content_new":null,"_litigation_frequently_asked_questions_new":null,"lawsuit_updates":null,"_litigation_related_posts_relation":null,"acf-references":""},"_links":{"self":[{"href":"https:\/\/springslawgroup.com\/es\/wp-json\/wp\/v2\/pages\/16736","targetHints":{"allow":["GET"]}}],"collection":[{"href":"https:\/\/springslawgroup.com\/es\/wp-json\/wp\/v2\/pages"}],"about":[{"href":"https:\/\/springslawgroup.com\/es\/wp-json\/wp\/v2\/types\/page"}],"author":[{"embeddable":true,"href":"https:\/\/springslawgroup.com\/es\/wp-json\/wp\/v2\/users\/32"}],"replies":[{"embeddable":true,"href":"https:\/\/springslawgroup.com\/es\/wp-json\/wp\/v2\/comments?post=16736"}],"version-history":[{"count":3,"href":"https:\/\/springslawgroup.com\/es\/wp-json\/wp\/v2\/pages\/16736\/revisions"}],"predecessor-version":[{"id":17727,"href":"https:\/\/springslawgroup.com\/es\/wp-json\/wp\/v2\/pages\/16736\/revisions\/17727"}],"wp:attachment":[{"href":"https:\/\/springslawgroup.com\/es\/wp-json\/wp\/v2\/media?parent=16736"}],"wp:term":[{"taxonomy":"category","embeddable":true,"href":"https:\/\/springslawgroup.com\/es\/wp-json\/wp\/v2\/categories?post=16736"},{"taxonomy":"post_tag","embeddable":true,"href":"https:\/\/springslawgroup.com\/es\/wp-json\/wp\/v2\/tags?post=16736"}],"curies":[{"name":"wp","href":"https:\/\/api.w.org\/{rel}","templated":true}]}}