{"id":16735,"date":"2019-08-21T18:14:36","date_gmt":"2019-08-22T01:14:36","guid":{"rendered":"https:\/\/springs.flywheelstaging.com\/abogado-de-accidente-de-peatones-de-colorado-springs\/"},"modified":"2023-09-01T07:13:54","modified_gmt":"2023-09-01T14:13:54","slug":"abogado-de-accidente-de-peatones-de-colorado-springs","status":"publish","type":"page","link":"https:\/\/springslawgroup.com\/es\/abogado-de-accidente-de-peatones-de-colorado-springs\/","title":{"rendered":"Abogado especializado en accidentes de peatones de Colorado Springs"},"content":{"rendered":"<p><span style=\"font-weight: 400;\">Muchas personas optan por ir al trabajo, hacer mandados o simplemente relajarse a pie. Sin embargo, incluso si alguien nunca pone un pie en un autom\u00f3vil, igual podr\u00eda correr el riesgo de sufrir lesiones graves.<\/span><\/p>\n<p><span style=\"font-weight: 400;\">Un conductor implicado en un accidente podr\u00eda impactar contra la acera o contra peatones que est\u00e9n cruzando la senda peatonal. En otros casos, el hecho de que un acusado no le ceda el paso a un peat\u00f3n con derecho de paso puede provocar accidentes graves.<\/span><\/p>\n<p><span style=\"font-weight: 400;\">Si usted se lesion\u00f3 por un conductor negligente, debe contactar a un abogado con experiencia en lesiones personales. Un<\/span> <a href=\"https:\/\/www.google.com\/maps?cid=14405082340285593325\" target=\"_blank\" rel=\"noopener\"><span style=\"font-weight: 400;\">abogado especializado en accidentes de peat\u00f3n de Colorado Springs <\/span><\/a><span style=\"font-weight: 400;\">podr\u00eda trabajar con usted para lograr que el conductor negligente se responsabilice de sus lesiones y ayudarle a obtener una compensaci\u00f3n.<\/span><\/p>\n<p><span style=\"font-weight: 400;\">Contacte a<\/span> <a href=\"https:\/\/springslawgroup.com\/es\/\"><span style=\"font-weight: 400;\">Springs Law Group<\/span><\/a><span style=\"font-weight: 400;\"> hoy y programe una consulta gratuita.<\/span><\/p>\n<h2><b>Protecci\u00f3n para peatones<\/b><\/h2>\n<p><span style=\"font-weight: 400;\">Todos los conductores asumen el deber de conducir de forma responsable y razonable al tomar el volante de un veh\u00edculo. Tienen este deber para con todas las dem\u00e1s personas y veh\u00edculos que puedan encontrar mientras conducen, incluso los peatones.<\/span><\/p>\n<p><span style=\"font-weight: 400;\">Por ejemplo,<\/span> los <a href=\"https:\/\/leg.colorado.gov\/sites\/default\/files\/images\/olls\/2005a_sl_301.pdf\" target=\"_blank\" rel=\"noopener\"><span style=\"font-weight: 400;\">Estatutos Revisados de Colorado \u00a742-4-802<\/span><\/a><span style=\"font-weight: 400;\"> exigen que todos los conductores cedan el paso a los peatones que intentan cruzar la calle. Aunque no ceder el paso no es un delito penal, una condena en un tribunal de tr\u00e1fico por no ceder el paso a un peat\u00f3n puede servir como prueba crucial en la demanda de da\u00f1os y perjuicios de una v\u00edctima.<\/span><\/p>\n<p><span style=\"font-weight: 400;\">Sin embargo, no es necesario que los conductores infrinjan una ley de tr\u00e1fico espec\u00edfica para considerarse culpables de las lesiones de un peat\u00f3n. Un abogado con experiencia en accidentes de peatones puede revisar su caso para identificar las acciones negligentes de un conductor y ayudarle a presentar una demanda.<\/span><\/p>\n<h2><b>Peatones culpables<\/b><\/h2>\n<p><span style=\"font-weight: 400;\">Los conductores no siempre son la \u00fanica parte negligente en los accidentes con peatones. Las personas que caminan por las aceras tambi\u00e9n deben cumplir ciertas leyes y normas. <\/span><\/p>\n<p><span style=\"font-weight: 400;\">La ley de Colorado tambi\u00e9n establece que los peatones no pueden bajar repentinamente a la calle, cruzar la carretera ni comportarse de cualquier otra manera imprudente que pueda generar un peligro inmediato. Adem\u00e1s, todos los peatones deben prestar la debida atenci\u00f3n a su entorno antes de cruzar una intersecci\u00f3n.<\/span><\/p>\n<p><span style=\"font-weight: 400;\">\u00bfQu\u00e9 ocurre si usted es el peat\u00f3n culpable?<\/span><\/p>\n<p><span style=\"font-weight: 400;\">Los conductores demandados y sus compa\u00f1\u00edas de seguros pueden se\u00f1alar las infracciones de estas leyes de tr\u00e1fico como ejemplos de negligencia comparativa. Seg\u00fan los Estatutos Revisados de Colorado \u00a713-21-111, los tribunales deben evaluar las acciones de todas las partes implicadas en los accidentes para asignar la culpa.<\/span><\/p>\n<p><span style=\"font-weight: 400;\">Si el tribunal considera que el peat\u00f3n lesionado es parcialmente responsable de un accidente, puede reducir o anular la indemnizaci\u00f3n del demandante en el juicio. Un abogado especializado en lesiones personales con experiencia en accidentes de peatones puede evaluar su caso para determinar si puede recibir una indemnizaci\u00f3n reducida debido a su responsabilidad en el accidente.<\/span><\/p>\n<h2><b>Contacte a un abogado especializado en accidentes de peatones de Colorado Springs y obtenga ayuda<\/b><\/h2>\n<p><span style=\"font-weight: 400;\">Un peat\u00f3n atropellado por un veh\u00edculo puede sufrir lesiones graves, aunque el impacto se produzca a una velocidad relativamente baja. Lo positivo es que, si sufri\u00f3<\/span> <span style=\"font-weight: 400;\">lesiones catastr\u00f3ficas<\/span> <span style=\"font-weight: 400;\">tras ser atropellado por un autom\u00f3vil, puede tener derecho a una indemnizaci\u00f3n<\/span>.<\/p>\n<p><span style=\"font-weight: 400;\">Un abogado especializado en accidentes de peatones de Colorado Springs podr\u00eda ayudarle a presentar una demanda y responsabilizar a un conductor negligente. En<\/span> <span style=\"font-weight: 400;\">Springs Law Group, <\/span><span style=\"font-weight: 400;\">le guiaremos a trav\u00e9s del proceso de demanda por lesiones personales y ayudaremos a obtener la compensaci\u00f3n que se merece.<\/span><\/p>\n<p><span style=\"font-weight: 400;\">P\u00f3ngase en contacto con nosotros hoy mismo y programe una revisi\u00f3n gratuita de su caso.<\/span><\/p>\n<h2><b>FAQ: Accidentes de peatones en Colorado Springs<\/b><\/h2>\n<p><b>\u00bfQu\u00e9 tipos de da\u00f1os puedo recuperar en mi demanda por accidente de peat\u00f3n?<\/b><\/p>\n<p><span style=\"font-weight: 400;\">Puede recuperar da\u00f1os econ\u00f3micos y no econ\u00f3micos. Los da\u00f1os econ\u00f3micos incluyen todas las p\u00e9rdidas que incluyen un valor monetario. Por ejemplo, las actuales y futuras <\/span><span style=\"font-weight: 400;\">facturas m\u00e9dicas<\/span><span style=\"font-weight: 400;\">, p\u00e9rdidas de ingresos, los servicios terap\u00e9uticos y el equipo m\u00e9dico son ejemplos de da\u00f1os econ\u00f3micos. Puede solicitar una indemnizaci\u00f3n por los gastos incurridos a causa del accidente.<\/span><\/p>\n<p><span style=\"font-weight: 400;\">Por otro lado, los da\u00f1os no econ\u00f3micos no tienen un valor monetario. Algunos ejemplos incluyen <\/span><span style=\"font-weight: 400;\">dolor y sufrimiento<\/span><span style=\"font-weight: 400;\">, <\/span><span style=\"font-weight: 400;\">angustia emocional <\/span><span style=\"font-weight: 400;\">y depresi\u00f3n<\/span>.<span style=\"font-weight: 400;\">. Su abogado puede ayudarle a calcular sus da\u00f1os no econ\u00f3micos, ya que no tienen valores monetarios asignados.<\/span><\/p>\n<p><b>\u00bfQu\u00e9 hago si la compa\u00f1\u00eda de seguros del conductor culpable intenta culparme del accidente?<\/b><\/p>\n<p><span style=\"font-weight: 400;\">Supongamos que usted cruz\u00f3 una intersecci\u00f3n legalmente y le atropella un veh\u00edculo. Aunque usted no tuvo la culpa del accidente, la compa\u00f1\u00eda de seguros alega que usted tiene <a href=\"https:\/\/springslawgroup.com\/es\/blog\/que-es-la-culpa-parcial-en-las-indemnizaciones-por-accidente-de-trafico-y-como-afecta-a-su-demanda\/\">parte de la culpa<\/a> de sus lesiones por accidente de peat\u00f3n. Si esto sucede, p\u00f3ngase en contacto con un abogado especializado en accidentes de peatones inmediatamente.<\/span> <b>NO<\/b> <span style=\"font-weight: 400;\">debe <\/span><span style=\"font-weight: 400;\">hablar con la compa\u00f1\u00eda de seguros<\/span><span style=\"font-weight: 400;\"> ni proporcionar una declaraci\u00f3n grabada hasta que consiga a un abogado. Usar\u00e1 cualquier cosa que usted diga o haga para denegar su reclamo o reducir su indemnizaci\u00f3n.<\/span><\/p>\n<p><span style=\"font-weight: 400;\">Su abogado le defender\u00e1 y ayudar\u00e1 a determinar qui\u00e9n tuvo la culpa del accidente. Tambi\u00e9n se enfrentar\u00e1n a la compa\u00f1\u00eda de seguros y se asegurar\u00e1n de que obtenga la indemnizaci\u00f3n que le corresponde.<\/span><\/p>\n<p><b>\u00bfC\u00f3mo puede ayudarme un abogado especializado en accidentes de peatones?<\/b><\/p>\n<p>Tener un abogado de su lado es posiblemente el mejor recurso que puede tener. El abogado evaluar\u00e1 su caso de accidente peatonal, reunir\u00e1 pruebas y encontrar\u00e1 testigos. Tambi\u00e9n negociar\u00e1 con la compa\u00f1\u00eda de seguros por usted. Si la compa\u00f1\u00eda de seguros no cumple, puede presentar una demanda por accidente de peat\u00f3n y su abogado le representar\u00e1 ante el tribunal.<\/p>\n<p>M\u00e1s all\u00e1 de todas sus obligaciones, su abogado es un gu\u00eda compasivo. Le ayudar\u00e1n en este proceso y responder\u00e1n a todas sus preguntas. Puede confiar en que su abogado le conseguir\u00e1 una indemnizaci\u00f3n justa por los da\u00f1os sufridos.<\/p>\n","protected":false},"excerpt":{"rendered":"<p>Muchas personas optan por ir al trabajo, hacer mandados o simplemente relajarse a pie. Sin embargo, incluso si alguien nunca&nbsp;<a class=\"moretag\" href=\"https:\/\/springslawgroup.com\/es\/abogado-de-accidente-de-peatones-de-colorado-springs\/\"> Read More&#8230;<\/a><\/p>\n","protected":false},"author":32,"featured_media":0,"parent":0,"menu_order":0,"comment_status":"closed","ping_status":"closed","template":"landingpage.php","meta":{"_acf_changed":false,"inline_featured_image":false,"footnotes":""},"categories":[],"tags":[],"class_list":["post-16735","page","type-page","status-publish","hentry"],"acf":{"key_takeaways":null,"_litigation_personal_injury_contents_new":{"_litigation_personal_injury_title_new":"","_litigation_personal_injury_discription_new":"","_litigation_personal_injury_discription_new_copy":"","_litigation_video_url_new":"","add_button":false},"_header_sub_header_content_new":null,"_litigation_frequently_asked_questions_new":null,"lawsuit_updates":null,"_litigation_related_posts_relation":null,"acf-references":""},"_links":{"self":[{"href":"https:\/\/springslawgroup.com\/es\/wp-json\/wp\/v2\/pages\/16735","targetHints":{"allow":["GET"]}}],"collection":[{"href":"https:\/\/springslawgroup.com\/es\/wp-json\/wp\/v2\/pages"}],"about":[{"href":"https:\/\/springslawgroup.com\/es\/wp-json\/wp\/v2\/types\/page"}],"author":[{"embeddable":true,"href":"https:\/\/springslawgroup.com\/es\/wp-json\/wp\/v2\/users\/32"}],"replies":[{"embeddable":true,"href":"https:\/\/springslawgroup.com\/es\/wp-json\/wp\/v2\/comments?post=16735"}],"version-history":[{"count":4,"href":"https:\/\/springslawgroup.com\/es\/wp-json\/wp\/v2\/pages\/16735\/revisions"}],"predecessor-version":[{"id":17764,"href":"https:\/\/springslawgroup.com\/es\/wp-json\/wp\/v2\/pages\/16735\/revisions\/17764"}],"wp:attachment":[{"href":"https:\/\/springslawgroup.com\/es\/wp-json\/wp\/v2\/media?parent=16735"}],"wp:term":[{"taxonomy":"category","embeddable":true,"href":"https:\/\/springslawgroup.com\/es\/wp-json\/wp\/v2\/categories?post=16735"},{"taxonomy":"post_tag","embeddable":true,"href":"https:\/\/springslawgroup.com\/es\/wp-json\/wp\/v2\/tags?post=16735"}],"curies":[{"name":"wp","href":"https:\/\/api.w.org\/{rel}","templated":true}]}}