{"id":16734,"date":"2019-09-09T20:00:56","date_gmt":"2019-09-10T03:00:56","guid":{"rendered":"https:\/\/springs.flywheelstaging.com\/colorado-springs-abogado-de-accidente-de-auto\/contratar-a-un-abogado-de-accidentes-de-coche-de-colorado-springs\/"},"modified":"2023-10-20T14:21:47","modified_gmt":"2023-10-20T21:21:47","slug":"contratar-a-un-abogado-de-accidentes-de-coche-de-colorado-springs","status":"publish","type":"page","link":"https:\/\/springslawgroup.com\/es\/colorado-springs-abogado-de-accidente-de-auto\/contratar-a-un-abogado-de-accidentes-de-coche-de-colorado-springs\/","title":{"rendered":"Contratar a un Abogado de Accidentes de Coche de Colorado Springs"},"content":{"rendered":"<p>Es dif\u00edcil presentar una demanda por accidente de coche sin tener a alguien a tu lado. Un <a href=\"https:\/\/springslawgroup.com\/es\/colorado-springs-car-accident-lawyer-5\/\">abogado<\/a> puede instruirle y guiarle en el proceso de b\u00fasqueda de una indemnizaci\u00f3n. Al contratar a un abogado especializado en accidentes de coche de Colorado Springs, debe buscar a alguien que puede ayudarlo a tranquilizarse.<\/p>\n<h2>Aspectos \u00danicos de las Demandas por Accidentes de Coche en Colorado Springs<\/h2>\n<p>Una forma significativa en que Colorado Springs es \u00fanico es en la selecci\u00f3n del jurado. Dependiendo del condado, algunos jurados pueden ser m\u00e1s conservadores que otros, y algunos pueden incluir miembros del ej\u00e9rcito o veteranos. Adem\u00e1s, los miembros del jurado que pueden haber sufrido sus propias lesiones por su trabajo pueden ser menos generosos que otros miembros del jurado. Un profesional jur\u00eddico cualificado debe tener en cuenta estos factores a la hora de decidir si litiga un caso ante los tribunales.<\/p>\n<p>Adem\u00e1s, el terreno y las condiciones meteorol\u00f3gicas de Colorado Springs son diferentes a los de otras zonas del estado. Debido a que esta ciudad es una regi\u00f3n monta\u00f1osa, y el clima cambia de la ma\u00f1ana a la noche, podr\u00eda afectar en gran medida las condiciones de conducci\u00f3n y el resultado de un caso de accidente de coche. Al contratar a un abogado especializado en accidentes automovil\u00edsticos en Colorado Springs, un reclamo debe buscar un asesor legal que comprenda estas complejidades locales.<\/p>\n<h2>\u00bfPor Qu\u00e9 Deber\u00eda Alguien Contratar a un Abogado?<\/h2>\n<p>Una de las razones m\u00e1s importantes para contratar a un abogado de <a href=\"https:\/\/springslawgroup.com\/es\/blog\/que-debo-hacer-si-me-lesiono-en-un-accidente-automovilistico-en-colorado-y-vivo-en-otro-estado\/\">accidentes de coche<\/a> en Colorado Springs es recibir ayuda a la hora de encontrar el tratamiento adecuado. Un abogado con experiencia puede conocer a excelentes profesionales m\u00e9dicos como quiropr\u00e1cticos, fisioterapeutas, doctores y cirujanos que podr\u00edan tratar a un demandante lesionado.<\/p>\n<p>Adem\u00e1s, un abogado podr\u00eda ocuparse de las compa\u00f1\u00edas de seguros y de los peritos, permitiendo al perjudicado centrarse en su proceso de curaci\u00f3n. Un abogado puede aconsejar a la parte lesionada que no discuta su caso con el seguro del conductor culpable antes de que pueda prepararse para el interrogatorio con su representaci\u00f3n.<\/p>\n<p>Un asesor jur\u00eddico podr\u00eda revisar y buscar las coberturas de seguro disponibles como posibles v\u00edas de indemnizaci\u00f3n. Adem\u00e1s de asesoramiento jur\u00eddico, un abogado puede ofrecer apoyo emocional. Algunos demandantes subestiman la carga emocional que supone enfrentarse a una lesi\u00f3n, a las compa\u00f1\u00edas de seguros y a la duraci\u00f3n de un juicio. Un abogado de Springs Law Group podr\u00eda ayudar a establecer expectativas razonables y a afrontar el estresante proceso de reclamos.<\/p>\n<h2>C\u00f3mo Elegir un Abogado<\/h2>\n<p>A la hora de decidir con qu\u00e9 abogado ponerse en contacto para tratar su caso, el perjudicado debe tener en cuenta las opiniones y hablar con sus seres queridos sobre sus experiencias con distintos bufetes de abogados. Uno de los primeros temas que un abogado de Colorado Springs puede discutir con el demandante por accidente de coche es la presencia de cualquier laguna en su tratamiento. Si han esperado mucho tiempo antes de recibir atenci\u00f3n m\u00e9dica, la compa\u00f1\u00eda de seguros puede utilizar este argumento para reclamar una indemnizaci\u00f3n menor o ninguna. Los demandantes deben buscar un bufete de abogados que pueda ayudarles en caso de que esto ocurra.<\/p>\n<h2>Contacte a un Abogado de Accidentes de Coche de Colorado Springs<\/h2>\n<p>En Springs Law Group, ayudamos a los demandantes a trav\u00e9s de cada paso del proceso. Desde las llamadas a las compa\u00f1\u00edas de seguros hasta las reuniones preliminares para discutir la estrategia, queremos estar a su lado. Si usted est\u00e1 pensando en contratar a un abogado de accidentes de coche de Colorado Springs, <a href=\"https:\/\/springslawgroup.com\/es\/contacto\/\">programe<\/a> una cita en Springs Law Group.<\/p>\n","protected":false},"excerpt":{"rendered":"<p>Es dif\u00edcil presentar una demanda por accidente de coche sin tener a alguien a tu lado. Un abogado puede instruirle&nbsp;<a class=\"moretag\" href=\"https:\/\/springslawgroup.com\/es\/colorado-springs-abogado-de-accidente-de-auto\/contratar-a-un-abogado-de-accidentes-de-coche-de-colorado-springs\/\"> Read More&#8230;<\/a><\/p>\n","protected":false},"author":32,"featured_media":0,"parent":16694,"menu_order":0,"comment_status":"closed","ping_status":"closed","template":"landingpage.php","meta":{"_acf_changed":false,"inline_featured_image":false,"footnotes":""},"categories":[],"tags":[],"class_list":["post-16734","page","type-page","status-publish","hentry"],"acf":{"key_takeaways":null,"_litigation_personal_injury_contents_new":{"_litigation_personal_injury_title_new":"","_litigation_personal_injury_discription_new":"","_litigation_personal_injury_discription_new_copy":"","_litigation_video_url_new":"","add_button":false},"_header_sub_header_content_new":null,"_litigation_frequently_asked_questions_new":null,"lawsuit_updates":null,"_litigation_related_posts_relation":null,"acf-references":""},"_links":{"self":[{"href":"https:\/\/springslawgroup.com\/es\/wp-json\/wp\/v2\/pages\/16734","targetHints":{"allow":["GET"]}}],"collection":[{"href":"https:\/\/springslawgroup.com\/es\/wp-json\/wp\/v2\/pages"}],"about":[{"href":"https:\/\/springslawgroup.com\/es\/wp-json\/wp\/v2\/types\/page"}],"author":[{"embeddable":true,"href":"https:\/\/springslawgroup.com\/es\/wp-json\/wp\/v2\/users\/32"}],"replies":[{"embeddable":true,"href":"https:\/\/springslawgroup.com\/es\/wp-json\/wp\/v2\/comments?post=16734"}],"version-history":[{"count":2,"href":"https:\/\/springslawgroup.com\/es\/wp-json\/wp\/v2\/pages\/16734\/revisions"}],"predecessor-version":[{"id":18074,"href":"https:\/\/springslawgroup.com\/es\/wp-json\/wp\/v2\/pages\/16734\/revisions\/18074"}],"up":[{"embeddable":true,"href":"https:\/\/springslawgroup.com\/es\/wp-json\/wp\/v2\/pages\/16694"}],"wp:attachment":[{"href":"https:\/\/springslawgroup.com\/es\/wp-json\/wp\/v2\/media?parent=16734"}],"wp:term":[{"taxonomy":"category","embeddable":true,"href":"https:\/\/springslawgroup.com\/es\/wp-json\/wp\/v2\/categories?post=16734"},{"taxonomy":"post_tag","embeddable":true,"href":"https:\/\/springslawgroup.com\/es\/wp-json\/wp\/v2\/tags?post=16734"}],"curies":[{"name":"wp","href":"https:\/\/api.w.org\/{rel}","templated":true}]}}