{"id":16733,"date":"2019-11-27T16:14:42","date_gmt":"2019-11-27T23:14:42","guid":{"rendered":"https:\/\/springs.flywheelstaging.com\/colorado-springs-abogado-de-accidente-de-auto\/accidentes-por-conductor-adolescente-de-colorado-springs\/"},"modified":"2023-09-01T07:13:21","modified_gmt":"2023-09-01T14:13:21","slug":"accidentes-por-conductor-adolescente-de-colorado-springs","status":"publish","type":"page","link":"https:\/\/springslawgroup.com\/es\/colorado-springs-abogado-de-accidente-de-auto\/accidentes-por-conductor-adolescente-de-colorado-springs\/","title":{"rendered":"Accidentes por conductor adolescente en Colorado Springs"},"content":{"rendered":"<p>Como los conductores adolescentes son nuevos en la carretera, pueden ser m\u00e1s propensos a involucrarse en un accidente. Sin embargo, que sean conductores novatos no significa que sean autom\u00e1ticamente responsables si se produce un choque. Un <a href=\"https:\/\/springslawgroup.com\/es\/colorado-springs-car-accident-lawyer-5\/\">abogado especializado<\/a> en accidentes por conductor adolescente de Colorado Springs podr\u00eda ayudarle si su hijo adolescente se involucr\u00f3 en un accidente automovil\u00edstico.<\/p>\n<h2>Leyes de conducci\u00f3n para adolescentes<\/h2>\n<p>Para empezar a conducir, la ley estatal exige que una persona tenga al menos 16 a\u00f1os o m\u00e1s para obtener la licencia de conducir. Adem\u00e1s, una persona debe tener al menos 14 a\u00f1os y diez meses para comenzar un curso de educaci\u00f3n vial.<\/p>\n<p>Para obtener una licencia de aprendizaje, si una persona tiene m\u00e1s de 14 a\u00f1os, pero menos de 15 a\u00f1os y seis meses, la ley estatal exige que asista y complete un curso de educaci\u00f3n vial de 30 horas aprobado por el estado y que apruebe un examen escrito una vez que cumpla los 15 a\u00f1os.<\/p>\n<p>Si un adolescente tiene m\u00e1s de 15 a\u00f1os, pero menos de 16 a\u00f1os, la ley estatal exige que asista y complete un programa certificado de concientizaci\u00f3n del conductor de precalificaci\u00f3n de cuatro horas o un curso de educaci\u00f3n vial de 30 horas aprobado por el estado, y que apruebe un examen escrito.<\/p>\n<p>Luego, si el adolescente tiene 16 a\u00f1os, la ley estatal exige que supere una prueba escrita. Es importante se\u00f1alar que no hay excepciones que le permitan a alguien empezar a conducir antes de los 16 a\u00f1os para obtener la licencia de conducir.<\/p>\n<p>Una persona debe tener su licencia de aprendizaje durante un a\u00f1o completo desde la fecha original de emisi\u00f3n hasta que pueda ser elegible para tomar la prueba de conducir. Adem\u00e1s, debe completar seis horas de formaci\u00f3n al volante con un instructor certificado por el estado. Tambi\u00e9n deben llenar una hoja de registro del tiempo de conducci\u00f3n con un total de 50 horas al volante, que deben incluir al menos 10 horas de conducci\u00f3n nocturna y la firma de uno de los padres o el tutor.<\/p>\n<p>Si una persona es menor de 18 a\u00f1os, no puede conducir un autom\u00f3vil entre la medianoche y las cinco de la ma\u00f1ana con su licencia de conducir. Adem\u00e1s, durante los seis primeros meses de posesi\u00f3n de la licencia, no podr\u00e1n transportar a pasajeros menores de 21 a\u00f1os. Sin embargo, sus hermanos est\u00e1n exentos.<\/p>\n<p>Entre los seis meses y el a\u00f1o de posesi\u00f3n de la licencia de conducir, un adolescente solo puede transportar a un pasajero menor de 21 a\u00f1os. Sus hermanos est\u00e1n exentos, pero despu\u00e9s de un a\u00f1o de tener la licencia, si siguen siendo menores de 18 a\u00f1os, el conductor novel podr\u00e1 avanzar.<\/p>\n<h2>\u00bfC\u00f3mo se producen los accidentes por conductor adolescente?<\/h2>\n<p>Con frecuencia, los choques por conductores adolescentes en Colorado Springs ocurren porque son inexpertos y est\u00e1n nerviosos. Esto les hace ser menos conscientes de los dem\u00e1s en la carretera e incapaces de tomar decisiones con rapidez, lo que podr\u00eda provocar un accidente grave.<\/p>\n<p>Adem\u00e1s, pueden <a href=\"https:\/\/springslawgroup.com\/es\/colorado-springs-abogado-de-accidente-de-auto\/abogado-por-conduccion-distraida-de-colorado-springs\/\">distraerse<\/a> f\u00e1cilmente con sus <a href=\"https:\/\/springslawgroup.com\/es\/colorado-springs-abogado-de-accidente-de-auto\/accidentes-de-coche-en-colorado-springs-que-implican-el-uso-del-telefono-movil\/\">tel\u00e9fonos<\/a> o con otros pasajeros del veh\u00edculo y no saben c\u00f3mo adaptarse o manejar la situaci\u00f3n. Conducir de noche, cansado o <a href=\"https:\/\/springslawgroup.com\/es\/colorado-springs-abogado-de-accidente-de-auto\/colorado-springs-abogado-de-accidente-de-dui\/\">bajo los efectos del alcohol<\/a> tambi\u00e9n puede convertirse en un problema que provoque un accidente.<\/p>\n<h2>\u00bfQu\u00e9 rol desempe\u00f1an los padres en la preparaci\u00f3n y prevenci\u00f3n de accidentes?<\/h2>\n<p>Los padres en Colorado Springs deben ense\u00f1arle a sus hijos conductores adolescentes a mantener la calma y llamar a la polic\u00eda de inmediato si sufren un accidente. Luego, deben llamar a sus padres. Adem\u00e1s, los padres deben decirle a sus hijos adolescentes que, si pueden, alejen el veh\u00edculo del tr\u00e1fico que viene en sentido contrario. Tambi\u00e9n deben tomar fotos de la escena y tomar notas sobre lo ocurrido. Esto podr\u00eda ayudarles a recordar informaci\u00f3n importante sobre el choque.<\/p>\n<p>Una de las medidas m\u00e1s importantes que pueden tomar los padres para evitar que sus hijos adolescentes se involucren en un accidente es dar el ejemplo cuando conducen con ellos en el veh\u00edculo. Los adolescentes pueden copiar las acciones de sus padres y utilizarlos como ejemplo cuando empiezan a conducir. Por lo tanto, los padres deben asegurarse de no conducir distra\u00eddos cuando sus hijos adolescentes est\u00e1n en el veh\u00edculo con ellos.<\/p>\n<p>Adem\u00e1s, los padres deben mantener conversaciones con sus hijos adolescentes mientras aprenden a conducir sobre lo que pueden mejorar y celebrar lo que han hecho bien. En general, es importante corregir y felicitar.<\/p>\n<h2>\u00bfPor qu\u00e9 los accidentes por conductores adolescentes son diferentes?<\/h2>\n<p>En Colorado Springs, un caso de accidente automovil\u00edstico se desarrolla de manera diferente cuando el conductor es menor de 18 a\u00f1os que en otras circunstancias, ya que cuando se resuelve el caso, se requiere la aprobaci\u00f3n del tribunal de sucesiones antes de que se pueda resolver por completo un caso de lesiones personales que involucre a un menor. No solo constituye un caso civil o un componente a dicho caso, sino tambi\u00e9n un componente testamentario, que puede ser necesario para aprobar el acuerdo final y tener acceso a esos fondos.<\/p>\n<h2>Hable con un abogado tras sufrir un accidente por conductor adolescente en Colorado Springs y obtenga ayuda<\/h2>\n<p>Despu\u00e9s de que su hijo adolescente haya sufrido lesiones en un accidente automovil\u00edstico, los padres deben buscar un abogado especializado en lesiones que pueda comunicarse con ellos y con su hijo. Tambi\u00e9n podr\u00eda proporcionar la informaci\u00f3n que los padres y su hijo adolescente necesitan para comprender su situaci\u00f3n.<\/p>\n<p>No solo eso, tambi\u00e9n es importante que los conductores adolescentes sientan que tienen voz y que se les respeta, ya que ser\u00e1n ellos quienes tengan que acudir a los tratamientos m\u00e9dicos y cumplir los plazos durante todo el caso. Quieren encontrar un abogado que se comprometa con el adolescente y le haga sentirse parte del proceso. Para obtener m\u00e1s informaci\u00f3n acerca de un profesional legal que pueda ayudar despu\u00e9s de un accidente por conductor adolescente, llame a nuestro estudio hoy.<\/p>\n","protected":false},"excerpt":{"rendered":"<p>Como los conductores adolescentes son nuevos en la carretera, pueden ser m\u00e1s propensos a involucrarse en un accidente. Sin embargo,&nbsp;<a class=\"moretag\" href=\"https:\/\/springslawgroup.com\/es\/colorado-springs-abogado-de-accidente-de-auto\/accidentes-por-conductor-adolescente-de-colorado-springs\/\"> Read More&#8230;<\/a><\/p>\n","protected":false},"author":32,"featured_media":0,"parent":16694,"menu_order":0,"comment_status":"closed","ping_status":"closed","template":"landingpage.php","meta":{"_acf_changed":false,"inline_featured_image":false,"footnotes":""},"categories":[],"tags":[],"class_list":["post-16733","page","type-page","status-publish","hentry"],"acf":{"key_takeaways":null,"_litigation_personal_injury_contents_new":{"_litigation_personal_injury_title_new":"","_litigation_personal_injury_discription_new":"","_litigation_personal_injury_discription_new_copy":"","_litigation_video_url_new":"","add_button":false},"_header_sub_header_content_new":null,"_litigation_frequently_asked_questions_new":null,"lawsuit_updates":null,"_litigation_related_posts_relation":null,"acf-references":""},"_links":{"self":[{"href":"https:\/\/springslawgroup.com\/es\/wp-json\/wp\/v2\/pages\/16733","targetHints":{"allow":["GET"]}}],"collection":[{"href":"https:\/\/springslawgroup.com\/es\/wp-json\/wp\/v2\/pages"}],"about":[{"href":"https:\/\/springslawgroup.com\/es\/wp-json\/wp\/v2\/types\/page"}],"author":[{"embeddable":true,"href":"https:\/\/springslawgroup.com\/es\/wp-json\/wp\/v2\/users\/32"}],"replies":[{"embeddable":true,"href":"https:\/\/springslawgroup.com\/es\/wp-json\/wp\/v2\/comments?post=16733"}],"version-history":[{"count":2,"href":"https:\/\/springslawgroup.com\/es\/wp-json\/wp\/v2\/pages\/16733\/revisions"}],"predecessor-version":[{"id":17747,"href":"https:\/\/springslawgroup.com\/es\/wp-json\/wp\/v2\/pages\/16733\/revisions\/17747"}],"up":[{"embeddable":true,"href":"https:\/\/springslawgroup.com\/es\/wp-json\/wp\/v2\/pages\/16694"}],"wp:attachment":[{"href":"https:\/\/springslawgroup.com\/es\/wp-json\/wp\/v2\/media?parent=16733"}],"wp:term":[{"taxonomy":"category","embeddable":true,"href":"https:\/\/springslawgroup.com\/es\/wp-json\/wp\/v2\/categories?post=16733"},{"taxonomy":"post_tag","embeddable":true,"href":"https:\/\/springslawgroup.com\/es\/wp-json\/wp\/v2\/tags?post=16733"}],"curies":[{"name":"wp","href":"https:\/\/api.w.org\/{rel}","templated":true}]}}