{"id":16732,"date":"2019-10-11T14:13:59","date_gmt":"2019-10-11T21:13:59","guid":{"rendered":"https:\/\/springs.flywheelstaging.com\/colorado-springs-abogado-de-accidente-de-auto\/accidentes-de-coche-por-vuelco-en-colorado-springs\/"},"modified":"2023-09-01T07:13:19","modified_gmt":"2023-09-01T14:13:19","slug":"accidentes-de-coche-por-vuelco-en-colorado-springs","status":"publish","type":"page","link":"https:\/\/springslawgroup.com\/es\/colorado-springs-abogado-de-accidente-de-auto\/accidentes-de-coche-por-vuelco-en-colorado-springs\/","title":{"rendered":"Accidentes con vuelco en Colorado Springs"},"content":{"rendered":"<p>Un accidente con vuelco puede ocurrir cuando un conductor desv\u00eda su coche para evitar algo en la carretera, como un bache, un animal o un objeto Este viraje lleva al conductor a realizar una correcci\u00f3n excesiva, lo que provoca el vuelco del veh\u00edculo. Los accidentes con vuelco en Colorado Springs pueden da\u00f1ar significativamente el autom\u00f3vil de un conductor y causar lesiones graves. Si se involucr\u00f3 en un accidente automovil\u00edstico, p\u00f3ngase en contacto con un abogado especializado en accidentes con vuelco de Colorado Springs en <a href=\"https:\/\/springslawgroup.com\/es\/colorado-springs-car-accident-lawyer-5\/\">Springs Law Group<\/a>, quien podr\u00eda identificar si usted tiene una demanda por lesiones personales viable.<\/p>\n<h2><b>\u00bfC\u00f3mo se producen los accidentes con vuelco?<\/b><\/h2>\n<p>Los accidentes con vuelco en Colorado Springs suelen implicar veh\u00edculos m\u00e1s altos y estrechos, como camionetas, furgonetas y utilitarios, debido a su mayor centro de gravedad. Estos accidentes automovil\u00edsticos pueden deberse a neum\u00e1ticos en mal estado o a las malas condiciones de la carretera. Es importante tener en cuenta que la mayor\u00eda de las v\u00edctimas mortales en accidentes con vuelco son consecuencia de choques de un solo veh\u00edculo. Adem\u00e1s, estos <a href=\"https:\/\/springslawgroup.com\/es\/blog\/que-tipo-de-acciones-al-volante-pueden-provocar-accidentes-automovilisticos\/\">accidentes<\/a> pueden involucrar objetos o escombros que salen volando de otro veh\u00edculo, como un cami\u00f3n de basura, lo que hace que el conductor detr\u00e1s de este automovilista derrape al intentar esquivar dicho objeto.<\/p>\n<p>Otras acciones o situaciones que pueden contribuir a los accidentes por vuelco son las siguientes:<\/p>\n<ul>\n<li aria-level=\"1\">Conducir con exceso de velocidad.<\/li>\n<li aria-level=\"1\"><a href=\"https:\/\/springslawgroup.com\/es\/blog\/quien-se-responsabiliza-cuando-los-defectos-mecanicos-causan-el-accidente-automovilistico-en-colorado-springs\/\">Conducir veh\u00edculos con piezas defectuosas.<\/a><\/li>\n<li aria-level=\"1\">Conducir con imprudencia.<\/li>\n<li aria-level=\"1\">Subirse a la acera.<\/li>\n<li aria-level=\"1\">Beber y conducir.<\/li>\n<li aria-level=\"1\"><a href=\"https:\/\/springslawgroup.com\/es\/blog\/accidentes-automovilisticos-causados-por-nieve-y-hielo-en-colorado\/\">Conducir con malas condiciones meteorol\u00f3gicas.<\/a><\/li>\n<\/ul>\n<h2><b>Prevenci\u00f3n de accidentes<\/b><\/h2>\n<p>Los accidentes con vuelco pueden ser extremadamente peligrosos porque tienen una tasa de mortalidad m\u00e1s alta que otros accidentes automovil\u00edsticos. Un accidente con vuelco puede ser intr\u00ednsecamente m\u00e1s riesgoso que <a href=\"https:\/\/springslawgroup.com\/es\/colorado-springs-abogado-de-accidente-de-auto\/abogado-de-colision-frontal-en-colorado-springs\/\">los choques frontales<\/a> o <a href=\"https:\/\/springslawgroup.com\/es\/colorado-springs-abogado-de-accidente-de-auto\/abogado-de-colision-trasera-de-colorado-springs\/\">traseros,<\/a> ya que no solo se empuja a los ocupantes del veh\u00edculo desde todos los lados, sino que los objetos del coche salen despedidos en todas direcciones, lo que supone un mayor riesgo de lesiones para los ocupantes. Los automovilistas de Colorado Springs pueden disminuir sus posibilidades de sufrir graves heridas en un accidente con vuelco con el uso de cinturones de seguridad. Sin embargo, los conductores deben cuidar adecuadamente sus veh\u00edculos con revisiones rutinarias de mantenimiento y neum\u00e1ticos en buen estado para evitar verse implicados en este tipo de accidentes.<\/p>\n<p>Por ejemplo, si un veh\u00edculo sufre una aver\u00eda inesperada o un neum\u00e1tico revienta de repente, puede ser demasiado tarde para que un conductor evite verse implicado en un accidente. Los automovilistas tambi\u00e9n pueden evitar que sus autom\u00f3viles vuelquen al respetar los l\u00edmites de velocidad indicados. Aunque algunos accidentes son inevitables, conducir de forma segura y respetar las leyes de tr\u00e1fico puede ayudar a que los accidentes con vuelco no sucedan.<\/p>\n<h2><b>\u00bfC\u00f3mo se documenta un accidente con vuelco?<\/b><\/h2>\n<p>Para documentar adecuadamente un accidente con vuelco, el conductor debe llamar a la polic\u00eda para investigar y registrar la escena. El agente elaborar\u00e1 un informe del accidente, que puede utilizarse como <a href=\"https:\/\/springslawgroup.com\/es\/blog\/pruebas-que-las-victimas-de-accidentes-automovilisticos-deben-recoger\/\">prueba a la hora de presentar una demanda por accidente automovil\u00edstico<\/a>. El conductor tambi\u00e9n puede tomar fotos, obtener informaci\u00f3n de contacto y breves <a href=\"https:\/\/springslawgroup.com\/es\/blog\/como-los-testigos-periciales-pueden-ayudar-a-su-caso-de-accidente-automovilistico-en-pueblo\/\">declaraciones de los testigos<\/a>, e intercambiar informaci\u00f3n con otras partes implicadas en el accidente. Los profesionales del Derecho tambi\u00e9n recomiendan que los automovilistas documenten las condiciones de la carretera en el momento del accidente mediante fotograf\u00edas de baches, escombros o malas condiciones clim\u00e1ticas. Un <a href=\"https:\/\/springslawgroup.com\/es\/blog\/podria-un-abogado-especializado-en-lesiones-personales-ayudarme-a-ganar-mas-dinero-o-a-ahorrar-tiempo\/\">abogado experto<\/a> puede ayudar a los perjudicados a reunir las pruebas necesarias para su demanda por accidente automovil\u00edstico. Un abogado especializado en lesiones personales de Colorado Springs puede ayudar con casos de accidente con vuelco.<\/p>\n<h2><b>Contacte a un abogado y obtenga ayuda tras un accidente con vuelco en Colorado Springs<\/b><\/h2>\n<p>Desde la consulta inicial para un caso hasta su resoluci\u00f3n, un abogado especializado en accidentes automovil\u00edsticos de Colorado Springs podr\u00eda trabajar diligentemente para buscar compensaci\u00f3n por sus da\u00f1os, como gastos m\u00e9dicos, actuales y futuros, o <a href=\"https:\/\/springslawgroup.com\/es\/blog\/como-demuestro-el-lucro-cesante-futuro-en-un-caso-de-lesiones-personales\/\">salarios perdidos<\/a> que resulten de su accidente. Tambi\u00e9n revisar\u00e1n y analizar\u00e1n a fondo la documentaci\u00f3n de la compa\u00f1\u00eda de seguros, los historiales m\u00e9dicos, los informes policiales y las declaraciones de los testigos para defender con firmeza sus mejores intereses mientras se recupera de un grave accidente. La comunicaci\u00f3n es clave para recibir una indemnizaci\u00f3n justa, por lo que un profesional del Derecho podr\u00eda mantenerle al d\u00eda e informado a medida que avanza su caso de accidente automovil\u00edstico. Para aprender c\u00f3mo uno de los miembros de nuestro equipo podr\u00eda ayudarle si se involucr\u00f3 en un accidente con vuelco en Colorado Springs y sufri\u00f3 lesiones, contacte a <a href=\"https:\/\/springslawgroup.com\/es\/contacto\/\">Springs Law Group<\/a>. Llame hoy mismo y programe su consulta gratuita.<\/p>\n","protected":false},"excerpt":{"rendered":"<p>Un accidente con vuelco puede ocurrir cuando un conductor desv\u00eda su coche para evitar algo en la carretera, como un&nbsp;<a class=\"moretag\" href=\"https:\/\/springslawgroup.com\/es\/colorado-springs-abogado-de-accidente-de-auto\/accidentes-de-coche-por-vuelco-en-colorado-springs\/\"> Read More&#8230;<\/a><\/p>\n","protected":false},"author":32,"featured_media":0,"parent":16694,"menu_order":0,"comment_status":"closed","ping_status":"closed","template":"landingpage.php","meta":{"_acf_changed":false,"inline_featured_image":false,"footnotes":""},"categories":[],"tags":[],"class_list":["post-16732","page","type-page","status-publish","hentry"],"acf":{"key_takeaways":null,"_litigation_personal_injury_contents_new":{"_litigation_personal_injury_title_new":"","_litigation_personal_injury_discription_new":"","_litigation_personal_injury_discription_new_copy":"","_litigation_video_url_new":"","add_button":false},"_header_sub_header_content_new":null,"_litigation_frequently_asked_questions_new":null,"lawsuit_updates":null,"_litigation_related_posts_relation":null,"acf-references":""},"_links":{"self":[{"href":"https:\/\/springslawgroup.com\/es\/wp-json\/wp\/v2\/pages\/16732","targetHints":{"allow":["GET"]}}],"collection":[{"href":"https:\/\/springslawgroup.com\/es\/wp-json\/wp\/v2\/pages"}],"about":[{"href":"https:\/\/springslawgroup.com\/es\/wp-json\/wp\/v2\/types\/page"}],"author":[{"embeddable":true,"href":"https:\/\/springslawgroup.com\/es\/wp-json\/wp\/v2\/users\/32"}],"replies":[{"embeddable":true,"href":"https:\/\/springslawgroup.com\/es\/wp-json\/wp\/v2\/comments?post=16732"}],"version-history":[{"count":2,"href":"https:\/\/springslawgroup.com\/es\/wp-json\/wp\/v2\/pages\/16732\/revisions"}],"predecessor-version":[{"id":17742,"href":"https:\/\/springslawgroup.com\/es\/wp-json\/wp\/v2\/pages\/16732\/revisions\/17742"}],"up":[{"embeddable":true,"href":"https:\/\/springslawgroup.com\/es\/wp-json\/wp\/v2\/pages\/16694"}],"wp:attachment":[{"href":"https:\/\/springslawgroup.com\/es\/wp-json\/wp\/v2\/media?parent=16732"}],"wp:term":[{"taxonomy":"category","embeddable":true,"href":"https:\/\/springslawgroup.com\/es\/wp-json\/wp\/v2\/categories?post=16732"},{"taxonomy":"post_tag","embeddable":true,"href":"https:\/\/springslawgroup.com\/es\/wp-json\/wp\/v2\/tags?post=16732"}],"curies":[{"name":"wp","href":"https:\/\/api.w.org\/{rel}","templated":true}]}}