{"id":16731,"date":"2019-09-05T16:27:20","date_gmt":"2019-09-05T23:27:20","guid":{"rendered":"https:\/\/springs.flywheelstaging.com\/colorado-springs-abogado-de-accidente-de-auto\/abogado-de-colision-trasera-de-colorado-springs\/"},"modified":"2023-09-01T07:13:59","modified_gmt":"2023-09-01T14:13:59","slug":"abogado-de-colision-trasera-de-colorado-springs","status":"publish","type":"page","link":"https:\/\/springslawgroup.com\/es\/colorado-springs-abogado-de-accidente-de-auto\/abogado-de-colision-trasera-de-colorado-springs\/","title":{"rendered":"Abogado especializado en accidentes por choque trasero de Colorado Springs"},"content":{"rendered":"<p>La ley estatal establece que un conductor no puede seguir a otro veh\u00edculo m\u00e1s de cerca de lo razonable y prudente. Este estatuto tambi\u00e9n establece que cada automovilista debe tener en cuenta la velocidad de todos los dem\u00e1s veh\u00edculos y del tr\u00e1fico. Cuando un automovilista golpea a otro por detr\u00e1s, se presume que actu\u00f3 con negligencia.<\/p>\n<p>Si sufri\u00f3 lesiones en un accidente automovil\u00edstico, hable con un abogado especializado en accidentes por choque trasero de Colorado Springs para discutir el proceso de demanda. Un <a href=\"https:\/\/springslawgroup.com\/es\/colorado-springs-car-accident-lawyer-5\/\">abogado<\/a> experto podr\u00eda ayudarle a construir su caso y a obtener una indemnizaci\u00f3n justa.<\/p>\n<h2>\u00bfC\u00f3mo suelen producirse los accidentes por choque trasero?<\/h2>\n<p>Los accidentes por choque trasero suelen producirse cuando un motorista circula a gran velocidad y no frena antes de golpear al autom\u00f3vil que le precede. La distracci\u00f3n al volante es otra causa com\u00fan de que un veh\u00edculo choque por detr\u00e1s a otro. Un automovilista puede <a href=\"https:\/\/springslawgroup.com\/es\/colorado-springs-abogado-de-accidente-de-auto\/abogado-por-conduccion-distraida-de-colorado-springs\/\">distraerse al hablar por tel\u00e9fono<\/a>, enviar mensajes de texto, hablar con otros pasajeros o estirar la mano para cambiar la radio.<\/p>\n<p>Debido al crecimiento de la ciudad, el tr\u00e1fico pesado y las obras en las carreteras han sido tambi\u00e9n un factor que provoca accidentes por choque trasero. La agresividad al volante, el cansancio y la conducci\u00f3n alcoholizada pueden provocar choques traseros y lesiones graves.<\/p>\n<h2>Asignaci\u00f3n de culpa<\/h2>\n<p>La ley estatal generalmente asigna la culpa en un accidente por choque trasero a la persona en el veh\u00edculo de atr\u00e1s, de acuerdo con el art\u00edculo \u00a742-4-1008 de los Estatutos de Colorado. Sin embargo, si se determina que la parte perjudicada tiene el 50 % de la culpa, no podr\u00e1 recibir ninguna parte de la indemnizaci\u00f3n de acuerdo con el sistema de <a href=\"https:\/\/springslawgroup.com\/es\/colorado-springs-abogado-de-accidente-de-auto\/abogado-de-negligencia-comparativa-en-colorado-springs\/\">negligencia comparativa<\/a>.<\/p>\n<p>Para establecer la responsabilidad en los casos de choque trasero, un abogado de Colorado Springs puede utilizar fotos y videos de la escena. Que pueden recolectar el perjudicado, los testigos o la polic\u00eda Estas pruebas pueden utilizarse para reforzar una demanda por da\u00f1os al veh\u00edculo del demandante, as\u00ed como por sus lesiones.<\/p>\n<p>El reporte policial tambi\u00e9n es importante, ya que recoge las condiciones meteorol\u00f3gicas y de la carretera presentes en el momento del accidente. Esta informaci\u00f3n puede ser crucial, ya que estas condiciones pueden influir en la causa del siniestro. En el reporte policial, tambi\u00e9n puede constar otra informaci\u00f3n importante que ayuda a asignar la culpa, como la gravedad de los da\u00f1os sufridos por los veh\u00edculos, el lugar del accidente y d\u00f3nde resultaron da\u00f1ados los veh\u00edculos.<\/p>\n<p>Un abogado puede recoger declaraciones de las partes implicadas y de testigos para establecer tambi\u00e9n la responsabilidad. Adem\u00e1s, el an\u00e1lisis del veh\u00edculo y la reconstrucci\u00f3n del accidente pueden ayudar a determinar la responsabilidad. De hecho, un experto en reconstrucci\u00f3n de accidentes puede dar una descripci\u00f3n definitiva de c\u00f3mo se produjo el accidente.<\/p>\n<h2>\u00bfCu\u00e1les son las ventajas de contratar a un asesor jur\u00eddico?<\/h2>\n<p>Una raz\u00f3n para ponerse en contacto con un abogado tan pronto como sea posible despu\u00e9s de un choque trasero en Colorado Springs es aprender acerca de las opciones legales que un demandante puede tener. Un abogado podr\u00eda evaluar el valor de un caso en funci\u00f3n de los da\u00f1os sufridos por el demandante y calcular el tiempo que puede llevar una demanda de este tipo.<\/p>\n<p>Adem\u00e1s, un representante legal podr\u00eda ayudarle a determinar la culpa. Si la compa\u00f1\u00eda de seguros de la parte contraria cuestiona la responsabilidad de su asegurado, entonces un abogado podr\u00eda verificar la culpa a trav\u00e9s del proceso de investigaci\u00f3n. Al trabajar con un equipo jur\u00eddico, podr\u00edan asegurarse de que no haya cavos sueltos y evitar que la compa\u00f1\u00eda de seguros utilice dichos cavos sueltos como excusa para no pagar.<\/p>\n<h2>Contacte a un abogado especializado en accidentes por choque trasero de Colorado Springs<\/h2>\n<p>Si sufri\u00f3 lesiones o da\u00f1os a la propiedad en un accidente automovil\u00edstico, hable con un abogado especializado en accidentes por choque trasero de Colorado Springs para obtener ayuda. Nuestro equipo jur\u00eddico podr\u00eda ayudarle a presentar una demanda por da\u00f1os y perjuicios mientras usted se centra en recuperarse. Para saber lo que un abogado puede hacer por usted, <a href=\"https:\/\/springslawgroup.com\/es\/contacto\/\">llame<\/a> hoy mismo.<\/p>\n","protected":false},"excerpt":{"rendered":"<p>La ley estatal establece que un conductor no puede seguir a otro veh\u00edculo m\u00e1s de cerca de lo razonable y&nbsp;<a class=\"moretag\" href=\"https:\/\/springslawgroup.com\/es\/colorado-springs-abogado-de-accidente-de-auto\/abogado-de-colision-trasera-de-colorado-springs\/\"> Read More&#8230;<\/a><\/p>\n","protected":false},"author":32,"featured_media":0,"parent":16694,"menu_order":0,"comment_status":"closed","ping_status":"closed","template":"landingpage.php","meta":{"_acf_changed":false,"inline_featured_image":false,"footnotes":""},"categories":[],"tags":[],"class_list":["post-16731","page","type-page","status-publish","hentry"],"acf":{"key_takeaways":null,"_litigation_personal_injury_contents_new":{"_litigation_personal_injury_title_new":"","_litigation_personal_injury_discription_new":"","_litigation_personal_injury_discription_new_copy":"","_litigation_video_url_new":"","add_button":false},"_header_sub_header_content_new":null,"_litigation_frequently_asked_questions_new":null,"lawsuit_updates":null,"_litigation_related_posts_relation":null,"acf-references":""},"_links":{"self":[{"href":"https:\/\/springslawgroup.com\/es\/wp-json\/wp\/v2\/pages\/16731","targetHints":{"allow":["GET"]}}],"collection":[{"href":"https:\/\/springslawgroup.com\/es\/wp-json\/wp\/v2\/pages"}],"about":[{"href":"https:\/\/springslawgroup.com\/es\/wp-json\/wp\/v2\/types\/page"}],"author":[{"embeddable":true,"href":"https:\/\/springslawgroup.com\/es\/wp-json\/wp\/v2\/users\/32"}],"replies":[{"embeddable":true,"href":"https:\/\/springslawgroup.com\/es\/wp-json\/wp\/v2\/comments?post=16731"}],"version-history":[{"count":2,"href":"https:\/\/springslawgroup.com\/es\/wp-json\/wp\/v2\/pages\/16731\/revisions"}],"predecessor-version":[{"id":17773,"href":"https:\/\/springslawgroup.com\/es\/wp-json\/wp\/v2\/pages\/16731\/revisions\/17773"}],"up":[{"embeddable":true,"href":"https:\/\/springslawgroup.com\/es\/wp-json\/wp\/v2\/pages\/16694"}],"wp:attachment":[{"href":"https:\/\/springslawgroup.com\/es\/wp-json\/wp\/v2\/media?parent=16731"}],"wp:term":[{"taxonomy":"category","embeddable":true,"href":"https:\/\/springslawgroup.com\/es\/wp-json\/wp\/v2\/categories?post=16731"},{"taxonomy":"post_tag","embeddable":true,"href":"https:\/\/springslawgroup.com\/es\/wp-json\/wp\/v2\/tags?post=16731"}],"curies":[{"name":"wp","href":"https:\/\/api.w.org\/{rel}","templated":true}]}}