{"id":16730,"date":"2019-11-27T15:54:07","date_gmt":"2019-11-27T22:54:07","guid":{"rendered":"https:\/\/springs.flywheelstaging.com\/colorado-springs-abogado-de-accidente-de-auto\/accidentes-interestatales-en-colorado-springs\/"},"modified":"2023-09-01T07:13:21","modified_gmt":"2023-09-01T14:13:21","slug":"accidentes-interestatales-en-colorado-springs","status":"publish","type":"page","link":"https:\/\/springslawgroup.com\/es\/colorado-springs-abogado-de-accidente-de-auto\/accidentes-interestatales-en-colorado-springs\/","title":{"rendered":"Accidentes interestatales en Colorado Springs"},"content":{"rendered":"<p>La carretera principal m\u00e1s com\u00fan en Colorado Springs es la interestatal 25 o I-25, que va de norte a sur desde Denver a Colorado Springs hasta Buffalo. Un lugar habitual de la I-25 en el que aumentaron los accidentes recientemente es un tramo entre Monument y Castle Rock, conocido como \u00abThe Gap\u00bb.<\/p>\n<p>Los accidentes interestatales en Colorado Springs son especialmente comunes en la I-25 durante la semana laboral. El tr\u00e1fico puede congestionarse cuando la gente va y viene del trabajo, lo que podr\u00eda aumentar el peligro en estas carreteras. En las zonas m\u00e1s rurales de la I-25 o fuera de las ciudades, las velocidades aumentan, lo que tambi\u00e9n puede ser un factor que provoque accidentes. Si se involucr\u00f3 en uno de estos accidentes, debe contactar a un <a href=\"https:\/\/springslawgroup.com\/es\/colorado-springs-car-accident-lawyer-5\/\">abogado<\/a> que pueda ayudarle a presentar una demanda por da\u00f1os y perjuicios.<\/p>\n<h2>Causas de los accidentes interestatales<\/h2>\n<p>En Colorado Springs, los accidentes que ocurren en las autopistas e interestatales suelen ocurrir debido al exceso de velocidad y a la <a href=\"https:\/\/springslawgroup.com\/es\/colorado-springs-abogado-de-accidente-de-auto\/abogado-por-conduccion-distraida-de-colorado-springs\/\">conducci\u00f3n distra\u00edda<\/a>. Conducir distra\u00eddo puede implicar <a href=\"https:\/\/springslawgroup.com\/es\/colorado-springs-abogado-de-accidente-de-auto\/accidentes-de-coche-en-colorado-springs-que-implican-el-uso-del-telefono-movil\/\">enviar mensajes de texto, hacer llamadas telef\u00f3nicas<\/a> y no prestar atenci\u00f3n. Adem\u00e1s, los conductores cansados tambi\u00e9n pueden provocar estos choques.<\/p>\n<p>Tener un accidente automovil\u00edstico en la I-25 difiere de un accidente en una calle normal porque a menudo implican diferentes tipos de veh\u00edculos. El tr\u00e1fico puede incluir autom\u00f3viles, <a href=\"https:\/\/springslawgroup.com\/es\/colorado-springs-abogado-de-accidente-de-camion\/\">camiones y semirremolque<\/a> que se mueven a velocidades mucho mayores que las de las calles normales.<\/p>\n<p>Adem\u00e1s, el aumento de la velocidad puede provocar accidentes m\u00e1s graves. Por ejemplo, pueden provocar m\u00e1s <a href=\"https:\/\/springslawgroup.com\/es\/colorado-springs-abogado-de-muerte-injusta\/\">v\u00edctimas mortales<\/a> e implicar a varios veh\u00edculos, a diferencia de lo que ocurre en una colisi\u00f3n normal. Con frecuencia, debido a las altas velocidades, pueden producirse m\u00faltiples accidentes a causa de un choque inicial.<\/p>\n<h2>\u00bfC\u00f3mo contribuyen la menor se\u00f1alizaci\u00f3n y la mayor velocidad a los accidentes interestatales?<\/h2>\n<p>Con menos se\u00f1ales instructivas y leyes b\u00e1sicas que seguir, el exceso de velocidad contribuye a estos accidentes porque hay menos oportunidades de arrancar y parar. Adem\u00e1s, los conductores de la I-25 pueden desconectarse y no prestar atenci\u00f3n a lo que hacen mientras conducen. Adem\u00e1s, en las calles comunes de las ciudades, es mucho m\u00e1s f\u00e1cil que la polic\u00eda y una ambulancia lleguen a esos accidentes. En la I-25, la polic\u00eda o una ambulancia pueden tardar m\u00e1s en llegar al lugar de un accidente debido a la posible paralizaci\u00f3n del tr\u00e1fico.<\/p>\n<h2>\u00bfQu\u00e9 hacer tras un choque en la I-25?<\/h2>\n<p>La velocidad del tr\u00e1fico influye en los pasos que debe dar una persona inmediatamente despu\u00e9s de un accidente, ya que los automovilistas implicados en el choque no pueden permanecer en el lugar donde se produjo el accidente. Cuando alguien se involucra en un accidente en la interestatal y otras carreteras principales en Colorado Springs, deben apartarse a un lado de la carretera, si es posible, para evitar que lo choquen de nuevo o causar otro accidente. Si un conductor debe salir de su veh\u00edculo, debe asegurarse de estar atento a los dem\u00e1s autom\u00f3viles que circulan y a su velocidad. Adem\u00e1s, es fundamental ponerse en contacto con la polic\u00eda para que acuda al lugar del accidente.<\/p>\n<h2>Contacte a un abogado especializado en accidentes interestatales de Colorado Springs y discuta su caso<\/h2>\n<p>Debido a la mayor tasa de velocidad, los accidentes interestatales en Colorado Springs pueden causar una cantidad sustancial de da\u00f1os. Nuestros abogados dedicados podr\u00edan ayudarle a navegar por el proceso legal y buscar compensaci\u00f3n por sus p\u00e9rdidas si se involucr\u00f3 en un accidente como este. Para iniciar su caso, <a href=\"https:\/\/springslawgroup.com\/es\/contacto\/\">llame hoy mismo<\/a>.<\/p>\n","protected":false},"excerpt":{"rendered":"<p>La carretera principal m\u00e1s com\u00fan en Colorado Springs es la interestatal 25 o I-25, que va de norte a sur&nbsp;<a class=\"moretag\" href=\"https:\/\/springslawgroup.com\/es\/colorado-springs-abogado-de-accidente-de-auto\/accidentes-interestatales-en-colorado-springs\/\"> Read More&#8230;<\/a><\/p>\n","protected":false},"author":32,"featured_media":0,"parent":16694,"menu_order":0,"comment_status":"closed","ping_status":"closed","template":"landingpage.php","meta":{"_acf_changed":false,"inline_featured_image":false,"footnotes":""},"categories":[],"tags":[],"class_list":["post-16730","page","type-page","status-publish","hentry"],"acf":{"key_takeaways":null,"_litigation_personal_injury_contents_new":{"_litigation_personal_injury_title_new":"","_litigation_personal_injury_discription_new":"","_litigation_personal_injury_discription_new_copy":"","_litigation_video_url_new":"","add_button":false},"_header_sub_header_content_new":null,"_litigation_frequently_asked_questions_new":null,"lawsuit_updates":null,"_litigation_related_posts_relation":null,"acf-references":""},"_links":{"self":[{"href":"https:\/\/springslawgroup.com\/es\/wp-json\/wp\/v2\/pages\/16730","targetHints":{"allow":["GET"]}}],"collection":[{"href":"https:\/\/springslawgroup.com\/es\/wp-json\/wp\/v2\/pages"}],"about":[{"href":"https:\/\/springslawgroup.com\/es\/wp-json\/wp\/v2\/types\/page"}],"author":[{"embeddable":true,"href":"https:\/\/springslawgroup.com\/es\/wp-json\/wp\/v2\/users\/32"}],"replies":[{"embeddable":true,"href":"https:\/\/springslawgroup.com\/es\/wp-json\/wp\/v2\/comments?post=16730"}],"version-history":[{"count":2,"href":"https:\/\/springslawgroup.com\/es\/wp-json\/wp\/v2\/pages\/16730\/revisions"}],"predecessor-version":[{"id":17745,"href":"https:\/\/springslawgroup.com\/es\/wp-json\/wp\/v2\/pages\/16730\/revisions\/17745"}],"up":[{"embeddable":true,"href":"https:\/\/springslawgroup.com\/es\/wp-json\/wp\/v2\/pages\/16694"}],"wp:attachment":[{"href":"https:\/\/springslawgroup.com\/es\/wp-json\/wp\/v2\/media?parent=16730"}],"wp:term":[{"taxonomy":"category","embeddable":true,"href":"https:\/\/springslawgroup.com\/es\/wp-json\/wp\/v2\/categories?post=16730"},{"taxonomy":"post_tag","embeddable":true,"href":"https:\/\/springslawgroup.com\/es\/wp-json\/wp\/v2\/tags?post=16730"}],"curies":[{"name":"wp","href":"https:\/\/api.w.org\/{rel}","templated":true}]}}