{"id":16729,"date":"2019-08-22T18:55:38","date_gmt":"2019-08-23T01:55:38","guid":{"rendered":"https:\/\/springs.flywheelstaging.com\/colorado-springs-abogado-de-accidente-de-auto\/abogado-de-accidentes-de-atropello-y-fuga-en-colorado-springs\/"},"modified":"2023-09-01T07:14:00","modified_gmt":"2023-09-01T14:14:00","slug":"abogado-de-accidentes-de-atropello-y-fuga-en-colorado-springs","status":"publish","type":"page","link":"https:\/\/springslawgroup.com\/es\/colorado-springs-abogado-de-accidente-de-auto\/abogado-de-accidentes-de-atropello-y-fuga-en-colorado-springs\/","title":{"rendered":"Abogado especializado en accidentes por choque y fuga de Colorado Springs"},"content":{"rendered":"<p>Un accidente por choque y fuga se produce cuando un conductor atropella a otro veh\u00edculo y huye del lugar antes de que llegue la polic\u00eda. Aunque no existe una ley estatal sobre estos accidentes, los abogados y los tribunales recurren a la jurisprudencia para intentar resolver estas demandas.<\/p>\n<p>Si se involucr\u00f3 en un accidente por choque y fuga, un abogado especializado en <a href=\"https:\/\/springslawgroup.com\/es\/blog\/accidente-de-bicicleta-por-choque-y-fuga\/\">accidentes por choque y fuga<\/a> de Colorado Springs podr\u00eda guiarle a trav\u00e9s del proceso de demanda. Tambi\u00e9n podr\u00eda lidiar con las compa\u00f1\u00edas de seguros y ocuparse de cualquier problema legal mientras usted se enfoca en recuperarse.<\/p>\n<p>Llame hoy mismo a un <a href=\"https:\/\/springslawgroup.com\/es\/\">abogado especializado en accidentes por choque y fuga de Colorado Springs<\/a> en Springs Law Group.<\/p>\n<h2>Escenarios comunes en casos de choque y fuga<\/h2>\n<p>Un escenario com\u00fan de choque y fuga ocurre cuando chocan a un automovilista por atr\u00e1s y el conductor culpable da marcha atr\u00e1s y se da a la fuga. Otro caso puede darse cuando ambas partes acuerdan apartar sus veh\u00edculos a un lado de la carretera para salir del tr\u00e1fico y el otro conductor aprovecha y se da a la fuga. Con frecuencia, los conductores culpables abandonan la escena de un accidente porque <a href=\"https:\/\/springslawgroup.com\/es\/blog\/que-hacer-cuando-le-atropella-un-motorista-sin-seguro-o-con-seguro-insuficiente-en-colorado\/\">no tienen seguro<\/a> o tienen un mal historial de conducci\u00f3n y no quieren enfrentarse a castigos adicionales.<\/p>\n<p>En otros tipos de casos de accidente automovil\u00edsticos, se intercambia informaci\u00f3n entre ambas partes, que incluye p\u00f3lizas de seguros, permisos de conducir, fotos del lugar y de ambos veh\u00edculos, declaraciones a la polic\u00eda y un informe policial completo. Sin embargo, cuando el automovilista responsable del accidente abandona el lugar antes de que pueda intercambiarse informaci\u00f3n, gran parte del proceso de demanda se enfoca en investigar el caso para encontrar al conductor culpable. Un abogado especializado en accidentes por choque y fuga de Colorado Springs podr\u00eda ayudar a un automovilista lesionado a trav\u00e9s de este proceso de investigaci\u00f3n.<\/p>\n<h2>Qu\u00e9 hacer despu\u00e9s de que un conductor huya del lugar de los hechos<\/h2>\n<p>La ley estatal establece que es delito abandonar el lugar de un accidente automovil\u00edstico, aunque nadie resulte herido. Por lo tanto, si alguien huye del lugar de los hechos, podr\u00eda incurrir en un delito menor, penas de c\u00e1rcel, multas o la p\u00e9rdida del permiso de conducir. Sin embargo, hay muchos<a href=\"https:\/\/springslawgroup.com\/es\/colorado-springs-abogado-de-accidente-de-auto\/errores-a-evitar-despues-de-un-accidente-de-coche-en-colorado-springs\/\"> errores comunes que los conductores cometen despu\u00e9s de un accidente<\/a> con un conductor que se da a la fuga y que pueden reducir o eliminar su capacidad para obtener una indemnizaci\u00f3n. Para evitarlos, debe hacer lo siguiente:<\/p>\n<p>Tras sufrir un accidente por choque y fuga, uno de los pasos esenciales que debe dar una persona lesionada es contactar a la polic\u00eda. La elaboraci\u00f3n de un informe con las fuerzas del orden puede proporcionar m\u00e1s <a href=\"https:\/\/springslawgroup.com\/es\/blog\/pruebas-que-las-victimas-de-accidentes-automovilisticos-deben-recoger\/\">pruebas de apoyo para la demanda<\/a> de la parte perjudicada. Adem\u00e1s, la polic\u00eda puede tomar declaraci\u00f3n a posibles testigos y recoger otras pruebas en el lugar de los hechos, lo que podr\u00eda ayudar a construir un caso m\u00e1s s\u00f3lido.<\/p>\n<p>El lesionado tambi\u00e9n debe buscar <a href=\"https:\/\/springslawgroup.com\/es\/blog\/como-pago-por-el-tratamiento-de-lesiones-personales\/\">tratamiento m\u00e9dico<\/a> lo antes posible. Aunque algunas personas pueden sentirse bien despu\u00e9s de un accidente, lo mejor es que un m\u00e9dico compruebe si hay lesiones graves. Esto permite que el profesional documente y trate cualquier lesi\u00f3n grave que pueda haber quedado enmascarada por la adrenalina. Esta persona tambi\u00e9n debe comprobar su p\u00f3liza de seguro para asegurarse de que tiene cobertura de motorista sin seguro que podr\u00eda pagar su tratamiento.<\/p>\n<p>Una vez que una parte lesionada se ocupa de su salud, deben llamar a un <a href=\"https:\/\/springslawgroup.com\/es\/blog\/cuanto-cuesta-un-abogado-especializado-en-accidentes-automovilisticos-de-colorado-springs\/\">abogado especializado en accidentes por choque y fuga de Colorado Springs<\/a> para discutir su caso, el accidente y las complejidades de sus p\u00f3lizas de seguro.<\/p>\n<h2>FAQ: Accidentes por choque y fuga en Colorado Springs<\/h2>\n<p><b>\u00bfPor qu\u00e9 da\u00f1os puedo recibir indemnizaci\u00f3n?<\/b><br \/>\nPuede <a href=\"https:\/\/springslawgroup.com\/es\/blog\/que-danos-y-perjuicios-tendra-en-cuenta-un-jurado-en-mi-caso-de-lesiones-personales\/\">obtener una indemnizaci\u00f3n por da\u00f1os y perjuicios<\/a> en funci\u00f3n de su accidente por choque y fuga en particular. Sin embargo, algunos da\u00f1os comunes de los accidentes automovil\u00edsticos incluyen facturas m\u00e9dicas, salarios perdidos, costos para el tratamiento m\u00e9dico futuro y da\u00f1os a la propiedad. Tambi\u00e9n puede solicitar una indemnizaci\u00f3n por da\u00f1os no econ\u00f3micos, como dolor y sufrimiento, trauma emocional y p\u00e9rdida del disfrute de la vida.<\/p>\n<p><b>\u00bfC\u00f3mo demuestro que el otro accidentado abandon\u00f3 el lugar del accidente?<\/b><br \/>\nSi puede, intente tomar una foto de la matr\u00edcula del otro conductor antes de que se vaya. Ser\u00eda de ayuda que tambi\u00e9n tome fotos de su autom\u00f3vil para la identificaci\u00f3n del acusado por parte de la polic\u00eda. Aseg\u00farese de permanecer en el lugar del accidente hasta que llegue la polic\u00eda para que puedan hacer un informe. Si es posible, busque im\u00e1genes de vigilancia del momento en el que el otro conductor se da a la fuga.<\/p>\n<p><b>\u00bfC\u00f3mo puedo mejorar mi caso?<\/b><br \/>\nPara <a href=\"https:\/\/springslawgroup.com\/es\/blog\/aumente-la-indemnizacion-por-accidente-automovilistico\/\">mejorar su caso de accidente automovil\u00edstico<\/a>, trate de recoger pruebas del accidente por choque y fuga, es decir, documente con precisi\u00f3n lo que sucedi\u00f3 y todos sus da\u00f1os. Si registra sus da\u00f1os, puede solicitar una indemnizaci\u00f3n por estas p\u00e9rdidas. Por \u00faltimo, es importante que trabaje con un abogado especializado en accidentes por choque y fuga. \u00c9l se asegurar\u00e1 de que reciba una indemnizaci\u00f3n justa por sus da\u00f1os, aunque no pueda encontrar al conductor que le atropell\u00f3.<\/p>\n<h2>Contacte a un abogado especializado en accidentes por choque y fuga de Colorado Springs<\/h2>\n<p>Un abogado especializado en accidentes por choque y fuga de Colorado Springs podr\u00eda ayudarle si se lesion\u00f3 en un accidente al presentar una demanda por automovilista sin seguro a trav\u00e9s del seguro de autom\u00f3vil. Adem\u00e1s, un abogado podr\u00eda coordinar una investigaci\u00f3n con la polic\u00eda local y con su seguro para ayudar a encontrar tanta informaci\u00f3n sobre el conductor culpable como sea posible.<\/p>\n<p>No tiene por qu\u00e9 pasar por este proceso sin acompa\u00f1amiento. Para saber c\u00f3mo la asesor\u00eda legal podr\u00eda ayudarle, p\u00f3ngase en contacto con <a href=\"https:\/\/springslawgroup.com\/es\/contacto\/\">Springs Law Group<\/a> hoy y programe una consulta gratuita.<\/p>\n<p><script type=\"application\/ld+json\">\n{\n  \"@context\": \"https:\/\/schema.org\",\n  \"@type\": \"FAQPage\",\n  \"mainEntity\": [{\n    \"@type\": \"Question\",\n    \"name\": \"What damages can I recover compensation for?\",\n    \"acceptedAnswer\": {\n      \"@type\": \"Answer\",\n      \"text\": \"You can recover compensation for damages depending on your specific hit-and-run accident. However, some common damages from car accidents include medical bills, lost wages, costs for future medical treatment, and property damage. You can also seek compensation for non-economic damages, such as pain and suffering, emotional trauma, and loss of enjoyment of life.\"\n    }\n  },{\n    \"@type\": \"Question\",\n    \"name\": \"How do I prove the other accident left the scene of the accident?\",\n    \"acceptedAnswer\": {\n      \"@type\": \"Answer\",\n      \"text\": \"If you can, try to take a picture of the other driver\u2019s license plate before they leave. It would help if you also took pictures of their car so it would be easier for the police to identify the defendant. Make sure you stay at the scene of the accident until the police arrive so they can make a report. Find surveillance footage of the other driver fleeing the accident scene if possible.\"\n    }\n  },{\n    \"@type\": \"Question\",\n    \"name\": \"How can I improve my case?\",\n    \"acceptedAnswer\": {\n      \"@type\": \"Answer\",\n      \"text\": \"To improve your car accident case, try to collect evidence from the hit-and-run accident\u2014document precisely what happened and all of your damages. If you record your damages, you can seek compensation for these losses. Finally, working with a hit-and-run accident lawyer is in your best interest. They will ensure that you receive fair compensation for your damages even if you cannot find the driver who hit you.\"\n    }\n  }]\n}\n<\/script><\/p>\n","protected":false},"excerpt":{"rendered":"<p>Un accidente por choque y fuga se produce cuando un conductor atropella a otro veh\u00edculo y huye del lugar antes&nbsp;<a class=\"moretag\" href=\"https:\/\/springslawgroup.com\/es\/colorado-springs-abogado-de-accidente-de-auto\/abogado-de-accidentes-de-atropello-y-fuga-en-colorado-springs\/\"> Read More&#8230;<\/a><\/p>\n","protected":false},"author":32,"featured_media":0,"parent":16694,"menu_order":0,"comment_status":"closed","ping_status":"closed","template":"landingpage.php","meta":{"_acf_changed":false,"inline_featured_image":false,"footnotes":""},"categories":[],"tags":[],"class_list":["post-16729","page","type-page","status-publish","hentry"],"acf":{"key_takeaways":null,"_litigation_personal_injury_contents_new":{"_litigation_personal_injury_title_new":"","_litigation_personal_injury_discription_new":"","_litigation_personal_injury_discription_new_copy":"","_litigation_video_url_new":"","add_button":""},"_header_sub_header_content_new":null,"_litigation_frequently_asked_questions_new":null,"lawsuit_updates":null,"_litigation_related_posts_relation":null,"acf-references":""},"_links":{"self":[{"href":"https:\/\/springslawgroup.com\/es\/wp-json\/wp\/v2\/pages\/16729","targetHints":{"allow":["GET"]}}],"collection":[{"href":"https:\/\/springslawgroup.com\/es\/wp-json\/wp\/v2\/pages"}],"about":[{"href":"https:\/\/springslawgroup.com\/es\/wp-json\/wp\/v2\/types\/page"}],"author":[{"embeddable":true,"href":"https:\/\/springslawgroup.com\/es\/wp-json\/wp\/v2\/users\/32"}],"replies":[{"embeddable":true,"href":"https:\/\/springslawgroup.com\/es\/wp-json\/wp\/v2\/comments?post=16729"}],"version-history":[{"count":2,"href":"https:\/\/springslawgroup.com\/es\/wp-json\/wp\/v2\/pages\/16729\/revisions"}],"predecessor-version":[{"id":17774,"href":"https:\/\/springslawgroup.com\/es\/wp-json\/wp\/v2\/pages\/16729\/revisions\/17774"}],"up":[{"embeddable":true,"href":"https:\/\/springslawgroup.com\/es\/wp-json\/wp\/v2\/pages\/16694"}],"wp:attachment":[{"href":"https:\/\/springslawgroup.com\/es\/wp-json\/wp\/v2\/media?parent=16729"}],"wp:term":[{"taxonomy":"category","embeddable":true,"href":"https:\/\/springslawgroup.com\/es\/wp-json\/wp\/v2\/categories?post=16729"},{"taxonomy":"post_tag","embeddable":true,"href":"https:\/\/springslawgroup.com\/es\/wp-json\/wp\/v2\/tags?post=16729"}],"curies":[{"name":"wp","href":"https:\/\/api.w.org\/{rel}","templated":true}]}}