{"id":16728,"date":"2019-09-05T16:40:16","date_gmt":"2019-09-05T23:40:16","guid":{"rendered":"https:\/\/springs.flywheelstaging.com\/colorado-springs-abogado-de-accidente-de-auto\/abogado-de-colision-frontal-en-colorado-springs\/"},"modified":"2023-09-01T07:13:59","modified_gmt":"2023-09-01T14:13:59","slug":"abogado-de-colision-frontal-en-colorado-springs","status":"publish","type":"page","link":"https:\/\/springslawgroup.com\/es\/colorado-springs-abogado-de-accidente-de-auto\/abogado-de-colision-frontal-en-colorado-springs\/","title":{"rendered":"Abogado especializado en accidentes por choque frontal de Colorado Springs"},"content":{"rendered":"<p>Un choque frontal se produce cuando dos veh\u00edculos que circulan en direcciones opuestas chocan entre s\u00ed. Los accidentes frontales pueden provocar lesiones graves, e incluso mortales, y pueden producirse cuando un conductor negligente circula por una carretera en sentido contrario a la circulaci\u00f3n. Debido a que los resultados de estos accidentes pueden ser devastadores, debe ponerse en contacto con un abogado especializado en accidentes por choque frontal de Colorado Springs si sufri\u00f3 lesiones en este tipo de accidente. Un <a href=\"https:\/\/springslawgroup.com\/es\/colorado-springs-car-accident-lawyer-5\/\">abogado<\/a> con experiencia podr\u00eda asegurar que usted reciba la compensaci\u00f3n que merece de la parte negligente.<\/p>\n<h2>\u00bfC\u00f3mo se producen los choques frontales?<\/h2>\n<p>Un problema com\u00fan que provoca choques frontales es el clima. Durante el invierno, la nieve y el hielo pueden afectar las calles y la capacidad de un veh\u00edculo para detenerse. Cuando las autopistas o autov\u00edas est\u00e1n en obras, algunas intersecciones pueden resultar confusas, por lo que conductores podr\u00edan circular en sentido contrario por una carretera.<\/p>\n<p>Del mismo modo, se puede provocar un choque frontal cuando alguien conduce en sentido contrario a la circulaci\u00f3n por una calle de sentido \u00fanico. Un abogado especializado en accidentes por choque frontal de Colorado Springs podr\u00eda determinar si la causa del accidente de la parte lesionada fue un comportamiento negligente y evaluar si tendr\u00eda una demanda viable.<\/p>\n<h2>\u00bfCu\u00e1les son las posibles lesiones causadas por choques frontales?<\/h2>\n<p>Las personas implicadas en choques frontales pueden sufrir un <a href=\"https:\/\/springslawgroup.com\/es\/colorado-springs-abogado-de-accidente-de-auto\/colorado-springs-latigazo-cervical-abogado\/\">latigazo cervical<\/a> por el impacto de otro veh\u00edculo. Tambi\u00e9n pueden causar lesiones en la cabeza, como conmociones cerebrales y hemorragias cerebrales, as\u00ed como fracturas \u00f3seas. Dado que el impacto de dos veh\u00edculos que chocan frontalmente puede ser importante, las personas implicadas en este tipo de accidentes pueden sufrir lesiones mortales.<\/p>\n<p>Es importante tener en cuenta que algunos de los s\u00edntomas de lesiones graves pueden no aparecer inmediatamente despu\u00e9s de un accidente. Aun as\u00ed, toda persona implicada en un accidente automovil\u00edstico debe acudir al m\u00e9dico para asegurarse de que no sufri\u00f3 lesiones que podr\u00edan ser mortales si no se tratan.<\/p>\n<h2>Determinaci\u00f3n de la responsabilidad<\/h2>\n<p>La asignaci\u00f3n de culpa en los choques frontales es similar al de otros accidentes automovil\u00edsticos. Por lo tanto, la polic\u00eda puede llevar a cabo una investigaci\u00f3n para determinar si alguna de las partes infringi\u00f3 alguna ley de tr\u00e1fico. Por ejemplo, si un conductor se salta un sem\u00e1foro en rojo y choca de frente con otro veh\u00edculo, puede quedar constancia de ello en un informe policial.<\/p>\n<p>A trav\u00e9s de estas pruebas, un tribunal podr\u00eda determinar que este automovilista conduc\u00eda de forma imprudente y, por lo tanto, deber\u00eda considerarse responsable. Dado que cada caso es diferente, el mejor paso a tomar para una persona lesionada es ponerse en contacto con un abogado especializado en accidentes por choque frontal de Colorado Springs.<\/p>\n<h2>El Rol de un abogado<\/h2>\n<p>El primer paso que un abogado puede tomar en un caso de choque frontal en Colorado Springs es la recopilaci\u00f3n de pruebas. Esto puede hacerse mediante la obtenci\u00f3n de declaraciones del perjudicado y de los testigos, y la revisi\u00f3n del atestado del accidente.<\/p>\n<p>Los asesores jur\u00eddicos tambi\u00e9n pueden presentar cartas de representaci\u00f3n a las compa\u00f1\u00edas de seguros para asegurarse de que los peritos hablen directamente con el abogado del demandante en lugar de ponerse en contacto con el lesionado personalmente. Un equipo jur\u00eddico podr\u00eda revisar las facturas y los historiales m\u00e9dicos para garantizar una documentaci\u00f3n adecuada y una indemnizaci\u00f3n justa.<\/p>\n<h2>Contrate a un abogado especializado en accidentes por choque frontal de Colorado Springs<\/h2>\n<p>Despu\u00e9s de involucrarse en un choque frontal, puede que no sepa los derechos que tiene ni los pasos legales que puede seguir para presentar una demanda por indemnizaci\u00f3n. Por suerte, un abogado especializado en accidentes por choque frontal de Colorado Springs podr\u00eda convertirse en su defensor durante todo el proceso de demanda. Para obtener ayuda en su caso, <a href=\"https:\/\/springslawgroup.com\/es\/contacto\/\">programe una consulta<\/a> hoy mismo.<\/p>\n","protected":false},"excerpt":{"rendered":"<p>Un choque frontal se produce cuando dos veh\u00edculos que circulan en direcciones opuestas chocan entre s\u00ed. Los accidentes frontales pueden&nbsp;<a class=\"moretag\" href=\"https:\/\/springslawgroup.com\/es\/colorado-springs-abogado-de-accidente-de-auto\/abogado-de-colision-frontal-en-colorado-springs\/\"> Read More&#8230;<\/a><\/p>\n","protected":false},"author":32,"featured_media":0,"parent":16694,"menu_order":0,"comment_status":"closed","ping_status":"closed","template":"landingpage.php","meta":{"_acf_changed":false,"inline_featured_image":false,"footnotes":""},"categories":[],"tags":[],"class_list":["post-16728","page","type-page","status-publish","hentry"],"acf":{"key_takeaways":null,"_litigation_personal_injury_contents_new":{"_litigation_personal_injury_title_new":"","_litigation_personal_injury_discription_new":"","_litigation_personal_injury_discription_new_copy":"","_litigation_video_url_new":"","add_button":false},"_header_sub_header_content_new":null,"_litigation_frequently_asked_questions_new":null,"lawsuit_updates":null,"_litigation_related_posts_relation":null,"acf-references":""},"_links":{"self":[{"href":"https:\/\/springslawgroup.com\/es\/wp-json\/wp\/v2\/pages\/16728","targetHints":{"allow":["GET"]}}],"collection":[{"href":"https:\/\/springslawgroup.com\/es\/wp-json\/wp\/v2\/pages"}],"about":[{"href":"https:\/\/springslawgroup.com\/es\/wp-json\/wp\/v2\/types\/page"}],"author":[{"embeddable":true,"href":"https:\/\/springslawgroup.com\/es\/wp-json\/wp\/v2\/users\/32"}],"replies":[{"embeddable":true,"href":"https:\/\/springslawgroup.com\/es\/wp-json\/wp\/v2\/comments?post=16728"}],"version-history":[{"count":2,"href":"https:\/\/springslawgroup.com\/es\/wp-json\/wp\/v2\/pages\/16728\/revisions"}],"predecessor-version":[{"id":17772,"href":"https:\/\/springslawgroup.com\/es\/wp-json\/wp\/v2\/pages\/16728\/revisions\/17772"}],"up":[{"embeddable":true,"href":"https:\/\/springslawgroup.com\/es\/wp-json\/wp\/v2\/pages\/16694"}],"wp:attachment":[{"href":"https:\/\/springslawgroup.com\/es\/wp-json\/wp\/v2\/media?parent=16728"}],"wp:term":[{"taxonomy":"category","embeddable":true,"href":"https:\/\/springslawgroup.com\/es\/wp-json\/wp\/v2\/categories?post=16728"},{"taxonomy":"post_tag","embeddable":true,"href":"https:\/\/springslawgroup.com\/es\/wp-json\/wp\/v2\/tags?post=16728"}],"curies":[{"name":"wp","href":"https:\/\/api.w.org\/{rel}","templated":true}]}}