{"id":16706,"date":"2018-07-24T07:23:46","date_gmt":"2018-07-24T14:23:46","guid":{"rendered":"https:\/\/springs.flywheelstaging.com\/colorado-springs-abogado-de-accidente-de-auto\/abogado-de-accidente-uber-taxi-en-colorado-springs\/"},"modified":"2023-09-01T07:13:57","modified_gmt":"2023-09-01T14:13:57","slug":"abogado-de-accidente-uber-taxi-en-colorado-springs","status":"publish","type":"page","link":"https:\/\/springslawgroup.com\/es\/colorado-springs-abogado-de-accidente-de-auto\/abogado-de-accidente-uber-taxi-en-colorado-springs\/","title":{"rendered":"Abogado especializado en accidentes de transporte compartido de Colorado Springs"},"content":{"rendered":"<p>Uber y Lyft son las formas m\u00e1s populares de renta de veh\u00edculos o viajes compartidos en la zona de Colorado Springs. Sin embargo, al ser diferentes de los servicios de taxi, no se consideran transportes comunes. Un transporte com\u00fan es un servicio que traslada personas y mercanc\u00edas siguiendo rutas y horarios establecidos.<\/p>\n<p>La ley estatal define a los transportes comunes como una empresa de utilidad p\u00fablica que debe servir indiscriminadamente a los particulares. Los transportes comunes pueden incluir camiones de mercanc\u00edas que transportan carga, autobuses que transportan pasajeros con regularidade y servicios de taxi. Debido a estos ligeros matices en la ley, es importante contratar a un abogado especializado en accidentes de transporte compartido de Colorado Springs si se involucr\u00f3 en un accidente de este tipo. Un <a href=\"https:\/\/springslawgroup.com\/es\/colorado-springs-car-accident-lawyer-5\/\">abogado<\/a> experimentado entiende las diferencias entre cada tipo de servicio y sabe c\u00f3mo tratar los casos relacionados con estos conductores, seg\u00fan las particularidades de la situaci\u00f3n.<\/p>\n<h2>Diferencias entre Uber y servicios de taxi<\/h2>\n<p>Los taxistas son empleados de las compa\u00f1\u00edas para las que conducen y los veh\u00edculos son propiedad de dichas compa\u00f1\u00edas. Como empleados, los taxistas reciben un salario, trabajan turnos regulares y conducen las rutas asignadas por sus empleadores. Tienen derecho a indemnizaci\u00f3n por accidentes laborales si se lesionan en el trabajo y est\u00e1n cubiertos por la p\u00f3liza de seguro de responsabilidad civil de su compa\u00f1\u00eda. Cuando un empleado de cualquier empresa provoca un accidente mientras trabaja, cualquier demanda por accidente en el que est\u00e9 implicado un taxi se har\u00e1 contra la compa\u00f1\u00eda de taxis y, por extensi\u00f3n, contra su aseguradora.<\/p>\n<p>En cambio, los conductores de Uber y Lyft se consideran contratistas independientes. Ellos utilizan sus propios veh\u00edculos, mantienen sus propios seguros y elaboran sus propios horarios. Adem\u00e1s, eligen d\u00f3nde conducir y pueden darse de baja del sistema cuando lo deseen. Las compa\u00f1\u00edas de red de transporte (TNC) tienen mucho cuidado al anunciar que sus conductores son contratistas independientes para evitar tener que proporcionar prestaciones a los empleados y un seguro de indemnizaci\u00f3n por accidentes laborales. Un abogado de Colorado Springs podr\u00eda explicar estas diferencias entre Lyft y Uber y otros transportes comunes y c\u00f3mo puede afectar a la demanda por accidente de una v\u00edctima.<\/p>\n<h2>\u00bfQu\u00e9 hace que los accidentes de Uber y taxi sean complejos?<\/h2>\n<p>Si alguien sufre un choque por choque trasero con un conductor normal, hay una parte culpable con seguro de autom\u00f3vil, lo que hace que estos casos sean m\u00e1s sencillos. Sin embargo, en un accidente de Uber, Lyft o taxi, el demandante podr\u00eda cobrar una indemnizaci\u00f3n de varios seguros, lo que complica la situaci\u00f3n. Por ejemplo, un abogado tendr\u00eda que investigar y averiguar los l\u00edmites de la p\u00f3liza de seguro para todas las diferentes partes, como el conductor de Uber o taxi y su empleador.<\/p>\n<p>Adem\u00e1s, la condici\u00f3n del taxi como transporte com\u00fan afecta a una demanda por lesiones, ya que si bien estos conductores tienen un deber de diligencia razonable cuando conducen, esta obligaci\u00f3n legal es de grado m\u00e1ximo. Si un taxista o su empleador no cumplen esta norma, los tribunales pueden aplicar la negligencia <em>per se<\/em> a este tipo de casos. Esto significa que el demandado puede ser autom\u00e1ticamente culpable del accidente.<\/p>\n<h2>Posibles partes responsables<\/h2>\n<p>M\u00faltiples partes pueden ser responsables de pagar los da\u00f1os en un accidente de Uber o taxi en Colorado Springs. La Ley de Compa\u00f1\u00edas de Red de Transporte establece que las compa\u00f1\u00edas de transporte compartido deben proporcionar una cobertura de seguro principal cuando se activa la aplicaci\u00f3n Uber del conductor.<\/p>\n<p>Si alguien se lesiona en un accidente causado por un conductor de Uber que est\u00e9 trabajando al momento del choque, existe la posibilidad de demandar a la compa\u00f1\u00eda, adem\u00e1s de al automovilista. Una parte lesionada debe buscar asesoramiento de un abogado de Colorado Springs que podr\u00eda investigar el accidente de Uber o taxi y revisar todas las v\u00edas de compensaci\u00f3n posibles, tanto del seguro de la compa\u00f1\u00eda como del conductor.<\/p>\n<h2><strong>Qu\u00e9 hacer tras un accidente<\/strong><\/h2>\n<p>Lo primero que debe hacer una persona si se involucra en un accidente de transporte compartido en Colorado Springs es contactar a un abogado y obtener asesoramiento. En el momento del accidente, una persona debe intercambiar informaci\u00f3n con todas las personas implicadas, incluso su nombre, direcci\u00f3n y n\u00famero de tel\u00e9fono. Adem\u00e1s, debe tomar fotos del lugar. Si alguien sufre lesiones, debe buscar atenci\u00f3n m\u00e9dica adecuada lo antes posible. Las personas implicadas en un accidente tambi\u00e9n deben llamar a la polic\u00eda y asegurarse de presentar un parte de accidente del que puedan obtener una copia.<\/p>\n<p>Tambi\u00e9n deben centrarse en su propia atenci\u00f3n m\u00e9dica y asegurarse de que no haya lagunas en el tratamiento tras un accidente. Acudir a urgencias inmediatamente despu\u00e9s del accidente es importante para garantizar que el demandante lesionado reciba la indemnizaci\u00f3n adecuada.<\/p>\n<h2>Consulte a un abogado especializado en accidentes de transporte compartido de Colorado Springs<\/h2>\n<p>Una persona debe contratar a un abogado cuando se trata de un accidente automovil\u00edstico que implica un servicio de transporte compartido o un transporte com\u00fan en Colorado Springs, porque estas situaciones pueden ser complicadas. Dicho asesoramiento puede ser beneficioso, porque ellos comprenden la ley pertinentes a estas situaciones y todas las partes m\u00f3viles complejas. Adem\u00e1s, contratar a un abogado especializado en lesiones permite a las personas lesionadas centrarse en su recuperaci\u00f3n en lugar de padecir el proceso legal.<\/p>\n","protected":false},"excerpt":{"rendered":"<p>Uber y Lyft son las formas m\u00e1s populares de renta de veh\u00edculos o viajes compartidos en la zona de Colorado&nbsp;<a class=\"moretag\" href=\"https:\/\/springslawgroup.com\/es\/colorado-springs-abogado-de-accidente-de-auto\/abogado-de-accidente-uber-taxi-en-colorado-springs\/\"> Read More&#8230;<\/a><\/p>\n","protected":false},"author":32,"featured_media":0,"parent":16694,"menu_order":0,"comment_status":"closed","ping_status":"closed","template":"landingpage.php","meta":{"_acf_changed":false,"inline_featured_image":false,"footnotes":""},"categories":[],"tags":[],"class_list":["post-16706","page","type-page","status-publish","hentry"],"acf":{"key_takeaways":null,"_litigation_personal_injury_contents_new":{"_litigation_personal_injury_title_new":"","_litigation_personal_injury_discription_new":"","_litigation_personal_injury_discription_new_copy":"","_litigation_video_url_new":"","add_button":""},"_header_sub_header_content_new":null,"_litigation_frequently_asked_questions_new":null,"lawsuit_updates":null,"_litigation_related_posts_relation":null,"acf-references":""},"_links":{"self":[{"href":"https:\/\/springslawgroup.com\/es\/wp-json\/wp\/v2\/pages\/16706","targetHints":{"allow":["GET"]}}],"collection":[{"href":"https:\/\/springslawgroup.com\/es\/wp-json\/wp\/v2\/pages"}],"about":[{"href":"https:\/\/springslawgroup.com\/es\/wp-json\/wp\/v2\/types\/page"}],"author":[{"embeddable":true,"href":"https:\/\/springslawgroup.com\/es\/wp-json\/wp\/v2\/users\/32"}],"replies":[{"embeddable":true,"href":"https:\/\/springslawgroup.com\/es\/wp-json\/wp\/v2\/comments?post=16706"}],"version-history":[{"count":3,"href":"https:\/\/springslawgroup.com\/es\/wp-json\/wp\/v2\/pages\/16706\/revisions"}],"predecessor-version":[{"id":17770,"href":"https:\/\/springslawgroup.com\/es\/wp-json\/wp\/v2\/pages\/16706\/revisions\/17770"}],"up":[{"embeddable":true,"href":"https:\/\/springslawgroup.com\/es\/wp-json\/wp\/v2\/pages\/16694"}],"wp:attachment":[{"href":"https:\/\/springslawgroup.com\/es\/wp-json\/wp\/v2\/media?parent=16706"}],"wp:term":[{"taxonomy":"category","embeddable":true,"href":"https:\/\/springslawgroup.com\/es\/wp-json\/wp\/v2\/categories?post=16706"},{"taxonomy":"post_tag","embeddable":true,"href":"https:\/\/springslawgroup.com\/es\/wp-json\/wp\/v2\/tags?post=16706"}],"curies":[{"name":"wp","href":"https:\/\/api.w.org\/{rel}","templated":true}]}}