{"id":16704,"date":"2018-07-28T12:46:20","date_gmt":"2018-07-28T19:46:20","guid":{"rendered":"https:\/\/springs.flywheelstaging.com\/colorado-springs-abogado-de-accidente-de-auto\/medios-de-comunicacion-social-en-colorado-springs-accidentes-de-coche\/"},"modified":"2023-09-01T07:13:24","modified_gmt":"2023-09-01T14:13:24","slug":"medios-de-comunicacion-social-en-colorado-springs-accidentes-de-coche","status":"publish","type":"page","link":"https:\/\/springslawgroup.com\/es\/colorado-springs-abogado-de-accidente-de-auto\/medios-de-comunicacion-social-en-colorado-springs-accidentes-de-coche\/","title":{"rendered":"Medios de comunicaci\u00f3n social en Colorado Springs accidentes de coche"},"content":{"rendered":"<p>Despu\u00e9s de un accidente de coche, es comprensible que est\u00e9 disgustado y confuso. Todo parece suceder tan deprisa que uno tiene la sensaci\u00f3n de no tener tiempo para pensar. Disponer de cierta informaci\u00f3n antes de verse en tal aprieto puede evitarle muchos problemas m\u00e1s adelante. Tras un accidente, todo el mundo buscar\u00e1 pruebas para demostrar qui\u00e9n tuvo la culpa. Los medios de comunicaci\u00f3n social en Colorado Springs accidentes de coche ser\u00e1 cada vez m\u00e1s importante.<\/p>\n<p>Los investigadores, la polic\u00eda, los peritos de seguros y los <a href=\"https:\/\/springslawgroup.com\/es\/colorado-springs-car-accident-lawyer-5\/\">abogados<\/a> buscar\u00e1n pruebas en Facebook, Instagram, Twitter y otros medios. Estas pruebas pueden utilizarse para ayudarle y tambi\u00e9n para perjudicarle. Estamos tan acostumbrados a compartir nuestras vidas en Internet que a veces olvidamos que la informaci\u00f3n que compartimos est\u00e1 ah\u00ed para siempre, incluso despu\u00e9s de que se elimine una publicaci\u00f3n. Puede que pienses que has eliminado esa foto vergonzosa de Instagram, pero no sabes cu\u00e1ntas veces se copi\u00f3, descarg\u00f3 o comparti\u00f3 esa foto antes de que la eliminaras. Incluso las publicaciones en las que otros te etiquetan pueden volverse en tu contra.<\/p>\n<p>La ley sobre el derecho a la intimidad y las redes sociales est\u00e1 bastante bien establecida por los tribunales: debido a la naturaleza intr\u00ednsecamente p\u00fablica de la publicaci\u00f3n en l\u00ednea, tenemos una expectativa muy limitada de intimidad en lo que publicamos. Incluso una publicaci\u00f3n que s\u00f3lo se ha compartido con amigos puede descubrirse en un caso civil o penal, porque podemos suponer razonablemente que cualquier publicaci\u00f3n que compartamos con un amigo puede volver a publicarse para el p\u00fablico en general.<\/p>\n<h2>Pruebas en las redes sociales<\/h2>\n<p>Si usted se encuentra como la parte lesionada o el acusado en un caso, su actividad en los medios sociales que conducen a un accidente de veh\u00edculo de motor en Colorado Springs puede afectar su caso. Afortunadamente, lo mismo es cierto para la otra parte, y su abogado de accidente de coche se ver\u00e1 en su actividad tambi\u00e9n. Algunos ejemplos de actividad en las redes sociales que pueden influir en el resultado de una demanda tras un accidente:<\/p>\n<ul>\n<li>Una de las conductoras publica fotos suyas y de sus amigas en varios bares en las horas previas al accidente. Aunque una foto por s\u00ed sola no es prueba de que el conductor estuviera intoxicado, plantear\u00e1 muchas preguntas.<\/li>\n<li>El conductor de uno de los veh\u00edculos tuite\u00f3: \u00ab\u00a1Estoy tan borracho ahora mismo!\u00bb unos minutos antes de verse implicado en un <a href=\"https:\/\/springslawgroup.com\/es\/colorado-springs-abogado-de-accidente-de-auto\/colorado-springs-abogado-de-accidente-de-dui\/\">accidente por conducir bajo los efectos del alcohol<\/a>.<\/li>\n<li>Un amigo de uno de los conductores lo etiqueta en una publicaci\u00f3n de Facebook en la que aparece un grupo de amigos fumando marihuana. Fumar marihuana es legal en Colorado, pero conducir bajo los efectos de la droga no lo es.<\/li>\n<li>Se sube un v\u00eddeo a YouTube en el que el conductor arrastra las palabras y muestra otros signos de intoxicaci\u00f3n.<\/li>\n<li>La conductora publica selfies de ella y sus amigos en los que, obviamente, est\u00e1n en el coche. Las marcas de tiempo de las fotos indican que se tomaron pocos minutos despu\u00e9s del accidente.<\/li>\n<li>Un conductor <a href=\"https:\/\/springslawgroup.com\/es\/colorado-springs-abogado-de-accidente-de-auto\/abogado-de-accidentes-de-atropello-y-fuga-en-colorado-springs\/\">que se da a la fuga<\/a> se \u00abregistra\u00bb en Facebook en un lugar cercano al accidente.<\/li>\n<\/ul>\n<h2>Redes sociales tras un accidente<\/h2>\n<p>Si sufre lesiones en un accidente, el valor de su caso depende de la naturaleza y el alcance de sus lesiones. Los peritos de seguros y los abogados buscar\u00e1n pruebas que reduzcan la responsabilidad de la aseguradora. Cualquier cosa que publique en las redes sociales, y cualquier cosa que publiquen sus amigos en la que usted aparezca etiquetado, puede utilizarse para perjudicar su caso.<\/p>\n<p>Si alega lesiones f\u00edsicas y\/o emocionales, pueden utilizarse mensajes aparentemente inofensivos para sugerir que sus lesiones no son tan graves como usted afirma. Incluso algo tan inocuo como una foto suya en la fiesta de cumplea\u00f1os de un amigo puede dar lugar a acusaciones de que su estado emocional no es el que usted comunic\u00f3. Del mismo modo, una foto suya navegando por el r\u00edo despu\u00e9s del accidente se utilizar\u00eda obviamente para demostrar que no sufr\u00eda tanto como dec\u00eda. Una foto no mostrar\u00e1 necesariamente el dolor f\u00edsico que puedas sentir, ni el dolor emocional que intentas ocultar por el bien de tus seres queridos.<\/p>\n<h2>C\u00f3mo evitar los peligros de las redes sociales<\/h2>\n<p>Ninguno de nosotros sabe cu\u00e1ndo va a ocurrir un accidente, por lo que no podemos prever cu\u00e1ndo un mensaje puede convertirse en una prueba. Siempre debemos ser conscientes de lo que publicamos, y entender que todo, incluso despu\u00e9s de que creamos que lo hemos eliminado, es permanente. Antes de publicarlo, preg\u00fantate si te parecer\u00eda bien que ese post apareciera como prueba en el juicio.<\/p>\n<p>Despu\u00e9s de un accidente de coche en Colorado Springs, hay algunas precauciones que disminuir\u00e1n la posibilidad de que sus mensajes en las redes sociales sean utilizados en su contra. He aqu\u00ed algunas sugerencias:<\/p>\n<ul>\n<li>Nunca admitas la culpa ni hagas ninguna declaraci\u00f3n que pueda interpretarse como una admisi\u00f3n de culpa.<\/li>\n<li>Suspenda temporalmente su presencia en Internet. Esta es la opci\u00f3n m\u00e1s segura, pero la m\u00e1s dif\u00edcil. Si no puede mantenerse alejado de las redes sociales, intente limitar su presencia.<\/li>\n<li>Cambia la configuraci\u00f3n de \u00abp\u00fablico\u00bb a s\u00f3lo tus amigos. Sin embargo, ten en cuenta que no puedes controlar lo que tus amigos deciden compartir.<\/li>\n<li>Controla qui\u00e9n puede etiquetarte en sus propias publicaciones de Facebook.<\/li>\n<li>Ignora las solicitudes de amistad de personas que no conozcas. A veces los investigadores lo utilizan para obtener informaci\u00f3n sobre usted.<\/li>\n<li>S\u00e9 consciente de lo que publicas y ten en cuenta las posibles interpretaciones err\u00f3neas. Ten en cuenta que tu mensaje puede ser visto por personas que no tienen en cuenta tus intereses.<\/li>\n<li>Aseg\u00farese de que su abogado est\u00e1 al tanto de cualquier publicaci\u00f3n realizada antes de un accidente que pueda afectarle, positiva o negativamente.<\/li>\n<li>Si va a presentar una demanda por lesiones personales tras un accidente, aseg\u00farese de que su abogado conoce su presencia en Internet.<\/li>\n<\/ul>\n<h2>Discuta los medios sociales en casos del despojo del coche con un abogado de Colorado Springs<\/h2>\n<p>Consulte siempre a un bufete de abogados con experiencia en accidentes de tr\u00e1fico antes de hacer declaraciones o tratar con una compa\u00f1\u00eda de seguros. Para obtener m\u00e1s informaci\u00f3n acerca de los medios de comunicaci\u00f3n social en Colorado Springs casos de accidente de coche, <a href=\"https:\/\/springslawgroup.com\/es\/contacto\/\">llame<\/a> hoy. Los expertos de Springs Law Group ofrecen consultas gratuitas y le dar\u00e1n las respuestas que busca.<\/p>\n","protected":false},"excerpt":{"rendered":"<p>Despu\u00e9s de un accidente de coche, es comprensible que est\u00e9 disgustado y confuso. Todo parece suceder tan deprisa que uno&nbsp;<a class=\"moretag\" href=\"https:\/\/springslawgroup.com\/es\/colorado-springs-abogado-de-accidente-de-auto\/medios-de-comunicacion-social-en-colorado-springs-accidentes-de-coche\/\"> Read More&#8230;<\/a><\/p>\n","protected":false},"author":32,"featured_media":0,"parent":16694,"menu_order":0,"comment_status":"closed","ping_status":"closed","template":"landingpage.php","meta":{"_acf_changed":false,"inline_featured_image":false,"footnotes":""},"categories":[],"tags":[],"class_list":["post-16704","page","type-page","status-publish","hentry"],"acf":{"key_takeaways":null,"_litigation_personal_injury_contents_new":{"_litigation_personal_injury_title_new":"","_litigation_personal_injury_discription_new":"","_litigation_personal_injury_discription_new_copy":"","_litigation_video_url_new":"","add_button":""},"_header_sub_header_content_new":null,"_litigation_frequently_asked_questions_new":null,"lawsuit_updates":null,"_litigation_related_posts_relation":null,"acf-references":""},"_links":{"self":[{"href":"https:\/\/springslawgroup.com\/es\/wp-json\/wp\/v2\/pages\/16704","targetHints":{"allow":["GET"]}}],"collection":[{"href":"https:\/\/springslawgroup.com\/es\/wp-json\/wp\/v2\/pages"}],"about":[{"href":"https:\/\/springslawgroup.com\/es\/wp-json\/wp\/v2\/types\/page"}],"author":[{"embeddable":true,"href":"https:\/\/springslawgroup.com\/es\/wp-json\/wp\/v2\/users\/32"}],"replies":[{"embeddable":true,"href":"https:\/\/springslawgroup.com\/es\/wp-json\/wp\/v2\/comments?post=16704"}],"version-history":[{"count":2,"href":"https:\/\/springslawgroup.com\/es\/wp-json\/wp\/v2\/pages\/16704\/revisions"}],"predecessor-version":[{"id":17754,"href":"https:\/\/springslawgroup.com\/es\/wp-json\/wp\/v2\/pages\/16704\/revisions\/17754"}],"up":[{"embeddable":true,"href":"https:\/\/springslawgroup.com\/es\/wp-json\/wp\/v2\/pages\/16694"}],"wp:attachment":[{"href":"https:\/\/springslawgroup.com\/es\/wp-json\/wp\/v2\/media?parent=16704"}],"wp:term":[{"taxonomy":"category","embeddable":true,"href":"https:\/\/springslawgroup.com\/es\/wp-json\/wp\/v2\/categories?post=16704"},{"taxonomy":"post_tag","embeddable":true,"href":"https:\/\/springslawgroup.com\/es\/wp-json\/wp\/v2\/tags?post=16704"}],"curies":[{"name":"wp","href":"https:\/\/api.w.org\/{rel}","templated":true}]}}