{"id":16702,"date":"2019-10-14T21:58:48","date_gmt":"2019-10-15T04:58:48","guid":{"rendered":"https:\/\/springs.flywheelstaging.com\/accidentes-por-no-ceder-el-paso-en-colorado-springs\/"},"modified":"2023-09-01T07:08:54","modified_gmt":"2023-09-01T14:08:54","slug":"accidentes-por-no-ceder-el-paso-en-colorado-springs","status":"publish","type":"page","link":"https:\/\/springslawgroup.com\/es\/colorado-springs-abogado-de-accidente-de-auto\/accidentes-por-no-ceder-el-paso-en-colorado-springs\/","title":{"rendered":"Accidentes por no ceder el paso en Colorado Springs"},"content":{"rendered":"<p>No ceder el paso se define en el art\u00edculo \u00a742-4-703 de los Estatutos de Colorado, que establece que si un conductor est\u00e1 involucrado en un choque en una intersecci\u00f3n tras viajar m\u00e1s all\u00e1 de una se\u00f1al de ceda el paso sin parar, este accidente se considera <em>prima facie<\/em>. Esto significa que hay pruebas de que un conductor no cedi\u00f3 el paso.<\/p>\n<p>El derecho de paso tambi\u00e9n se define en este estatuto e implica que un conductor se acerque a una se\u00f1al de ceda el paso, reduzca a una velocidad razonable para las condiciones existentes y, si es necesario para la seguridad, se detenga en una l\u00ednea de detenci\u00f3n marcada. Si no hay l\u00ednea de detenci\u00f3n, antes de incorporarse a la circulaci\u00f3n, el conductor debe ceder el paso al reducir la velocidad o detenerse ante los veh\u00edculos que circulan en sentido contrario.<\/p>\n<p>Cuando un conductor no cede el paso en el momento necesario, puede provocar un accidente grave. Si se involucr\u00f3 en un accidente por no ceder el paso en Colorado Springs, necesita hablar con un <a href=\"https:\/\/springslawgroup.com\/es\/colorado-springs-car-accident-lawyer-5\/\">abogado<\/a> especializado, quien podr\u00eda ayudarle a presentar una demanda para da\u00f1os.<\/p>\n<h2>\u00bfC\u00f3mo se producen los accidentes por no ceder el paso?<\/h2>\n<p>Estos accidentes pueden producirse cuando los conductores que tienen la obligaci\u00f3n de ceder el paso tienen la vista obstruida al intentar incorporarse al tr\u00e1fico que circula en sentido contrario. Un accidente por no ceder el paso tambi\u00e9n puede ocurrir cuando un automovilista entra en una intersecci\u00f3n con luz verde para girar a la izquierda y otro coche choca con el veh\u00edculo que gira. Un abogado experto podr\u00eda examinar un caso e identificar c\u00f3mo se produjo un accidente y c\u00f3mo esto puede afectar al caso del demandante.<\/p>\n<h2>\u00bfC\u00f3mo establece un abogado la responsabilidad en casos de ceder el paso?<\/h2>\n<p>Identificar la culpa en los accidentes por no ceder el paso puede ser complicado porque tanto el demandante como el demandado pueden discutir razonablemente sobre qui\u00e9n ten\u00eda el derecho de paso en una intersecci\u00f3n o si un conductor pas\u00f3 o no una se\u00f1al de ceda el paso sin detenerse. Determinar la responsabilidad implica revisar lo que ocurri\u00f3 en el momento del accidente y c\u00f3mo la parte culpable interpreta la situaci\u00f3n. Luego, el tribunal eval\u00faa el caso, la totalidad de estos hechos, la credibilidad de los testigos y cualquier otra informaci\u00f3n necesaria para determinar la responsabilidad.<\/p>\n<p>En algunos casos, hay se\u00f1ales de tr\u00e1fico, lo que podr\u00eda afectar a <a href=\"https:\/\/springslawgroup.com\/es\/colorado-springs-abogado-de-accidente-de-auto\/abogado-de-negligencia-comparativa-en-colorado-springs\/\">la responsabilidad<\/a>. No obstante, estas circunstancias pueden variar en funci\u00f3n de cada caso. En las zonas rurales, las se\u00f1ales de ceda el paso pueden no estar presentes, pero en Colorado Springs, esto no suele ser el caso.<\/p>\n<h3>Investigaci\u00f3n de abogados<\/h3>\n<p>Una manera eficaz de que un abogado de Colorado Springs puede investigar un caso de no ceder el paso es contratar a un experto en reconstrucci\u00f3n de accidentes, quien podr\u00eda ayudar a determinar la velocidad a la que los conductores viajaban, la gravedad del choque y los posibles comportamientos de los automovilistas que condujeron al accidente. En un caso de incumplimiento del derecho al paso, estos comportamientos podr\u00edan incluir a alguna de las partes que cedi\u00f3 o no el derecho de paso adecuado, se detuvo o atraves\u00f3 una intersecci\u00f3n sin seguir las normas de tr\u00e1fico adecuadas.<\/p>\n<h2>Tratamiento por las compa\u00f1\u00edas de seguros<\/h2>\n<p>Las compa\u00f1\u00edas de seguros investigan estos choques para determinar qu\u00e9 parte ten\u00eda derecho de paso y qui\u00e9n puede ser responsable. Si su conductor asegurado es responsable, la compa\u00f1\u00eda de seguros puede buscar cualquier prueba que pueda desviar la culpa de su conductor a la otra parte. Los peritos pueden hacerlo al tratar de encontrar incoherencias en la versi\u00f3n de la otra parte.<\/p>\n<h2>Trabajar con un abogado despu\u00e9s de un accidente por no ceder el paso en Colorado Springs<\/h2>\n<p>Trabajar con un estudio de abogados en lugar de solo un profesional en un caso significa que el demandante cuenta con un equipo especializado. Los conductores que trabajan con estudios de abogados podr\u00edan tener un grupo de profesionales dedicados a su caso que quieren luchar por lo que es mejor para la parte perjudicada. El hecho de que varios miembros del personal se dediquen a un mismo caso garantiza que todos los aspectos del caso se traten e investiguen a fondo.<\/p>\n<p>Debido a que los accidentes por no ceder el paso en Colorado Springs pueden dar lugar a varios desaf\u00edos legales, es especialmente importante contar con un equipo a su lado. Para saber c\u00f3mo nuestro estudio podr\u00eda ayudarle, <a href=\"https:\/\/springslawgroup.com\/es\/contacto\/\">programe hoy mismo una consulta inicial sobre su caso<\/a>.<\/p>\n","protected":false},"excerpt":{"rendered":"<p>No ceder el paso se define en el art\u00edculo \u00a742-4-703 de los Estatutos de Colorado, que establece que si un&nbsp;<a class=\"moretag\" href=\"https:\/\/springslawgroup.com\/es\/colorado-springs-abogado-de-accidente-de-auto\/accidentes-por-no-ceder-el-paso-en-colorado-springs\/\"> Read More&#8230;<\/a><\/p>\n","protected":false},"author":32,"featured_media":0,"parent":16694,"menu_order":0,"comment_status":"closed","ping_status":"closed","template":"landingpage.php","meta":{"_acf_changed":false,"inline_featured_image":false,"footnotes":""},"categories":[],"tags":[],"class_list":["post-16702","page","type-page","status-publish","hentry"],"acf":{"key_takeaways":null,"_litigation_personal_injury_contents_new":{"_litigation_personal_injury_title_new":"","_litigation_personal_injury_discription_new":"","_litigation_personal_injury_discription_new_copy":"","_litigation_video_url_new":"","add_button":false},"_header_sub_header_content_new":null,"_litigation_frequently_asked_questions_new":null,"lawsuit_updates":null,"_litigation_related_posts_relation":null,"acf-references":""},"_links":{"self":[{"href":"https:\/\/springslawgroup.com\/es\/wp-json\/wp\/v2\/pages\/16702","targetHints":{"allow":["GET"]}}],"collection":[{"href":"https:\/\/springslawgroup.com\/es\/wp-json\/wp\/v2\/pages"}],"about":[{"href":"https:\/\/springslawgroup.com\/es\/wp-json\/wp\/v2\/types\/page"}],"author":[{"embeddable":true,"href":"https:\/\/springslawgroup.com\/es\/wp-json\/wp\/v2\/users\/32"}],"replies":[{"embeddable":true,"href":"https:\/\/springslawgroup.com\/es\/wp-json\/wp\/v2\/comments?post=16702"}],"version-history":[{"count":3,"href":"https:\/\/springslawgroup.com\/es\/wp-json\/wp\/v2\/pages\/16702\/revisions"}],"predecessor-version":[{"id":17716,"href":"https:\/\/springslawgroup.com\/es\/wp-json\/wp\/v2\/pages\/16702\/revisions\/17716"}],"up":[{"embeddable":true,"href":"https:\/\/springslawgroup.com\/es\/wp-json\/wp\/v2\/pages\/16694"}],"wp:attachment":[{"href":"https:\/\/springslawgroup.com\/es\/wp-json\/wp\/v2\/media?parent=16702"}],"wp:term":[{"taxonomy":"category","embeddable":true,"href":"https:\/\/springslawgroup.com\/es\/wp-json\/wp\/v2\/categories?post=16702"},{"taxonomy":"post_tag","embeddable":true,"href":"https:\/\/springslawgroup.com\/es\/wp-json\/wp\/v2\/tags?post=16702"}],"curies":[{"name":"wp","href":"https:\/\/api.w.org\/{rel}","templated":true}]}}