{"id":16701,"date":"2019-10-10T18:46:58","date_gmt":"2019-10-11T01:46:58","guid":{"rendered":"https:\/\/springs.flywheelstaging.com\/colorado-springs-abogado-de-accidente-de-auto\/colisiones-del-lado-impacto-de-colorado-springs\/"},"modified":"2023-09-01T07:13:21","modified_gmt":"2023-09-01T14:13:21","slug":"colisiones-del-lado-impacto-de-colorado-springs","status":"publish","type":"page","link":"https:\/\/springslawgroup.com\/es\/colorado-springs-abogado-de-accidente-de-auto\/colisiones-del-lado-impacto-de-colorado-springs\/","title":{"rendered":"Accidentes por choque lateral en Colorado Springs"},"content":{"rendered":"<p>Los accidentes por choque lateral se producen cuando un veh\u00edculo choca contra el lateral de otro. Estos accidentes pueden provocar lesiones graves a ambas partes, ya que el lateral de un veh\u00edculo tiene menos capacidad de absorci\u00f3n de impactos que su parte delantera o trasera.<\/p>\n<p>Un ejemplo habitual de accidente por choque lateral o choque en T es aquel en el que un veh\u00edculo no se detiene ante un sem\u00e1foro en rojo o una se\u00f1al de alto y golpea el costado de otro autom\u00f3vil. Si se involucr\u00f3 en un accidente por choque lateral en Colorado Springs por la negligencia de otro conductor, debe hablar con un <a href=\"https:\/\/springslawgroup.com\/es\/colorado-springs-car-accident-lawyer-5\/\">abogado<\/a>, quien podr\u00eda ayudarle a presentar una demanda por los da\u00f1os sufridos.<\/p>\n<h2>Causas de accidentes por choque lateral<\/h2>\n<p>Algunas situaciones que, por lo general, causan accidentes por choque lateral en Colorado Springs incluyen automovilistas que pasan a exceso de velocidad las luces rojas o se\u00f1ales de alto y no ceder el paso. Estos accidentes tambi\u00e9n pueden ocurrir cuando un conductor cambia indebidamente de carril, sale de una plaza de aparcamiento sin tener en cuenta a los dem\u00e1s veh\u00edculos, gira en una calle sin comprobar si hay tr\u00e1fico en sentido contrario y entra en una intersecci\u00f3n sin tener preferencia de paso. Un abogado podr\u00eda revisar el caso de una parte lesionada para determinar la causa de su accidente y c\u00f3mo esto puede afectar a su demanda.<\/p>\n<h2>Qu\u00e9 hacer tras un accidente<\/h2>\n<p>Lo primero que debe hacer un motorista lesionado tras un choque lateral es buscar atenci\u00f3n m\u00e9dica y comprobar que alguien llam\u00f3 a la polic\u00eda. Una vez que llegan las fuerzas del orden, pueden tomar declaraci\u00f3n a las partes y a los testigos, tomar fotos del lugar y redactar un informe policial. El perjudicado debe intercambiar informaci\u00f3n de contacto y del seguro con el conductor culpable y tomar fotos del lugar de los hechos para su propio registro.<\/p>\n<h2>Posibles p\u00e9rdidas y lesiones<\/h2>\n<p>Los da\u00f1os comunes a los veh\u00edculos en choques laterales pueden incluir abolladuras de tama\u00f1o considerable y la destrucci\u00f3n de la parte inferior del chasis, lo que podr\u00eda causar da\u00f1os totales al veh\u00edculo. Todos los conductores implicados en el accidente pueden sufrir lesiones importantes, como <a href=\"https:\/\/springslawgroup.com\/es\/colorado-springs-abogado-de-accidente-de-auto\/abogado-de-conmocion-cerebral-en-colorado-springs\/\">conmociones cerebrales<\/a>, traumatismos cervicales y dorsales, lesiones tor\u00e1cicas y abdominales, y cortes o laceraciones. Las fracturas \u00f3seas y las contusiones provocadas por el cintur\u00f3n de seguridad o el despliegue de los airbags son tambi\u00e9n lesiones frecuentes asociadas a este tipo de choques.<\/p>\n<h2>Da\u00f1os indemnizables<\/h2>\n<p>Hay una variedad de da\u00f1os que un automovilista implicado en choque lateral en Colorado Springs puede recuperar. Esto puede incluir los salarios perdidos si faltaron al trabajo para recuperarse, los costos de reparaci\u00f3n o sustituci\u00f3n del veh\u00edculo y las facturas m\u00e9dicas. Un demandante lesionado puede recibir una indemnizaci\u00f3n por cualquier gasto m\u00e9dico, incluso los cuidados quiropr\u00e1cticos, la cirug\u00eda y la rehabilitaci\u00f3n. Un demandante tambi\u00e9n puede solicitar una indemnizaci\u00f3n por p\u00e9rdidas emocionales, como dolor y sufrimiento.<\/p>\n<h2>P\u00f3ngase en contacto con un abogado tras un choque lateral en Colorado Springs<\/h2>\n<p>Un abogado con experiencia podr\u00eda ayudarle si sufri\u00f3 lesiones en un accidente por choque lateral en Colorado Springs. Adem\u00e1s de guiarle a trav\u00e9s del proceso legal, un abogado experto podr\u00eda comunicarse de forma experta con la compa\u00f1\u00eda de seguros, revisar todos los documentos relacionados con su demanda y abogar diligentemente por usted para asegurarse de que reciba la compensaci\u00f3n adecuada por sus lesiones. Para iniciar su caso, <a href=\"https:\/\/springslawgroup.com\/es\/contacto\/\">programe una consulta<\/a> con uno de nuestros abogados dedicados hoy.<\/p>\n","protected":false},"excerpt":{"rendered":"<p>Los accidentes por choque lateral se producen cuando un veh\u00edculo choca contra el lateral de otro. Estos accidentes pueden provocar&nbsp;<a class=\"moretag\" href=\"https:\/\/springslawgroup.com\/es\/colorado-springs-abogado-de-accidente-de-auto\/colisiones-del-lado-impacto-de-colorado-springs\/\"> Read More&#8230;<\/a><\/p>\n","protected":false},"author":32,"featured_media":0,"parent":16694,"menu_order":0,"comment_status":"closed","ping_status":"closed","template":"landingpage.php","meta":{"_acf_changed":false,"inline_featured_image":false,"footnotes":""},"categories":[],"tags":[],"class_list":["post-16701","page","type-page","status-publish","hentry"],"acf":{"key_takeaways":null,"_litigation_personal_injury_contents_new":{"_litigation_personal_injury_title_new":"","_litigation_personal_injury_discription_new":"","_litigation_personal_injury_discription_new_copy":"","_litigation_video_url_new":"","add_button":false},"_header_sub_header_content_new":null,"_litigation_frequently_asked_questions_new":null,"lawsuit_updates":null,"_litigation_related_posts_relation":null,"acf-references":""},"_links":{"self":[{"href":"https:\/\/springslawgroup.com\/es\/wp-json\/wp\/v2\/pages\/16701","targetHints":{"allow":["GET"]}}],"collection":[{"href":"https:\/\/springslawgroup.com\/es\/wp-json\/wp\/v2\/pages"}],"about":[{"href":"https:\/\/springslawgroup.com\/es\/wp-json\/wp\/v2\/types\/page"}],"author":[{"embeddable":true,"href":"https:\/\/springslawgroup.com\/es\/wp-json\/wp\/v2\/users\/32"}],"replies":[{"embeddable":true,"href":"https:\/\/springslawgroup.com\/es\/wp-json\/wp\/v2\/comments?post=16701"}],"version-history":[{"count":4,"href":"https:\/\/springslawgroup.com\/es\/wp-json\/wp\/v2\/pages\/16701\/revisions"}],"predecessor-version":[{"id":17746,"href":"https:\/\/springslawgroup.com\/es\/wp-json\/wp\/v2\/pages\/16701\/revisions\/17746"}],"up":[{"embeddable":true,"href":"https:\/\/springslawgroup.com\/es\/wp-json\/wp\/v2\/pages\/16694"}],"wp:attachment":[{"href":"https:\/\/springslawgroup.com\/es\/wp-json\/wp\/v2\/media?parent=16701"}],"wp:term":[{"taxonomy":"category","embeddable":true,"href":"https:\/\/springslawgroup.com\/es\/wp-json\/wp\/v2\/categories?post=16701"},{"taxonomy":"post_tag","embeddable":true,"href":"https:\/\/springslawgroup.com\/es\/wp-json\/wp\/v2\/tags?post=16701"}],"curies":[{"name":"wp","href":"https:\/\/api.w.org\/{rel}","templated":true}]}}